{"id":11,"date":"2014-08-19T10:43:37","date_gmt":"2014-08-19T08:43:37","guid":{"rendered":"http:\/\/wordpress.p235598.webspaceconfig.de\/?page_id=11"},"modified":"2026-01-30T13:55:05","modified_gmt":"2026-01-30T12:55:05","slug":"versandkosten","status":"publish","type":"page","link":"https:\/\/www.prosoft.de\/shop\/ueber-uns\/versandkosten\/","title":{"rendered":"Versandkosten"},"content":{"rendered":"<section  class='av_textblock_section av-vugj-f736b43f51c5f3be0151fae816636cf1 '   itemscope=\"itemscope\" itemtype=\"https:\/\/schema.org\/CreativeWork\" ><div class='avia_textblock'  itemprop=\"text\" ><p>Die auf den Produktseiten genannten Preise sind exklusive der gesetzlichen Mehrwertsteuer und sonstiger Preisbestandteile wie Versandkosten.<\/p>\n<p>Wir liefern alle Waren ausschlie\u00dflich als versichertes Paket, bevorzugt mit DHL. Die Versandkosten werden Ihnen im Warenkorbsystem und auf der Bestellseite nochmals eindeutig mitgeteilt. Zus\u00e4tzlich zu den angegebenen Produktpreisen berechnen wir f\u00fcr die Lieferung an Kunden in<\/p>\n<h3>Versandkosten f\u00fcr Deutschland<\/h3>\n<p><strong>(versicherter Versand bis 500 \u20ac enthalten. Zus\u00e4tzlich 6 \u20ac bis 2500 \u20ac und 18 \u20ac bis 25000 \u20ac Versicherungssumme)<\/strong><br \/>\nPaket bis 3 kg Gesamtgewicht: 9,90 \u20ac<br \/>\nPaket bis 5 kg Gesamtgewicht: 9,90 \u20ac<br \/>\nPaket bis 10 kg Gesamtgewicht: 11,90 \u20ac<br \/>\nPaket bis 20 kg Gesamtgewicht: 16,90 \u20ac<br \/>\nPaket bis 31,5 kg Gesamtgewicht: 19,90 \u20ac<\/p>\n<h3>Versandk0sten f\u00fcr \u00d6sterreich, Liechtenstein, Luxemburg<\/h3>\n<p><strong>(versicherter Versand bis 500 \u20ac enthalten. Zus\u00e4tzlich 6 \u20ac bis 2500 \u20ac und 18 \u20ac bis 25000 \u20ac Versicherungssumme)<\/strong><br \/>\nBasispreis pro Paket bis 5 kg: 19,90 \u20ac<br \/>\nAufpreis pro kg ab 5 kg Gesamtgewicht: 1,00 \u20ac<\/p>\n<p><em>Preisbeispiele (F\u00fcr die Berechnung gilt das tats\u00e4chliche Gesamtgewicht des Pakets)&#8216;<br \/>\n<\/em>Paket 1 kg Gesamtgewicht: 19,90 \u20ac<br \/>\nPaket 5 kg Gesamtgewicht: 19,90 \u20ac<br \/>\nPaket 10 kg Gesamtgewicht: 24,90 \u20ac<\/p>\n<h3>Versandkosten f\u00fcr Schweiz<\/h3>\n<p><b><strong>(versicherter Versand bis 500 \u20ac enthalten. Zus\u00e4tzlich 6 \u20ac bis 2500 \u20ac und 18 \u20ac bis 25000 \u20ac Versicherungssumme)<\/strong><br \/>\n<\/b>Basispreis pro Paket: 29,90 \u20ac<br \/>\nAufpreis pro kg ab 5 kg Gesamtgewicht: 1,00\u00a0 \u20ac<\/p>\n<p><em>Preisbeispiele (F\u00fcr die Berechnung gilt das tats\u00e4chliche Gesamtgewicht des Pakets)<strong><br \/>\n<\/strong><\/em>Paket 1 kg Gesamtgewicht: 16,90 \u20ac<br \/>\nPaket 5 kg Gesamtgewicht: 24,50 \u20ac<br \/>\nPaket 10 kg Gesamtgewicht: 34,00 \u20ac<br \/>\n(Bei einem Bestellwert ab 1.000 \u20ac fallen zus\u00e4tzliche Kosten f\u00fcr die Zollabwicklung an. Wir informieren Sie vor der Auftragsabwicklung \u00fcber eventuell anfallende Mehrkosten. Geben Sie uns hierzu unbedingt Ihre Telefonnummer und die E-Mail-Adresse des Bestellers an!)<\/p>\n<h3>Versandkostenfreie Lieferung<b><br \/>\n<\/b><\/h3>\n<p>Versandkostenfreie Lieferungen sind m\u00f6glich bei<\/p>\n<ul>\n<li>Software, die digital \u00fcbermittelt wird (E-Mail, Datentransfer)<\/li>\n<\/ul>\n<p>Die Versandkosten werden Ihnen im Warenkorbsystem und auf der Bestellseite nochmals eindeutig mitgeteilt.<\/p>\n<p><i>F\u00fcr Lieferungen in die Schweiz gilt: Sendungen bis zu einem Warenwert von 1.000 Euro sind zollfrei. \u00dcbersteigt der Warenwert diese Grenze, fallen Zollabgaben an, die durch den Empf\u00e4nger zu entrichten sind.<\/i><\/p>\n<\/div><\/section>\n","protected":false},"excerpt":{"rendered":"","protected":false},"author":4,"featured_media":0,"parent":4579,"menu_order":0,"comment_status":"closed","ping_status":"closed","template":"","meta":{"footnotes":""},"class_list":["post-11","page","type-page","status-publish","hentry"],"_links":{"self":[{"href":"https:\/\/www.prosoft.de\/shop\/wp-json\/wp\/v2\/pages\/11","targetHints":{"allow":["GET"]}}],"collection":[{"href":"https:\/\/www.prosoft.de\/shop\/wp-json\/wp\/v2\/pages"}],"about":[{"href":"https:\/\/www.prosoft.de\/shop\/wp-json\/wp\/v2\/types\/page"}],"author":[{"embeddable":true,"href":"https:\/\/www.prosoft.de\/shop\/wp-json\/wp\/v2\/users\/4"}],"replies":[{"embeddable":true,"href":"https:\/\/www.prosoft.de\/shop\/wp-json\/wp\/v2\/comments?post=11"}],"version-history":[{"count":24,"href":"https:\/\/www.prosoft.de\/shop\/wp-json\/wp\/v2\/pages\/11\/revisions"}],"predecessor-version":[{"id":483698,"href":"https:\/\/www.prosoft.de\/shop\/wp-json\/wp\/v2\/pages\/11\/revisions\/483698"}],"up":[{"embeddable":true,"href":"https:\/\/www.prosoft.de\/shop\/wp-json\/wp\/v2\/pages\/4579"}],"wp:attachment":[{"href":"https:\/\/www.prosoft.de\/shop\/wp-json\/wp\/v2\/media?parent=11"}],"curies":[{"name":"wp","href":"https:\/\/api.w.org\/{rel}","templated":true}]}}