{"id":1167,"date":"2013-04-05T13:33:38","date_gmt":"2013-04-05T11:33:38","guid":{"rendered":"http:\/\/www.kriesi.at\/themes\/enfold\/?page_id=1167"},"modified":"2026-03-03T15:52:14","modified_gmt":"2026-03-03T14:52:14","slug":"kontakt","status":"publish","type":"page","link":"https:\/\/www.prosoft.de\/shop\/ueber-uns\/kontakt\/","title":{"rendered":"Kontakt"},"content":{"rendered":"<div  class='flex_column av-jh25fj-f0aaf1cf6a7d7314f1fe8b959dee237c av_one_full  avia-builder-el-0  el_before_av_codeblock  avia-builder-el-first  first flex_column_div  '     ><p>\n<style type=\"text\/css\" data-created_by=\"avia_inline_auto\" id=\"style-css-av-gsz7tr-38f1db4753f0802bf9abb99a551a279a\">\n#top .av-special-heading.av-gsz7tr-38f1db4753f0802bf9abb99a551a279a{\npadding-bottom:10px;\ncolor:#000000;\n}\nbody .av-special-heading.av-gsz7tr-38f1db4753f0802bf9abb99a551a279a .av-special-heading-tag .heading-char{\nfont-size:25px;\n}\n.av-special-heading.av-gsz7tr-38f1db4753f0802bf9abb99a551a279a .special-heading-inner-border{\nborder-color:#000000;\n}\n.av-special-heading.av-gsz7tr-38f1db4753f0802bf9abb99a551a279a .av-subheading{\nfont-size:10px;\n}\n<\/style>\n<div  class='av-special-heading av-gsz7tr-38f1db4753f0802bf9abb99a551a279a av-special-heading-h2 custom-color-heading  avia-builder-el-1  el_before_av_textblock  avia-builder-el-first '><h2 class='av-special-heading-tag '  itemprop=\"headline\"  >So finden Sie uns<\/h2><div class=\"special-heading-border\"><div class=\"special-heading-inner-border\"><\/div><\/div><\/div><br \/>\n<section  class='av_textblock_section av-f47i3z-c5ed46d9410e3ea161d431d397781d5d '   itemscope=\"itemscope\" itemtype=\"https:\/\/schema.org\/CreativeWork\" ><div class='avia_textblock'  itemprop=\"text\" ><p>ProSecurity ist ein Online-B2B Portal der ProSoft GmbH in Geretsried. ProSoft steht seit \u00fcber 35 Jahren f\u00fcr effiziente IT-Security &#038; IT-Management-L\u00f6sungen von Premium \u00bbHidden Champions\u00ab mit \u00fcberzeugenden Alleinstellungsmerkmalen sowie von Marktf\u00fchrern in ihren Bereichen.<\/p>\n<\/div><\/section><br \/>\n\n<style type=\"text\/css\" data-created_by=\"avia_inline_auto\" id=\"style-css-av-ebp9nz-ffc410653183501d7f5406efbc592ea3\">\n#top .av-special-heading.av-ebp9nz-ffc410653183501d7f5406efbc592ea3{\npadding-bottom:10px;\ncolor:#000000;\n}\nbody .av-special-heading.av-ebp9nz-ffc410653183501d7f5406efbc592ea3 .av-special-heading-tag .heading-char{\nfont-size:25px;\n}\n.av-special-heading.av-ebp9nz-ffc410653183501d7f5406efbc592ea3 .special-heading-inner-border{\nborder-color:#000000;\n}\n.av-special-heading.av-ebp9nz-ffc410653183501d7f5406efbc592ea3 .av-subheading{\nfont-size:10px;\n}\n<\/style>\n<div  class='av-special-heading av-ebp9nz-ffc410653183501d7f5406efbc592ea3 av-special-heading-h3 custom-color-heading  avia-builder-el-3  el_after_av_textblock  el_before_av_textblock '><h3 class='av-special-heading-tag '  itemprop=\"headline\"  >Anreise mit dem Auto<\/h3><div class=\"special-heading-border\"><div class=\"special-heading-inner-border\"><\/div><\/div><\/div><br \/>\n<section  class='av_textblock_section av-mmaq2trd-6d65899e492b7c1615503b3082aa00ed '   itemscope=\"itemscope\" itemtype=\"https:\/\/schema.org\/CreativeWork\" ><div class='avia_textblock'  itemprop=\"text\" ><p>Geretsried liegt ca. 35 km s\u00fcdlich von M\u00fcnchen an der A95 M\u00fcnchen-Garmisch auf H\u00f6he des Starnberger Sees.<\/p>\n<ol style=\"font-weight: 400;\">\n<li><strong>Autobahn A95<\/strong> M\u00fcnchen \u2192 Garmisch-Partenkirchen<\/li>\n<li><strong>Ausfahrt Wolfratshausen\/Geretsried<\/strong><\/li>\n<li>der <strong>B11 Richtung Geretsried<\/strong> folgen<\/li>\n<li>weiter Richtung <strong>Gewerbegebiet Gelting<\/strong><\/li>\n<li>unser B\u00fcro befindet sich dort direkt im Gewerbegebie<\/li>\n<\/ol>\n<\/div><\/section><br \/>\n\n<style type=\"text\/css\" data-created_by=\"avia_inline_auto\" id=\"style-css-av-mmaq5ju7-26fe62f568416448d21f10d64ec1b56c\">\n#top .av-special-heading.av-mmaq5ju7-26fe62f568416448d21f10d64ec1b56c{\npadding-bottom:10px;\ncolor:#000000;\n}\nbody .av-special-heading.av-mmaq5ju7-26fe62f568416448d21f10d64ec1b56c .av-special-heading-tag .heading-char{\nfont-size:25px;\n}\n.av-special-heading.av-mmaq5ju7-26fe62f568416448d21f10d64ec1b56c .special-heading-inner-border{\nborder-color:#000000;\n}\n.av-special-heading.av-mmaq5ju7-26fe62f568416448d21f10d64ec1b56c .av-subheading{\nfont-size:10px;\n}\n<\/style>\n<div  class='av-special-heading av-mmaq5ju7-26fe62f568416448d21f10d64ec1b56c av-special-heading-h3 custom-color-heading  avia-builder-el-5  el_after_av_textblock  el_before_av_textblock '><h3 class='av-special-heading-tag '  itemprop=\"headline\"  >Anreise mit \u00f6ffentlichen Verkehrsmitteln<\/h3><div class=\"special-heading-border\"><div class=\"special-heading-inner-border\"><\/div><\/div><\/div><br \/>\n<section  class='av_textblock_section av-mmaq6pv5-693e61e99ad9e2771f6671dc125b8692 '   itemscope=\"itemscope\" itemtype=\"https:\/\/schema.org\/CreativeWork\" ><div class='avia_textblock'  itemprop=\"text\" ><p><strong>Von M\u00fcnchen<\/strong><\/p>\n<ul>\n<li><strong>S6 Richtung Tutzing \u2192 Haltestelle Starnberg<\/strong><br \/>\n<em>oder<\/em><\/li>\n<li><strong>S7 Richtung Wolfratshausen \u2192 Haltestelle Wolfratshausen<\/strong><\/li>\n<\/ul>\n<p><strong>Weiterreise<\/strong><\/p>\n<ul>\n<li>ab Bahnhof <strong>Starnberg<\/strong> oder <strong>Wolfratshausen<\/strong><br \/>\n\u2192 <strong>Bus<\/strong> oder <strong>Taxi<\/strong> (nur wenige Minuten Fahrt) bis Geretsried-Gelting<\/li>\n<\/ul>\n<\/div><\/section><br \/>\n<div  class='hr av-av_hr-bca31578670ae9d408d6d6d291fc57a6 hr-default  avia-builder-el-7  el_after_av_textblock  el_before_av_heading '><span class='hr-inner '><span class=\"hr-inner-style\"><\/span><\/span><\/div><br \/>\n\n<style type=\"text\/css\" data-created_by=\"avia_inline_auto\" id=\"style-css-av-1u9ctb-c6d2e2ba9fb0beb40f4bd4574d821ca1\">\n#top .av-special-heading.av-1u9ctb-c6d2e2ba9fb0beb40f4bd4574d821ca1{\npadding-bottom:10px;\ncolor:#000000;\n}\nbody .av-special-heading.av-1u9ctb-c6d2e2ba9fb0beb40f4bd4574d821ca1 .av-special-heading-tag .heading-char{\nfont-size:25px;\n}\n.av-special-heading.av-1u9ctb-c6d2e2ba9fb0beb40f4bd4574d821ca1 .special-heading-inner-border{\nborder-color:#000000;\n}\n.av-special-heading.av-1u9ctb-c6d2e2ba9fb0beb40f4bd4574d821ca1 .av-subheading{\nfont-size:10px;\n}\n<\/style>\n<div  class='av-special-heading av-1u9ctb-c6d2e2ba9fb0beb40f4bd4574d821ca1 av-special-heading-h3 custom-color-heading  avia-builder-el-8  el_after_av_hr  el_before_av_contact '><h3 class='av-special-heading-tag '  itemprop=\"headline\"  >Wir freuen uns \u00fcber Ihre Nachricht <\/h3><div class=\"special-heading-border\"><div class=\"special-heading-inner-border\"><\/div><\/div><\/div><br \/>\n<form action=\"https:\/\/www.prosoft.de\/shop\/ueber-uns\/kontakt\/\" method=\"post\" data-fields-with-error=\"Fehler wurden in folgenden Feld(ern) gefunden:\" class=\"avia_ajax_form av-form-labels-visible   avia-builder-el-9  el_after_av_heading  avia-builder-el-last   \" data-avia-form-id=\"1\" data-avia-redirect='' ><h3 class=''>ProSecurity Anfrage<\/h3><fieldset><p class='  first_form  form_element form_element_half' id='element_avia_1_1'><label for=\"avia_1_1\">Name <abbr class=\"required\" title=\"ben\u00f6tigt\">*<\/abbr><\/label> <input name=\"avia_1_1\" class=\"text_input is_empty\" type=\"text\" id=\"avia_1_1\" value=\"\" \/><\/p><p class='  form_element form_element_half' id='element_avia_2_1'><label for=\"avia_2_1\">E-Mail <abbr class=\"required\" title=\"ben\u00f6tigt\">*<\/abbr><\/label> <input name=\"avia_2_1\" class=\"text_input is_email\" type=\"text\" id=\"avia_2_1\" value=\"\" \/><\/p><p class='  first_form  form_element form_fullwidth' id='element_avia_3_1'><label for=\"avia_3_1\">Betreff <abbr class=\"required\" title=\"ben\u00f6tigt\">*<\/abbr><\/label> <input name=\"avia_3_1\" class=\"text_input is_empty\" type=\"text\" id=\"avia_3_1\" value=\"\" \/><\/p><p class='  first_form  form_element form_fullwidth' id='element_avia_4_1'><label for=\"avia_4_1\" class=\"textare_label hidden textare_label_avia_4_1\">Ihre Nachricht <abbr class=\"required\" title=\"ben\u00f6tigt\">*<\/abbr><\/label><textarea  name=\"avia_4_1\" class=\"text_area is_empty\" cols=\"40\" rows=\"7\" id=\"avia_4_1\" ><\/textarea><\/p><p class=\"hidden\"><input type=\"text\" name=\"avia_5_1\" class=\"hidden \" id=\"avia_5_1\" value=\"\" \/><\/p><p class='   form_element form_fullwidth' id='element_avia_6_1'><span class='value_verifier_label'>1 + 6 = ?<\/span><input name=\"avia_6_1_verifier\" type=\"hidden\" id=\"avia_6_1_verifier\" value=\"252776783\"\/><label for=\"avia_6_1\">Bitte l\u00f6se die Gleichung. Diese Ma\u00dfnahme dient der Abwehr von Spam <abbr class=\"required\" title=\"ben\u00f6tigt\">*<\/abbr><\/label><input name=\"avia_6_1\" class=\"text_input captcha\" type=\"text\" id=\"avia_6_1\" value=\"\"\/><\/p><p class=\"form_element \"><input type=\"hidden\" value=\"1\" name=\"avia_generated_form1\" \/><input type=\"submit\" value=\"Anfrage senden\" class=\"button\"  data-sending-label=\"Sende\"\/><\/p><\/fieldset><\/form><div id=\"ajaxresponse_1\" class=\"ajaxresponse ajaxresponse_1 hidden\"><\/div><\/p><\/div><\/p>\n\n","protected":false},"excerpt":{"rendered":"","protected":false},"author":4,"featured_media":0,"parent":4579,"menu_order":0,"comment_status":"open","ping_status":"closed","template":"","meta":{"footnotes":""},"class_list":["post-1167","page","type-page","status-publish","hentry"],"_links":{"self":[{"href":"https:\/\/www.prosoft.de\/shop\/wp-json\/wp\/v2\/pages\/1167","targetHints":{"allow":["GET"]}}],"collection":[{"href":"https:\/\/www.prosoft.de\/shop\/wp-json\/wp\/v2\/pages"}],"about":[{"href":"https:\/\/www.prosoft.de\/shop\/wp-json\/wp\/v2\/types\/page"}],"author":[{"embeddable":true,"href":"https:\/\/www.prosoft.de\/shop\/wp-json\/wp\/v2\/users\/4"}],"replies":[{"embeddable":true,"href":"https:\/\/www.prosoft.de\/shop\/wp-json\/wp\/v2\/comments?post=1167"}],"version-history":[{"count":51,"href":"https:\/\/www.prosoft.de\/shop\/wp-json\/wp\/v2\/pages\/1167\/revisions"}],"predecessor-version":[{"id":483742,"href":"https:\/\/www.prosoft.de\/shop\/wp-json\/wp\/v2\/pages\/1167\/revisions\/483742"}],"up":[{"embeddable":true,"href":"https:\/\/www.prosoft.de\/shop\/wp-json\/wp\/v2\/pages\/4579"}],"wp:attachment":[{"href":"https:\/\/www.prosoft.de\/shop\/wp-json\/wp\/v2\/media?parent=1167"}],"curies":[{"name":"wp","href":"https:\/\/api.w.org\/{rel}","templated":true}]}}