{"id":1224,"date":"2013-04-05T17:31:26","date_gmt":"2013-04-05T15:31:26","guid":{"rendered":"http:\/\/www.kriesi.at\/themes\/enfold\/?page_id=1224"},"modified":"2015-02-25T14:07:24","modified_gmt":"2015-02-25T13:07:24","slug":"hilfe","status":"publish","type":"page","link":"https:\/\/www.prosoft.de\/shop\/hilfe\/","title":{"rendered":"Hilfe"},"content":{"rendered":"<div  class='flex_column av-av_one_half-2a9015ff38129c418a3f2eafba3e9512 av_one_half  avia-builder-el-0  el_before_av_one_half  avia-builder-el-first  first flex_column_div  '     ><p>\n<style type=\"text\/css\" data-created_by=\"avia_inline_auto\" id=\"style-css-av-av_heading-16cffa1ba54a17aed7d8cd19d86acf79\">\n#top .av-special-heading.av-av_heading-16cffa1ba54a17aed7d8cd19d86acf79{\npadding-bottom:10px;\n}\nbody .av-special-heading.av-av_heading-16cffa1ba54a17aed7d8cd19d86acf79 .av-special-heading-tag .heading-char{\nfont-size:25px;\n}\n.av-special-heading.av-av_heading-16cffa1ba54a17aed7d8cd19d86acf79 .av-subheading{\nfont-size:10px;\n}\n<\/style>\n<div  class='av-special-heading av-av_heading-16cffa1ba54a17aed7d8cd19d86acf79 av-special-heading-h3 meta-heading  avia-builder-el-1  el_before_av_textblock  avia-builder-el-first '><h3 class='av-special-heading-tag '  itemprop=\"headline\"  >Weitere Informationen<\/h3><div class=\"special-heading-border\"><div class=\"special-heading-inner-border\"><\/div><\/div><\/div><br \/>\n<section  class='av_textblock_section av-av_textblock-681fab0c2b6f1cf5a8726141282e5bbf '   itemscope=\"itemscope\" itemtype=\"https:\/\/schema.org\/CreativeWork\" ><div class='avia_textblock'  itemprop=\"text\" ><p>Auf der ProSoft-Homepage erfahren Sie alle wichtigen Details zu den hier angebotenen Softwareprodukten und auch zu einigen Hardware-L\u00f6sungen.<\/p>\n<p><strong>Auf unserer Webpage finden Sie<\/strong><\/p>\n<ul>\n<li>ausf\u00fchrliche Erkl\u00e4rungen aller Funktionen<\/li>\n<li>Details zu den Sicherheitsmerkmalen<\/li>\n<li>Referenzen, Testergebnisse und erhaltene Auszeichnungen<\/li>\n<li>unterst\u00fctze Betriebssysteme und Systemvoraussetzungen<\/li>\n<li>Download von zeitlich befristeten Vollversionen zum Test (soweit angeboten)<\/li>\n<li>Anmeldung zu einem Webinar<\/li>\n<li>Angebotsanfrage f\u00fcr Projekte oder Budgetplanung<\/li>\n<\/ul>\n<p><b><a href=\"http:\/\/www.prosoft.de\" target=\"_blank\">Hier geht es zur ProSoft Webpage<\/a><\/b><\/p>\n<\/div><\/section><\/p><\/div>\n<div  class='flex_column av-av_one_half-1c47c10d9dd6b9bc0b68f292c1cf5942 av_one_half  avia-builder-el-3  el_after_av_one_half  el_before_av_section  avia-builder-el-last  flex_column_div  '     ><p>\n<style type=\"text\/css\" data-created_by=\"avia_inline_auto\" id=\"style-css-av-av_heading-94cdf7ade408f24017c1bdc20e9b99bf\">\n#top .av-special-heading.av-av_heading-94cdf7ade408f24017c1bdc20e9b99bf{\npadding-bottom:10px;\n}\nbody .av-special-heading.av-av_heading-94cdf7ade408f24017c1bdc20e9b99bf .av-special-heading-tag .heading-char{\nfont-size:25px;\n}\n.av-special-heading.av-av_heading-94cdf7ade408f24017c1bdc20e9b99bf .av-subheading{\nfont-size:10px;\n}\n<\/style>\n<div  class='av-special-heading av-av_heading-94cdf7ade408f24017c1bdc20e9b99bf av-special-heading-h3 meta-heading  avia-builder-el-4  el_before_av_textblock  avia-builder-el-first '><h3 class='av-special-heading-tag '  itemprop=\"headline\"  >KnowledgeBase\/FAQ<\/h3><div class=\"special-heading-border\"><div class=\"special-heading-inner-border\"><\/div><\/div><\/div><br \/>\n<section  class='av_textblock_section av-av_textblock-681fab0c2b6f1cf5a8726141282e5bbf '   itemscope=\"itemscope\" itemtype=\"https:\/\/schema.org\/CreativeWork\" ><div class='avia_textblock'  itemprop=\"text\" ><p>Im Gegensatz zu anderen Online-Shops f\u00e4ngt unsere Unterst\u00fctzung mit dem Kauf erst an. Bei Fragen die sich beim Einsatz unserer Produkte und L\u00f6sungen ergeben, empfehlen wir Ihnen zuerst unsere KnowledgeBase und FAQs. Hier finden Sie alle h\u00e4ufig gestellten Fragen inkl. einer ausf\u00fchrlichen Beantwortung durch unseren Support. Sollten Sie Ihr Problem oder Ihre Fragen dort nicht beschrieben finden dann kontaktieren Sie uns gerne mit Hilfe des <a href=\"http:\/\/wordpress.p235598.webspaceconfig.de\/?page_id=953\" target=\"_blank\">Kontaktformulars<\/a>.<\/p>\n<p><strong>In der KnowledgeBase\/FAQ finden Sie Antworten zu folgenden L\u00f6sungen<\/strong><\/p>\n<ul>\n<li>NetSupport Manager<\/li>\n<li>NetSupport School<\/li>\n<li>SafeConsole<\/li>\n<li>SafeToGo<\/li>\n<li>U-Move<\/li>\n<\/ul>\n<p><b><a href=\"http:\/\/faq.prosoft.de\/\" target=\"_blank\">Hier geht es zu den FAQs<\/a><\/b><\/p>\n<\/div><\/section><\/p><\/div>\n<\/div><\/div><\/div><!-- close content main div --><\/div><\/div><div id='av_section_1'  class='avia-section av-av_section-fcdeda4af8579770bd9d3b4511553702 alternate_color avia-section-default avia-no-shadow  avia-builder-el-6  el_after_av_one_half  el_before_av_one_full  avia-bg-style-scroll container_wrap sidebar_right'  ><div class='container av-section-cont-open' ><div class='template-page content  av-content-small alpha units'><div class='post-entry post-entry-type-page post-entry-1224'><div class='entry-content-wrapper clearfix'>\n<section  class='av_textblock_section av-av_textblock-681fab0c2b6f1cf5a8726141282e5bbf '   itemscope=\"itemscope\" itemtype=\"https:\/\/schema.org\/CreativeWork\" ><div class='avia_textblock'  itemprop=\"text\" ><h2 style=\"text-align: center;\">Ben\u00f6tigen Sie Hilfe?<\/h2>\n<p style=\"text-align: center;\">\u00a0Die drei besten Wegen f\u00fcr mehr Informationen<\/p>\n<\/div><\/section>\n<div  class='hr av-av_hr-c69e1af1bad63c3964cc522caf796498 hr-short  avia-builder-el-8  el_after_av_textblock  el_before_av_one_third  hr-center'><span class='hr-inner '><span class=\"hr-inner-style\"><\/span><\/span><\/div>\n<div  class='flex_column av-av_one_third-2a9015ff38129c418a3f2eafba3e9512 av_one_third  avia-builder-el-9  el_after_av_hr  el_before_av_one_third  first flex_column_div  '     ><article  class='iconbox iconbox_top av-av_icon_box-5fdc0a317bcaadb0f6afb65d0f06402b  avia-builder-el-10  avia-builder-el-no-sibling  main_color'  itemscope=\"itemscope\" itemtype=\"https:\/\/schema.org\/CreativeWork\" ><div class=\"iconbox_content\"><header class=\"entry-content-header\" aria-label=\"Icon: Weitere Informationen\"><div class='iconbox_icon heading-color avia-iconfont avia-font-entypo-fontello' data-av_icon='' data-av_iconfont='entypo-fontello'  ><\/div><h3 class='iconbox_content_title '  itemprop=\"headline\" >Weitere Informationen<\/h3><\/header><div class='iconbox_content_container '  itemprop=\"text\" ><p>Auf unserer Homepage finden Sie zu den meisten Produkten detaillierte Informationen, ein Download von zeitlich befristeten Vollversionen uvm..<\/p>\n<p><b><a href=\"http:\/\/www.prosoft.de\" target=\"_blank\">Hier geht es zur ProSoft Webpage<\/a><\/b><\/p>\n<\/div><\/div><footer class=\"entry-footer\"><\/footer><\/article><\/div><div  class='flex_column av-av_one_third-1c47c10d9dd6b9bc0b68f292c1cf5942 av_one_third  avia-builder-el-11  el_after_av_one_third  el_before_av_one_third  flex_column_div  '     ><article  class='iconbox iconbox_top av-av_icon_box-1bb0bc14d69f3afe51703d6f36fdf4ae  avia-builder-el-12  avia-builder-el-no-sibling  main_color'  itemscope=\"itemscope\" itemtype=\"https:\/\/schema.org\/CreativeWork\" ><div class=\"iconbox_content\"><header class=\"entry-content-header\" aria-label=\"Icon: KnowledgeBase &amp; FAQ\"><div class='iconbox_icon heading-color avia-iconfont avia-font-entypo-fontello' data-av_icon='' data-av_iconfont='entypo-fontello'  ><\/div><h3 class='iconbox_content_title '  itemprop=\"headline\" >KnowledgeBase &amp; FAQ<\/h3><\/header><div class='iconbox_content_container '  itemprop=\"text\" ><p>Besuchen Sie unsere KnowledgeBase und erfahren Sie technische Details\u00a0 und Probleml\u00f6sungen sowie h\u00e4ufig gestellte Fragen.<\/p>\n<p><b><a href=\"http:\/\/faq.prosoft.de\/\" target=\"_blank\">Zur KnowledgeBase und den FAQs<\/a><\/b><\/p>\n<\/div><\/div><footer class=\"entry-footer\"><\/footer><\/article><\/div><div  class='flex_column av-av_one_third-1c47c10d9dd6b9bc0b68f292c1cf5942 av_one_third  avia-builder-el-13  el_after_av_one_third  avia-builder-el-last  flex_column_div  '     ><article  class='iconbox iconbox_top av-av_icon_box-d4d8454e21fc99b5411397cb77856e95  avia-builder-el-14  avia-builder-el-no-sibling  main_color'  itemscope=\"itemscope\" itemtype=\"https:\/\/schema.org\/CreativeWork\" ><div class=\"iconbox_content\"><header class=\"entry-content-header\" aria-label=\"Icon: Kontaktformular\"><div class='iconbox_icon heading-color avia-iconfont avia-font-entypo-fontello' data-av_icon='' data-av_iconfont='entypo-fontello'  ><\/div><h3 class='iconbox_content_title '  itemprop=\"headline\" >Kontaktformular<\/h3><\/header><div class='iconbox_content_container '  itemprop=\"text\" ><p><span style=\"color: #000000;\">W<\/span><span style=\"color: #000000;\">enn Sie vorab Fragen zu unseren\u00a0Produkten oder Auskunft zu Lieferzeiten haben,\u00a0<\/span><span style=\"color: #000000;\">beraten wir Sie gerne. Gerne auch in Form einer Web-Pr\u00e4sentation oder einer technisch betreuten Testphase.\u00a0<\/span><span style=\"color: #000000;\">\u00a0<\/span><\/p>\n<p><b><a href=\"http:\/\/wordpress.p235598.webspaceconfig.de\/?page_id=953\" target=\"_blank\">Zum Kontaktformular<\/a><\/b><\/p>\n<\/div><\/div><footer class=\"entry-footer\"><\/footer><\/article><\/div><\/div><\/div><\/div><!-- close content main div --><\/div><\/div><div id='after_section_1'  class='main_color av_default_container_wrap container_wrap sidebar_right'  ><div class='container av-section-cont-open' ><div class='template-page content  av-content-small alpha units'><div class='post-entry post-entry-type-page post-entry-1224'><div class='entry-content-wrapper clearfix'><div  class='flex_column av-av_one_full-2a9015ff38129c418a3f2eafba3e9512 av_one_full  avia-builder-el-15  el_after_av_section  avia-builder-el-no-sibling  first flex_column_div  '     ><\/div><\/p>\n","protected":false},"excerpt":{"rendered":"","protected":false},"author":4,"featured_media":0,"parent":0,"menu_order":0,"comment_status":"open","ping_status":"closed","template":"","meta":{"footnotes":""},"class_list":["post-1224","page","type-page","status-publish","hentry"],"_links":{"self":[{"href":"https:\/\/www.prosoft.de\/shop\/wp-json\/wp\/v2\/pages\/1224","targetHints":{"allow":["GET"]}}],"collection":[{"href":"https:\/\/www.prosoft.de\/shop\/wp-json\/wp\/v2\/pages"}],"about":[{"href":"https:\/\/www.prosoft.de\/shop\/wp-json\/wp\/v2\/types\/page"}],"author":[{"embeddable":true,"href":"https:\/\/www.prosoft.de\/shop\/wp-json\/wp\/v2\/users\/4"}],"replies":[{"embeddable":true,"href":"https:\/\/www.prosoft.de\/shop\/wp-json\/wp\/v2\/comments?post=1224"}],"version-history":[{"count":22,"href":"https:\/\/www.prosoft.de\/shop\/wp-json\/wp\/v2\/pages\/1224\/revisions"}],"predecessor-version":[{"id":4507,"href":"https:\/\/www.prosoft.de\/shop\/wp-json\/wp\/v2\/pages\/1224\/revisions\/4507"}],"wp:attachment":[{"href":"https:\/\/www.prosoft.de\/shop\/wp-json\/wp\/v2\/media?parent=1224"}],"curies":[{"name":"wp","href":"https:\/\/api.w.org\/{rel}","templated":true}]}}