{"id":16,"date":"2014-08-19T10:43:37","date_gmt":"2014-08-19T08:43:37","guid":{"rendered":"http:\/\/wordpress.p235598.webspaceconfig.de\/?page_id=16"},"modified":"2025-01-09T11:01:41","modified_gmt":"2025-01-09T10:01:41","slug":"zahlungsarten","status":"publish","type":"page","link":"https:\/\/www.prosoft.de\/shop\/zahlungsarten\/","title":{"rendered":"Zahlungsarten"},"content":{"rendered":"<p>Wir bieten Ihnen die folgenden Zahlungsarten an. Bitte verwenden Sie bei Erstbestellungen oder Bestellungen ohne Registrierung die Zahlungsarten Vorkasse oder PayPal. Bei Auswahl der Zahlungsart Rechnung \u00fcberpr\u00fcfen wir ansonsten die Bonit\u00e4t. Die Versandkosten sind abh\u00e4ngig von der Paketgr\u00f6\u00dfe, dem Paketgewicht und dem Land des Empf\u00e4ngers. Die anfallenden Liefer- und Versandkosten sind nicht im Kaufpreis enthalten. Sie sind auf der Seite \u201eVersandkosten\u201c vorab aufrufbar und werden im Laufe des Bestellvorganges gesondert im Warenkorb angezeigt. Die in den jeweiligen Angeboten angef\u00fchrten Preise sind Nettopreise zuz\u00fcglich der aktuellen Mehrwertsteuer. Bei grenz\u00fcberschreitender Lieferung k\u00f6nnen im Einzelfall weitere Abgaben (z.B. Z\u00f6lle) anfallen. In diesen F\u00e4llen werden wir Sie aber vor Abwicklung der Bestellung informieren.<\/p>\n<p>Bitte beachten Sie: Wir beliefern keine Privatpersonen!<\/p>\n<p><em>Rechnung<\/em><br \/>\nEinfach bestellen und die Ware auf Rechnung erhalten. Das Zahlungsziel betr\u00e4gt 14 Tage ab Rechnungsstellung.<br \/>\nBei Erstbestellungen oder Bestellungen als Gast bevorzugen wir die Zahlungsart <em>Vorkasse<\/em> oder \u00fcberpr\u00fcfen u.U. die Bonit\u00e4t des Bestellers.<\/p>\n<p><em>PayPal<\/em><br \/>\nNoch sicherer und schnell bezahlen mit ihrem PayPal-Konto. Die Ware kann h\u00e4ufig schon am selben Tag versandt werden.<\/p>\n<p>Nachnahme<br \/>\nEmpfohlen f\u00fcr Erstbestellungen und Bestellungen ohne Registrierung, wenn Sie kein PayPal Konto haben. Der Gesamtbetrag darf hierbei 3.500 \u20ac nicht \u00fcberschreiten. Die Zahlung erfolgt durch den Besteller in bar bei \u00dcbergabe der Ware. F\u00fcr diesen Service verrechnet das Versandunternehmen zus\u00e4tzliche Geb\u00fchren, die unter Versandkosten angezeigt werden.<\/p>\n<p><em>Vorkasse<\/em><br \/>\nEmpfohlen f\u00fcr Erstbestellungen und Bestellungen ohne Registrierung, wenn Sie kein PayPal Konto haben.<br \/>\nBitte \u00fcberweisen Sie bei den Zahlungsarten Rechnung und Vorkasse den Gesamtbetrag Ihrer Bestellung auf unser Konto:<\/p>\n<p>Kontoinhaber: ProSoft GmbH<br \/>\nKreditinstitut: HypoVereinsbank AG<br \/>\nBIC: HYVEDEMMXXX<\/p>\n","protected":false},"excerpt":{"rendered":"<p>Wir bieten Ihnen die folgenden Zahlungsarten an. Bitte verwenden Sie bei Erstbestellungen oder Bestellungen ohne Registrierung die Zahlungsarten Vorkasse oder PayPal. Bei Auswahl der Zahlungsart Rechnung \u00fcberpr\u00fcfen wir ansonsten die Bonit\u00e4t. Die Versandkosten sind abh\u00e4ngig von der Paketgr\u00f6\u00dfe, dem Paketgewicht und dem Land des Empf\u00e4ngers. Die anfallenden Liefer- und Versandkosten sind nicht im Kaufpreis enthalten. [&hellip;]<\/p>\n","protected":false},"author":4,"featured_media":0,"parent":0,"menu_order":0,"comment_status":"closed","ping_status":"closed","template":"","meta":{"footnotes":""},"class_list":["post-16","page","type-page","status-publish","hentry"],"_links":{"self":[{"href":"https:\/\/www.prosoft.de\/shop\/wp-json\/wp\/v2\/pages\/16","targetHints":{"allow":["GET"]}}],"collection":[{"href":"https:\/\/www.prosoft.de\/shop\/wp-json\/wp\/v2\/pages"}],"about":[{"href":"https:\/\/www.prosoft.de\/shop\/wp-json\/wp\/v2\/types\/page"}],"author":[{"embeddable":true,"href":"https:\/\/www.prosoft.de\/shop\/wp-json\/wp\/v2\/users\/4"}],"replies":[{"embeddable":true,"href":"https:\/\/www.prosoft.de\/shop\/wp-json\/wp\/v2\/comments?post=16"}],"version-history":[{"count":13,"href":"https:\/\/www.prosoft.de\/shop\/wp-json\/wp\/v2\/pages\/16\/revisions"}],"predecessor-version":[{"id":483243,"href":"https:\/\/www.prosoft.de\/shop\/wp-json\/wp\/v2\/pages\/16\/revisions\/483243"}],"wp:attachment":[{"href":"https:\/\/www.prosoft.de\/shop\/wp-json\/wp\/v2\/media?parent=16"}],"curies":[{"name":"wp","href":"https:\/\/api.w.org\/{rel}","templated":true}]}}