{"id":335453,"date":"2020-07-07T12:04:59","date_gmt":"2020-07-07T10:04:59","guid":{"rendered":"https:\/\/www.prosoft.de\/shop\/?page_id=335453"},"modified":"2025-11-11T15:21:22","modified_gmt":"2025-11-11T14:21:22","slug":"modem","status":"publish","type":"page","link":"https:\/\/www.prosoft.de\/shop\/hardware\/modem\/","title":{"rendered":"Modem"},"content":{"rendered":"<section  class='av_textblock_section av-a9olk0t-eb1b1e85480a671836529669caec14a0 '   itemscope=\"itemscope\" itemtype=\"https:\/\/schema.org\/CreativeWork\" ><div class='avia_textblock'  itemprop=\"text\" ><div id=\"kat\">\n<h2>Industrie Modem und NPort<\/h2>\n<p>Modem und Moxa NPort zur z. B. zur Erg\u00e4nzung der <a href=\"https:\/\/www.prosoft.de\/shop\/produkt\/securaccess-mehrfaktor-authentifizierung-bestellen\/\">Mehrfaktor-Authentifizierung<\/a> SecurAccess und zur Integration in andere Applikationen. Das Modem integriert serielle Ger\u00e4te ins Netzwerk, d. h. Sie haben \u00fcber ICP\/IP Zugriff auf serielle Ger\u00e4te.<\/p>\n<p>Industrielle NPort\u00ae 5110-Ger\u00e4teserver wurden f\u00fcr die sofortige Integration serieller Ger\u00e4te in ein Netzwerk entwickelt. Die kompakte Gr\u00f6\u00dfe der Server macht diese zur ersten Wahl zur Verbindung von Ger\u00e4ten, wie z. B. Kartenleser und Zahlungs-Terminals mit einem IP-basierten Ethernet-LAN. Verwenden Sie die NPort\u00ae 5110-Ger\u00e4teserver, um Ihrer PC-Software von jedem Punkt des Netzwerks aus direkten Zugriff auf serielle Ger\u00e4te zu erm\u00f6glichen.<\/p>\n<ul>\n<li>Real COM\/TTY-Treiber f\u00fcr Windows und Linux<\/li>\n<li>Standardm\u00e4\u00dfige TCP\/IP-Schnittstelle und vielseitige Betriebsmodi<\/li>\n<li>Einfach zu verwendendes Windows-Dienstprogramm zur Konfiguration mehrerer Modem Ger\u00e4teserver<\/li>\n<li>Integrierter 15 KV ESD-Schutz f\u00fcr alle seriellen Signale<\/li>\n<li>SNMP MIB-II f\u00fcr Netzwerkmanagement<\/li>\n<li>Konfiguration per Telnet oder Web-Browser<\/li>\n<\/ul>\n<\/div>\n<\/div><\/section>\n<div  class='avia-product-slider-container av-8q2y87x-49adf2bf2616f6d03862763f9de19dff template-shop avia-content-slider avia-content-grid-active shop_columns_3  avia-builder-el-1  el_after_av_textblock  avia-builder-el-last  avia-content-slider-odd  avia-builder-el-1  el_after_av_textblock  avia-builder-el-last  av-slideshow-ui av-slider-hover-pause av-slideshow-manual av-loop-once av-loop-manual-endless avia-product-slider1' data-slideshow-options=\"{&quot;animation&quot;:&quot;fade&quot;,&quot;autoplay&quot;:false,&quot;loop_autoplay&quot;:&quot;once&quot;,&quot;interval&quot;:5,&quot;loop_manual&quot;:&quot;manual-endless&quot;,&quot;autoplay_stopper&quot;:false,&quot;noNavigation&quot;:false,&quot;bg_slider&quot;:false,&quot;keep_padding&quot;:false,&quot;hoverpause&quot;:true,&quot;show_slide_delay&quot;:0}\"><div class=\"product-sorting avia-product-sorting\"><ul class=\"sort-param sort-param-order\"><li><span class='currently-selected'>Sortieren nach <strong>Standard<\/strong><\/span><ul><li class=\"current-param\"><a class='avia-product-sorting-link' data-href='?avia_extended_shop_select=yes&product_order=default' rel=\"nofollow\"><span class='avia-bullet'><\/span>Standard<\/a><\/li><li><a class='avia-product-sorting-link' data-href='?product_sort=asc&avia_extended_shop_select=yes&product_order=menu_order' rel=\"nofollow\"><span class='avia-bullet'><\/span>Benutzerdefiniert<\/a><\/li><li><a class='avia-product-sorting-link' data-href='?product_sort=asc&avia_extended_shop_select=yes&product_order=title' rel=\"nofollow\"><span class='avia-bullet'><\/span>Name<\/a><\/li><li><a class='avia-product-sorting-link' data-href='?product_sort=asc&avia_extended_shop_select=yes&product_order=price' rel=\"nofollow\"><span class='avia-bullet'><\/span>Preis<\/a><\/li><li><a class='avia-product-sorting-link' data-href='?product_sort=asc&avia_extended_shop_select=yes&product_order=date' rel=\"nofollow\"><span class='avia-bullet'><\/span>Datum<\/a><\/li><li><a class='avia-product-sorting-link' data-href='?avia_extended_shop_select=yes&product_order=popularity' rel=\"nofollow\"><span class='avia-bullet'><\/span>Popularit\u00e4t (Verkauf)<\/a><\/li><li><a class='avia-product-sorting-link' data-href='?avia_extended_shop_select=yes&product_order=rating' rel=\"nofollow\"><span class='avia-bullet'><\/span>Durchschnittliche Bewertung<\/a><\/li><li><a class='avia-product-sorting-link' data-href='?product_sort=asc&avia_extended_shop_select=yes&product_order=relevance' rel=\"nofollow\"><span class='avia-bullet'><\/span>Relevanz<\/a><\/li><li><a class='avia-product-sorting-link' data-href='?avia_extended_shop_select=yes&product_order=rand' rel=\"nofollow\"><span class='avia-bullet'><\/span>Zufall<\/a><\/li><li><a class='avia-product-sorting-link' data-href='?product_sort=asc&avia_extended_shop_select=yes&product_order=id' rel=\"nofollow\"><span class='avia-bullet'><\/span>Produkt ID<\/a><\/li><\/ul><\/li><\/ul><ul class='sort-param sort-param-count'><li><span class='currently-selected'>Zeige <strong>30 Produkte pro Seite <\/strong><\/span><ul><li class=\"current-param\"><a class='avia-product-sorting-link' data-href='?paged=1&avia_extended_shop_select=yes&product_order=default&product_count=30' rel=\"nofollow\">\t\t<span class='avia-bullet'><\/span>30 Produkte pro Seite<\/a><\/li><li><a class='avia-product-sorting-link' data-href='?paged=1&avia_extended_shop_select=yes&product_order=default&product_count=60' rel=\"nofollow\">\t<span class='avia-bullet'><\/span>60 Produkte pro Seite<\/a><\/li><li><a class='avia-product-sorting-link' data-href='?paged=1&avia_extended_shop_select=yes&product_order=default&product_count=90' rel=\"nofollow\">\t<span class='avia-bullet'><\/span>90 Produkte pro Seite<\/a><\/li><\/ul><\/li><\/ul><\/div><div class='avia-content-slider-inner'><ul class=\"products\"><li class=\"product type-product post-5382 status-publish first instock product_cat-hardware product_cat-modem product_cat-moxa-nport-5110 product_tag-geraeteserver-moxa-nport-5110 product_tag-hardware product_tag-moxa-nport-5110 product_tag-seriell-auf-ethernet product_tag-serielles-modem has-post-thumbnail taxable shipping-taxable purchasable product-type-simple\">\n\t<div class='inner_product main_color wrapped_style noLightbox  av-product-class-minimal'><a href=\"https:\/\/www.prosoft.de\/shop\/produkt\/moxa-nport-5110\/\" class=\"woocommerce-LoopProduct-link woocommerce-loop-product__link\"><div class=\"thumbnail_container\"><img decoding=\"async\" loading=\"lazy\" width=\"450\" height=\"450\" src=\"https:\/\/www.prosoft.de\/shop\/wp-content\/uploads\/2015\/01\/Moxa-5110-450x450.jpg\" class=\"wp-image-5381 avia-img-lazy-loading-5381 attachment-shop_catalog size-shop_catalog wp-post-image\" alt=\"Moxa NPort 5110\" srcset=\"https:\/\/www.prosoft.de\/shop\/wp-content\/uploads\/2015\/01\/Moxa-5110-450x450.jpg 450w, https:\/\/www.prosoft.de\/shop\/wp-content\/uploads\/2015\/01\/Moxa-5110-100x100.jpg 100w, https:\/\/www.prosoft.de\/shop\/wp-content\/uploads\/2015\/01\/Moxa-5110-80x80.jpg 80w, https:\/\/www.prosoft.de\/shop\/wp-content\/uploads\/2015\/01\/Moxa-5110-300x300.jpg 300w, https:\/\/www.prosoft.de\/shop\/wp-content\/uploads\/2015\/01\/Moxa-5110-36x36.jpg 36w, https:\/\/www.prosoft.de\/shop\/wp-content\/uploads\/2015\/01\/Moxa-5110-180x180.jpg 180w, https:\/\/www.prosoft.de\/shop\/wp-content\/uploads\/2015\/01\/Moxa-5110-705x705.jpg 705w, https:\/\/www.prosoft.de\/shop\/wp-content\/uploads\/2015\/01\/Moxa-5110.jpg 1000w\" sizes=\"auto, (max-width: 450px) 100vw, 450px\" \/><span class=\"cart-loading\"><\/span><\/div><div class='inner_product_header'><div class='avia-arrow'><\/div><div class='inner_product_header_table'><div class='inner_product_header_cell'><h2 class=\"woocommerce-loop-product__title\">Moxa NPort 5110<\/h2><\/a><p class=\"price\"><span class=\"woocommerce-Price-amount amount\"><bdi><span class=\"woocommerce-Price-currencySymbol\">&euro;<\/span>&nbsp;159,90<\/bdi><\/span><\/p>\n\t\t<div class=\"wgm-info woocommerce-de_price_taxrate \"><\/div>\n\t\t<div class=\"wgm-info woocommerce_de_versandkosten\">zzgl. <a class=\"versandkosten\" href=\"https:\/\/www.prosoft.de\/shop\/ueber-uns\/versandkosten\/\" target=\"_blank\">Versand<\/a><\/div><\/div><\/div><\/div><\/a><\/div><\/li>\n<\/ul><\/div><\/div><div class=\"clear\"><\/div>\n","protected":false},"excerpt":{"rendered":"","protected":false},"author":4,"featured_media":0,"parent":335300,"menu_order":0,"comment_status":"closed","ping_status":"closed","template":"","meta":{"footnotes":""},"class_list":["post-335453","page","type-page","status-publish","hentry"],"_links":{"self":[{"href":"https:\/\/www.prosoft.de\/shop\/wp-json\/wp\/v2\/pages\/335453","targetHints":{"allow":["GET"]}}],"collection":[{"href":"https:\/\/www.prosoft.de\/shop\/wp-json\/wp\/v2\/pages"}],"about":[{"href":"https:\/\/www.prosoft.de\/shop\/wp-json\/wp\/v2\/types\/page"}],"author":[{"embeddable":true,"href":"https:\/\/www.prosoft.de\/shop\/wp-json\/wp\/v2\/users\/4"}],"replies":[{"embeddable":true,"href":"https:\/\/www.prosoft.de\/shop\/wp-json\/wp\/v2\/comments?post=335453"}],"version-history":[{"count":5,"href":"https:\/\/www.prosoft.de\/shop\/wp-json\/wp\/v2\/pages\/335453\/revisions"}],"predecessor-version":[{"id":483553,"href":"https:\/\/www.prosoft.de\/shop\/wp-json\/wp\/v2\/pages\/335453\/revisions\/483553"}],"up":[{"embeddable":true,"href":"https:\/\/www.prosoft.de\/shop\/wp-json\/wp\/v2\/pages\/335300"}],"wp:attachment":[{"href":"https:\/\/www.prosoft.de\/shop\/wp-json\/wp\/v2\/media?parent=335453"}],"curies":[{"name":"wp","href":"https:\/\/api.w.org\/{rel}","templated":true}]}}