{"id":335459,"date":"2020-07-07T12:22:54","date_gmt":"2020-07-07T10:22:54","guid":{"rendered":"https:\/\/www.prosoft.de\/shop\/?page_id=335459"},"modified":"2025-11-11T15:21:22","modified_gmt":"2025-11-11T14:21:22","slug":"firewall","status":"publish","type":"page","link":"https:\/\/www.prosoft.de\/shop\/hardware\/firewall\/","title":{"rendered":"Firewall"},"content":{"rendered":"<section  class='av_textblock_section av-axeyl43-f741a0455e299f445bc32b831f175340 '   itemscope=\"itemscope\" itemtype=\"https:\/\/schema.org\/CreativeWork\" ><div class='avia_textblock'  itemprop=\"text\" ><div id=\"kat\">\n<h2>Firewall f\u00fcr IT und OT<\/h2>\n<h3 id=\"verschluesselte\">Next Generation Firewall (NGFW) und industrielle Firewall f\u00fcr Netzwerksegmentierung und Perimeterschutz<\/h3>\n<\/div>\n<p>Eine Firewall ist ein wesentlicher Aspekt f\u00fcr den Schutz, sowohl der Netzwerk-Perimeter als auch f\u00fcr die Trennung von Netzwerksegmenten in IT &#8211; und OT &#8211; Umgebungen. Moderne Firewalls, sogenannte Next Generation Firewalls (NGFW) sch\u00fctzen die dahinterliegenden Infrastrukturen umfangreich durch zus\u00e4tzlich implementierte Software, wie Antivirenl\u00f6sungen bzw. Advanced Malware Protection, DNS-Filtering, IPS uvm.,\u00a0 die meist individuell erg\u00e4nzt und genutzt werden k\u00f6nnen.<\/p>\n<p>Die Segmentierung von Netzwerken ist fester Bestandteil einer Zero Trust Architektur und sch\u00fctzt hochkritische Netzwerkbereiche kaskadiert hinter normalen IT-Segmenten oder reduziert das Risiko im Schadensfall.<\/p>\n<p>Bei ProSecurity finden Sie Hardware der Hersteller <a href=\"https:\/\/www.prosoft.de\/hersteller\/software\/fortinet\/\" target=\"_blank\" rel=\"noopener\">Fortinet<\/a> und <a href=\"https:\/\/www.prosoft.de\/hersteller\/software\/opswat\/\" target=\"_blank\" rel=\"noopener\">OPSWAT<\/a>. Bei den FortiGate NGFW handelt es sich dank der FortiGuard Security Services um Next Generation Firewalls, die modular um Sicherheitsfunktionen erweiterbar sind. Die OT-Firewall OTfuse des Herstellers OPSWAT ist auf den Schutz von OT-Assets in Industrie- und Produktionsumgebungen spezialisiert.<\/p>\n<p>Unser Angebot bei <a href=\"https:\/\/www.prosoft.de\/shop\/\">ProSecurity<\/a> ist f\u00fcr Unternehmen und Organisationen, die bereits das Sizing der ben\u00f6tigten Hardware\/Software durchgef\u00fchrt haben und den Bedarf ermittelt haben. Gerade wenn Sie aber den Einsatz einer Firewall neu dimensionieren wollen, empfehlen wir Ihnen die <a href=\"https:\/\/www.prosoft.de\/loesungen\/cybersecurity\/firewall\/\">Firewall-Produktseite<\/a> bei ProSoft. Hier haben Sie die M\u00f6glichkeit sich in einem Webcast einen \u00dcberblick \u00fcber die Optionen und Konfigurationen zu erhalten oder ein unverbindliches Angebot dar\u00fcber anzufordern.<\/p>\n<\/div><\/section>\n<div  class='avia-product-slider-container av-5mqw3s3-5d2be0269cce65a882a4a68029b60048 template-shop avia-content-slider avia-content-grid-active shop_columns_3  avia-builder-el-1  el_after_av_textblock  avia-builder-el-last  avia-content-slider-odd  avia-builder-el-1  el_after_av_textblock  avia-builder-el-last  av-slideshow-ui av-slider-hover-pause av-slideshow-manual av-loop-once av-loop-manual-endless avia-product-slider1' data-slideshow-options=\"{&quot;animation&quot;:&quot;fade&quot;,&quot;autoplay&quot;:false,&quot;loop_autoplay&quot;:&quot;once&quot;,&quot;interval&quot;:5,&quot;loop_manual&quot;:&quot;manual-endless&quot;,&quot;autoplay_stopper&quot;:false,&quot;noNavigation&quot;:false,&quot;bg_slider&quot;:false,&quot;keep_padding&quot;:false,&quot;hoverpause&quot;:true,&quot;show_slide_delay&quot;:0}\"><div class=\"product-sorting avia-product-sorting\"><ul class=\"sort-param sort-param-order\"><li><span class='currently-selected'>Sortieren nach <strong>Standard<\/strong><\/span><ul><li class=\"current-param\"><a class='avia-product-sorting-link' data-href='?avia_extended_shop_select=yes&product_order=default' rel=\"nofollow\"><span class='avia-bullet'><\/span>Standard<\/a><\/li><li><a class='avia-product-sorting-link' data-href='?product_sort=asc&avia_extended_shop_select=yes&product_order=menu_order' rel=\"nofollow\"><span class='avia-bullet'><\/span>Benutzerdefiniert<\/a><\/li><li><a class='avia-product-sorting-link' data-href='?product_sort=asc&avia_extended_shop_select=yes&product_order=title' rel=\"nofollow\"><span class='avia-bullet'><\/span>Name<\/a><\/li><li><a class='avia-product-sorting-link' data-href='?product_sort=asc&avia_extended_shop_select=yes&product_order=price' rel=\"nofollow\"><span class='avia-bullet'><\/span>Preis<\/a><\/li><li><a class='avia-product-sorting-link' data-href='?product_sort=asc&avia_extended_shop_select=yes&product_order=date' rel=\"nofollow\"><span class='avia-bullet'><\/span>Datum<\/a><\/li><li><a class='avia-product-sorting-link' data-href='?avia_extended_shop_select=yes&product_order=popularity' rel=\"nofollow\"><span class='avia-bullet'><\/span>Popularit\u00e4t (Verkauf)<\/a><\/li><li><a class='avia-product-sorting-link' data-href='?avia_extended_shop_select=yes&product_order=rating' rel=\"nofollow\"><span class='avia-bullet'><\/span>Durchschnittliche Bewertung<\/a><\/li><li><a class='avia-product-sorting-link' data-href='?product_sort=asc&avia_extended_shop_select=yes&product_order=relevance' rel=\"nofollow\"><span class='avia-bullet'><\/span>Relevanz<\/a><\/li><li><a class='avia-product-sorting-link' data-href='?avia_extended_shop_select=yes&product_order=rand' rel=\"nofollow\"><span class='avia-bullet'><\/span>Zufall<\/a><\/li><li><a class='avia-product-sorting-link' data-href='?product_sort=asc&avia_extended_shop_select=yes&product_order=id' rel=\"nofollow\"><span class='avia-bullet'><\/span>Produkt ID<\/a><\/li><\/ul><\/li><\/ul><ul class='sort-param sort-param-count'><li><span class='currently-selected'>Zeige <strong>30 Produkte pro Seite <\/strong><\/span><ul><li class=\"current-param\"><a class='avia-product-sorting-link' data-href='?paged=1&avia_extended_shop_select=yes&product_order=default&product_count=30' rel=\"nofollow\">\t\t<span class='avia-bullet'><\/span>30 Produkte pro Seite<\/a><\/li><li><a class='avia-product-sorting-link' data-href='?paged=1&avia_extended_shop_select=yes&product_order=default&product_count=60' rel=\"nofollow\">\t<span class='avia-bullet'><\/span>60 Produkte pro Seite<\/a><\/li><li><a class='avia-product-sorting-link' data-href='?paged=1&avia_extended_shop_select=yes&product_order=default&product_count=90' rel=\"nofollow\">\t<span class='avia-bullet'><\/span>90 Produkte pro Seite<\/a><\/li><\/ul><\/li><\/ul><\/div><div class='avia-content-slider-inner'><ul class=\"products\"><li class=\"product type-product post-482681 status-publish first instock product_cat-cybersecurity product_cat-firewall product_cat-hardware product_tag-fg-60f product_tag-fg-61f product_tag-fortigate product_tag-fortigate-60f product_tag-fortinet-firewall product_tag-ngfw has-post-thumbnail taxable shipping-taxable purchasable product-type-variable\">\n\t<div class='inner_product main_color wrapped_style noLightbox  av-product-class-minimal'><a href=\"https:\/\/www.prosoft.de\/shop\/produkt\/fortigate-60f\/\" class=\"woocommerce-LoopProduct-link woocommerce-loop-product__link\"><div class=\"thumbnail_container\"><img decoding=\"async\" loading=\"lazy\" width=\"450\" height=\"450\" src=\"https:\/\/www.prosoft.de\/shop\/wp-content\/uploads\/2023\/12\/Fortinet-Firewall-60F-prespektivisch-jpg-450x450.jpg\" class=\"wp-image-482700 avia-img-lazy-loading-482700 attachment-shop_catalog size-shop_catalog wp-post-image\" alt=\"\" srcset=\"https:\/\/www.prosoft.de\/shop\/wp-content\/uploads\/2023\/12\/Fortinet-Firewall-60F-prespektivisch-jpg-450x450.jpg 450w, https:\/\/www.prosoft.de\/shop\/wp-content\/uploads\/2023\/12\/Fortinet-Firewall-60F-prespektivisch-jpg-80x80.jpg 80w, https:\/\/www.prosoft.de\/shop\/wp-content\/uploads\/2023\/12\/Fortinet-Firewall-60F-prespektivisch-jpg-36x36.jpg 36w, https:\/\/www.prosoft.de\/shop\/wp-content\/uploads\/2023\/12\/Fortinet-Firewall-60F-prespektivisch-jpg-180x180.jpg 180w, https:\/\/www.prosoft.de\/shop\/wp-content\/uploads\/2023\/12\/Fortinet-Firewall-60F-prespektivisch-jpg-120x120.jpg 120w, https:\/\/www.prosoft.de\/shop\/wp-content\/uploads\/2023\/12\/Fortinet-Firewall-60F-prespektivisch-jpg-100x100.jpg 100w\" sizes=\"auto, (max-width: 450px) 100vw, 450px\" \/><\/div><div class='inner_product_header'><div class='avia-arrow'><\/div><div class='inner_product_header_table'><div class='inner_product_header_cell'><h2 class=\"woocommerce-loop-product__title\">FortiGate 60F Firewall<\/h2><\/a><p class=\"price\">ab <span class=\"woocommerce-Price-amount amount\"><bdi><span class=\"woocommerce-Price-currencySymbol\">&euro;<\/span>&nbsp;918,00<\/bdi><\/span><\/p>\n\t\t<div class=\"wgm-info woocommerce-de_price_taxrate \"><\/div>\n\t\t<div class=\"wgm-info woocommerce_de_versandkosten\">zzgl. <a class=\"versandkosten\" href=\"https:\/\/www.prosoft.de\/shop\/ueber-uns\/versandkosten\/\" target=\"_blank\">Versand<\/a><\/div><\/div><\/div><\/div><\/a><\/div><\/li>\n<\/ul><\/div><\/div><div class=\"clear\"><\/div>\n","protected":false},"excerpt":{"rendered":"","protected":false},"author":4,"featured_media":0,"parent":335300,"menu_order":0,"comment_status":"closed","ping_status":"closed","template":"","meta":{"footnotes":""},"class_list":["post-335459","page","type-page","status-publish","hentry"],"_links":{"self":[{"href":"https:\/\/www.prosoft.de\/shop\/wp-json\/wp\/v2\/pages\/335459","targetHints":{"allow":["GET"]}}],"collection":[{"href":"https:\/\/www.prosoft.de\/shop\/wp-json\/wp\/v2\/pages"}],"about":[{"href":"https:\/\/www.prosoft.de\/shop\/wp-json\/wp\/v2\/types\/page"}],"author":[{"embeddable":true,"href":"https:\/\/www.prosoft.de\/shop\/wp-json\/wp\/v2\/users\/4"}],"replies":[{"embeddable":true,"href":"https:\/\/www.prosoft.de\/shop\/wp-json\/wp\/v2\/comments?post=335459"}],"version-history":[{"count":18,"href":"https:\/\/www.prosoft.de\/shop\/wp-json\/wp\/v2\/pages\/335459\/revisions"}],"predecessor-version":[{"id":483552,"href":"https:\/\/www.prosoft.de\/shop\/wp-json\/wp\/v2\/pages\/335459\/revisions\/483552"}],"up":[{"embeddable":true,"href":"https:\/\/www.prosoft.de\/shop\/wp-json\/wp\/v2\/pages\/335300"}],"wp:attachment":[{"href":"https:\/\/www.prosoft.de\/shop\/wp-json\/wp\/v2\/media?parent=335459"}],"curies":[{"name":"wp","href":"https:\/\/api.w.org\/{rel}","templated":true}]}}