{"id":335467,"date":"2020-07-07T13:33:32","date_gmt":"2020-07-07T11:33:32","guid":{"rendered":"https:\/\/www.prosoft.de\/shop\/?page_id=335467"},"modified":"2025-11-11T15:21:22","modified_gmt":"2025-11-11T14:21:22","slug":"security-loesungen","status":"publish","type":"page","link":"https:\/\/www.prosoft.de\/shop\/software\/security-loesungen\/","title":{"rendered":"Security L\u00f6sungen"},"content":{"rendered":"<section  class='av_textblock_section av-12lswrv-53dabb5d2b332b56719d20cba2dfdf13 '   itemscope=\"itemscope\" itemtype=\"https:\/\/schema.org\/CreativeWork\" ><div class='avia_textblock'  itemprop=\"text\" ><div id=\"kat\">\n<h2>Software f\u00fcr Ihre IT Security<\/h2>\n<p>IT Security Software: Zwei-Faktor Authentifizierung, Ann\u00e4herungs-Authentifizierung, BitLocker Administration, USB-Stick Device-Management und Datenrettungs-Software.<\/p>\n<h2>Unsere Software Empfehlungen f\u00fcr IT Security L\u00f6sungen im \u00dcberblick<\/h2>\n<\/div>\n<\/div><\/section>\n<div  class='avia-product-slider-container av-8g5q59n-0581c066c9c4c901b082b0383a61906e template-shop avia-content-slider avia-content-grid-active shop_columns_3  avia-builder-el-1  el_after_av_textblock  avia-builder-el-last  avia-content-slider-odd  avia-builder-el-1  el_after_av_textblock  avia-builder-el-last  av-slideshow-ui av-slider-hover-pause av-slideshow-manual av-loop-once av-loop-manual-endless avia-product-slider1' data-slideshow-options=\"{&quot;animation&quot;:&quot;fade&quot;,&quot;autoplay&quot;:false,&quot;loop_autoplay&quot;:&quot;once&quot;,&quot;interval&quot;:5,&quot;loop_manual&quot;:&quot;manual-endless&quot;,&quot;autoplay_stopper&quot;:false,&quot;noNavigation&quot;:false,&quot;bg_slider&quot;:false,&quot;keep_padding&quot;:false,&quot;hoverpause&quot;:true,&quot;show_slide_delay&quot;:0}\"><div class=\"product-sorting avia-product-sorting\"><ul class=\"sort-param sort-param-order\"><li><span class='currently-selected'>Sortieren nach <strong>Standard<\/strong><\/span><ul><li class=\"current-param\"><a class='avia-product-sorting-link' data-href='?avia_extended_shop_select=yes&product_order=default' rel=\"nofollow\"><span class='avia-bullet'><\/span>Standard<\/a><\/li><li><a class='avia-product-sorting-link' data-href='?product_sort=asc&avia_extended_shop_select=yes&product_order=menu_order' rel=\"nofollow\"><span class='avia-bullet'><\/span>Benutzerdefiniert<\/a><\/li><li><a class='avia-product-sorting-link' data-href='?product_sort=asc&avia_extended_shop_select=yes&product_order=title' rel=\"nofollow\"><span class='avia-bullet'><\/span>Name<\/a><\/li><li><a class='avia-product-sorting-link' data-href='?product_sort=asc&avia_extended_shop_select=yes&product_order=price' rel=\"nofollow\"><span class='avia-bullet'><\/span>Preis<\/a><\/li><li><a class='avia-product-sorting-link' data-href='?product_sort=asc&avia_extended_shop_select=yes&product_order=date' rel=\"nofollow\"><span class='avia-bullet'><\/span>Datum<\/a><\/li><li><a class='avia-product-sorting-link' data-href='?avia_extended_shop_select=yes&product_order=popularity' rel=\"nofollow\"><span class='avia-bullet'><\/span>Popularit\u00e4t (Verkauf)<\/a><\/li><li><a class='avia-product-sorting-link' data-href='?avia_extended_shop_select=yes&product_order=rating' rel=\"nofollow\"><span class='avia-bullet'><\/span>Durchschnittliche Bewertung<\/a><\/li><li><a class='avia-product-sorting-link' data-href='?product_sort=asc&avia_extended_shop_select=yes&product_order=relevance' rel=\"nofollow\"><span class='avia-bullet'><\/span>Relevanz<\/a><\/li><li><a class='avia-product-sorting-link' data-href='?avia_extended_shop_select=yes&product_order=rand' rel=\"nofollow\"><span class='avia-bullet'><\/span>Zufall<\/a><\/li><li><a class='avia-product-sorting-link' data-href='?product_sort=asc&avia_extended_shop_select=yes&product_order=id' rel=\"nofollow\"><span class='avia-bullet'><\/span>Produkt ID<\/a><\/li><\/ul><\/li><\/ul><ul class='sort-param sort-param-count'><li><span class='currently-selected'>Zeige <strong>20 Produkte pro Seite <\/strong><\/span><ul><li class=\"current-param\"><a class='avia-product-sorting-link' data-href='?paged=1&avia_extended_shop_select=yes&product_order=default&product_count=20' rel=\"nofollow\">\t\t<span class='avia-bullet'><\/span>20 Produkte pro Seite<\/a><\/li><li><a class='avia-product-sorting-link' data-href='?paged=1&avia_extended_shop_select=yes&product_order=default&product_count=40' rel=\"nofollow\">\t<span class='avia-bullet'><\/span>40 Produkte pro Seite<\/a><\/li><li><a class='avia-product-sorting-link' data-href='?paged=1&avia_extended_shop_select=yes&product_order=default&product_count=60' rel=\"nofollow\">\t<span class='avia-bullet'><\/span>60 Produkte pro Seite<\/a><\/li><\/ul><\/li><\/ul><\/div><div class='avia-content-slider-inner'><ul class=\"products\"><li class=\"product type-product post-6496 status-publish first instock product_cat-security-loesungen product_cat-software product_tag-bitlocker-management product_tag-bitlocker-monitoring product_tag-bitlocker-report product_tag-bitlocker-schluesselverwaltung product_tag-bitlocker-tpm product_tag-bitlocker-verwalten product_tag-bittruster has-post-thumbnail taxable shipping-taxable purchasable product-type-variable\">\n\t<div class='inner_product main_color wrapped_style noLightbox  av-product-class-minimal'><a href=\"https:\/\/www.prosoft.de\/shop\/produkt\/bittruster\/\" class=\"woocommerce-LoopProduct-link woocommerce-loop-product__link\"><div class=\"thumbnail_container\"><img decoding=\"async\" loading=\"lazy\" width=\"450\" height=\"450\" src=\"https:\/\/www.prosoft.de\/shop\/wp-content\/uploads\/2016\/06\/BitTruster_Box-450x450.jpg\" class=\"wp-image-6523 avia-img-lazy-loading-6523 attachment-shop_catalog size-shop_catalog wp-post-image\" alt=\"bittruster_box\" srcset=\"https:\/\/www.prosoft.de\/shop\/wp-content\/uploads\/2016\/06\/BitTruster_Box-450x450.jpg 450w, https:\/\/www.prosoft.de\/shop\/wp-content\/uploads\/2016\/06\/BitTruster_Box-100x100.jpg 100w, https:\/\/www.prosoft.de\/shop\/wp-content\/uploads\/2016\/06\/BitTruster_Box-80x80.jpg 80w, https:\/\/www.prosoft.de\/shop\/wp-content\/uploads\/2016\/06\/BitTruster_Box-300x300.jpg 300w, https:\/\/www.prosoft.de\/shop\/wp-content\/uploads\/2016\/06\/BitTruster_Box-36x36.jpg 36w, https:\/\/www.prosoft.de\/shop\/wp-content\/uploads\/2016\/06\/BitTruster_Box-180x180.jpg 180w, https:\/\/www.prosoft.de\/shop\/wp-content\/uploads\/2016\/06\/BitTruster_Box-705x705.jpg 705w, https:\/\/www.prosoft.de\/shop\/wp-content\/uploads\/2016\/06\/BitTruster_Box.jpg 1000w\" sizes=\"auto, (max-width: 450px) 100vw, 450px\" \/><\/div><div class='inner_product_header'><div class='avia-arrow'><\/div><div class='inner_product_header_table'><div class='inner_product_header_cell'><h2 class=\"woocommerce-loop-product__title\">BitTruster<\/h2><\/a><p class=\"price\"><span class=\"woocommerce-Price-amount amount\"><bdi><span class=\"woocommerce-Price-currencySymbol\">&euro;<\/span>&nbsp;24,56<\/bdi><\/span><\/p>\n\t\t<div class=\"wgm-info woocommerce-de_price_taxrate \"><\/div>\n\t\t<div class=\"wgm-info woocommerce_de_versandkosten\">zzgl. <a class=\"versandkosten\" href=\"https:\/\/www.prosoft.de\/shop\/ueber-uns\/versandkosten\/\" target=\"_blank\">Versand<\/a><\/div><\/div><\/div><\/div><\/a><\/div><\/li>\n<li class=\"product type-product post-336132 status-publish instock product_cat-exklusiv-bei-prosecurity product_cat-securaccess product_cat-security-token product_tag-hardware-token product_tag-mehrfaktor-authentifizierung product_tag-oath-totp product_tag-otp product_tag-securenvoy-mfa product_tag-zwei-faktor-authentifizierung has-post-thumbnail taxable shipping-taxable purchasable product-type-simple\">\n\t<div class='inner_product main_color wrapped_style noLightbox  av-product-class-minimal'><a href=\"https:\/\/www.prosoft.de\/shop\/produkt\/authenticator-card\/\" class=\"woocommerce-LoopProduct-link woocommerce-loop-product__link\"><div class=\"thumbnail_container\"><img decoding=\"async\" loading=\"lazy\" width=\"450\" height=\"450\" src=\"https:\/\/www.prosoft.de\/shop\/wp-content\/uploads\/2020\/10\/SecurEnvoy-Hardware-Token-1-450x450.png\" class=\"wp-image-480844 avia-img-lazy-loading-480844 attachment-shop_catalog size-shop_catalog wp-post-image\" alt=\"Authenticator Card Hardware-Token im Kreditkartenformat\" srcset=\"https:\/\/www.prosoft.de\/shop\/wp-content\/uploads\/2020\/10\/SecurEnvoy-Hardware-Token-1-450x450.png 450w, https:\/\/www.prosoft.de\/shop\/wp-content\/uploads\/2020\/10\/SecurEnvoy-Hardware-Token-1-300x300.png 300w, https:\/\/www.prosoft.de\/shop\/wp-content\/uploads\/2020\/10\/SecurEnvoy-Hardware-Token-1-80x80.png 80w, https:\/\/www.prosoft.de\/shop\/wp-content\/uploads\/2020\/10\/SecurEnvoy-Hardware-Token-1-36x36.png 36w, https:\/\/www.prosoft.de\/shop\/wp-content\/uploads\/2020\/10\/SecurEnvoy-Hardware-Token-1-180x180.png 180w, https:\/\/www.prosoft.de\/shop\/wp-content\/uploads\/2020\/10\/SecurEnvoy-Hardware-Token-1-100x100.png 100w, https:\/\/www.prosoft.de\/shop\/wp-content\/uploads\/2020\/10\/SecurEnvoy-Hardware-Token-1.png 700w\" sizes=\"auto, (max-width: 450px) 100vw, 450px\" \/><span class='rating_container'><div class=\"star-rating\" role=\"img\" aria-label=\"Bewertet mit 5.00 von 5\"><span style=\"width:100%\">Bewertet mit <strong class=\"rating\">5.00<\/strong> von 5<\/span><\/div><\/span><span class=\"cart-loading\"><\/span><\/div><div class='inner_product_header'><div class='avia-arrow'><\/div><div class='inner_product_header_table'><div class='inner_product_header_cell'><h2 class=\"woocommerce-loop-product__title\">SecurEnvoy Authenticator Card<\/h2><\/a><p class=\"price\"><span class=\"woocommerce-Price-amount amount\"><bdi><span class=\"woocommerce-Price-currencySymbol\">&euro;<\/span>&nbsp;34,98<\/bdi><\/span><\/p>\n\t\t<div class=\"wgm-info woocommerce-de_price_taxrate \"><\/div>\n\t\t<div class=\"wgm-info woocommerce_de_versandkosten\">zzgl. <a class=\"versandkosten\" href=\"https:\/\/www.prosoft.de\/shop\/ueber-uns\/versandkosten\/\" target=\"_blank\">Versand<\/a><\/div><\/div><\/div><\/div><\/a><\/div><\/li>\n<li class=\"product type-product post-7937 status-publish last instock product_cat-exklusiv-bei-prosecurity product_cat-portblocker product_cat-security-loesungen product_cat-software product_tag-data-loss-prevention product_tag-device-control product_tag-dlp product_tag-port-control product_tag-safeconsole product_tag-schnittstellen-kontrolle product_tag-usb-port-und-usb-geraetekontrolle has-post-thumbnail taxable shipping-taxable product-type-variable\">\n\t<div class='inner_product main_color wrapped_style noLightbox  av-product-class-minimal'><a href=\"https:\/\/www.prosoft.de\/shop\/produkt\/datalocker-portblocker-online-bestellen\/\" class=\"woocommerce-LoopProduct-link woocommerce-loop-product__link\"><div class=\"thumbnail_container\"><img decoding=\"async\" loading=\"lazy\" width=\"450\" height=\"450\" src=\"https:\/\/www.prosoft.de\/shop\/wp-content\/uploads\/2019\/01\/Portblocker-Box-450x450.png\" class=\"wp-image-7965 avia-img-lazy-loading-7965 attachment-shop_catalog size-shop_catalog wp-post-image\" alt=\"PortBlocker von DataLocker\" srcset=\"https:\/\/www.prosoft.de\/shop\/wp-content\/uploads\/2019\/01\/Portblocker-Box-450x450.png 450w, https:\/\/www.prosoft.de\/shop\/wp-content\/uploads\/2019\/01\/Portblocker-Box-80x80.png 80w, https:\/\/www.prosoft.de\/shop\/wp-content\/uploads\/2019\/01\/Portblocker-Box-300x300.png 300w, https:\/\/www.prosoft.de\/shop\/wp-content\/uploads\/2019\/01\/Portblocker-Box-768x768.png 768w, https:\/\/www.prosoft.de\/shop\/wp-content\/uploads\/2019\/01\/Portblocker-Box-36x36.png 36w, https:\/\/www.prosoft.de\/shop\/wp-content\/uploads\/2019\/01\/Portblocker-Box-180x180.png 180w, https:\/\/www.prosoft.de\/shop\/wp-content\/uploads\/2019\/01\/Portblocker-Box-705x705.png 705w, https:\/\/www.prosoft.de\/shop\/wp-content\/uploads\/2019\/01\/Portblocker-Box-100x100.png 100w, https:\/\/www.prosoft.de\/shop\/wp-content\/uploads\/2019\/01\/Portblocker-Box.png 900w\" sizes=\"auto, (max-width: 450px) 100vw, 450px\" \/><\/div><div class='inner_product_header'><div class='avia-arrow'><\/div><div class='inner_product_header_table'><div class='inner_product_header_cell'><h2 class=\"woocommerce-loop-product__title\">PortBlocker<\/h2><\/div><\/div><\/div><\/a><\/div><\/li>\n<li class=\"product type-product post-5295 status-publish first instock product_cat-security-loesungen product_tag-2fa product_tag-cisco-absichern product_tag-citrix-absichern product_tag-einmalpasswort product_tag-mehrfaktor-authentifizierung product_tag-otp product_tag-sichere-authentifizierung product_tag-soft-token product_tag-token product_tag-vpn-absichern has-post-thumbnail taxable shipping-taxable purchasable product-type-variable\">\n\t<div class='inner_product main_color wrapped_style noLightbox  av-product-class-minimal'><a href=\"https:\/\/www.prosoft.de\/shop\/produkt\/securaccess-mehrfaktor-authentifizierung-bestellen\/\" class=\"woocommerce-LoopProduct-link woocommerce-loop-product__link\"><div class=\"thumbnail_container\"><img decoding=\"async\" loading=\"lazy\" width=\"450\" height=\"450\" src=\"https:\/\/www.prosoft.de\/shop\/wp-content\/uploads\/2014\/12\/SecureAccess3-450x450.jpg\" class=\"wp-image-5920 avia-img-lazy-loading-5920 attachment-shop_catalog size-shop_catalog wp-post-image\" alt=\"SecurAccess Box\" srcset=\"https:\/\/www.prosoft.de\/shop\/wp-content\/uploads\/2014\/12\/SecureAccess3-450x450.jpg 450w, https:\/\/www.prosoft.de\/shop\/wp-content\/uploads\/2014\/12\/SecureAccess3-100x100.jpg 100w, https:\/\/www.prosoft.de\/shop\/wp-content\/uploads\/2014\/12\/SecureAccess3-80x80.jpg 80w, https:\/\/www.prosoft.de\/shop\/wp-content\/uploads\/2014\/12\/SecureAccess3-300x300.jpg 300w, https:\/\/www.prosoft.de\/shop\/wp-content\/uploads\/2014\/12\/SecureAccess3-36x36.jpg 36w, https:\/\/www.prosoft.de\/shop\/wp-content\/uploads\/2014\/12\/SecureAccess3-180x180.jpg 180w, https:\/\/www.prosoft.de\/shop\/wp-content\/uploads\/2014\/12\/SecureAccess3.jpg 630w\" sizes=\"auto, (max-width: 450px) 100vw, 450px\" \/><\/div><div class='inner_product_header'><div class='avia-arrow'><\/div><div class='inner_product_header_table'><div class='inner_product_header_cell'><h2 class=\"woocommerce-loop-product__title\">SecurAccess Mehrfaktor-Authentifizierung<\/h2><\/a><p class=\"price\">ab <span class=\"woocommerce-Price-amount amount\"><bdi><span class=\"woocommerce-Price-currencySymbol\">&euro;<\/span>&nbsp;32,00<\/bdi><\/span><\/p>\n\t\t<div class=\"wgm-info woocommerce-de_price_taxrate \"><\/div>\n\t\t<\/div><\/div><\/div><\/a><\/div><\/li>\n<li class=\"product type-product post-3897 status-publish instock product_cat-hersteller product_cat-security-loesungen product_cat-software product_tag-datalocker product_tag-geofencing product_tag-password-recovery product_tag-security-loesungen product_tag-sichere-usb-sticks product_tag-usb-geraete-verwalten product_tag-usb-management product_tag-usb-stick-passwort-zuruecksetzen product_tag-usb-stick-verwalten has-post-thumbnail taxable shipping-taxable purchasable product-type-variable\">\n\t<div class='inner_product main_color wrapped_style noLightbox  av-product-class-minimal'><a href=\"https:\/\/www.prosoft.de\/shop\/produkt\/safeconsole-usb-device-management\/\" class=\"woocommerce-LoopProduct-link woocommerce-loop-product__link\"><div class=\"thumbnail_container\"><img decoding=\"async\" loading=\"lazy\" width=\"450\" height=\"450\" src=\"https:\/\/www.prosoft.de\/shop\/wp-content\/uploads\/2014\/10\/Safeconsole_Box-450x450.jpg\" class=\"wp-image-6525 avia-img-lazy-loading-6525 attachment-shop_catalog size-shop_catalog wp-post-image\" alt=\"safeconsole usb-device-management\" srcset=\"https:\/\/www.prosoft.de\/shop\/wp-content\/uploads\/2014\/10\/Safeconsole_Box-450x450.jpg 450w, https:\/\/www.prosoft.de\/shop\/wp-content\/uploads\/2014\/10\/Safeconsole_Box-100x100.jpg 100w, https:\/\/www.prosoft.de\/shop\/wp-content\/uploads\/2014\/10\/Safeconsole_Box-80x80.jpg 80w, https:\/\/www.prosoft.de\/shop\/wp-content\/uploads\/2014\/10\/Safeconsole_Box-300x300.jpg 300w, https:\/\/www.prosoft.de\/shop\/wp-content\/uploads\/2014\/10\/Safeconsole_Box-36x36.jpg 36w, https:\/\/www.prosoft.de\/shop\/wp-content\/uploads\/2014\/10\/Safeconsole_Box-180x180.jpg 180w, https:\/\/www.prosoft.de\/shop\/wp-content\/uploads\/2014\/10\/Safeconsole_Box-705x705.jpg 705w, https:\/\/www.prosoft.de\/shop\/wp-content\/uploads\/2014\/10\/Safeconsole_Box.jpg 1000w\" sizes=\"auto, (max-width: 450px) 100vw, 450px\" \/><\/div><div class='inner_product_header'><div class='avia-arrow'><\/div><div class='inner_product_header_table'><div class='inner_product_header_cell'><h2 class=\"woocommerce-loop-product__title\">SafeConsole USB-Device-Management<\/h2><\/a><p class=\"price\"><span class=\"woocommerce-Price-amount amount\"><bdi><span class=\"woocommerce-Price-currencySymbol\">&euro;<\/span>&nbsp;545,00<\/bdi><\/span><\/p>\n\t\t<div class=\"wgm-info woocommerce-de_price_taxrate \"><\/div>\n\t\t<\/div><\/div><\/div><\/a><\/div><\/li>\n<li class=\"product type-product post-267069 status-publish last instock product_cat-gatekeeper product_cat-gatekeeper-enterprise product_cat-gatekeeper-enterprise-45-tage-trial product_cat-hardware product_cat-security-loesungen product_cat-security-token product_cat-untethered-labs product_tag-anmelden-mit-bluetooth-token product_tag-annaeherungs-authentifizierung product_tag-drahtlose-anmeldung product_tag-halberd product_tag-kontaktloses-login has-post-thumbnail taxable shipping-taxable purchasable product-type-variable has-default-attributes\">\n\t<div class='inner_product main_color wrapped_style noLightbox  av-product-class-minimal'><a href=\"https:\/\/www.prosoft.de\/shop\/produkt\/gatekeeper-enterprise-45-tage-trial\/\" class=\"woocommerce-LoopProduct-link woocommerce-loop-product__link\"><div class=\"thumbnail_container\"><img decoding=\"async\" loading=\"lazy\" width=\"450\" height=\"450\" src=\"https:\/\/www.prosoft.de\/shop\/wp-content\/uploads\/2020\/04\/GateKeeper-Enterprise-Box-450x450.jpg\" class=\"wp-image-267252 avia-img-lazy-loading-267252 attachment-shop_catalog size-shop_catalog wp-post-image\" alt=\"GateKeeper Trial\" srcset=\"https:\/\/www.prosoft.de\/shop\/wp-content\/uploads\/2020\/04\/GateKeeper-Enterprise-Box-450x450.jpg 450w, https:\/\/www.prosoft.de\/shop\/wp-content\/uploads\/2020\/04\/GateKeeper-Enterprise-Box-300x300.jpg 300w, https:\/\/www.prosoft.de\/shop\/wp-content\/uploads\/2020\/04\/GateKeeper-Enterprise-Box-80x80.jpg 80w, https:\/\/www.prosoft.de\/shop\/wp-content\/uploads\/2020\/04\/GateKeeper-Enterprise-Box-768x768.jpg 768w, https:\/\/www.prosoft.de\/shop\/wp-content\/uploads\/2020\/04\/GateKeeper-Enterprise-Box-36x36.jpg 36w, https:\/\/www.prosoft.de\/shop\/wp-content\/uploads\/2020\/04\/GateKeeper-Enterprise-Box-180x180.jpg 180w, https:\/\/www.prosoft.de\/shop\/wp-content\/uploads\/2020\/04\/GateKeeper-Enterprise-Box-705x705.jpg 705w, https:\/\/www.prosoft.de\/shop\/wp-content\/uploads\/2020\/04\/GateKeeper-Enterprise-Box-100x100.jpg 100w, https:\/\/www.prosoft.de\/shop\/wp-content\/uploads\/2020\/04\/GateKeeper-Enterprise-Box.jpg 1000w\" sizes=\"auto, (max-width: 450px) 100vw, 450px\" \/><\/div><div class='inner_product_header'><div class='avia-arrow'><\/div><div class='inner_product_header_table'><div class='inner_product_header_cell'><h2 class=\"woocommerce-loop-product__title\">GateKeeper Enterprise 45 Tage Trial<\/h2><\/a><p class=\"price\"><span class=\"woocommerce-Price-amount amount\"><bdi><span class=\"woocommerce-Price-currencySymbol\">&euro;<\/span>&nbsp;0,00<\/bdi><\/span><\/p>\n\t\t<div class=\"wgm-info woocommerce-de_price_taxrate \"><\/div>\n\t\t<div class=\"wgm-info woocommerce_de_versandkosten\">zzgl. <a class=\"versandkosten\" href=\"https:\/\/www.prosoft.de\/shop\/ueber-uns\/versandkosten\/\" target=\"_blank\">Versand<\/a><\/div><\/div><\/div><\/div><\/a><\/div><\/li>\n<li class=\"product type-product post-267629 status-publish first instock product_cat-gatekeeper-enterprise product_cat-neu-im-sortiment product_cat-security-loesungen product_tag-anmedlung-produktionsmaschinen product_tag-annaeherungs-authentifizierung product_tag-drahtlose-anmeldung product_tag-halberd product_tag-kontaktloses-login product_tag-ot-authentifizierung product_tag-passwortlose-authentifizierung has-post-thumbnail taxable shipping-taxable purchasable product-type-variable\">\n\t<div class='inner_product main_color wrapped_style noLightbox  av-product-class-minimal'><a href=\"https:\/\/www.prosoft.de\/shop\/produkt\/gatekeeper-software\/\" class=\"woocommerce-LoopProduct-link woocommerce-loop-product__link\"><div class=\"thumbnail_container\"><img decoding=\"async\" loading=\"lazy\" width=\"450\" height=\"450\" src=\"https:\/\/www.prosoft.de\/shop\/wp-content\/uploads\/2020\/04\/GateKeeper-Enterprise-450x450.jpg\" class=\"wp-image-267635 avia-img-lazy-loading-267635 attachment-shop_catalog size-shop_catalog wp-post-image\" alt=\"GateKeeper Enterprise\" srcset=\"https:\/\/www.prosoft.de\/shop\/wp-content\/uploads\/2020\/04\/GateKeeper-Enterprise-450x450.jpg 450w, https:\/\/www.prosoft.de\/shop\/wp-content\/uploads\/2020\/04\/GateKeeper-Enterprise-300x300.jpg 300w, https:\/\/www.prosoft.de\/shop\/wp-content\/uploads\/2020\/04\/GateKeeper-Enterprise-80x80.jpg 80w, https:\/\/www.prosoft.de\/shop\/wp-content\/uploads\/2020\/04\/GateKeeper-Enterprise-768x768.jpg 768w, https:\/\/www.prosoft.de\/shop\/wp-content\/uploads\/2020\/04\/GateKeeper-Enterprise-36x36.jpg 36w, https:\/\/www.prosoft.de\/shop\/wp-content\/uploads\/2020\/04\/GateKeeper-Enterprise-180x180.jpg 180w, https:\/\/www.prosoft.de\/shop\/wp-content\/uploads\/2020\/04\/GateKeeper-Enterprise-705x705.jpg 705w, https:\/\/www.prosoft.de\/shop\/wp-content\/uploads\/2020\/04\/GateKeeper-Enterprise-100x100.jpg 100w, https:\/\/www.prosoft.de\/shop\/wp-content\/uploads\/2020\/04\/GateKeeper-Enterprise.jpg 1000w\" sizes=\"auto, (max-width: 450px) 100vw, 450px\" \/><\/div><div class='inner_product_header'><div class='avia-arrow'><\/div><div class='inner_product_header_table'><div class='inner_product_header_cell'><h2 class=\"woocommerce-loop-product__title\">GateKeeper Software<\/h2><\/a><p class=\"price\">ab <span class=\"woocommerce-Price-amount amount\"><bdi><span class=\"woocommerce-Price-currencySymbol\">&euro;<\/span>&nbsp;34,80<\/bdi><\/span><\/p>\n\t\t<div class=\"wgm-info woocommerce-de_price_taxrate \"><\/div>\n\t\t<div class=\"wgm-info woocommerce_de_versandkosten\">zzgl. <a class=\"versandkosten\" href=\"https:\/\/www.prosoft.de\/shop\/ueber-uns\/versandkosten\/\" target=\"_blank\">Versand<\/a><\/div><\/div><\/div><\/div><\/a><\/div><\/li>\n<\/ul><\/div><\/div><div class=\"clear\"><\/div>\n","protected":false},"excerpt":{"rendered":"","protected":false},"author":4,"featured_media":0,"parent":335419,"menu_order":0,"comment_status":"closed","ping_status":"closed","template":"","meta":{"footnotes":""},"class_list":["post-335467","page","type-page","status-publish","hentry"],"_links":{"self":[{"href":"https:\/\/www.prosoft.de\/shop\/wp-json\/wp\/v2\/pages\/335467","targetHints":{"allow":["GET"]}}],"collection":[{"href":"https:\/\/www.prosoft.de\/shop\/wp-json\/wp\/v2\/pages"}],"about":[{"href":"https:\/\/www.prosoft.de\/shop\/wp-json\/wp\/v2\/types\/page"}],"author":[{"embeddable":true,"href":"https:\/\/www.prosoft.de\/shop\/wp-json\/wp\/v2\/users\/4"}],"replies":[{"embeddable":true,"href":"https:\/\/www.prosoft.de\/shop\/wp-json\/wp\/v2\/comments?post=335467"}],"version-history":[{"count":9,"href":"https:\/\/www.prosoft.de\/shop\/wp-json\/wp\/v2\/pages\/335467\/revisions"}],"predecessor-version":[{"id":483550,"href":"https:\/\/www.prosoft.de\/shop\/wp-json\/wp\/v2\/pages\/335467\/revisions\/483550"}],"up":[{"embeddable":true,"href":"https:\/\/www.prosoft.de\/shop\/wp-json\/wp\/v2\/pages\/335419"}],"wp:attachment":[{"href":"https:\/\/www.prosoft.de\/shop\/wp-json\/wp\/v2\/media?parent=335467"}],"curies":[{"name":"wp","href":"https:\/\/api.w.org\/{rel}","templated":true}]}}