{"id":4515,"date":"2014-11-10T19:15:50","date_gmt":"2014-11-10T17:15:50","guid":{"rendered":"http:\/\/wordpress.p235598.webspaceconfig.de\/?page_id=4515"},"modified":"2024-12-09T14:39:28","modified_gmt":"2024-12-09T13:39:28","slug":"service-support","status":"publish","type":"page","link":"https:\/\/www.prosoft.de\/shop\/service-support\/","title":{"rendered":"Service &#038; Support"},"content":{"rendered":"<div  class='flex_column av-av_one_half-2a9015ff38129c418a3f2eafba3e9512 av_one_half  avia-builder-el-0  el_before_av_one_half  avia-builder-el-first  first flex_column_div  '     ><p>\n<style type=\"text\/css\" data-created_by=\"avia_inline_auto\" id=\"style-css-av-av_heading-37a8f6d045b357d08f47e016c43cc92a\">\n#top .av-special-heading.av-av_heading-37a8f6d045b357d08f47e016c43cc92a{\npadding-bottom:10px;\n}\nbody .av-special-heading.av-av_heading-37a8f6d045b357d08f47e016c43cc92a .av-special-heading-tag .heading-char{\nfont-size:25px;\n}\n.av-special-heading.av-av_heading-37a8f6d045b357d08f47e016c43cc92a .av-subheading{\nfont-size:15px;\n}\n<\/style>\n<div  class='av-special-heading av-av_heading-37a8f6d045b357d08f47e016c43cc92a av-special-heading-h3  avia-builder-el-1  el_before_av_textblock  avia-builder-el-first '><h3 class='av-special-heading-tag '  itemprop=\"headline\"  >Weitere Informationen<\/h3><div class=\"special-heading-border\"><div class=\"special-heading-inner-border\"><\/div><\/div><\/div><br \/>\n<section  class='av_textblock_section av-av_textblock-2de302bf1aa3cf4c9157dbe6f50ac7eb '   itemscope=\"itemscope\" itemtype=\"https:\/\/schema.org\/CreativeWork\" ><div class='avia_textblock'  itemprop=\"text\" ><p>Auf der ProSoft-Homepage erfahren Sie alle wichtigen Details zu den hier angebotenen Software-L\u00f6sungen und auch zu vielen Hardware-Produkten.<\/p>\n<p><strong>Auf unserer Webpage finden Sie<\/strong><\/p>\n<ul>\n<li>ausf\u00fchrliche Erkl\u00e4rungen aller Funktionen<\/li>\n<li>Details zu den Sicherheitsmerkmalen<\/li>\n<li>Referenzen, Testergebnisse und erhaltene Auszeichnungen<\/li>\n<li>unterst\u00fctze Betriebssysteme und Systemvoraussetzungen<\/li>\n<li>Download von zeitlich befristeten Vollversionen zum Test (soweit angeboten)<\/li>\n<li>Anmeldung zu einer Produkt-Pr\u00e4sentation<\/li>\n<li>Angebotsanfrage f\u00fcr Projekte oder Budgetplanung<\/li>\n<li>Zugriff auf unseren technischen Support<\/li>\n<\/ul>\n<p><a href=\"https:\/\/www.prosoft.de\/\" target=\"_blank\" rel=\"noopener\">Hier geht es zur ProSoft Webpage<\/a><\/p>\n<\/div><\/section><\/p><\/div>\n\n<style type=\"text\/css\" data-created_by=\"avia_inline_auto\" id=\"style-css-av-av_one_half-0aa7055fe62c3622faec82866afbaeb2\">\n.flex_column.av-av_one_half-0aa7055fe62c3622faec82866afbaeb2{\nborder-radius:0px 0px 0px 0px;\npadding:0px 0px 0px 0px;\n}\n<\/style>\n<div  class='flex_column av-av_one_half-0aa7055fe62c3622faec82866afbaeb2 av_one_half  avia-builder-el-3  el_after_av_one_half  el_before_av_section  avia-builder-el-last  flex_column_div av-zero-column-padding  '     ><p>\n<style type=\"text\/css\" data-created_by=\"avia_inline_auto\" id=\"style-css-av-av_heading-62339643c18368324fc387f3282b77fe\">\n#top .av-special-heading.av-av_heading-62339643c18368324fc387f3282b77fe{\npadding-bottom:10px;\n}\nbody .av-special-heading.av-av_heading-62339643c18368324fc387f3282b77fe .av-special-heading-tag .heading-char{\nfont-size:25px;\n}\n.av-special-heading.av-av_heading-62339643c18368324fc387f3282b77fe .av-subheading{\nfont-size:15px;\n}\n<\/style>\n<div  class='av-special-heading av-av_heading-62339643c18368324fc387f3282b77fe av-special-heading-h3  avia-builder-el-4  el_before_av_textblock  avia-builder-el-first '><h3 class='av-special-heading-tag '  itemprop=\"headline\"  >KnowledgeBase\/FAQ<\/h3><div class=\"special-heading-border\"><div class=\"special-heading-inner-border\"><\/div><\/div><\/div><br \/>\n<section  class='av_textblock_section av-av_textblock-2de302bf1aa3cf4c9157dbe6f50ac7eb '   itemscope=\"itemscope\" itemtype=\"https:\/\/schema.org\/CreativeWork\" ><div class='avia_textblock'  itemprop=\"text\" ><p>Im Gegensatz zu anderen Online-Shops f\u00e4ngt unsere Unterst\u00fctzung mit dem Kauf erst an. Bei Fragen die sich beim Einsatz unserer Produkte und L\u00f6sungen ergeben, empfehlen wir Ihnen zuerst unsere KnowledgeBase und FAQs. Hier finden Sie h\u00e4ufig gestellte Fragen inkl. einer ausf\u00fchrlichen Beantwortung durch unseren Support. Sollten Sie Ihr Problem oder Ihre Fragen dort nicht beschrieben finden, dann kontaktieren Sie uns gerne mithilfe des <a href=\"https:\/\/www.prosoft.de\/shop\/service-support\/online-support\/\">Kontaktformulars<\/a>.<\/p>\n<p><strong>In der KnowledgeBase\/FAQ finden Sie Antworten zu folgenden L\u00f6sungen<\/strong><\/p>\n<ul>\n<li>BitTruster BitLocker-Management<\/li>\n<li>SecurAccess Mehrfaktor-Authentifizierung<\/li>\n<li>SafeConsole USB-Device-Management<\/li>\n<li>SafeToGo USB-Stick<\/li>\n<\/ul>\n<p><a href=\"https:\/\/www.prosoft.de\/faq\/\" target=\"_blank\" rel=\"noopener\">Hier geht es zu den FAQs<\/a><\/p>\n<\/div><\/section><\/p><\/div><\/div><\/div><\/div><!-- close content main div --><\/div><\/div>\n<style type=\"text\/css\" data-created_by=\"avia_inline_auto\" id=\"style-css-av-av_section-0c3efe2b0ba0a2b5b9e3110b78092248\">\n.avia-section.av-av_section-0c3efe2b0ba0a2b5b9e3110b78092248{\nbackground-repeat:no-repeat;\nbackground-image:url(https:\/\/www.prosoft.de\/shop\/wp-content\/uploads\/2014\/09\/slider-home-bg-2-300x88.png);\nbackground-position:0% 0%;\nbackground-attachment:fixed;\n}\n<\/style>\n<div id='av_section_1'  class='avia-section av-av_section-0c3efe2b0ba0a2b5b9e3110b78092248 main_color avia-section-large avia-no-shadow  avia-builder-el-6  el_after_av_one_half  avia-builder-el-last  avia-full-stretch avia-bg-style-fixed container_wrap sidebar_right'  data-section-bg-repeat='stretch'><div class='container av-section-cont-open' ><div class='template-page content  av-content-small alpha units'><div class='post-entry post-entry-type-page post-entry-4515'><div class='entry-content-wrapper clearfix'>\n\n<style type=\"text\/css\" data-created_by=\"avia_inline_auto\" id=\"style-css-av-av_heading-d5e8c6e5ce43ea207a09951de0f6ef35\">\n#top .av-special-heading.av-av_heading-d5e8c6e5ce43ea207a09951de0f6ef35{\npadding-bottom:20px;\ncolor:#ffffff;\n}\nbody .av-special-heading.av-av_heading-d5e8c6e5ce43ea207a09951de0f6ef35 .av-special-heading-tag .heading-char{\nfont-size:25px;\n}\n.av-special-heading.av-av_heading-d5e8c6e5ce43ea207a09951de0f6ef35 .special-heading-inner-border{\nborder-color:#ffffff;\n}\n.av-special-heading.av-av_heading-d5e8c6e5ce43ea207a09951de0f6ef35 .av-subheading{\nfont-size:18px;\n}\n<\/style>\n<div  class='av-special-heading av-av_heading-d5e8c6e5ce43ea207a09951de0f6ef35 av-special-heading-h1 custom-color-heading blockquote modern-quote modern-centered  avia-builder-el-7  el_before_av_one_third  avia-builder-el-first  av-thin-font'><h1 class='av-special-heading-tag '  itemprop=\"headline\"  >Hier erhalten Sie <strong>Hilfe<\/strong><\/h1><div class='av_custom_color av-subheading av-subheading_below'><p>Ben\u00f6tigen Sie Hilfe?<\/p>\n<p>Die drei besten Wegen f\u00fcr mehr Informationen.<\/p>\n<\/div><div class=\"special-heading-border\"><div class=\"special-heading-inner-border\"><\/div><\/div><\/div>\n<div  class='flex_column av-av_one_third-2a9015ff38129c418a3f2eafba3e9512 av_one_third  avia-builder-el-8  el_after_av_heading  el_before_av_one_third  first flex_column_div  '     ><article  class='iconbox iconbox_top av-av_icon_box-a56487f0f476b1f5b1a9fa9d44379b21  avia-builder-el-9  avia-builder-el-no-sibling  main_color'  itemscope=\"itemscope\" itemtype=\"https:\/\/schema.org\/CreativeWork\" ><div class=\"iconbox_content\"><header class=\"entry-content-header\" aria-label=\"Icon: Kontaktformular\"><a href='https:\/\/www.prosoft.de\/shop\/service-support\/kontaktformular\/' title='Kontaktformular' aria-label='Kontaktformular'  class='iconbox_icon heading-color avia-iconfont avia-font-entypo-fontello' data-av_icon='\ue83c' data-av_iconfont='entypo-fontello' title=\"Kontaktformular\" desc=\"Kontaktformular\" ><\/a><h3 class='iconbox_content_title '  itemprop=\"headline\" ><a href='https:\/\/www.prosoft.de\/shop\/service-support\/kontaktformular\/' title='Kontaktformular' >Kontaktformular<\/a><\/h3><\/header><div class='iconbox_content_container '  itemprop=\"text\" ><p>Wir beraten Sie gerne und beantworten Ihre Fragen rund um unsere L\u00f6sungen. Gerne auch in Form einer Web-Pr\u00e4sentation oder einer technisch betreuten Testphase.<\/p>\n<\/div><\/div><footer class=\"entry-footer\"><\/footer><\/article><\/div>\n<style type=\"text\/css\" data-created_by=\"avia_inline_auto\" id=\"style-css-av-av_one_third-c8fc129dc35fd1ae2a1e410224d39ea8\">\n.flex_column.av-av_one_third-c8fc129dc35fd1ae2a1e410224d39ea8{\nborder-radius:0px 0px 0px 0px;\npadding:0px 0px 0px 0px;\n}\n<\/style>\n<div  class='flex_column av-av_one_third-c8fc129dc35fd1ae2a1e410224d39ea8 av_one_third  avia-builder-el-10  el_after_av_one_third  el_before_av_one_third  flex_column_div av-zero-column-padding  '     ><article  class='iconbox iconbox_top av-av_icon_box-97cee24b9ee932a879091d89acbaa8e4  avia-builder-el-11  avia-builder-el-no-sibling  main_color'  itemscope=\"itemscope\" itemtype=\"https:\/\/schema.org\/CreativeWork\" ><div class=\"iconbox_content\"><header class=\"entry-content-header\" aria-label=\"Icon: Weitere Informationen\"><a href='https:\/\/www.prosoft.de\/' title='Weitere Informationen' aria-label='Weitere Informationen'  target=\"_blank\"  rel=\"noopener noreferrer\" class='iconbox_icon heading-color avia-iconfont avia-font-entypo-fontello' data-av_icon='\ue81f' data-av_iconfont='entypo-fontello' title=\"Weitere Informationen\" desc=\"Weitere Informationen\" ><\/a><h3 class='iconbox_content_title '  itemprop=\"headline\" ><a href='https:\/\/www.prosoft.de\/' title='Weitere Informationen'  target=\"_blank\"  rel=\"noopener noreferrer\">Weitere Informationen<\/a><\/h3><\/header><div class='iconbox_content_container '  itemprop=\"text\" ><p>Auf unserer Homepage finden Sie zu den meisten Produkten detaillierte Informationen, ein Download von zeitlich befristeten Vollversionen zum Test und vieles mehr.<\/p>\n<\/div><\/div><footer class=\"entry-footer\"><\/footer><\/article><\/div>\n<style type=\"text\/css\" data-created_by=\"avia_inline_auto\" id=\"style-css-av-av_one_third-c8fc129dc35fd1ae2a1e410224d39ea8\">\n.flex_column.av-av_one_third-c8fc129dc35fd1ae2a1e410224d39ea8{\nborder-radius:0px 0px 0px 0px;\npadding:0px 0px 0px 0px;\n}\n<\/style>\n<div  class='flex_column av-av_one_third-c8fc129dc35fd1ae2a1e410224d39ea8 av_one_third  avia-builder-el-12  el_after_av_one_third  avia-builder-el-last  flex_column_div av-zero-column-padding  '     ><article  class='iconbox iconbox_top av-av_icon_box-a203bc7414b0544432e9310e52ca4667  avia-builder-el-13  avia-builder-el-no-sibling  main_color'  itemscope=\"itemscope\" itemtype=\"https:\/\/schema.org\/CreativeWork\" ><div class=\"iconbox_content\"><header class=\"entry-content-header\" aria-label=\"Icon: KnowledgeBase &amp; FAQ\"><a href='https:\/\/www.prosoft.de\/faq\/' title='KnowledgeBase &amp; FAQ' aria-label='KnowledgeBase &amp; FAQ'  target=\"_blank\"  rel=\"noopener noreferrer\" class='iconbox_icon heading-color avia-iconfont avia-font-entypo-fontello' data-av_icon='\ue864' data-av_iconfont='entypo-fontello' title=\"KnowledgeBase &amp; FAQ\" desc=\"KnowledgeBase &amp; FAQ\" ><\/a><h3 class='iconbox_content_title '  itemprop=\"headline\" ><a href='https:\/\/www.prosoft.de\/faq\/' title='KnowledgeBase &amp; FAQ'  target=\"_blank\"  rel=\"noopener noreferrer\">KnowledgeBase &amp; FAQ<\/a><\/h3><\/header><div class='iconbox_content_container '  itemprop=\"text\" ><p>Besuchen Sie unsere KnowledgeBase und erfahren Sie technische Details\u00a0und Probleml\u00f6sungen sowie Antworten zu h\u00e4ufig gestellten Fragen.<\/p>\n<\/div><\/div><footer class=\"entry-footer\"><\/footer><\/article><\/div>\n<\/div><\/div><\/div><!-- close content main div --><\/div><\/div><div id='after_section_1'  class='main_color av_default_container_wrap container_wrap sidebar_right'  ><div class='container av-section-cont-open' ><div class='template-page content  av-content-small alpha units'><div class='post-entry post-entry-type-page post-entry-4515'><div class='entry-content-wrapper clearfix'><\/p>\n","protected":false},"excerpt":{"rendered":"","protected":false},"author":4,"featured_media":0,"parent":0,"menu_order":0,"comment_status":"open","ping_status":"open","template":"","meta":{"footnotes":""},"class_list":["post-4515","page","type-page","status-publish","hentry"],"_links":{"self":[{"href":"https:\/\/www.prosoft.de\/shop\/wp-json\/wp\/v2\/pages\/4515","targetHints":{"allow":["GET"]}}],"collection":[{"href":"https:\/\/www.prosoft.de\/shop\/wp-json\/wp\/v2\/pages"}],"about":[{"href":"https:\/\/www.prosoft.de\/shop\/wp-json\/wp\/v2\/types\/page"}],"author":[{"embeddable":true,"href":"https:\/\/www.prosoft.de\/shop\/wp-json\/wp\/v2\/users\/4"}],"replies":[{"embeddable":true,"href":"https:\/\/www.prosoft.de\/shop\/wp-json\/wp\/v2\/comments?post=4515"}],"version-history":[{"count":36,"href":"https:\/\/www.prosoft.de\/shop\/wp-json\/wp\/v2\/pages\/4515\/revisions"}],"predecessor-version":[{"id":483213,"href":"https:\/\/www.prosoft.de\/shop\/wp-json\/wp\/v2\/pages\/4515\/revisions\/483213"}],"wp:attachment":[{"href":"https:\/\/www.prosoft.de\/shop\/wp-json\/wp\/v2\/media?parent=4515"}],"curies":[{"name":"wp","href":"https:\/\/api.w.org\/{rel}","templated":true}]}}