{"id":5457,"date":"2015-02-19T13:24:05","date_gmt":"2015-02-19T12:24:05","guid":{"rendered":"https:\/\/www.prosoft.de\/shop\/?page_id=5457"},"modified":"2022-02-25T10:17:49","modified_gmt":"2022-02-25T09:17:49","slug":"training-und-webcast","status":"publish","type":"page","link":"https:\/\/www.prosoft.de\/shop\/service-support\/training-und-webcast\/","title":{"rendered":"Training &#038; Webcast"},"content":{"rendered":"<div  class='flex_column av-av_one_full-2a9015ff38129c418a3f2eafba3e9512 av_one_full  avia-builder-el-0  avia-builder-el-no-sibling  first flex_column_div  '     ><p>\n<style type=\"text\/css\" data-created_by=\"avia_inline_auto\" id=\"style-css-av-av_heading-cc756315a5f4e1a8aad569514cd75c02\">\n#top .av-special-heading.av-av_heading-cc756315a5f4e1a8aad569514cd75c02{\npadding-bottom:10px;\n}\nbody .av-special-heading.av-av_heading-cc756315a5f4e1a8aad569514cd75c02 .av-special-heading-tag .heading-char{\nfont-size:25px;\n}\n.av-special-heading.av-av_heading-cc756315a5f4e1a8aad569514cd75c02 .av-subheading{\nfont-size:15px;\n}\n<\/style>\n<div  class='av-special-heading av-av_heading-cc756315a5f4e1a8aad569514cd75c02 av-special-heading-h2  avia-builder-el-1  el_before_av_textblock  avia-builder-el-first '><h2 class='av-special-heading-tag '  itemprop=\"headline\"  >Training <span class='special_amp'>&amp;<\/span> Webcast by ProSecurity <\/h2><div class=\"special-heading-border\"><div class=\"special-heading-inner-border\"><\/div><\/div><\/div><br \/>\n<section  class='av_textblock_section av-av_textblock-2de302bf1aa3cf4c9157dbe6f50ac7eb '   itemscope=\"itemscope\" itemtype=\"https:\/\/schema.org\/CreativeWork\" ><div class='avia_textblock'  itemprop=\"text\" ><p>Training und Webcasts: Hier finden Sie die Termine zu unseren regelm\u00e4\u00dfigen ProSecurity Praxis-Webcasts, Trainings oder Veranstaltungen. Erfahren Sie komprimiert alle Funktionen unserer Produkte und L\u00f6sungen mit Fokus auf die IT-Sicherheit sowie praktische Anleitungen zur EU-DSGVO- bzw. EU-GDPR-Compliance.<\/p>\n<\/div><\/section><br \/>\n\n<style type=\"text\/css\" data-created_by=\"avia_inline_auto\" id=\"style-css-av-av_heading-16ba5e7d06631fec3b243d398f34553f\">\n#top .av-special-heading.av-av_heading-16ba5e7d06631fec3b243d398f34553f{\npadding-bottom:0;\n}\nbody .av-special-heading.av-av_heading-16ba5e7d06631fec3b243d398f34553f .av-special-heading-tag .heading-char{\nfont-size:25px;\n}\n.av-special-heading.av-av_heading-16ba5e7d06631fec3b243d398f34553f .av-subheading{\nfont-size:15px;\n}\n<\/style>\n<div  class='av-special-heading av-av_heading-16ba5e7d06631fec3b243d398f34553f av-special-heading-h4  avia-builder-el-3  el_after_av_textblock  el_before_av_textblock '><h4 class='av-special-heading-tag '  itemprop=\"headline\"  >Training <span class='special_amp'>&amp;<\/span> Webcast: Vorteile und Anwendungsbeispiele unserer IT-Security Hard-und Software<\/h4><div class=\"special-heading-border\"><div class=\"special-heading-inner-border\"><\/div><\/div><\/div><br \/>\n<section  class='av_textblock_section av-av_textblock-2de302bf1aa3cf4c9157dbe6f50ac7eb '   itemscope=\"itemscope\" itemtype=\"https:\/\/schema.org\/CreativeWork\" ><div class='avia_textblock'  itemprop=\"text\" ><p>Die Entscheidung f\u00fcr IT-Security Hard- und Software wie beispielsweise hardwareverschl\u00fcsselte USB-Sticks und-Festplatten ist eine bewusste Entscheidung f\u00fcr mehr IT-Sicherheit durch Datenverschl\u00fcsselung und sichere Authentifizierung Damit werden auch personenbezogene und sch\u00fctzenswerte Daten besonders gesch\u00fctzt.<img loading=\"lazy\" decoding=\"async\" class=\"alignright wp-image-6792\" src=\"..\/wp-content\/uploads\/2015\/02\/ProSoft-e-learning-300x300.jpg\" alt=\"WEBINAR - word cloud as colored word sphere - NEW TOP TREND\" width=\"241\" height=\"241\" srcset=\"https:\/\/www.prosoft.de\/shop\/wp-content\/uploads\/2015\/02\/ProSoft-e-learning-300x300.jpg 300w, https:\/\/www.prosoft.de\/shop\/wp-content\/uploads\/2015\/02\/ProSoft-e-learning-100x100.jpg 100w, https:\/\/www.prosoft.de\/shop\/wp-content\/uploads\/2015\/02\/ProSoft-e-learning-80x80.jpg 80w, https:\/\/www.prosoft.de\/shop\/wp-content\/uploads\/2015\/02\/ProSoft-e-learning-36x36.jpg 36w, https:\/\/www.prosoft.de\/shop\/wp-content\/uploads\/2015\/02\/ProSoft-e-learning-180x180.jpg 180w, https:\/\/www.prosoft.de\/shop\/wp-content\/uploads\/2015\/02\/ProSoft-e-learning.jpg 346w\" sizes=\"auto, (max-width: 241px) 100vw, 241px\" \/> Sie erf\u00fcllen unter anderem die Vorgaben der EU-Datenschutzgrundverordnung (DSGVO) bez\u00fcglich Nachweisbarkeit und Dokumentation. Die L\u00f6sungen bei ProSecurity l\u00f6sen die folgenden Vorgaben und Herausforderungen:<\/p>\n<ul>\n<li>Schutz personenbezogener und sensibler Daten beim Transport mittels <a href=\"https:\/\/www.prosoft.de\/shop\/hardware\/verschluesselte-usb-sticks\/\">USB-Sticks<\/a> und <a href=\"https:\/\/www.prosoft.de\/shop\/hardware\/verschluesselte-festplatten\/\">verschl\u00fcsselte Festplatten<\/a> (HDD\/SSD)<\/li>\n<li>Hardwareverschl\u00fcsselung mit Advanced Encryption Standard AES 256-Bit und Brute-Force Schutz<\/li>\n<li>Protokollierung und zentrale Konfiguration gem\u00e4\u00df den gesetzlichen Vorgaben \u00fcber <a href=\"https:\/\/www.prosoft.de\/shop\/produkt\/safeconsole-usb-device-management\/\">USB-Device Management<\/a><\/li>\n<li>Sichere und teilweise passwortlose Authentifizierung \u00fcber <a href=\"https:\/\/www.prosoft.de\/shop\/hardware\/security-token\/\">Security-Token <\/a><\/li>\n<li><a href=\"https:\/\/www.prosoft.de\/shop\/produkt\/gatekeeper\/\">Authentifizierung durch Ann\u00e4herung<\/a> bzw. abmelden bei Entfernung vom PC \/ CAM-System<\/li>\n<li><a href=\"https:\/\/www.prosoft.de\/shop\/produkt\/securaccess-mehrfaktor-authentifizierung-bestellen\/\">Mehrfaktor-Authentifizierung<\/a> durch One Time Passcodes, auch mit Token<\/li>\n<li>Data Loss Prevention (DLP) Funktionen wie <a href=\"https:\/\/www.prosoft.de\/shop\/produkt\/datalocker-portblocker-online-bestellen\/\">PortBlocker<\/a><\/li>\n<\/ul>\n<p>Besuchen Sie hierzu unseren n\u00e4chsten Webcast. Der folgende Link f\u00fchrt Sie zu den Terminen und zur Anmeldung.<\/p>\n<p><a href=\"https:\/\/www.prosoft.de\/service\/webinar\/\" target=\"_blank\" rel=\"noopener\">Zur kostenlosen Webcast Anmeldung<\/a><\/p>\n<\/div><\/section><br \/>\n\n<style type=\"text\/css\" data-created_by=\"avia_inline_auto\" id=\"style-css-av-av_heading-67cbd7f7ac80a65dc5f79782be85cc58\">\n#top .av-special-heading.av-av_heading-67cbd7f7ac80a65dc5f79782be85cc58{\npadding-bottom:0;\n}\nbody .av-special-heading.av-av_heading-67cbd7f7ac80a65dc5f79782be85cc58 .av-special-heading-tag .heading-char{\nfont-size:25px;\n}\n.av-special-heading.av-av_heading-67cbd7f7ac80a65dc5f79782be85cc58 .av-subheading{\nfont-size:15px;\n}\n<\/style>\n<div  class='av-special-heading av-av_heading-67cbd7f7ac80a65dc5f79782be85cc58 av-special-heading-h4  avia-builder-el-5  el_after_av_textblock  el_before_av_textblock '><h4 class='av-special-heading-tag '  itemprop=\"headline\"  >Training <span class='special_amp'>&amp;<\/span> Webcast: Vorteile und Funktionen <span class='special_amp'>&#8222;<\/span>tokenloser<span class='special_amp'>&#8220;<\/span> Mehrfaktor Authentifizierung<\/h4><div class=\"special-heading-border\"><div class=\"special-heading-inner-border\"><\/div><\/div><\/div><br \/>\n<section  class='av_textblock_section av-av_textblock-2de302bf1aa3cf4c9157dbe6f50ac7eb '   itemscope=\"itemscope\" itemtype=\"https:\/\/schema.org\/CreativeWork\" ><div class='avia_textblock'  itemprop=\"text\" ><p>Melden Sie sich nachfolgend zur Produktpr\u00e4sentation an und erfahren Sie in 45 Min. Wissenswertes \u00fcber sichere tokenlose Mehrfaktor-Authentifizierung am Beispiel von SecurAccess.<\/p>\n<ul>\n<li>Wann ist Zwei-Faktor Authentifizierung wichtig?<\/li>\n<li>Welche Risiken gibt es?<\/li>\n<li>Was bedeutet tokenlos und BYOT?<\/li>\n<li>Welche Authentifizierungsverfahren gibt es?<\/li>\n<li>Wie funktionieren sie? Live-Pr\u00e4sentation einiger Verfahren.<\/li>\n<li>Wie stehen Kosten\/Nutzen\/Risiko im Verh\u00e4ltnis?<\/li>\n<li>Welche Plattformen werden unterst\u00fctzt?<\/li>\n<li>Welcher Mehrwert l\u00e4sst sich erreichen?<\/li>\n<li>Wir beantworten nat\u00fcrlich auch gerne Ihre Fragen.<\/li>\n<li>Flexibilit\u00e4t: Ohne Security Token&#8230;oder mit<\/li>\n<\/ul>\n<p>Besuchen Sie unseren n\u00e4chsten Webcast. Der folgende Link f\u00fchrt Sie zu den Terminen und zur Anmeldung.<\/p>\n<p><a href=\"https:\/\/www.prosoft.de\/service\/webinar\/\" target=\"_blank\" rel=\"noopener\">Zur kostenlosen Webcast-Anmeldung<\/a><\/p>\n<\/div><\/section><\/p><\/div>\n","protected":false},"excerpt":{"rendered":"","protected":false},"author":2,"featured_media":0,"parent":4515,"menu_order":0,"comment_status":"open","ping_status":"closed","template":"","meta":{"footnotes":""},"class_list":["post-5457","page","type-page","status-publish","hentry"],"_links":{"self":[{"href":"https:\/\/www.prosoft.de\/shop\/wp-json\/wp\/v2\/pages\/5457","targetHints":{"allow":["GET"]}}],"collection":[{"href":"https:\/\/www.prosoft.de\/shop\/wp-json\/wp\/v2\/pages"}],"about":[{"href":"https:\/\/www.prosoft.de\/shop\/wp-json\/wp\/v2\/types\/page"}],"author":[{"embeddable":true,"href":"https:\/\/www.prosoft.de\/shop\/wp-json\/wp\/v2\/users\/2"}],"replies":[{"embeddable":true,"href":"https:\/\/www.prosoft.de\/shop\/wp-json\/wp\/v2\/comments?post=5457"}],"version-history":[{"count":60,"href":"https:\/\/www.prosoft.de\/shop\/wp-json\/wp\/v2\/pages\/5457\/revisions"}],"predecessor-version":[{"id":5483,"href":"https:\/\/www.prosoft.de\/shop\/wp-json\/wp\/v2\/pages\/5457\/revisions\/5483"}],"up":[{"embeddable":true,"href":"https:\/\/www.prosoft.de\/shop\/wp-json\/wp\/v2\/pages\/4515"}],"wp:attachment":[{"href":"https:\/\/www.prosoft.de\/shop\/wp-json\/wp\/v2\/media?parent=5457"}],"curies":[{"name":"wp","href":"https:\/\/api.w.org\/{rel}","templated":true}]}}