{"id":9,"date":"2014-08-19T10:43:21","date_gmt":"2014-08-19T08:43:21","guid":{"rendered":"http:\/\/wordpress.p235598.webspaceconfig.de\/?page_id=9"},"modified":"2015-10-14T15:23:34","modified_gmt":"2015-10-14T13:23:34","slug":"widerruf-fuer-digitale-medien","status":"publish","type":"page","link":"https:\/\/www.prosoft.de\/shop\/ueber-uns\/widerruf-fuer-digitale-medien\/","title":{"rendered":"Widerruf f\u00fcr digitale Medien"},"content":{"rendered":"<p><b>Widerrufsbelehrung f\u00fcr digitale Inhalte<\/b><br \/>\nUnter dem Begriff \u201edigitale Medien\u201c versteht man digitale Inhalte (hier: Software) und die nicht auf einem k\u00f6rperlichen Datentr\u00e4ger geliefert wird, also beispielsweise Software die in Form eines Downloads angeboten wird. Mit der Bestellung stimmen Kunden zu, dass es nach dem Stand der Technik unm\u00f6glich ist, Software fehlerfrei f\u00fcr alle Anwendungsbedingungen zu entwickeln.<\/p>\n<p>Der Kunde erwirbt auf Basis der Lizenzbedingungen des jeweiligen Herstellers in jedem Fall nur ein Nutzungsrecht an der Software, nicht aber den Anspruch auf Herausgabe oder Offenlegung des Quellcodes.<\/p>\n<p>Wir \u00a0liefern dem Kunden die Original-Anwenderdokumentation des Herstellers in den verf\u00fcgbaren Sprachen. Zur Lieferung einer dar\u00fcber hinausgehenden Dokumentation sind wir nicht verpflichtet. Auf Wunsch erh\u00e4lt der Besteller schon vor Vertragsschluss Einsicht in die zu liefernden Original-Anwenderdokumentation.<\/p>\n<p><b>Widerrufsrecht<\/b><br \/>\nWir liefern ausschlie\u00dflich an Unternehmern i.S.d. \u00a7\u00a7 14, 310 Abs.1 BGB sowie juristischen Personen des \u00f6ffentlichen Rechts und Non-Profit Organisationen.\u00a0 Diesen Kunden steht ein vertragliches R\u00fcckgaberecht grunds\u00e4tzlich nicht zu. Etwas anderes gilt nur dann, wenn wir dem Kunden ein R\u00fcckgaberecht ausdr\u00fccklich und schriftlich einger\u00e4umt haben. Ein Anspruch auf Einr\u00e4umung eines R\u00fcckgaberechts besteht in keinem Fall. Warenr\u00fccksendungen ohne vorherige Vereinbarung eines R\u00fcckgaberechts werden ausnahmslos abgelehnt. Wird dem Kunden von uns ein R\u00fcckgaberecht einger\u00e4umt, so gilt dieses nur f\u00fcr bereits bezahlte Ware. Ausgenommen von jedem R\u00fcckgaberecht ist individuell hergestellte, konfigurierte, angepasste, bearbeitete, Aktions-, Ausverkaufs-, als solche bezeichnete auslaufende, ausgelaufene oder sonstige vom aktuellen Serienstandard abweichende Ware.<\/p>\n<p>Um das Widerrufsrecht einzuleiten muss uns der Kunde den Lizenzschl\u00fcssel nebst einer Best\u00e4tigung zur\u00fccksenden, dass er die Software nicht mehr nutzt und von allen Systemen gel\u00f6scht hat. Die Best\u00e4tigung muss durch eine zeichnungsberechtigte Person des Kunden erfolgen.<\/p>\n<p><b>Folgen des Widerrufs<\/b><br \/>\nWenn wir Kunden ein Widerrufsrecht f\u00fcr digitale Inhalte einger\u00e4umt haben und der Kunde diesen Vertrag widerruft, haben wir alle Zahlungen, die wir erhalten haben, unverz\u00fcglich und sp\u00e4testens binnen vierzehn Tagen ab dem Tag zur\u00fcckzuzahlen, an dem die Mitteilung \u00fcber Ihren Widerruf dieses Vertrags bei uns eingegangen ist. F\u00fcr diese R\u00fcckzahlung verwenden wir dasselbe Zahlungsmittel, das Sie bei der urspr\u00fcnglichen Transaktion eingesetzt haben, es sei denn, mit Ihnen wurde ausdr\u00fccklich etwas anderes vereinbart; in keinem Fall werden Ihnen wegen dieser R\u00fcckzahlung Entgelte berechnet.<br \/>\nEin Widerruf hat schriftlich innerhalb der gew\u00e4hrten Frist zu erfolgen und muss folgende Informationen beinhalten:<\/p>\n<ul>\n<li>Kundenname, Adresse, Ansprechpartner, Telefonnummer des Ansprechpartners<\/li>\n<li>Bezeichnung der Ware bzw. des digitalen Inhalts<\/li>\n<li>Bestellnummer<\/li>\n<li>Bestelldatum<\/li>\n<li>Datum, Unterschrift einer zeichnungsberechtigten Person des Kunden<\/li>\n<\/ul>\n<p>Bitte senden Sie den Widerruf per E-Mail an <a href=\"mailto:info@prosoft.de\"><span class=\"s2\">info@prosoft.de<\/span><\/a> oder per Post an<br \/>\nProSoft GmbH * B\u00fcrgermeister-Graf-Ring 10 * 82538 Geretsried * Deutschland<\/p>\n","protected":false},"excerpt":{"rendered":"<p>Widerrufsbelehrung f\u00fcr digitale Inhalte Unter dem Begriff \u201edigitale Medien\u201c versteht man digitale Inhalte (hier: Software) und die nicht auf einem k\u00f6rperlichen Datentr\u00e4ger geliefert wird, also beispielsweise Software die in Form eines Downloads angeboten wird. Mit der Bestellung stimmen Kunden zu, dass es nach dem Stand der Technik unm\u00f6glich ist, Software fehlerfrei f\u00fcr alle Anwendungsbedingungen zu [&hellip;]<\/p>\n","protected":false},"author":4,"featured_media":0,"parent":4579,"menu_order":0,"comment_status":"closed","ping_status":"closed","template":"","meta":{"footnotes":""},"class_list":["post-9","page","type-page","status-publish","hentry"],"_links":{"self":[{"href":"https:\/\/www.prosoft.de\/shop\/wp-json\/wp\/v2\/pages\/9","targetHints":{"allow":["GET"]}}],"collection":[{"href":"https:\/\/www.prosoft.de\/shop\/wp-json\/wp\/v2\/pages"}],"about":[{"href":"https:\/\/www.prosoft.de\/shop\/wp-json\/wp\/v2\/types\/page"}],"author":[{"embeddable":true,"href":"https:\/\/www.prosoft.de\/shop\/wp-json\/wp\/v2\/users\/4"}],"replies":[{"embeddable":true,"href":"https:\/\/www.prosoft.de\/shop\/wp-json\/wp\/v2\/comments?post=9"}],"version-history":[{"count":9,"href":"https:\/\/www.prosoft.de\/shop\/wp-json\/wp\/v2\/pages\/9\/revisions"}],"predecessor-version":[{"id":5959,"href":"https:\/\/www.prosoft.de\/shop\/wp-json\/wp\/v2\/pages\/9\/revisions\/5959"}],"up":[{"embeddable":true,"href":"https:\/\/www.prosoft.de\/shop\/wp-json\/wp\/v2\/pages\/4579"}],"wp:attachment":[{"href":"https:\/\/www.prosoft.de\/shop\/wp-json\/wp\/v2\/media?parent=9"}],"curies":[{"name":"wp","href":"https:\/\/api.w.org\/{rel}","templated":true}]}}