{"id":165610,"date":"2020-02-26T14:27:48","date_gmt":"2020-02-26T13:27:48","guid":{"rendered":"https:\/\/www.prosoft.de\/shop\/?post_type=product&#038;p=165610"},"modified":"2026-02-09T16:40:26","modified_gmt":"2026-02-09T15:40:26","slug":"gatekeeper","status":"publish","type":"product","link":"https:\/\/www.prosoft.de\/shop\/produkt\/gatekeeper\/","title":{"rendered":"GateKeeper Halberd Bluetooth Token"},"content":{"rendered":"<h3>GateKeeper Halberd Token<\/h3>\n<p>Drahtlose &amp; passwortlose Authentifizierung f\u00fcr IT- &amp; OT-Umgebungen<\/p>\n<p>GateKeeper erm\u00f6glicht eine sichere, <a href=\"https:\/\/www.prosoft.de\/loesungen\/sichere-authentifizierung\/passwortlose-authentifizierung\/\" target=\"_blank\" rel=\"noopener\">passwortlose Authentifizierung<\/a> per Bluetooth Low Energy (BLE) \u2013 ganz automatisch durch die N\u00e4he des pers\u00f6nlichen Halberd Tokens. Jeder Token wird serverseitig eindeutig einem Benutzer zugeordnet. Nur registrierte Token authentifizieren sich \u2013 zuverl\u00e4ssig und ohne Benutzerinteraktion.<\/p>\n<h4>Vorteile auf einen Blick<\/h4>\n<ul>\n<li><strong>Zero-Login<\/strong>: Automatisches An- &amp; Abmelden durch Ann\u00e4herung<\/li>\n<li><strong>H\u00f6chste Sicherheit<\/strong>: Eindeutige Token-ID, optional mit PIN, wenn eine Zwei-Faktor-Authentifizierung wichtig ist<\/li>\n<li><strong>Mehr Komfort und Sicherheit<\/strong>: Verhindert Phishing und Identit\u00e4tsdiebstahl<\/li>\n<li><strong>IT &amp; OT-tauglich<\/strong>: Ideal f\u00fcr kritische Infrastrukturen<\/li>\n<li><strong>Skalierbar<\/strong>: Vom Einzelplatz bis zur Enterprise-Umgebung<\/li>\n<li><strong>St\u00f6rungsfrei<\/strong>: Pr\u00e4zise Erkennung auch bei dicht stehenden Systemen<\/li>\n<li><strong>Standalone Token empfohlen f\u00fcr<\/strong> Einzelarbeitspl\u00e4tze, Admin-PCs, Labore, Testumgebungen<\/li>\n<li><strong>Wiederaufladbar<\/strong>: In 15 Minuten aufgeladen<\/li>\n<\/ul>\n<h4>Technischer Vergleich<\/h4>\n<div class=\"g2g-respo-table vergleichstabelle\">\n<table style=\"--colheader1: 'Funktion '; --colheader2: 'Halberd Token '; --colheader3: 'Token + Sensor '; --colheader4: 'Enterprise ';\">\n<thead>\n<tr id=\"table-head\">\n<th>Funktion<\/th>\n<th>Halberd Token<\/th>\n<th>Token + Sensor<\/th>\n<th>Enterprise<\/th>\n<\/tr>\n<\/thead>\n<tbody>\n<tr class=\"color\">\n<th><strong>Passwortlose Anmeldung<\/strong><\/th>\n<td>&#x2705;<\/td>\n<td>&#x2705;<\/td>\n<td>&#x2705;<\/td>\n<\/tr>\n<tr>\n<th><strong>Bluetooth Low Energy<\/strong><\/th>\n<td>&#x2705;<\/td>\n<td>&#x2705;<\/td>\n<td>&#x2705;<\/td>\n<\/tr>\n<tr class=\"color\">\n<th><strong>Pr\u00e4zise N\u00e4herungserkennung<\/strong><\/th>\n<td>&#x26d4;<\/td>\n<td>&#x2705;<\/td>\n<td>&#x2705;<\/td>\n<\/tr>\n<tr>\n<th><strong>Zentrales Management<\/strong><\/th>\n<td>&#x26d4;<\/td>\n<td>&#x26d4;<\/td>\n<td>&#x2705;<\/td>\n<\/tr>\n<tr class=\"color\">\n<th><strong>AD-Integration<\/strong><\/th>\n<td>&#x26d4;<\/td>\n<td>&#x26d4;<\/td>\n<td>&#x2705;<\/td>\n<\/tr>\n<tr>\n<th><strong>Audit &amp; SIEM<\/strong><\/th>\n<td>&#x26d4;<\/td>\n<td>&#x26d4;<\/td>\n<td>&#x2705;<\/td>\n<\/tr>\n<\/tbody>\n<\/table>\n<\/div>\n<h3>Flexible Hardware \u2013 sofort einsatzbereit<\/h3>\n<p>Halberd Token funktionieren mit integrierten Bluetooth-Schnittstellen oder <strong>optional<\/strong> mit dem <strong>GateKeeper Bluetooth-N\u00e4herungssensor<\/strong>. Damit sind sehr granulare Konfigurationen m\u00f6glich. Der N\u00e4herungssensor wird besonders empfohlen bei:<\/p>\n<ul>\n<li>Systemen ohne integrierte Bluetooth Schnittstelle<\/li>\n<li>Mehreren parallelen Bluetooth-Verbindungen<\/li>\n<li>Arbeitspl\u00e4tzen mit geringem Abstand. Dadurch noch pr\u00e4zisere Erkennung m\u00f6glich<\/li>\n<li><strong>Halberd Token &amp; Sensor empfohlen f\u00fcr<\/strong> Produktionsumgebungen, Fertigung, Leitst\u00e4nde, gemeinsam genutzte Arbeitspl\u00e4tze<\/li>\n<\/ul>\n<p>Der GateKeeper Bluetooth N\u00e4herungssensor wird \u00fcber USB-Port mit dem Host-System verbunden.<\/p>\n<h3>Zentrales Management mit GateKeeper Enterprise (optional)<\/h3>\n<p>Die passwortlose Authentifizierung mit <strong>GateKeeper Halberd Bluetooth Token X1<\/strong> kann nach der Bestellung des Bluetooth Tokens getestet oder an Systemen produktiv genutzt werden. F\u00fcr mittlere und gro\u00dfe Umgebungen bietet <strong>GateKeeper Enterprise<\/strong> die zentrale Verwaltung aller Benutzer, Token und Zugriffsrechte. Die Konfiguration erfolgt \u00fcber Richtlinien auf Basis von Gruppen oder einzelnen Benutzern. Diesen weisen Sie Arbeitsstationen zu und erstellen Zugriffslisten f\u00fcr Computer. Sie f\u00fcgen sehr schnell und einfach Zugriffsberechtigungen auf Endpoints hinzu bzw. widerrufen diese wieder.<\/p>\n<ul>\n<li>Active Directory-Integration<\/li>\n<li>Gemeinsamer Zugriff auf gemeinsam genutzte Systeme<\/li>\n<li>Gruppenrichtlinien &amp; Zugriffskontrolle<\/li>\n<li>Audit Logs, Reports, Alarme &amp; SIEM-Integration<\/li>\n<li>Passwort- &amp; OTP-Management inkl. Browser-Support<\/li>\n<li>Plugin f\u00fcr Okta Identit\u00e4ts- und Zugriffsmanagement verf\u00fcgbar<\/li>\n<li>Schnelle Bereitstellung (&lt; 30 Minuten)<\/li>\n<li><strong>Empfohlen f\u00fcr<\/strong> mittlere &amp; gro\u00dfe Unternehmen, regulierte Umgebungen, kritische Infrastrukturen und bei hohen Compliance-Anforderungen<\/li>\n<\/ul>\n<p>GateKeeper Enterprise ist als Core, Advanced und Ultimate verf\u00fcgbar. Die obigen Funktionen sind in unterschiedlichem Umfang in den jeweiligen Versionen enthalten. Wir beantworten gerne Ihre Fragen dazu: <a href=\"https:\/\/www.prosoft.de\/shop\/service-support\/kontaktformular\/\">Kontaktformular<\/a><\/p>\n<h4>Technisch bew\u00e4hrt<\/h4>\n<ul>\n<li>On-Prem Webserver (IIS + SQL)<\/li>\n<li>Windows Server 2012+ \/ Windows 10+<\/li>\n<li>Bluetooth Smart (BLE) Technologie<\/li>\n<li>Einstellbarer N\u00e4herungsbereich<\/li>\n<li>Unterst\u00fctzung f\u00fcr Thin Clients &amp; RDP<\/li>\n<\/ul>\n<p>Mehr \u00fcber <strong><a href=\"https:\/\/www.prosoft.de\/shop\/produkt\/gatekeeper-enterprise\/\">Gatekeeper-Enterprise Software<\/a> <\/strong>erfahren.<\/p>\n<h4>Weitere Informationen zu Gatekeeper Token<\/h4>\n<ul>\n<li><a href=\"https:\/\/www.prosoft.de\/shop\/wp-content\/uploads\/2020\/02\/GKEnterprise-Datasheet-0919.pdf\" target=\"_blank\" rel=\"noopener noreferrer\">Datenblatt GateKeeper-Enterprise<\/a><\/li>\n<li><a href=\"https:\/\/www.prosoft.de\/loesungen\/sichere-authentifizierung\/hardware-token\/\" target=\"_blank\" rel=\"noopener\">Hardware Token<\/a> bei ProSoft<\/li>\n<li><a href=\"https:\/\/youtu.be\/DJuTsCsKqQ0?si=ws0bgQ0KQO4Xi4g3\" target=\"_blank\" rel=\"noopener\">Video<\/a> zur Funktion von GateKeeper mit N\u00e4herungssensor<\/li>\n<li>Nutzen Sie unser <a href=\"https:\/\/www.prosoft.de\/shop\/service-support\/kontaktformular\/\">Kontaktformular<\/a> f\u00fcr weiter Fragen<\/li>\n<\/ul>\n<p><img loading=\"lazy\" decoding=\"async\" class=\"alignnone size-medium wp-image-166974\" src=\"https:\/\/www.prosoft.de\/shop\/wp-content\/uploads\/2020\/02\/gatekeeper_award-2019-300x96.jpg\" sizes=\"auto, (max-width: 300px) 100vw, 300px\" srcset=\"https:\/\/www.prosoft.de\/shop\/wp-content\/uploads\/2020\/02\/gatekeeper_award-2019-300x96.jpg 300w, https:\/\/www.prosoft.de\/shop\/wp-content\/uploads\/2020\/02\/gatekeeper_award-2019-450x144.jpg 450w, https:\/\/www.prosoft.de\/shop\/wp-content\/uploads\/2020\/02\/gatekeeper_award-2019.jpg 568w\" alt=\"Gatekeeper Award\" width=\"300\" height=\"96\" \/><\/p>\n","protected":false},"excerpt":{"rendered":"<p><strong>Gatekeeper bietet passwortlose &amp; drahtlose Authentifizierung im Nahbereich von PCs und CAM \/ Produktionsmaschinen. Der Schl\u00fcssel zur drahtlosen \/ ber\u00fchrungslosen (no touch) Authentifizierung ist der Gatekeeper Halberd Token mit Bluetooth Smart Technologie (Bluetooth Low Energy).\u00a0<\/strong><\/p>\n<h2>\u00bbPasswortlos, drahtlos und risikolos\u00ab<\/h2>\n<p><strong>NEU: Wiederaufladbarer Halberd Token x1<\/strong><\/p>\n<p>GateKeeper Halberd erm\u00f6glicht eine <strong>automatische, drahtlose Anmeldung per Bluetooth Low Energy<\/strong> (BLE) Technologie \u2013 ganz ohne Passw\u00f6rter. Die Authentifizierung erfolgt allein durch die N\u00e4he des personalisierten Halberd Tokens zum Endger\u00e4t. Jeder Token ist serverseitig eindeutig registriert und nur f\u00fcr autorisierte Benutzer g\u00fcltig. Das an- bzw. abmelden durch den Bluetooth Token erfolgt zuverl\u00e4ssig durch Ann\u00e4herung bzw. Entfernung vom Sensor.<\/p>\n<p>Der Ann\u00e4herungsbereich kann durch den optionalen GateKeeper-N\u00e4herungssensor noch granularer definiert werden. Die drahtlose Anmeldung bzw. Abmeldung durch die Token wird beispielsweise im Healthcare Bereich (Sprechzimmer in Arztpraxen bzw. Aufnahmebereiche im Krankenhaus) und bei Produktionsmaschinen in der Fertigungsindustrie (OT) h\u00e4ufig eingesetzt.<\/p>\n<p>Ab sofort ist nur noch der neue, wiederaufladbare <strong>Halberd Token X1<\/strong>\u00a0verf\u00fcgbar. Der darin integrierte Akku ist in 15 Minuten wieder aufgeladen und h\u00e4lt bei durchschnittlicher t\u00e4glicher Nutzung ca. 10 Arbeitstage. Der Halberd x1 ist trotzdem wasserdicht und bruchsicher.<\/p>\n","protected":false},"featured_media":165620,"comment_status":"open","ping_status":"closed","template":"","meta":[],"product_brand":[],"product_cat":[367,1160,1153,930,1148],"product_tag":[1143,1424,1492,1221,1146,1220,1144,1511,1510,1145,1423,1422,1275],"class_list":{"0":"post-165610","1":"product","2":"type-product","3":"status-publish","4":"has-post-thumbnail","6":"product_cat-exklusiv-bei-prosecurity","7":"product_cat-gatekeeper","8":"product_cat-hardware","9":"product_cat-security-token","10":"product_cat-untethered-labs","11":"product_tag-annaeherungs-authentifizierung","12":"product_tag-authentifizierung-ot","13":"product_tag-automatisches-login","14":"product_tag-bluetooth-token","15":"product_tag-drahtlose-anmeldung","16":"product_tag-drahtloses-login","17":"product_tag-halberd","18":"product_tag-halberd-token-x1","19":"product_tag-halberd-x1","20":"product_tag-kontaktloses-login","21":"product_tag-maschinenfuehrer-anmelden","22":"product_tag-no-touch-authentication","23":"product_tag-passwortlose-authentifizierung","25":"first","26":"instock","27":"taxable","28":"shipping-taxable","29":"purchasable","30":"product-type-variable"},"group_of_quantity":0,"min_quantity":0,"max_quantity":"","exclude_order_quantity_value_rules":"no","exclude_category_quantity_rules":"no","combine_variations":"no","_links":{"self":[{"href":"https:\/\/www.prosoft.de\/shop\/wp-json\/wp\/v2\/product\/165610","targetHints":{"allow":["GET"]}}],"collection":[{"href":"https:\/\/www.prosoft.de\/shop\/wp-json\/wp\/v2\/product"}],"about":[{"href":"https:\/\/www.prosoft.de\/shop\/wp-json\/wp\/v2\/types\/product"}],"replies":[{"embeddable":true,"href":"https:\/\/www.prosoft.de\/shop\/wp-json\/wp\/v2\/comments?post=165610"}],"wp:featuredmedia":[{"embeddable":true,"href":"https:\/\/www.prosoft.de\/shop\/wp-json\/wp\/v2\/media\/165620"}],"wp:attachment":[{"href":"https:\/\/www.prosoft.de\/shop\/wp-json\/wp\/v2\/media?parent=165610"}],"wp:term":[{"taxonomy":"product_brand","embeddable":true,"href":"https:\/\/www.prosoft.de\/shop\/wp-json\/wp\/v2\/product_brand?post=165610"},{"taxonomy":"product_cat","embeddable":true,"href":"https:\/\/www.prosoft.de\/shop\/wp-json\/wp\/v2\/product_cat?post=165610"},{"taxonomy":"product_tag","embeddable":true,"href":"https:\/\/www.prosoft.de\/shop\/wp-json\/wp\/v2\/product_tag?post=165610"}],"curies":[{"name":"wp","href":"https:\/\/api.w.org\/{rel}","templated":true}]}}