{"id":267069,"date":"2020-04-08T08:38:42","date_gmt":"2020-04-08T06:38:42","guid":{"rendered":"https:\/\/www.prosoft.de\/shop\/?post_type=product&#038;p=267069"},"modified":"2025-04-04T10:50:40","modified_gmt":"2025-04-04T08:50:40","slug":"gatekeeper-enterprise-45-tage-trial","status":"publish","type":"product","link":"https:\/\/www.prosoft.de\/shop\/produkt\/gatekeeper-enterprise-45-tage-trial\/","title":{"rendered":"GateKeeper Enterprise 45 Tage Trial"},"content":{"rendered":"<h3>45-Tage Gatekeeper Software Trial \u2013 tempor\u00e4re Vollversion f\u00fcr 5 oder 10 Benutzer<\/h3>\n<p>GateKeeper Trial bietet Ihnen die Gelegenheit, die drahtlose <b>Ann\u00e4herungs-Authentifizierung<\/b> im vollen Funktionsumfang 45 Tage lang zu testen. Die <a href=\"https:\/\/www.prosoft.de\/shop\/produkt\/gatekeeper\/\">GateKeeper Halberd Token<\/a> sind zum Test erforderlich und m\u00fcssen separat bei ProSecurity bestellt werden.<\/p>\n<h3>GateKeeper Enterprise \u2013 Drahtlose Authentifizierung f\u00fcr alle Benutzer<\/h3>\n<p>GateKeeper Enterprise verwendet entweder integrierte Bluetooth-Schnittstellen oder USB-N\u00e4herungssensoren. Das drahtlose Login erfolgt \u00fcber die Ann\u00e4herung durch Halberd Token. Die drahtlosen Schl\u00fcssel werden pro Anwender am Server registriert und dienen als eindeutige Kennung f\u00fcr den User. Nur registrierte Token werden erkannt und zur Authentifizierung verwendet.<\/p>\n<h3>Zugriffskontrolle und Protokollierung<\/h3>\n<p>\u00dcber Richtlinien weisen Sie Benutzern bestimmte Arbeitsstationen zu und erstellen Zugriffslisten f\u00fcr Computer. Sie f\u00fcgen sehr schnell und einfach Zugriffsberechtigungen auf Endpoints hinzu bzw. widerrufen diese wieder. Durch die Kombination von Benutzern, Passw\u00f6rtern, Token und Computern, erm\u00f6glicht GateKeeper die Festlegung von Richtlinien f\u00fcr die privilegierte Zugriffssteuerung auf Basis von Gruppen oder einzelnen Benutzern. Mehrere Benutzer sowie deren Anmeldeinformationen und Token k\u00f6nnen auch \u00fcber eine CSV-Datei hochgeladen und damit angelegt werden. Damit verwalten Sie sowohl Dom\u00e4nen-, lokale-, Web- und OTP-Anmeldeinformationen f\u00fcr alle Benutzer und legen Sicherheitseinstellungen f\u00fcr einzelne Computer, Benutzer und Gruppen fest.<\/p>\n<p>Bei h\u00f6heren Sicherheitsanforderungen kann die Zwei-Faktor-Authentifizierung \u00fcber eine zus\u00e4tzliche PIN-Eingabe obligatorisch vorgegeben werden. Alle An- und Abmeldevorg\u00e4nge\u00a0 bzw. -versuche werden protokolliert.<\/p>\n<h3>Passwort-Management<\/h3>\n<p>Das integrierte Passwort-Management erleichtert die Anmeldung im Internet ohne Passworteingabe. Damit werden auch komplexe Passw\u00f6rter synchronisiert und durch Erweiterungen (Add-on) in die Browser Google Chrome, Firefox, Opera, Edge* und Safari* (*bald verf\u00fcgbar) f\u00fcr Logins an Webseiten geladen. Auch die f\u00fcr die Zwei-Faktor-Authentifizierung notwendigen One Time Passcodes (OTP), werden automatisch generiert und bedarfsgerecht zur Verf\u00fcgung gestellt.<\/p>\n<h3>Technische Informationen<\/h3>\n<ul>\n<li>Sicherer vor-Ort Webserver<\/li>\n<li>L\u00e4uft unter IIS und verwendet eine SQL-Datenbank<\/li>\n<li>Unterst\u00fctzt Windows Server 2012 und h\u00f6her sowie Windows 10 und h\u00f6her<\/li>\n<li>Bereitstellung und Einrichtung in weniger als 30 Min.<\/li>\n<li>Erlaubt Remote Desktop Sitzung von Thin-Clients<\/li>\n<li>Unterst\u00fctzt Bluetooth Token mit Bluetooth Smart Technologie(BLE)<\/li>\n<li>Kompatibel mit Android 7 und h\u00f6her<\/li>\n<li>Einstellbarer N\u00e4herungsbereich \/ Nahbereich f\u00fcr die automatische Authentifizierung<\/li>\n<\/ul>\n<h2>Weitere Informationen<\/h2>\n<ul>\n<li><a href=\"https:\/\/www.prosoft.de\/shop\/wp-content\/uploads\/2020\/02\/GKEnterprise-Datasheet-0919.pdf\" target=\"_blank\" rel=\"noopener noreferrer\">Datenblatt GateKeeper Enterprise<\/a><\/li>\n<\/ul>\n<p><a href=\"https:\/\/www.prosoft.de\/shop\/wp-content\/uploads\/2020\/02\/gatekeeper_award-2019.jpg\"><img loading=\"lazy\" decoding=\"async\" class=\"alignnone size-medium wp-image-166974\" src=\"https:\/\/www.prosoft.de\/shop\/wp-content\/uploads\/2020\/02\/gatekeeper_award-2019-300x96.jpg\" alt=\"\" width=\"300\" height=\"96\" srcset=\"https:\/\/www.prosoft.de\/shop\/wp-content\/uploads\/2020\/02\/gatekeeper_award-2019-300x96.jpg 300w, https:\/\/www.prosoft.de\/shop\/wp-content\/uploads\/2020\/02\/gatekeeper_award-2019-450x144.jpg 450w, https:\/\/www.prosoft.de\/shop\/wp-content\/uploads\/2020\/02\/gatekeeper_award-2019.jpg 568w\" sizes=\"auto, (max-width: 300px) 100vw, 300px\" \/><\/a><\/p>\n","protected":false},"excerpt":{"rendered":"<h2>GateKeeper Enterprise Testversion<\/h2>\n<p>Mit der Gatekeeper Trial Version testen Sie die drahtlose <b>Ann\u00e4herungs-Authentifizierung <\/b>mit vollem Funktionsumfang 45 Tage lang.\u00a0 Gatekeeper Halberd Token und Zubeh\u00f6r k\u00f6nnen kostenpflichtig bei ProSecurity separat bestellt werden. W\u00e4hrend der Testphase haben Sie kostenlos Zugriff auf unseren Premium Support.<\/p>\n<p>Gatekeeper\u00a0bietet ein drahtloses Login mittels\u00a0<b>Ann\u00e4herungs-Authentifizierung<\/b>. Um das zu erreichen, ben\u00f6tigt der User einen Halberd Token mit Bluetooth Smart Technologie. N\u00e4hert sich ein Anwender mit Token einem PC, wird er automatisch angemeldet bzw. der PC entsperrt sich. Umgekehrt sperrt sich der PC, wenn sich der Anwender aus dem definierten Bereich entfernt bzw. erfolgt eine automatische Abmeldung des Anwenders.<\/p>\n","protected":false},"featured_media":267252,"comment_status":"open","ping_status":"closed","template":"","meta":[],"product_brand":[],"product_cat":[1160,1213,1214,1153,930,1148,55],"product_tag":[1491,1143,1146,1144,1145],"class_list":{"0":"post-267069","1":"product","2":"type-product","3":"status-publish","4":"has-post-thumbnail","6":"product_cat-gatekeeper","7":"product_cat-gatekeeper-enterprise","8":"product_cat-gatekeeper-enterprise-45-tage-trial","9":"product_cat-hardware","10":"product_cat-security-token","11":"product_cat-untethered-labs","12":"product_cat-security-loesungen","13":"product_tag-anmelden-mit-bluetooth-token","14":"product_tag-annaeherungs-authentifizierung","15":"product_tag-drahtlose-anmeldung","16":"product_tag-halberd","17":"product_tag-kontaktloses-login","18":"product_shipping_class-versandkostenfreie-lieferung","20":"first","21":"instock","22":"taxable","23":"shipping-taxable","24":"purchasable","25":"product-type-variable","26":"has-default-attributes"},"group_of_quantity":0,"min_quantity":0,"max_quantity":"","exclude_order_quantity_value_rules":"no","exclude_category_quantity_rules":"no","combine_variations":"no","_links":{"self":[{"href":"https:\/\/www.prosoft.de\/shop\/wp-json\/wp\/v2\/product\/267069","targetHints":{"allow":["GET"]}}],"collection":[{"href":"https:\/\/www.prosoft.de\/shop\/wp-json\/wp\/v2\/product"}],"about":[{"href":"https:\/\/www.prosoft.de\/shop\/wp-json\/wp\/v2\/types\/product"}],"replies":[{"embeddable":true,"href":"https:\/\/www.prosoft.de\/shop\/wp-json\/wp\/v2\/comments?post=267069"}],"wp:featuredmedia":[{"embeddable":true,"href":"https:\/\/www.prosoft.de\/shop\/wp-json\/wp\/v2\/media\/267252"}],"wp:attachment":[{"href":"https:\/\/www.prosoft.de\/shop\/wp-json\/wp\/v2\/media?parent=267069"}],"wp:term":[{"taxonomy":"product_brand","embeddable":true,"href":"https:\/\/www.prosoft.de\/shop\/wp-json\/wp\/v2\/product_brand?post=267069"},{"taxonomy":"product_cat","embeddable":true,"href":"https:\/\/www.prosoft.de\/shop\/wp-json\/wp\/v2\/product_cat?post=267069"},{"taxonomy":"product_tag","embeddable":true,"href":"https:\/\/www.prosoft.de\/shop\/wp-json\/wp\/v2\/product_tag?post=267069"}],"curies":[{"name":"wp","href":"https:\/\/api.w.org\/{rel}","templated":true}]}}