{"id":267629,"date":"2020-04-08T13:26:25","date_gmt":"2020-04-08T11:26:25","guid":{"rendered":"https:\/\/www.prosoft.de\/shop\/?post_type=product&#038;p=267629"},"modified":"2025-04-04T10:54:41","modified_gmt":"2025-04-04T08:54:41","slug":"gatekeeper-software","status":"publish","type":"product","link":"https:\/\/www.prosoft.de\/shop\/produkt\/gatekeeper-software\/","title":{"rendered":"GateKeeper Software"},"content":{"rendered":"<h2>GateKeeper Software \u2013 Zentrale Verwaltung drahtloser Authentifizierung<\/h2>\n<p>GateKeeper Software verwaltet zentral die Ann\u00e4herungs-Authentifizierung und Zugriffsberechtigungen in gr\u00f6\u00dferen Infrastrukturen. Das drahtlose Login erfolgt \u00fcber die Ann\u00e4herung durch <a href=\"https:\/\/www.prosoft.de\/shop\/produkt\/gatekeeper\/\">Gatekeeper Halberd Token<\/a>. Die drahtlosen Schl\u00fcssel werden entweder lokal an der Arbeitsstation oder am Server registriert und dienen als eindeutige Kennung f\u00fcr den User. Nur registrierte Token werden erkannt und zur Authentifizierung verwendet. Gatekeeper Software ist in den Versionen Core, Advanced und Ultimate verf\u00fcgbar.<\/p>\n<h3>3 Gatekeeper Software Versionen zur Auswahl<\/h3>\n<p><strong>Gatekeeper Enterprise Core<\/strong> beinhaltet bereits viele Funktionen wie Zwei-Faktor Authentifizierung, Passwort-Manager, zentrales User-Provisioning, Zugriffsberechtigungen u.a., um die Ann\u00e4herungs-Authentifizierung auch in mittelgro\u00dfen IT und OT-Infrastrukturen zentral zu definieren und \u00fcber Gruppenrichtlinien zu verteilen. Alle in Core enthaltenen Funktionen finden Sie unter \u00abVersionen und Vorteile\u00bb.<\/p>\n<p><strong>Gatekeeper Enterprise Advanced<\/strong> beinhaltet alle Funktionen der Core-Version und protokolliert zus\u00e4tzlich alle An- und Abmeldungen sowie die entsprechenden Standorte. Durch die Weitergabe von Audit-Logs in <a href=\"https:\/\/www.prosoft.de\/loesungen\/schwachstellen-management\/log-management-siem\/\" target=\"_blank\" rel=\"noopener noreferrer\">Log-Management<\/a> und SIEM-L\u00f6sungen werden alle Aktionen rechtssicher protokolliert und k\u00f6nnen auch sp\u00e4ter forensisch analysiert werden. Das ebenfalls enthaltene Reporting kann m\u00f6gliche Alarme per SMS und E-Mail versenden. Mit Advanced erf\u00fcllen Sie u. a. die DSGVO-Nachweispflicht.<\/p>\n<p><strong>Gatekeeper Enterprise Ultimate<\/strong> ist die ideale Version f\u00fcr gro\u00dfe IT-Infrastrukturen und erm\u00f6glicht die zentrale Konfiguration sowie die Verwaltung von Benutzern und Benutzerkonten \u00fcber das Active Directory (on-premise und Azure). Alle Funktionen von Core und Advanced sind ebenfalls enthalten.<\/p>\n<h3>Zugriffskontrolle und Protokollierung<\/h3>\n<p>Je nach Version weisen Sie \u00fcber Richtlinien Benutzern bestimmte Arbeitsstationen zu und erstellen Zugriffslisten f\u00fcr Computer. Sie f\u00fcgen z\u00fcgig und einfach Zugriffsberechtigungen auf Endpoints hinzu oder widerrufen diese wieder. Durch die Kombination von Benutzern, Passw\u00f6rtern, Token und Computern, erm\u00f6glicht GateKeeper Software die Festlegung von Richtlinien f\u00fcr die privilegierte Zugriffssteuerung auf Basis von Gruppen oder einzelnen Benutzern. Mehrere Benutzer sowie deren Anmeldeinformationen und Token k\u00f6nnen auch \u00fcber eine CSV-Datei hochgeladen und damit angelegt werden. Damit verwalten Sie sowohl Dom\u00e4nen-, lokale-, Web- und OTP-Anmeldeinformationen f\u00fcr alle Benutzer und legen Sicherheitseinstellungen f\u00fcr einzelne Computer, Benutzer und Gruppen fest.<\/p>\n<p>Bei h\u00f6heren Sicherheitsanforderungen oder r\u00e4umlicher N\u00e4he (\u00dcberschneidung von Bluetooth-Bereichen) von Computern oder CAM-Maschinen kann die Zwei-Faktor-Authentifizierung \u00fcber eine zus\u00e4tzliche PIN-Eingabe obligatorisch vorgegeben werden. Alle An- und Abmeldevorg\u00e4nge bzw. -versuche werden protokolliert.<\/p>\n<h3>Passwort-Management<\/h3>\n<p>Das integrierte Passwort-Management (bereits ab Core enthalten) erleichtert die Anmeldung im Internet ohne Passworteingabe. Damit werden auch komplexe Passw\u00f6rter synchronisiert und durch Erweiterungen (Add-on) in die Browser Google Chrome, Firefox, Opera, Edge* und Safari* (*bald verf\u00fcgbar) f\u00fcr Logins an Webseiten geladen. Auch die f\u00fcr die Zwei-Faktor-Authentifizierung notwendigen One Time Passcodes (OTP), werden automatisch generiert und bedarfsgerecht zur Verf\u00fcgung gestellt.<\/p>\n<h3>Technische Informationen<\/h3>\n<ul>\n<li>Sicherer vor-Ort Webserver<\/li>\n<li>L\u00e4uft unter IIS und verwendet eine SQL-Datenbank<\/li>\n<li>Unterst\u00fctzt Windows Server 2012 und h\u00f6her sowie Windows 11, 10, 8 und 7<\/li>\n<li>Bereitstellung und Einrichtung in weniger als 30 Min.<\/li>\n<li>Erlaubt Remote Desktop Sitzung von Thin-Clients<\/li>\n<li>Bluetooth Smart (BLE) -Technologie bei Halberd Token<\/li>\n<li>Kompatibel mit Windows, macOS sowie Android 7 und h\u00f6her<\/li>\n<li>Einstellbarer N\u00e4herungsbereich f\u00fcr die automatische Authentifizierung<\/li>\n<li>Protokollierung und SIEM-Integration (ab Advanced)<\/li>\n<\/ul>\n<p>Gerne k\u00f6nnen Sie die Software <strong>Gatekeeper Software unverbindlich &amp; kostenlos testen<\/strong>. Bitte nutzen Sie dazu das <a href=\"https:\/\/www.prosoft.de\/shop\/service-support\/kontaktformular\/\">Kontaktformular<\/a>.<\/p>\n<h2>Weitere Informationen<\/h2>\n<ul>\n<li><a href=\"https:\/\/www.prosoft.de\/shop\/wp-content\/uploads\/2020\/02\/GKEnterprise-Datasheet-0919.pdf\" target=\"_blank\" rel=\"noopener noreferrer\">Datenblatt GateKeeper Enterprise<\/a><\/li>\n<\/ul>\n<p><a class=\"lightbox-added alignnone\" href=\"https:\/\/www.prosoft.de\/shop\/wp-content\/uploads\/2020\/02\/gatekeeper_award-2019.jpg\"><img loading=\"lazy\" decoding=\"async\" class=\"alignnone size-medium wp-image-166974\" src=\"https:\/\/www.prosoft.de\/shop\/wp-content\/uploads\/2020\/02\/gatekeeper_award-2019-300x96.jpg\" sizes=\"auto, (max-width: 300px) 100vw, 300px\" srcset=\"https:\/\/www.prosoft.de\/shop\/wp-content\/uploads\/2020\/02\/gatekeeper_award-2019-300x96.jpg 300w, https:\/\/www.prosoft.de\/shop\/wp-content\/uploads\/2020\/02\/gatekeeper_award-2019-450x144.jpg 450w, https:\/\/www.prosoft.de\/shop\/wp-content\/uploads\/2020\/02\/gatekeeper_award-2019.jpg 568w\" alt=\"\" width=\"300\" height=\"96\" \/><\/a><\/p>\n","protected":false},"excerpt":{"rendered":"<p>Gatekeeper Software von <a href=\"https:\/\/gkaccess.com\/\" target=\"_blank\" rel=\"noopener\">Untethered Labs<\/a> ist die zentrale Management-L\u00f6sung f\u00fcr die passwortlose und drahtlose Anmeldung (Login) mittels <b>Ann\u00e4herungs-Authentifizierung<\/b>. Dazu ben\u00f6tigt der User einen <a href=\"https:\/\/www.prosoft.de\/shop\/produkt\/gatekeeper\/\">Gatekeeper Halberd Token<\/a> mit Bluetooth Smart Technologie. Alternativ kann ein Fingerabdruckscanner als biometrischer Schl\u00fcssel verwendet werden. N\u00e4hert sich ein Anwender mit Token einem PC, wird er automatisch angemeldet bzw. der PC entsperrt sich. Umgekehrt sperrt sich der PC, wenn sich der Anwender aus dem definierten Bereich entfernt bzw. wird er dann abgemeldet. Gatekeeper Software ist f\u00fcr den Einsatz der Ann\u00e4herungs-Authentifizierung in gr\u00f6\u00dferen IT-Infrastrukturen mit h\u00f6heren Anforderungen entwickelt worden.<\/p>\n","protected":false},"featured_media":267635,"comment_status":"open","ping_status":"closed","template":"","meta":[],"product_brand":[],"product_cat":[1213,272,55],"product_tag":[1378,1143,1146,1144,1145,1379,1275],"class_list":{"0":"post-267629","1":"product","2":"type-product","3":"status-publish","4":"has-post-thumbnail","6":"product_cat-gatekeeper-enterprise","7":"product_cat-neu-im-sortiment","8":"product_cat-security-loesungen","9":"product_tag-anmedlung-produktionsmaschinen","10":"product_tag-annaeherungs-authentifizierung","11":"product_tag-drahtlose-anmeldung","12":"product_tag-halberd","13":"product_tag-kontaktloses-login","14":"product_tag-ot-authentifizierung","15":"product_tag-passwortlose-authentifizierung","16":"product_shipping_class-versandkostenfreie-lieferung","18":"first","19":"instock","20":"taxable","21":"shipping-taxable","22":"purchasable","23":"product-type-variable"},"group_of_quantity":0,"min_quantity":0,"max_quantity":"","exclude_order_quantity_value_rules":"no","exclude_category_quantity_rules":"no","combine_variations":"no","_links":{"self":[{"href":"https:\/\/www.prosoft.de\/shop\/wp-json\/wp\/v2\/product\/267629","targetHints":{"allow":["GET"]}}],"collection":[{"href":"https:\/\/www.prosoft.de\/shop\/wp-json\/wp\/v2\/product"}],"about":[{"href":"https:\/\/www.prosoft.de\/shop\/wp-json\/wp\/v2\/types\/product"}],"replies":[{"embeddable":true,"href":"https:\/\/www.prosoft.de\/shop\/wp-json\/wp\/v2\/comments?post=267629"}],"wp:featuredmedia":[{"embeddable":true,"href":"https:\/\/www.prosoft.de\/shop\/wp-json\/wp\/v2\/media\/267635"}],"wp:attachment":[{"href":"https:\/\/www.prosoft.de\/shop\/wp-json\/wp\/v2\/media?parent=267629"}],"wp:term":[{"taxonomy":"product_brand","embeddable":true,"href":"https:\/\/www.prosoft.de\/shop\/wp-json\/wp\/v2\/product_brand?post=267629"},{"taxonomy":"product_cat","embeddable":true,"href":"https:\/\/www.prosoft.de\/shop\/wp-json\/wp\/v2\/product_cat?post=267629"},{"taxonomy":"product_tag","embeddable":true,"href":"https:\/\/www.prosoft.de\/shop\/wp-json\/wp\/v2\/product_tag?post=267629"}],"curies":[{"name":"wp","href":"https:\/\/api.w.org\/{rel}","templated":true}]}}