{"id":336073,"date":"2020-10-14T15:46:15","date_gmt":"2020-10-14T13:46:15","guid":{"rendered":"https:\/\/www.prosoft.de\/shop\/?post_type=product&#038;p=336073"},"modified":"2026-04-21T16:38:04","modified_gmt":"2026-04-21T14:38:04","slug":"kobra-vs","status":"publish","type":"product","link":"https:\/\/www.prosoft.de\/shop\/produkt\/kobra-vs\/","title":{"rendered":"KOBRA VS"},"content":{"rendered":"<h3>KOBRA VS &#8211; Der USB-Stick f\u00fcr h\u00f6chste Datensicherheit<\/h3>\n<p>Der <strong>KOBRA VS<\/strong> von <b>Kobra Infosec GmbH <\/b>ist der einzige USB-Stick mit <strong>BSI<\/strong>-, <strong>NATO<\/strong>-, <strong>EU<\/strong>&#8211; und <strong>VS-NfD-Zulassung<\/strong> \u2013 ideal f\u00fcr Beh\u00f6rden, Unternehmen und Organisationen mit h\u00f6chsten Sicherheitsanforderungen.<\/p>\n<p>Dank modernster Technik sch\u00fctzt er vertrauliche Daten zuverl\u00e4ssig bei Speicherung, Transport und Nutzung \u2013 auch mobil.<\/p>\n<h4>Maximale Sicherheit<\/h4>\n<ul>\n<li><strong>256-Bit AES-Verschl\u00fcsselung<\/strong> (XTS-Modus) mit zwei unabh\u00e4ngigen Schl\u00fcsseln<\/li>\n<li><strong>Zwei-Faktor-Authentifizierung<\/strong> \u00fcber PIN &amp; Smartcard oder eigene PKI<\/li>\n<li><strong>Benutzerverwaltung<\/strong> f\u00fcr bis zu 10 Smartcards<\/li>\n<li><strong>Automatische Schl\u00fcsselneuerstellung<\/strong> bei zu vielen Fehlversuchen<\/li>\n<li><strong>Time-Out-Funktion<\/strong> einstellbar von 1 bis 30 Minuten<\/li>\n<li><strong>Lock-Out<\/strong> und <strong>Quick-Out<\/strong> (Sofortabmeldung durch Doppelklick auf \u00abX\u00bb-Taste) Funktionen<\/li>\n<li><strong>Schreibschutz-Mechanismus<\/strong>:\u00a0Die Aktivierung des Schreibschutzes wird \u00fcber eine LED-Anzeige signalisiert<\/li>\n<\/ul>\n<h4>Vielseitige Anwendungsm\u00f6glichkeiten<\/h4>\n<ul>\n<li>Sicherer Datentransport &amp; mobile VS-Arbeitspl\u00e4tze<\/li>\n<li>Nutzung als <strong>VS-Datendiode<\/strong> oder <strong>verschl\u00fcsseltes Boot-Device<\/strong><\/li>\n<li>Sicherer <strong>Versand durch Dienstleister<\/strong>: Nur der Empf\u00e4nger kann Dateien entschl\u00fcsseln<\/li>\n<li><strong>Log-Dateien aus Einsatzfahrzeugen<\/strong>\u00a0auf VS-Datentr\u00e4ger speichern<\/li>\n<li>Kompatibel mit <strong>Windows<\/strong>, <strong>macOS<\/strong>, <strong>Linux<\/strong>, <strong>Smartphones &amp; Tablets<\/strong><\/li>\n<\/ul>\n<h4>Smartes Design<\/h4>\n<ul>\n<li><strong>USB-C-Anschluss<\/strong> &amp; integrierter Akku \u2013 Zugriff auch ohne PC-Verbindung<\/li>\n<li><strong>Firmware-Update<\/strong> via Smartcard-Slot \u2013 langfristige Investitionssicherheit<\/li>\n<li><strong>Administrator- &amp; Benutzerprofile<\/strong>, Time-Out, Schreibschutz &amp; Lock-Out-Funktion<\/li>\n<\/ul>\n<h4>Firmware-Updates m\u00f6glich<\/h4>\n<ul>\n<li>Die Firmware ist aktualisierbar. Aktualisierung \u00fcber den Smartcard-Slot mittels einer speziellen Hardware<\/li>\n<li>Funktionsanpassungen und Erneuerung der VS\u2011NfD\u2011Zulassung m\u00f6glich<\/li>\n<li>Damit sch\u00fctzen Sie Ihre Investition in die Hardware und haben trotzdem die gew\u00fcnschte VS-Zulassung.<\/li>\n<\/ul>\n<p><span style=\"color: #0000ff;\"><strong>Der KOBRA VS \u2013 entwickelt und produziert in Deutschland \u2013 vereint kompromisslose Sicherheit, einfache Bedienung und maximale Flexibilit\u00e4t.<\/strong><\/span><\/p>\n<h3>Lieferumfang<\/h3>\n<p>KOBRA VS USB-C Stick inkl. 2 Smartcards<br \/>\nKostenloser Download des <a href=\"https:\/\/www.kobra-infosec.de\/de\/kobra-client-vs-download.html\" target=\"_blank\" rel=\"noopener\">KOBRA VS Client<\/a><\/p>\n<h3>Mehr Informationen<\/h3>\n<p><a href=\"https:\/\/www.prosoft.de\/shop\/wp-content\/uploads\/2020\/10\/Datenblatt-Kobra-Stick-VS..pdf\">Datenblatt<\/a><\/p>\n<p>Die externe Festplatte <a href=\"https:\/\/www.prosoft.de\/shop\/produkt\/digittrade-kobra-drive-vs\/\">KOBRA DRIVE VS<\/a> mit bis zu 8 TB ist ebenfalls bei ProSecurity erh\u00e4ltlich.<\/p>\n","protected":false},"excerpt":{"rendered":"<h2>Hochsicherer USB-C Stick &#8211; BSI-, NATO-, EU- und VS-NfD zertifiziert<\/h2>\n<p><strong>Einige Kapazit\u00e4ten jetzt bei ProSecurity noch g\u00fcnstiger!<\/strong><\/p>\n<p>Der KOBRA VS Stick ist ein hardwareverschl\u00fcsselter Speicherstick mit USB-C-Anschluss. Damit sind eine DSGVO- und BDSG-konforme Speicherung, der sichere Transport und die Aufbewahrung sensibler und vertraulicher Daten bis zur <strong>Geheimhaltungsstufe VS-NfD<\/strong> erlaubt. Er ist zus\u00e4tzlich <strong>BSI-zertifiziert<\/strong>. Die Verschl\u00fcsselung erfolgt nach dem <strong>AES-Standard<\/strong> (256-Bit) im XTS-Modus mittels zweier 256-Bit Krypto-Schl\u00fcssel. Der <strong>Zugriffsschutz<\/strong> erfolgt \u00fcber eine Zwei-Faktor-Authentifizierung, entweder \u00fcber die mitgelieferten\u00a0 Smartcards oder \u00fcber PKI-basierte Werks-, Dienst- oder Truppenausweise. Die Verwaltung der kryptografischen Schl\u00fcssel bis zur Zerst\u00f6rung der Keys kann durch den Benutzer durchgef\u00fchrt werden.<\/p>\n<p>Der KOBRA-STICK VS ist aus einem stabilen, spritzwassergesch\u00fctzten Metallgeh\u00e4use gefertigt und in den Kapazit\u00e4ten von 16 GB bis 1 TB verf\u00fcgbar. Der USB-Stick erreicht Lese- bzw. Schreibgeschwindigkeiten bis zu 120 MB\/s.<\/p>\n<p><strong>Aufgrund der aktuellen Preisschwankungen bei IT-Speichern<\/strong> k\u00f6nnen wir bei diesem Produkt keine Preise ver\u00f6ffentlichen! <strong><a href=\"https:\/\/www.prosoft.de\/shop\/service-support\/angebot-anfordern\/\">Senden Sie uns gerne eine Preisanfrage<\/a><\/strong> und Sie erhalten zeitnah eine unverbindliche Preisangabe bzw. ein unverbindliches Angebot von uns.<\/p>\n","protected":false},"featured_media":480871,"comment_status":"closed","ping_status":"closed","template":"","meta":[],"product_brand":[],"product_cat":[1110,1222,1153,1104,272,54],"product_tag":[879,1264,1230,1229,1231,1232,1262,1227,1233,1482,1513],"class_list":{"0":"post-336073","1":"product","2":"type-product","3":"status-publish","4":"has-post-thumbnail","6":"product_cat-digittrade","7":"product_cat-kobra-stick-vs","8":"product_cat-hardware","9":"product_cat-hersteller","10":"product_cat-neu-im-sortiment","11":"product_cat-verschluesselte-usb-sticks","12":"product_tag-bsi-zertifiziert","13":"product_tag-digittrade-kobra","14":"product_tag-dsgvo-konform","15":"product_tag-eu-restricted","16":"product_tag-hardwareverschluesselung","17":"product_tag-kobra-stick-vs","18":"product_tag-kobra-vs","19":"product_tag-nato-restricted","20":"product_tag-usb-stick","21":"product_tag-vs-nfd-freigabe","22":"product_tag-vs-nfd-speichergeraet","24":"first","25":"instock","26":"featured","27":"taxable","28":"shipping-taxable","29":"product-type-variable"},"group_of_quantity":0,"min_quantity":0,"max_quantity":"","exclude_order_quantity_value_rules":"no","exclude_category_quantity_rules":"no","combine_variations":"no","_links":{"self":[{"href":"https:\/\/www.prosoft.de\/shop\/wp-json\/wp\/v2\/product\/336073","targetHints":{"allow":["GET"]}}],"collection":[{"href":"https:\/\/www.prosoft.de\/shop\/wp-json\/wp\/v2\/product"}],"about":[{"href":"https:\/\/www.prosoft.de\/shop\/wp-json\/wp\/v2\/types\/product"}],"replies":[{"embeddable":true,"href":"https:\/\/www.prosoft.de\/shop\/wp-json\/wp\/v2\/comments?post=336073"}],"wp:featuredmedia":[{"embeddable":true,"href":"https:\/\/www.prosoft.de\/shop\/wp-json\/wp\/v2\/media\/480871"}],"wp:attachment":[{"href":"https:\/\/www.prosoft.de\/shop\/wp-json\/wp\/v2\/media?parent=336073"}],"wp:term":[{"taxonomy":"product_brand","embeddable":true,"href":"https:\/\/www.prosoft.de\/shop\/wp-json\/wp\/v2\/product_brand?post=336073"},{"taxonomy":"product_cat","embeddable":true,"href":"https:\/\/www.prosoft.de\/shop\/wp-json\/wp\/v2\/product_cat?post=336073"},{"taxonomy":"product_tag","embeddable":true,"href":"https:\/\/www.prosoft.de\/shop\/wp-json\/wp\/v2\/product_tag?post=336073"}],"curies":[{"name":"wp","href":"https:\/\/api.w.org\/{rel}","templated":true}]}}