{"id":336092,"date":"2020-10-16T13:34:59","date_gmt":"2020-10-16T11:34:59","guid":{"rendered":"https:\/\/www.prosoft.de\/shop\/?post_type=product&#038;p=336092"},"modified":"2026-03-03T10:40:31","modified_gmt":"2026-03-03T09:40:31","slug":"digittrade-kobra-drive-vs","status":"publish","type":"product","link":"https:\/\/www.prosoft.de\/shop\/produkt\/digittrade-kobra-drive-vs\/","title":{"rendered":"Digittrade KOBRA DRIVE VS"},"content":{"rendered":"<h4>DIGITTRADE KOBRA DRIVE VS \u2013 Maximale Sicherheit bis 16 TB<\/h4>\n<p>Die KOBRA DRIVE VS von DIGITTRADE ist die weltweit einzige externe Festplatte (als HDD &amp; SSD verf\u00fcgbar)\u00a0 mit <strong>BSI<\/strong>-, <strong>NATO<\/strong>-, <strong>EU<\/strong>&#8211; und <strong>VS-NfD<\/strong>-Zulassung \u2013 und damit ideal f\u00fcr Beh\u00f6rden, Unternehmen und Organisationen mit h\u00f6chsten Sicherheitsanforderungen.<\/p>\n<p>Made in Germany, entwickelt und gefertigt von <a href=\"https:\/\/www.prosoft.de\/hersteller\/hardware\/digittrade\/\" target=\"_blank\" rel=\"noopener\">DIGITTRADE<\/a>, dem Spezialisten f\u00fcr hochsichere USB-Sticks und -Festplatten.<\/p>\n<h4>Zertifizierte Datensicherheit auf h\u00f6chstem Niveau<\/h4>\n<ul>\n<li><strong>256-Bit AES-Verschl\u00fcsselung im XTS-Modus<\/strong> mit zwei unabh\u00e4ngigen Krypto-Schl\u00fcsseln<\/li>\n<li><strong>Zwei-Faktor-Authentifizierung<\/strong> \u00fcber PIN + <strong>Smartcard<\/strong> oder eigene PKI-Infrastruktur<\/li>\n<li><strong>Benutzerverwaltung<\/strong> und Mehrfachnutzung f\u00fcr bis zu 10 Smartcards \/ PKI-Karten<\/li>\n<li><strong>Schl\u00fcsselerstellung<\/strong>, <strong>\u00c4nderung und Zerst\u00f6rung<\/strong> durch den Nutzer m\u00f6glich<\/li>\n<li><strong>Automatische Datenl\u00f6schung<\/strong> bei mehrfach falscher PIN-Eingabe<\/li>\n<\/ul>\n<h4>Vielseitige Einsatzm\u00f6glichkeiten<\/h4>\n<ul>\n<li>Sichere <strong>Speicherung und Transport<\/strong> sensibler VS-NfD-Daten<\/li>\n<li><strong>Mobiler VS-Arbeitsplatz<\/strong> mit Pre-Boot-Authentisierung und direktem Systemstart<\/li>\n<li><strong>VS-Datendiode<\/strong> mit Schreibschutz und Smartcard-basierten Zugriffsrechten<\/li>\n<li>Sicherer Austausch \/ sichere Speicherung von <strong>Log-Dateien<\/strong>, <strong>Einsatzdaten<\/strong> oder vertraulichen Informationen<\/li>\n<li>Verwendung als <strong>verschl\u00fcsseltes Boot- oder Authentifizierungs-Device<\/strong><\/li>\n<li><strong>Sicherheitstoken<\/strong> (Passkey) f\u00fcr eine Zwei-Faktor-Authentifizierung<\/li>\n<li>Geheime Informationen \u00fcber externe Dienstleister versenden. Entschl\u00fcsselung nur durch Empf\u00e4nger konfigurierbar<\/li>\n<\/ul>\n<h4>Technische Highlights<\/h4>\n<ul>\n<li><strong>Echtzeit-Verschl\u00fcsselung<\/strong> aller gespeicherten und tempor\u00e4ren Daten mittels <strong>zwei kryptografischer Schl\u00fcssel<\/strong><\/li>\n<li>Integrierte Stromversorgung erm\u00f6glicht <strong>Vorab-Authentifizierung<\/strong> ohne PC-Verbindung<\/li>\n<li><strong>Firmware-Updates<\/strong> \u00fcber Smartcard-Slot \u2013 VS-Zulassung bleibt aktuell<\/li>\n<li><strong>Betriebssystemunabh\u00e4ngig<\/strong> (Windows, macOS, Linux)<\/li>\n<li><strong>Kompatibel mit Smartphones und Tablets<\/strong><\/li>\n<li><strong>USB-C-Anschluss<\/strong>, kompatibel zu USB 3.0 &amp; 2.0<\/li>\n<\/ul>\n<h4>Intelligente Verwaltungsfunktionen<\/h4>\n<ul>\n<li>Benutzer- &amp; Administrator-Profile<\/li>\n<li>Kostenlose <strong>KOBRA VS Client-Software<\/strong> zur Verwaltung von Smartcards und Ger\u00e4ten<\/li>\n<li>PKI-basierte Werks-, Dienst- und Truppenausweise einsetzbar<\/li>\n<li>Erstellung, \u00c4nderung und Zerst\u00f6rung der kryptografischen Schl\u00fcssel<\/li>\n<li><strong>Time-Out, Lock-Out &amp; Quick-Out<\/strong>-Funktionen<\/li>\n<li><strong>Schreibschutz<\/strong> konfigurierbar, Anzeige \u00fcber LED<\/li>\n<li>Individuelle Seriennummern (VID, PID) auf Wunsch<\/li>\n<\/ul>\n<h4>Verf\u00fcgbare Modelle<\/h4>\n<ul>\n<li>HDD: 1 TB | 2 TB | 4 TB<\/li>\n<li>SSD: 1 TB | 2 TB | 4 TB | 8 TB | 16 TB<\/li>\n<\/ul>\n<h4>Ihre Vorteile auf einen Blick<\/h4>\n<p style=\"padding-left: 40px;\">&#x2714; Mehrfach zertifizierte Hochsicherheits-Festplatte<br \/>\n&#x2714; Einfache Handhabung mit maximaler Kontrolle<br \/>\n&#x2714; Investitionssicher dank updatef\u00e4higer Firmware<br \/>\n&#x2714; Ideal f\u00fcr VS-NfD, Beh\u00f6rden, Forschung &amp; Industrie<\/p>\n<h4>Lieferumfang<\/h4>\n<p>DIGITTRADE KOBRA DRIVE VS inkl. 2 Smartcards<\/p>\n<p><a href=\"https:\/\/www.prosoft.de\/shop\/produkt\/digittrade-kobra-vs\/\">KOBRA STICK VS<\/a> bis 1 TB Speicherkapazit\u00e4t ebenfalls bei ProSecurity erh\u00e4ltlich<\/p>\n<h4>Mehr Informationen<\/h4>\n<p><a href=\"https:\/\/www.prosoft.de\/shop\/wp-content\/uploads\/2020\/10\/Datenblatt-Kobra-Drive-VS.pdf\">Datenblatt<\/a> DIGITTRADE KOBRA<\/p>\n<p>Kostenloses Verwaltungstool downloaden <a href=\"https:\/\/www.kobra-infosec.de\/de\/kobra-client-vs-download.html\">KOBRA VS Client<\/a><\/p>\n","protected":false},"excerpt":{"rendered":"<h2>Hochsichere HDD\/SSD &#8211; BSI-, NATO-, EU- und VS-NfD zertifiziert<\/h2>\n<p><strong>Einige Kapazit\u00e4ten jetzt bei ProSecurity noch g\u00fcnstiger!<\/strong><\/p>\n<p>Externe, hardwareverschl\u00fcsselte Festplatte mit BSI-, NATO-, EU- und VS-NfD-Zertifizierung.<\/p>\n<p>256-Bit AES, Zwei-Faktor-Authentifizierung, robustes Metallgeh\u00e4use, Kapazit\u00e4ten 250\u202fGB\u201316\u202fTB. USB-C und Zugriffsschutz \u00fcber PIN und Smartcard.<\/p>\n<p>Perfekt f\u00fcr sichere Speicherung, Transport und Aufbewahrung sensibler Daten.<\/p>\n<p><strong>Aufgrund der aktuellen Preisschwankungen bei IT-Speichern<\/strong> k\u00f6nnen wir keine Preise ver\u00f6ffentlichen! <strong><a href=\"https:\/\/www.prosoft.de\/shop\/service-support\/angebot-anfordern\/\">Senden Sie uns gerne eine Preisanfrage<\/a><\/strong> und Sie erhalten zeitnah eine unverbindliche Preisangabe bzw. ein unverbindliches Angebot von uns.<\/p>\n","protected":false},"featured_media":480864,"comment_status":"closed","ping_status":"closed","template":"","meta":[],"product_brand":[],"product_cat":[1303,1224,1153,272,53],"product_tag":[1235,879,1230,1229,1377,1227,1236,1234,1228,1514,1515],"class_list":{"0":"post-336092","1":"product","2":"type-product","3":"status-publish","4":"has-post-thumbnail","6":"product_cat-digittrade-festplatten","7":"product_cat-digittrade-kobra-drive-vs","8":"product_cat-hardware","9":"product_cat-neu-im-sortiment","10":"product_cat-verschluesselte-festplatten","11":"product_tag-bootfaehig","12":"product_tag-bsi-zertifiziert","13":"product_tag-dsgvo-konform","14":"product_tag-eu-restricted","15":"product_tag-kobra-drive-vs","16":"product_tag-nato-restricted","17":"product_tag-usb-c","18":"product_tag-usb-festplatte","19":"product_tag-vs-nfd-geheimhaltungsstufe","20":"product_tag-vs-nfd-hdd","21":"product_tag-vs-nfd-ssd","23":"first","24":"instock","25":"taxable","26":"shipping-taxable","27":"product-type-variable"},"group_of_quantity":0,"min_quantity":0,"max_quantity":"","exclude_order_quantity_value_rules":"no","exclude_category_quantity_rules":"no","combine_variations":"no","_links":{"self":[{"href":"https:\/\/www.prosoft.de\/shop\/wp-json\/wp\/v2\/product\/336092","targetHints":{"allow":["GET"]}}],"collection":[{"href":"https:\/\/www.prosoft.de\/shop\/wp-json\/wp\/v2\/product"}],"about":[{"href":"https:\/\/www.prosoft.de\/shop\/wp-json\/wp\/v2\/types\/product"}],"replies":[{"embeddable":true,"href":"https:\/\/www.prosoft.de\/shop\/wp-json\/wp\/v2\/comments?post=336092"}],"wp:featuredmedia":[{"embeddable":true,"href":"https:\/\/www.prosoft.de\/shop\/wp-json\/wp\/v2\/media\/480864"}],"wp:attachment":[{"href":"https:\/\/www.prosoft.de\/shop\/wp-json\/wp\/v2\/media?parent=336092"}],"wp:term":[{"taxonomy":"product_brand","embeddable":true,"href":"https:\/\/www.prosoft.de\/shop\/wp-json\/wp\/v2\/product_brand?post=336092"},{"taxonomy":"product_cat","embeddable":true,"href":"https:\/\/www.prosoft.de\/shop\/wp-json\/wp\/v2\/product_cat?post=336092"},{"taxonomy":"product_tag","embeddable":true,"href":"https:\/\/www.prosoft.de\/shop\/wp-json\/wp\/v2\/product_tag?post=336092"}],"curies":[{"name":"wp","href":"https:\/\/api.w.org\/{rel}","templated":true}]}}