{"id":336132,"date":"2020-10-27T14:17:07","date_gmt":"2020-10-27T13:17:07","guid":{"rendered":"https:\/\/www.prosoft.de\/shop\/?post_type=product&#038;p=336132"},"modified":"2026-01-30T15:57:55","modified_gmt":"2026-01-30T14:57:55","slug":"authenticator-card","status":"publish","type":"product","link":"https:\/\/www.prosoft.de\/shop\/produkt\/authenticator-card\/","title":{"rendered":"SecurEnvoy Authenticator Card"},"content":{"rendered":"<h3>Token-Sicherheit im Kreditkartenformat<\/h3>\n<p>Die SecurEnvoy Authenticator Card hat den gleichen Formfaktor wie eine handels\u00fcbliche Kreditkarte. Das integrierte Display erzeugt bei jedem Tastendruck einen One Time Passcode (OTP) an, der, je nach Konfiguration, 30 oder 60 Sekunden g\u00fcltig ist. Dieser Passcode wird synchron mit dem gleichen Algorithmus auch beim SecurEnvoy Authentifizierungsserver berechnet. Stimmen die Passcodes \u00fcberein, wird der User angemeldet. Die Basis f\u00fcr die Passcode-Berechnung, die sogenannte OATH Seed-Records sind niemals beim Hersteller bekannt oder verf\u00fcgbar. Der sechsstellige One Time Passcode muss in der angegebenen Zeit als zweiter Faktor w\u00e4hrend der Anmeldung eingegeben werden. Die Abfrage des One Time Passcodes w\u00e4hrend des Anmeldeverfahrens wird erst aktiviert, wenn zuvor Anmeldename und Passwort korrekt eingegeben worden sind.<\/p>\n<h3>Die SecurEnvoy Authenticator Card im \u00dcberblick:<\/h3>\n<ul>\n<li>Hardware Token im Kreditkartenformat<\/li>\n<li>OATH TOTP (RFC 6238) SHA-1<\/li>\n<li>EPD (E-Ink) Display<\/li>\n<li>erf\u00fcllt IP68, RoHS, FCC, CE<\/li>\n<li>Betriebstemperatur von 0\u00b0 C bis 50\u00b0 C<\/li>\n<li>biegsam bis 20 mm (lange Seite) und 10 mm (kurze Seite)<\/li>\n<li>ab einer vorgegebenen Mindestbestellmenge individualisierbar<\/li>\n<li><strong>Exklusiv f\u00fcr die Mehrfaktor-Authentifizierung SecurAccess<\/strong><\/li>\n<li>Prim\u00e4res Verfahren; On- bzw. offline Authentifizierungsverfahren<\/li>\n<li>Kein zus\u00e4tzliches Smart-Device zur Authentifizierung erforderlich und deshalb unabh\u00e4ngig von Signalst\u00e4rke, Batteriezustand oder Geb\u00fchren bei Smartphones<\/li>\n<li>6-stelliger One Time Passcode mit einer G\u00fcltigkeit von 30 bzw. 60 Sekunden<\/li>\n<li>Flexible Lithiumbatterie mit einer Lebensdauer von ca. 3 &#8211; 5 Jahren<\/li>\n<li>Batterie in der Authenticator Card nicht austauschbar<\/li>\n<li>auch Microsoft Azure Active Directory kompatibel<\/li>\n<\/ul>\n<h3>Kompatible Plattformen<\/h3>\n<p>Die <strong>Authenticator Card<\/strong> ist ein prim\u00e4res Authentifizierungsverfahren, d. h., dass Anwender, die dieses Verfahren einsetzen, bei SecurAccess kein anderes Verfahren ausw\u00e4hlen k\u00f6nnen.\u00a0 Der Hardware Token ist kompatibel zu allen Plattformen, die auch von SecurAccess unterst\u00fctzt werden. Dazu z\u00e4hlen VPN-L\u00f6sungen verschiedener Hersteller wie Barracuda, CheckPoint, F5, Fortinet, Juniper, Microsoft, Palo Alto, Sophos, Sonicwall, WatchGuard u.a. Cisco- und Citrix Gateways, Cloud- und Web-Applikationen, Salesforce. Die OATH Seed-Records k\u00f6nnen direkt in Microsoft Azure Active Directory importiert werden. Damit ist auch eine Authentifizierung f\u00fcr Microsoft Office 365 f\u00fcr Nutzer m\u00f6glich, die SecurEnvoy nicht einsetzen.<\/p>\n<h3>Mehr erfahren<\/h3>\n<ul>\n<li>SecurEnvoy Authenticator Card <a href=\"https:\/\/www.prosoft.de\/shop\/wp-content\/uploads\/2020\/10\/SecurEnvoy_MFA-Hardware-Token_Brosch\u00fcre_29092020.pdf\" target=\"_blank\" rel=\"noopener noreferrer\">Datenblatt<\/a><\/li>\n<li><a href=\"https:\/\/www.prosoft.de\/shop\/produkt\/securaccess-mehrfaktor-authentifizierung-bestellen\/\">SecurAccess<\/a> Mehrfaktor-Authentifizierung<\/li>\n<\/ul>\n<p>Die Mindestabnahme sind 10 St\u00fcck.<\/p>\n","protected":false},"excerpt":{"rendered":"<h2>Hardware-Token im Kreditkartenformat<\/h2>\n<p>Hardware-Token werden aufgrund ihrer Gr\u00f6\u00dfe h\u00e4ufig vergessen! Das war und ist einer der gr\u00f6\u00dften Nachteile. Nicht so bei der SecurEnvoy Authenticator Card. Diese Hardware-Token Smartcard ist speziell f\u00fcr die SecurAccess <a href=\"https:\/\/www.prosoft.de\/loesungen\/sichere-authentifizierung\/zwei-faktor-authentifizierung\/\" target=\"_blank\" rel=\"noopener noreferrer\">Zwei-Faktor Authentifizierung<\/a> (SecurEnvoy MFA) entwickelt worden. Das Kreditkartenformat sorgt daf\u00fcr, dass der Token zusammen mit anderen Debit- und Kreditkarten immer dabei und sicher aufbewahrt wird. Damit sparen Sie Kosten und f\u00fcr die IT-Abteilungen entf\u00e4llt der Aufwand, der durch die Erstellung von tempor\u00e4ren Anmeldeverfahren entsteht.<\/p>\n","protected":false},"featured_media":480844,"comment_status":"open","ping_status":"closed","template":"","meta":[],"product_brand":[],"product_cat":[367,1197,930],"product_tag":[974,931,1241,377,1240,376],"class_list":{"0":"post-336132","1":"product","2":"type-product","3":"status-publish","4":"has-post-thumbnail","6":"product_cat-exklusiv-bei-prosecurity","7":"product_cat-securaccess","8":"product_cat-security-token","9":"product_tag-hardware-token","10":"product_tag-mehrfaktor-authentifizierung","11":"product_tag-oath-totp","12":"product_tag-otp","13":"product_tag-securenvoy-mfa","14":"product_tag-zwei-faktor-authentifizierung","16":"first","17":"instock","18":"taxable","19":"shipping-taxable","20":"purchasable","21":"product-type-simple"},"group_of_quantity":0,"min_quantity":10,"max_quantity":"","exclude_order_quantity_value_rules":"no","exclude_category_quantity_rules":"no","combine_variations":"no","_links":{"self":[{"href":"https:\/\/www.prosoft.de\/shop\/wp-json\/wp\/v2\/product\/336132","targetHints":{"allow":["GET"]}}],"collection":[{"href":"https:\/\/www.prosoft.de\/shop\/wp-json\/wp\/v2\/product"}],"about":[{"href":"https:\/\/www.prosoft.de\/shop\/wp-json\/wp\/v2\/types\/product"}],"replies":[{"embeddable":true,"href":"https:\/\/www.prosoft.de\/shop\/wp-json\/wp\/v2\/comments?post=336132"}],"wp:featuredmedia":[{"embeddable":true,"href":"https:\/\/www.prosoft.de\/shop\/wp-json\/wp\/v2\/media\/480844"}],"wp:attachment":[{"href":"https:\/\/www.prosoft.de\/shop\/wp-json\/wp\/v2\/media?parent=336132"}],"wp:term":[{"taxonomy":"product_brand","embeddable":true,"href":"https:\/\/www.prosoft.de\/shop\/wp-json\/wp\/v2\/product_brand?post=336132"},{"taxonomy":"product_cat","embeddable":true,"href":"https:\/\/www.prosoft.de\/shop\/wp-json\/wp\/v2\/product_cat?post=336132"},{"taxonomy":"product_tag","embeddable":true,"href":"https:\/\/www.prosoft.de\/shop\/wp-json\/wp\/v2\/product_tag?post=336132"}],"curies":[{"name":"wp","href":"https:\/\/api.w.org\/{rel}","templated":true}]}}