{"id":3601,"date":"2014-09-09T19:57:14","date_gmt":"2014-09-09T17:57:14","guid":{"rendered":"http:\/\/wordpress.p235598.webspaceconfig.de\/?product=usb-speicherstick-1"},"modified":"2026-04-07T13:46:34","modified_gmt":"2026-04-07T11:46:34","slug":"safetogo-online-bestellen","status":"publish","type":"product","link":"https:\/\/www.prosoft.de\/shop\/produkt\/safetogo-online-bestellen\/","title":{"rendered":"SafeToGo USB 3.1 Stick"},"content":{"rendered":"<h4 data-start=\"175\" data-end=\"250\">SafeToGo 302E \u2013 Der sichere USB 3.1 Stick \u201eMade in Europe\u201c<\/h4>\n<p data-start=\"252\" data-end=\"530\">Der <strong data-start=\"256\" data-end=\"273\">SafeToGo 302E<\/strong> ist seit Jahren der bew\u00e4hrte Standard und unser <strong>Topseller<\/strong> f\u00fcr <strong data-start=\"316\" data-end=\"342\">mobile Datensicherheit<\/strong> in <strong data-start=\"346\" data-end=\"390\">Beh\u00f6rden, Unternehmen und Organisationen<\/strong> aller Branchen. Jetzt mit <strong data-start=\"417\" data-end=\"446\">USB 3.1 Gen 1 Technologie<\/strong> \u2013 bis zu <strong data-start=\"456\" data-end=\"490\">4\u00d7 schnellere Daten\u00fcbertragung<\/strong> bei gleichbleibend h\u00f6chster Sicherheit.<\/p>\n<h4>Schnell, sicher &amp; einfach \u2013 Datensicherheit auf h\u00f6chstem Niveau<\/h4>\n<p>Der SafeToGo 302E bietet <strong>256-Bit AES Hardwareverschl\u00fcsselung<\/strong> im <strong>XTS-Modus<\/strong> und sch\u00fctzt damit alle Daten zuverl\u00e4ssig vor unbefugtem Zugriff.<\/p>\n<p>Dank <strong>Plug &amp; Play<\/strong> ist keine zus\u00e4tzliche Software n\u00f6tig \u2013 einfach anschlie\u00dfen und sicher arbeiten unter Windows oder macOS (32-Bit bis Version 13.2, Rosetta erforderlich).<\/p>\n<ul>\n<li><strong>DSGVO<\/strong>-konformer, <strong>verschl\u00fcsselter USB-Stic<\/strong>k<\/li>\n<li><strong>Keine Backdoor<\/strong>, kein Masterpasswort, <strong>keine chinesische Kryptotechnologie<\/strong><\/li>\n<li><strong>Firmware updatef\u00e4hig<\/strong>, aber sicher vor Manipulationen wie z. B. BadUSB<\/li>\n<li><strong>Automatische Sperre<\/strong> nach individuell einstellbarer Inaktivit\u00e4tszeit<\/li>\n<li><strong>Starkes Passwort<\/strong> mit Mindestvorgaben und <strong>Brute Force Schutz<\/strong>: Nach 10 Fehlversuchen automatische Datenl\u00f6schung<\/li>\n<\/ul>\n<h4>Robust, kompakt, milit\u00e4risch gepr\u00fcft<\/h4>\n<p>Der SafeToGo 302E \u00fcberzeugt durch seine <strong>kompakte, robuste Bauweise<\/strong>:<\/p>\n<p>Das <strong>anodisierte Aluminiumgeh\u00e4use<\/strong> sch\u00fctzt vor mechanischen Einfl\u00fcssen, w\u00e4hrend die <strong>vergossene Elektronik<\/strong> Manipulation an den Bauteilen nahezu unm\u00f6glich macht \u2013 ein Schutzstandard, der FIPS 140-2 Anforderungen \u00fcbertrifft. Zudem erf\u00fcllt der Stick Teile der <strong>MIL-STD-810F Milit\u00e4rnorm<\/strong> \u2013 f\u00fcr maximale Langlebigkeit im Alltag.<\/p>\n<ul>\n<li>Extrem <strong>widerstandsf\u00e4hig<\/strong> &amp; <strong>manipulationssicher<\/strong><\/li>\n<li>Passt auch in eng beieinanderliegenden USB-Ports, wie sie in Notebooks vorkommen<\/li>\n<li><strong>FIPS 197 zertifizierte Kryptokomponenten<\/strong><\/li>\n<li><strong>SafeToGo 302E<\/strong> \u2013 Europ\u00e4ische Sicherheit ohne Kompromisse<\/li>\n<\/ul>\n<p>Entwickelt in Europa f\u00fcr 100 % Schutz f\u00fcr Ihre sensiblen Daten.<\/p>\n<p><strong>SafeToGo \u2013 Der verschl\u00fcsselte USB-Stick f\u00fcr alle, die Datensicherheit ernst nehmen.<\/strong><\/p>\n<p>SafeToGo wird in einer nachhaltigen Verpackung aus <strong>umweltfreundlichem Karton<\/strong> geliefert. 2 Jahre <a href=\"https:\/\/www.prosoft.de\/shop\/wp-content\/uploads\/2016\/03\/Cardwave-Services-Ltd-Limited-Warranty-GERMAN.pdf\" target=\"_blank\" rel=\"noopener noreferrer\">Herstellergarantie<\/a><\/p>\n<p>&nbsp;<\/p>\n","protected":false},"excerpt":{"rendered":"<h2>\u00a0SafeToGo 302E \u2013 Der sichere, verschl\u00fcsselte USB-Stick \u00abMade in Europe\u00bb<\/h2>\n<p><strong>Jetzt dauerhaft im Preis gesenkt!<br \/>\n\u21d2 16 GB zum Preis von 8 GB \u2013 nur f\u00fcr kurze Zeit!<br \/>\n<\/strong><\/p>\n<p><strong>60 % aller USB-Sticks werden verloren. 84 % davon werden wiedergefunden! Nur von wem?<\/strong><\/p>\n<p>Sensible Daten verdienen maximalen Schutz: Der SafeToGo 302E USB 3.1 Stick bietet 256-Bit AES Hardwareverschl\u00fcsselung f\u00fcr kompromisslose Datensicherheit nach Regulatoriken wie DSGVO etc.<br \/>\nOhne Softwareinstallation sofort einsatzbereit unter Windows und macOS \u2013 einfach einstecken und sicher speichern!<\/p>\n<p>Der SafeToGo 302E USB 3.1 Stick kombiniert <strong>h\u00f6chste Sicherheit<\/strong> mit gr\u00f6\u00dftm\u00f6glicher Benutzerfreundlichkeit. Ohne zus\u00e4tzliche Software kann er sofort an Windows und macOS Systemen genutzt werden. 256-Bit AES Hardwareverschl\u00fcsselung und ein starkes Passwort sch\u00fctzen 100 %\u00a0 aller gespeicherten Daten \u2013 <strong>ohne Backdoor oder Masterpasswort<\/strong>.<\/p>\n<p><strong>Nachhaltig:<\/strong> Ab sofort wird der sichere USB-Stick nur noch in einer umweltfreundlichen Karton-Verpackung ohne Plastik angeboten. Bitte beachten Sie die jeweils angegebene <strong>Mindestbestellmenge,<\/strong> abh\u00e4ngig von der Kapazit\u00e4t! Die Varianten 8 GB und 128 GB sind derzeit nicht lieferbar!<\/p>\n<p><strong>Made in Europe<\/strong> \u2013 Qualit\u00e4t und Datenschutz auf europ\u00e4ischem Niveau!<\/p>\n","protected":false},"featured_media":8242,"comment_status":"open","ping_status":"closed","template":"","meta":[],"product_brand":[],"product_cat":[367,1153,271,54],"product_tag":[781,871,1426,952,1395,1080,1081,1082,1083,1427,1039],"class_list":{"0":"post-3601","1":"product","2":"type-product","3":"status-publish","4":"has-post-thumbnail","6":"product_cat-exklusiv-bei-prosecurity","7":"product_cat-hardware","8":"product_cat-top-seller","9":"product_cat-verschluesselte-usb-sticks","10":"product_tag-fips-197","11":"product_tag-hardwareverschluesselter-usb-stick","12":"product_tag-mil-std-810","13":"product_tag-safetogo","14":"product_tag-safetogo-302e","15":"product_tag-stg-08-02","16":"product_tag-stg-16-02","17":"product_tag-stg-32-02","18":"product_tag-stg-64-02","19":"product_tag-usb-3-1","20":"product_tag-verschluesselter-usb-stick","22":"first","23":"instock","24":"sale","25":"featured","26":"taxable","27":"shipping-taxable","28":"purchasable","29":"product-type-variable"},"group_of_quantity":0,"min_quantity":0,"max_quantity":"","exclude_order_quantity_value_rules":"no","exclude_category_quantity_rules":"no","combine_variations":"no","_links":{"self":[{"href":"https:\/\/www.prosoft.de\/shop\/wp-json\/wp\/v2\/product\/3601","targetHints":{"allow":["GET"]}}],"collection":[{"href":"https:\/\/www.prosoft.de\/shop\/wp-json\/wp\/v2\/product"}],"about":[{"href":"https:\/\/www.prosoft.de\/shop\/wp-json\/wp\/v2\/types\/product"}],"replies":[{"embeddable":true,"href":"https:\/\/www.prosoft.de\/shop\/wp-json\/wp\/v2\/comments?post=3601"}],"wp:featuredmedia":[{"embeddable":true,"href":"https:\/\/www.prosoft.de\/shop\/wp-json\/wp\/v2\/media\/8242"}],"wp:attachment":[{"href":"https:\/\/www.prosoft.de\/shop\/wp-json\/wp\/v2\/media?parent=3601"}],"wp:term":[{"taxonomy":"product_brand","embeddable":true,"href":"https:\/\/www.prosoft.de\/shop\/wp-json\/wp\/v2\/product_brand?post=3601"},{"taxonomy":"product_cat","embeddable":true,"href":"https:\/\/www.prosoft.de\/shop\/wp-json\/wp\/v2\/product_cat?post=3601"},{"taxonomy":"product_tag","embeddable":true,"href":"https:\/\/www.prosoft.de\/shop\/wp-json\/wp\/v2\/product_tag?post=3601"}],"curies":[{"name":"wp","href":"https:\/\/api.w.org\/{rel}","templated":true}]}}