{"id":3869,"date":"2014-10-13T22:14:56","date_gmt":"2014-10-13T20:14:56","guid":{"rendered":"http:\/\/wordpress.p235598.webspaceconfig.de\/?post_type=product&#038;p=3869"},"modified":"2025-03-28T10:48:47","modified_gmt":"2025-03-28T09:48:47","slug":"netsupport-notify","status":"publish","type":"product","link":"https:\/\/www.prosoft.de\/shop\/produkt\/netsupport-notify\/","title":{"rendered":"NetSupport Notify Alarmierungssoftware"},"content":{"rendered":"<p>Urspr\u00fcnglich wurde die <strong>Alarmierungssoftware NetSupport Notify <\/strong>entwickelt, um wichtige Meldungen, Warnungen und IT-Alarme an Schulen und Universit\u00e4ten schnell und nachweislich zu versenden, beispielsweise um auf \u00dcbergriffe, Br\u00e4nde oder Bombenfunde in Echtzeit zu informieren und Geb\u00e4ude im Notfall sicher zu evakuieren. Aber auch moderne Unternehmen, Beh\u00f6rden und \u00f6ffentliche R\u00e4ume wie Bahnh\u00f6fe m\u00fcssen Informationen oder auch Warnungen innerhalb k\u00fcrzester Zeit und ohne gro\u00dfen Aufwand an Mitarbeiter, Abteilungen oder Gruppen nachweislich \u00fcbermitteln. Dabei kann es sich um Informationen \u00fcber St\u00f6rungen, Neuheiten bis hin zu kritischen Warnungen handeln.<\/p>\n<h2>Alarmierungssoftware mit Nachweis &amp; Zeitstempel<\/h2>\n<p>Handelt es sich um kritische Meldungen, ist sogar h\u00e4ufig ein Lesenachweis w\u00fcnschenswert oder erforderlich. Die Meldungen k\u00f6nnen in der <strong>Alarmierungssoftware<\/strong> jeweils von \u00bbNews\u00ab bis \u00bbCritical\u00ab eingestuft werden; von der reinen Information, dass beispielsweise das E-Mail-System momentan gest\u00f6rt ist bis hin zu einer Feuer- oder Notfallmeldung. Alle Nachrichten und Alarme in NetSupport Notify sind sofort sichtbar, \u00fcberblenden den Bildschirminhalt des Empf\u00e4ngers (auch Vollbild), k\u00f6nnen mit einem zus\u00e4tzlichen Warnton versehen werden. Je nach Kritikalit\u00e4t ist eine Empfangsbest\u00e4tigung als Nachweis u. a. f\u00fcr Versicherungen erforderlich und wird im Ereignisprotokoll mit Datum und Uhrzeit dokumentiert.<\/p>\n<p>Eine Hotkey Funktion kann auch stille Alarme ausl\u00f6sen und beispielsweise Kollegen im Umfeld bei \u00dcbergriffen um Hilfe bitten. NetSupport Notify Alarmierungssoftware l\u00e4sst sich \u00fcber Commandline Funktionen \u201escripten\u201c und integriert sich in existierende Notfallsysteme. Benachrichtigungsgateways \u00fcbernehmen die \u00dcbermittlung der IT-gest\u00fctzten Alerts &amp; Notifications an weitere Standorte. Die Konfiguration mehrerer Gateways sorgt f\u00fcr entsprechende Ausfallsicherheit. Die Alarmierungssoftware Notify ist in mehreren Sprachen verf\u00fcgbar und funktioniert unter Windows, macOS, Linux, ChromeOS sowie iOS und Android (hier nur Konsole).<\/p>\n<h3>Die wichtigsten Funktionen von NetSupport Notify Alarmierungssoftware<strong><br \/>\n<\/strong><\/h3>\n<ul>\n<li>Plattform\u00fcbergreifende Alarmierungssoftware f\u00fcr Echtzeit Benachrichtigungen und Alarme<\/li>\n<li>Konsole f\u00fcr iOS und Android-Ger\u00e4te<\/li>\n<li>Benachrichtigungen f\u00fcr einzelne \/ alle Anwender, Gruppen, Geb\u00e4ude, Standorte etc.<\/li>\n<li>Schweregrad von NEWS bis KRITISCH konfigurierbar<\/li>\n<li>optionale Empfangsbest\u00e4tigung und Zeitstempel in der Alarmierungssoftware konfigurierbar<\/li>\n<li>optionaler Warnton<\/li>\n<li>Benachrichtigungsgateways f\u00fcr WAN und redundante Ausfallsicherheit<\/li>\n<li>Scripting Funktionen<\/li>\n<li>In vielen Sprachen, wie Deutsch, Englisch, Spanisch, Franz\u00f6sisch etc., verf\u00fcgbar<\/li>\n<li>Alarmierungssoftware an die Corporate Identity anpassbar<\/li>\n<\/ul>\n<p>Die Mindestabnahme bei der Alarmierungssoftware <strong>NetSupport Notify<\/strong> betr\u00e4gt 100 Lizenzen. Die jeweiligen Preisangaben beziehen sich auf die angegebene Anzahl der Lizenzen, das hei\u00dft die Konditionen bis 250 Lizenzen gelten f\u00fcr insgesamt maximal 250 Lizenzen. Pro installiertem Endger\u00e4t \/ Device ist eine Lizenz erforderlich.<\/p>\n<p>Bei der Lizenzierung der Alarmierungssoftware Notify handelt es sich um eine Kauflizenz (Perpetual-License). Die Kosten f\u00fcr Maintenance (Support und Update-Service) sind in den ersten 12 Monaten im Kaufpreis enthalten. Wir empfehlen die Maintenance nach dem ersten Jahr f\u00fcr die Alarmierungssoftware zu verl\u00e4ngern, um von allen Updates und unserem ausgezeichneten technischen Support zu profitieren.<\/p>\n<p>Erfahren Sie mehr \u00fcber <a href=\"https:\/\/www.prosoft.de\/loesungen\/it-management\/desktop-alerting\/\" target=\"_blank\" rel=\"noopener\">Desktop Alerting<\/a> beim D\/A\/CH NetSupport Premier Partner <a href=\"https:\/\/www.prosoft.de\/\" target=\"_blank\" rel=\"noopener\">ProSoft GmbH<\/a>.<\/p>\n<p>&nbsp;<\/p>\n","protected":false},"excerpt":{"rendered":"<h2>Alarmierungssoftware NetSupport Notify<br \/>\nIT-gest\u00fctztes Alerting &amp; Notification f\u00fcr LAN\/WAN\/MOBIL<\/h2>\n<p>H\u00e4ufig genutzte Kommunikationsmethoden wie Chat (Instant Messaging) SMS, E-Mail u. a. sind passive Wege Informationen weiterzuleiten. Hier muss man sich darauf verlassen, dass der Empf\u00e4nger die Nachricht sucht und liest, und zwar zum Zeitpunkt seiner Wahl. Wichtige Informationen, Alarme, Notfallmeldungen sind zeitkritisch und m\u00fcssen sofort und manchmal auch nachweislich \u00fcbermittelt und gelesen werden. Die <strong>Alarmierungssoftware<\/strong> NetSupport Notify \u00fcbernimmt diese Aufgaben in Ihrem Netzwerk oder WAN \u00fcber Benachrichtigungs-Gateways. NetSupport Notify \u00fcbermittelt Nachrichten und Alarme in Echtzeit, nachweislich, zuverl\u00e4ssig und un\u00fcbersehbar. Die Nachrichtenpriorit\u00e4t reicht von NEWS (interne Neuigkeiten) bis KRITISCH (kritische Alarme). Mit der Alarmierungssoftware Notify k\u00f6nnen Warnungen an relevante Personen verteilt, Geb\u00e4ude evakuiert oder einfach nur Statusmeldungen in Echtzeit versandt werden. F\u00fcr Windows, macOS, Linux, Chrome, iOS, Android Systeme sowie f\u00fcr \u00f6ffentliche Informationsbildschirme bzw. Anzeigesysteme.<\/p>\n<p>&nbsp;<\/p>\n","protected":false},"featured_media":3867,"comment_status":"closed","ping_status":"closed","template":"","meta":[],"product_brand":[],"product_cat":[1200,52,57],"product_tag":[1452,1398,884,1402,1453,1450,1449,1454,1451,1488,1400,1399,1487,513,504,499],"class_list":{"0":"post-3869","1":"product","2":"type-product","3":"status-publish","4":"has-post-thumbnail","6":"product_cat-netsupport-notify-nsn","7":"product_cat-software","8":"product_cat-remote-it-service","9":"product_tag-alarmierungssoftware","10":"product_tag-benachrichtigung-im-netzwerk","11":"product_tag-desktop-alerting","12":"product_tag-desktop-notification","13":"product_tag-gispo","14":"product_tag-it-alerting","15":"product_tag-it-alerts","16":"product_tag-it-gestuetzte-alarme","17":"product_tag-it-notification","18":"product_tag-krisenkommunikation","19":"product_tag-lan-alarme","20":"product_tag-lan-alert","21":"product_tag-lan-messenger","22":"product_tag-netsupport-notify-nsn","23":"product_tag-remote-it-service","24":"product_tag-software","26":"first","27":"instock","28":"taxable","29":"shipping-taxable","30":"purchasable","31":"product-type-variable"},"group_of_quantity":0,"min_quantity":0,"max_quantity":"","exclude_order_quantity_value_rules":"no","exclude_category_quantity_rules":"no","combine_variations":"no","_links":{"self":[{"href":"https:\/\/www.prosoft.de\/shop\/wp-json\/wp\/v2\/product\/3869","targetHints":{"allow":["GET"]}}],"collection":[{"href":"https:\/\/www.prosoft.de\/shop\/wp-json\/wp\/v2\/product"}],"about":[{"href":"https:\/\/www.prosoft.de\/shop\/wp-json\/wp\/v2\/types\/product"}],"replies":[{"embeddable":true,"href":"https:\/\/www.prosoft.de\/shop\/wp-json\/wp\/v2\/comments?post=3869"}],"wp:featuredmedia":[{"embeddable":true,"href":"https:\/\/www.prosoft.de\/shop\/wp-json\/wp\/v2\/media\/3867"}],"wp:attachment":[{"href":"https:\/\/www.prosoft.de\/shop\/wp-json\/wp\/v2\/media?parent=3869"}],"wp:term":[{"taxonomy":"product_brand","embeddable":true,"href":"https:\/\/www.prosoft.de\/shop\/wp-json\/wp\/v2\/product_brand?post=3869"},{"taxonomy":"product_cat","embeddable":true,"href":"https:\/\/www.prosoft.de\/shop\/wp-json\/wp\/v2\/product_cat?post=3869"},{"taxonomy":"product_tag","embeddable":true,"href":"https:\/\/www.prosoft.de\/shop\/wp-json\/wp\/v2\/product_tag?post=3869"}],"curies":[{"name":"wp","href":"https:\/\/api.w.org\/{rel}","templated":true}]}}