{"id":3871,"date":"2014-10-13T23:52:55","date_gmt":"2014-10-13T21:52:55","guid":{"rendered":"http:\/\/wordpress.p235598.webspaceconfig.de\/?post_type=product&#038;p=3871"},"modified":"2026-04-10T14:13:49","modified_gmt":"2026-04-10T12:13:49","slug":"netsupport-school","status":"publish","type":"product","link":"https:\/\/www.prosoft.de\/shop\/produkt\/netsupport-school\/","title":{"rendered":"NetSupport School"},"content":{"rendered":"<h3>Onsite-Training, Schulungen und Klassenraum-Management<\/h3>\n<p>Unterricht und Schulungen sind h\u00e4ufig theoretisch und nur in Ans\u00e4tzen visuell aufbereitet. Aber gerade praktische \u00dcbungen, Bilder und Videos vertiefen die gelernten Inhalte und verbessern den Erfolg. Digitaler Unterricht, mit Bildschirm und Maus anstatt mit Tafel und Kreide, ist mit der Schulsoftware NetSupport School problemlos m\u00f6glich. Bildschirminhalte lassen sich sofort an einzelne oder an alle Teilnehmer oder an Gruppen \u00fcbertragen. Hier kann der Schulungsleiter Teilnehmer auch direkt unterst\u00fctzen. Digitale Whiteboards dienen als Ersatz f\u00fcr Tafel oder Tageslichtprojektoren und erlauben die schnelle visuelle Darstellung. \u00dcber Miniaturansichten (Thumbnails) haben Lehrer und Dozenten die Fortschritte der Teilnehmer jederzeit im Blick und k\u00f6nnen auch dar\u00fcber direkt eingreifen. Sofortumfragen inkl. Auswertung oder Tests bzw. Schulaufgaben lassen sich durch die Schulsoftware zeitgesteuert versenden und einsammeln. Internetseiten, Schnittstellen und Anwendungen lassen sich selektiv pro Unterrichtseinheit aktivieren\/deaktivieren bzw. funktional einschr\u00e4nken. Der Unterricht oder einzelne Inhalte k\u00f6nnen aufgezeichnet und als Video sp\u00e4ter wieder abgespielt werden. F\u00fcr Teilnehmer und Lehrer gibt es jeweils Apps f\u00fcr iOS, Android und Google Chrome OS.<\/p>\n<p>Der Schulungsleiter kann u. a. \u00fcber die Tech-Konsole Sitzpl\u00e4ne erstellen, Teilnehmer registrieren, Gruppen definieren, Computer remote an- und abschalten, Nachrichten senden, Dateitransfer aktivieren u. v. m.<\/p>\n<p>Die Software f\u00fcr Schulen und Schulungseinrichtungen ist auch als Subscription (Nutzungsrecht pro Jahr) erh\u00e4ltlich. Die Konditionen fragen Sie bitte \u00fcber das <a href=\"https:\/\/www.prosoft.de\/shop\/service-support\/kontaktformular\/\">Kontaktformular<\/a> an.<\/p>\n<h2>Die wichtigsten Funktionen von NetSupport School im \u00dcberblick<\/h2>\n<ul>\n<li>Online-Schulungen in Organisationen und digitaler Unterricht in Bildungseinrichtungen<\/li>\n<li>Inklusive Tests und Sofortumfragen<\/li>\n<li>Komplettes Klassenraum-Management f\u00fcr Schulen und Bildungseinrichtungen<\/li>\n<li>Bildschirminhalte Anderer zeigen oder von Anderen \u00fcbernehmen<\/li>\n<li>\u00a0zentrale Kommunikation mit Schulungsteilnehmern, z. B. \u00fcber Chat<\/li>\n<li>Dateitransfer<\/li>\n<li>Dunkelschaltung von Bildschirmen<\/li>\n<li>sofortige Befragungen und Tests mit Ergebnisanalyse<\/li>\n<li>Aufgaben automatisch verteilen und einsammeln<\/li>\n<li>Informationsleiste f\u00fcr Schulungsteilnehmer zeigt z. B. die verbleibende Zeit bei Tests an<\/li>\n<li>Lehrer und Trainer k\u00f6nnen Aktionen aufzeichnen und sp\u00e4ter den Teilnehmern abspielen<\/li>\n<li>Remote-Ansicht einzelner Teilnehmer, Fernwartung, Remote-Kontrolle<\/li>\n<li>Zentrales digitales Whiteboard (Flipchart) zur Illustration<\/li>\n<li>Freigabe und Sperren von Webseiten, Applikationen und externer Anschl\u00fcsse<\/li>\n<li>Tech-Konsole zur zentralen Konfiguration auch mehrerer Klassenzimmer<\/li>\n<li>Abbildung von Sitzpl\u00e4nen, Gruppen und kompletten Klassenzimmern\/R\u00e4umen<\/li>\n<li>NetSupport School Student App und NetSupport Tutor Assistant f\u00fcr iOS, Android und Google Chrome OS (hier eingeschr\u00e4nkt) verf\u00fcgbar<\/li>\n<li>NetSupport School ist in <a href=\"https:\/\/www.prosoft.de\/shop\/produkt\/it-fernwartung-netsupport-manager\/\">NetSupport Manager<\/a> IT-Fernwartung enthalten<\/li>\n<\/ul>\n<h2>NetSupport School Komponenten<\/h2>\n<ul>\n<li>der Control entspricht der Arbeitsstation des Lehrers und kann die Kontrolle \u00fcber die Sch\u00fcler-PCs \u00fcbernehmen.<\/li>\n<li>der Client ist die Arbeitsstation des Sch\u00fclers \/ Trainingsteilnehmer<\/li>\n<li>Synchronisation f\u00fcr Multimedia WAV, MOV, AVI, MPG, u. a.<\/li>\n<\/ul>\n<h2>Weitere Informationen<\/h2>\n<ul>\n<li><strong>FAQs <\/strong><a href=\"https:\/\/www.prosoft.de\/faq\/tax-kb\/faq-tags\/netsupport-school\/\" target=\"_blank\" rel=\"noopener noreferrer\">NetSupport School FAQs<\/a><\/li>\n<li><strong>Ausf\u00fchrliche NetSupport School Beschreibung und Download <\/strong><a href=\"https:\/\/www.prosoft.de\/loesungen\/schulsoftware\/digitales-klassenzimmer\/\" target=\"_blank\" rel=\"noopener\">NetSupport School inkl. Testversion<\/a><\/li>\n<li>Mehr \u00fcber <a href=\"https:\/\/www.prosoft.de\/loesungen\/schulsoftware\/digitales-klassenzimmer\/\" target=\"_blank\" rel=\"noopener\">Digitales Klassenzimmer<\/a>, <a href=\"https:\/\/www.prosoft.de\/loesungen\/schulsoftware\/homeschooling\/\" target=\"_blank\" rel=\"noopener\">Homeschooling<\/a> und <a href=\"https:\/\/www.prosoft.de\/loesungen\/schulsoftware\/online-schulungen\/\" target=\"_blank\" rel=\"noopener\">Online-Schulungen<\/a> beim D\/A\/CH Premier Partner ProSoft erfahren<\/li>\n<\/ul>\n","protected":false},"excerpt":{"rendered":"<h2>NetSupport School ist das pr\u00e4mierte und marktf\u00fchrende Schulungs-Tool<\/h2>\n<p>Die Schulsoftware bietet alle M\u00f6glichkeiten, die in Schulungsumgebungen, und bei Online-Trainings in Schulen und Universit\u00e4ten notwendig und w\u00fcnschenswert sind. NetSupport School wird weltweit bei Schulen, Hochschulen, Universit\u00e4ten und in Trainingsumgebungen eingesetzt. L\u00f6sungen von NetSupport sind weltweit auf \u00fcber 20 Mio. Systemen installiert.<\/p>\n","protected":false},"featured_media":3868,"comment_status":"open","ping_status":"closed","template":"","meta":[],"product_brand":[],"product_cat":[52,57],"product_tag":[1431,1430,1428,887,1096,886,1519,1429],"class_list":{"0":"post-3871","1":"product","2":"type-product","3":"status-publish","4":"has-post-thumbnail","6":"product_cat-software","7":"product_cat-remote-it-service","8":"product_tag-digitaler-unterricht","9":"product_tag-digitales-klassenzimmer","10":"product_tag-digitalpakt-schule","11":"product_tag-klassenraum-management","12":"product_tag-moderner-unterricht","13":"product_tag-onsite-training","14":"product_tag-schulsoftware","15":"product_tag-software-praesenzunterricht","17":"first","18":"instock","19":"taxable","20":"shipping-taxable","21":"purchasable","22":"product-type-variable"},"group_of_quantity":0,"min_quantity":0,"max_quantity":"","exclude_order_quantity_value_rules":"no","exclude_category_quantity_rules":"no","combine_variations":"no","_links":{"self":[{"href":"https:\/\/www.prosoft.de\/shop\/wp-json\/wp\/v2\/product\/3871","targetHints":{"allow":["GET"]}}],"collection":[{"href":"https:\/\/www.prosoft.de\/shop\/wp-json\/wp\/v2\/product"}],"about":[{"href":"https:\/\/www.prosoft.de\/shop\/wp-json\/wp\/v2\/types\/product"}],"replies":[{"embeddable":true,"href":"https:\/\/www.prosoft.de\/shop\/wp-json\/wp\/v2\/comments?post=3871"}],"wp:featuredmedia":[{"embeddable":true,"href":"https:\/\/www.prosoft.de\/shop\/wp-json\/wp\/v2\/media\/3868"}],"wp:attachment":[{"href":"https:\/\/www.prosoft.de\/shop\/wp-json\/wp\/v2\/media?parent=3871"}],"wp:term":[{"taxonomy":"product_brand","embeddable":true,"href":"https:\/\/www.prosoft.de\/shop\/wp-json\/wp\/v2\/product_brand?post=3871"},{"taxonomy":"product_cat","embeddable":true,"href":"https:\/\/www.prosoft.de\/shop\/wp-json\/wp\/v2\/product_cat?post=3871"},{"taxonomy":"product_tag","embeddable":true,"href":"https:\/\/www.prosoft.de\/shop\/wp-json\/wp\/v2\/product_tag?post=3871"}],"curies":[{"name":"wp","href":"https:\/\/api.w.org\/{rel}","templated":true}]}}