{"id":3897,"date":"2014-10-14T00:08:25","date_gmt":"2014-10-13T22:08:25","guid":{"rendered":"http:\/\/wordpress.p235598.webspaceconfig.de\/?post_type=product&#038;p=3897"},"modified":"2025-01-28T10:47:23","modified_gmt":"2025-01-28T09:47:23","slug":"safeconsole-usb-device-management","status":"publish","type":"product","link":"https:\/\/www.prosoft.de\/shop\/produkt\/safeconsole-usb-device-management\/","title":{"rendered":"SafeConsole USB-Device-Management"},"content":{"rendered":"<h3>USB-Device-Management<\/h3>\n<p>Mit SafeConsole erweitern Sie den Funktionsumfang aller SafeConsoleReady Devices wie <a href=\"https:\/\/www.prosoft.de\/shop\/produkt\/origin-sc100-online-bestellen\/\">Origin SC100<\/a>, <a href=\"https:\/\/www.prosoft.de\/shop\/produkt\/datalocker-sentry-one\/\">DataLocker Sentry One<\/a>, und <a href=\"https:\/\/www.prosoft.de\/shop\/produkt\/datalocker-sentry-k350-online-bestellen\/\">DataLocker Sentry K350<\/a> sowie externe DataLocker Festplatten\/SSD, die Sie ebenfalls bei ProSecurity (siehe unten) erhalten. Die USB-Speichersticks k\u00f6nnen auch nachtr\u00e4glich in das USB-Device-Management integriert werden. Dadurch werden im ersten Schritt USB-Stick bzw. mobile Festplatte mit dem Anwender \u00fcber das Active Directory verbunden. Danach haben Sie den \u00dcberblick \u00fcber die eingesetzten USB-Speicherger\u00e4te dieser Fabrikate, k\u00f6nnen Gruppenrichtlinien festlegen, sehen den Stand der Firmware und werden optional \u00fcber den Verlust von Ger\u00e4ten informiert.<\/p>\n<h3>SafeConsole Funktionen<\/h3>\n<p>Mit dem USB-Device-Management <strong>SafeConsole<\/strong> machen Sie aus Ihrem hardwareverschl\u00fcsselten USB-Speicherger\u00e4ten eine sichere Device-Managementl\u00f6sung mit noch mehr Komfort und Sicherheit f\u00fcr Daten und Anwender. SafeConsole USB-Device-Management ist in Englisch, Deutsch und in 9 weiteren Sprachen verf\u00fcgbar. Fast alle unter \u00bb<strong>Funktionen\u00ab<\/strong> beschriebenen Features, wie das sichere Password-Recovery oder Remote Kill lassen sich im USB-Device-Management selektiv aktivieren oder deaktivieren. Die Konfiguration und der Funktionsumfang k\u00f6nnen dementsprechend f\u00fcr bestimmte Devices oder AD-Gruppen unterschiedlich definiert werden. Die Lizenzierung erfolgt pro verwalteten USB-Stick oder HDD\/SSD als Subscription f\u00fcr 12 Monate.<\/p>\n<p><strong>Folgende Module k\u00f6nnen dabei gew\u00e4hlt werden:<\/strong><\/p>\n<ul>\n<li><strong>DeviceControl<\/strong><br \/>\nMit der Funktion DeviceControl werden sichere USB-Laufwerke inventarisiert und Sicherheitsrichtlinien (Passwort-Komplexit\u00e4t, \u00f6rtlich erlaubte Nutzung von Laufwerken, u. v. m.) konfiguriert und durchgesetzt. Die Inventarisierung der USB-Sticks und Zuordnung zum User erfolgen weitgehend automatisiert. Die Verbindung zu den USB-Speicherger\u00e4ten und die Nutzung der Software sind \u00fcber Zertifikate gesch\u00fctzt. Auch die Kommunikation erfolgt ausschlie\u00dflich verschl\u00fcsselt. Wenn Sie die webbasierte Software in die DMZ stellen, k\u00f6nnen viele Funktionen auch remote sicher von extern durchgef\u00fchrt werden. Dazu k\u00f6nnen vergessene Passw\u00f6rter wiederhergestellt und gestohlene \/ verlorene Laufwerke aus der Ferne gel\u00f6scht werden. Alle Aktivit\u00e4ten werden in den Compliance-Berichten dokumentiert (Audit).<\/li>\n<\/ul>\n<p><strong>Anti-Malware<br \/>\n<\/strong>Als Option f\u00fcr DeviceControl kann ein McAfee Anti-Malware Scanner in die Firmware des Laufwerkes integriert werden. Er aktualisiert sich automatisch und kann vom Anwender nicht deaktiviert werden. Auch hier k\u00f6nnen alle Aktivit\u00e4ten in den Compliance-Berichten dokumentiert werden.<\/p>\n<p><strong>PortBlocker<\/strong><br \/>\nMit PortBlocker werden alle USB-Ports gesperrt und anhand der Vendor ID \/ Product ID (VID \/ PID), sowie der Seriennummer des Laufwerkes ausschlie\u00dflich f\u00fcr autorisierte USB-Laufwerke freigegeben. Dabei werden alle USB-Massenspeicher ber\u00fccksichtigt, u. a. auch Smartphones, digitale Kameras und MP3-Player. Andere USB-Ger\u00e4te funktionieren weiterhin und k\u00f6nnen auch \u00fcber den USB-Port geladen werden.<\/p>\n<p><strong>SafeCrypt<\/strong><br \/>\nSafeCrypt ist ein virtuelles, verschl\u00fcsseltes Laufwerk, das auf einer internen Festplatte oder SSD, im Netzwerk oder auf einem USB-Laufwerk angelegt wird. Dort werden die Daten mit AES 256-Bit verschl\u00fcsselt gespeichert und k\u00f6nnen optional mit einem Cloud-Speicherdienst (z. B. Dropbox, Google Drive oder Microsoft OneDrive) synchronisiert und mit einem weiteren PC geteilt werden. Durch die zentrale Verwaltung k\u00f6nnen auch hier Sicherheitsrichtlinien konfiguriert und durchgesetzt, sowie vergessene Passw\u00f6rter wiederhergestellt und kompromittierte Laufwerke aus der Ferne gel\u00f6scht.<\/p>\n<p>Bei SafeConsole wird eine Serverlizenz als Basis (Cloud oder OnPrem) ben\u00f6tigt. Diese bildet das Fundament f\u00fcr alle weiteren Module. Zus\u00e4tzlich haben Sie die M\u00f6glichkeit, die folgenden leistungsstarken Erweiterungen individuell nach Ihren Bed\u00fcrfnissen hinzuzubuchen:<\/p>\n<ul>\n<li>Device Management: Optimale Verwaltung und Kontrolle Ihrer Ger\u00e4te \u2013 zentral und effizient<\/li>\n<li>Device Anti-Malware: Schutz vor Viren, Ransomware und weiteren Bedrohungen, ma\u00dfgeschneidert f\u00fcr Ihre Endger\u00e4te<\/li>\n<li>PortBlocker Managed: Kontrollieren Sie den Datenfluss und sch\u00fctzen Sie Ihre USB- und andere Ports effektiv vor unberechtigtem Zugriff<\/li>\n<li>SafeCrypt Encrypted Virtual Drive: Verschl\u00fcsselte virtuelle Laufwerke f\u00fcr maximale Sicherheit sensibler Daten<\/li>\n<li>Bei ProSecurity k\u00f6nnen Sie die SafeConsole Starter-Kits f\u00fcr Cloud oder On-premise jeweils inkl. 20 flexibel w\u00e4hlbarer Lizenzen aus den Modulen DeviceControl, Anti-Malware, PortBlocker und SafeCrypt bestellen.<\/li>\n<\/ul>\n<p><strong>Bitte wenden Sie sich f\u00fcr eine Beratung, eine erste Preisindikation oder ein unverbindliches Angebot \u00fcber unser <a href=\"https:\/\/www.prosoft.de\/shop\/service-support\/kontaktformular\/\" target=\"_blank\" rel=\"noopener\">Kontaktformular<\/a> gerne an uns. Eine dierekt Bestellung in unserem Shop ist derzeit nicht m\u00f6glich.<br \/>\n<\/strong><\/p>\n<h3><strong>Weitere Informationen<\/strong><\/h3>\n<p><strong>SafeConsoleReady USB-Sticks bei ProSecurity<\/strong><br \/>\n<a href=\"https:\/\/www.prosoft.de\/shop\/produkt\/datalocker-sentry-k350-online-bestellen\/\" target=\"_blank\" rel=\"noopener noreferrer\">DataLocker Sentry K350<\/a><br \/>\n<a href=\"https:\/\/www.prosoft.de\/shop\/produkt\/datalocker-sentry-one\/\" target=\"_blank\" rel=\"noopener noreferrer\">DataLocker Sentry One<\/a><br \/>\n<a href=\"https:\/\/www.prosoft.de\/shop\/produkt\/origin-sc100-online-bestellen\/\" target=\"_blank\" rel=\"noopener noreferrer\">Origin SC100<\/a><\/p>\n<p><strong>SafeConsoleReady HDD\/SSD bei ProSecurity <\/strong><br \/>\n<a href=\"https:\/\/www.prosoft.de\/shop\/produkt\/datalocker-dl4-fe\/\">DataLocker DL4 FE<\/a><br \/>\n<a href=\"https:\/\/www.prosoft.de\/shop\/produkt\/datalocker-h300-h350-bei-prosecurity-online-bestellen\/\" target=\"_blank\" rel=\"noopener noreferrer\">DataLocker H300\/H350<\/a><\/p>\n<p><strong>SafeConsole Funktionen<\/strong><br \/>\nEine ausf\u00fchrliche Funktionsbeschreibung finden Sie unter \u00bbFunktionen\u00ab<br \/>\n<a href=\"https:\/\/www.prosoft.de\/shop\/wp-content\/uploads\/2022\/09\/SafeConsole_Datenblatt_USB-Device-Management_0922.pdf\">SafeConsole Datenblatt<\/a><\/p>\n<p><strong>Videos<\/strong><br \/>\n<a href=\"https:\/\/www.youtube.com\/playlist?list=PL31vD86VUg2RLiR4PI89ESTxFSwuRbwdb\" target=\"_blank\" rel=\"noopener noreferrer\">Funktionen im Video erkl\u00e4rt<\/a><\/p>\n","protected":false},"excerpt":{"rendered":"<h2>Noch mehr Sicherheit und Komfort f\u00fcr USB-Speicherger\u00e4te<\/h2>\n<p>Mit dem USB-Device-Management SafeConsole von DataLocker verwalten und konfigurieren Sie <strong>SafeConsoleReady<\/strong> USB-Sticks und externe Festplatten bzw. SSDs einiger wichtiger Hersteller wie DataLocker und Origin. Zus\u00e4tzlich erweitert die Software den Umfang der Sicherheitsfunktionen vieler <a href=\"https:\/\/www.prosoft.de\/shop\/hardware\/verschluesselte-usb-sticks\/\">verschl\u00fcsselter USB-Devices<\/a> und erm\u00f6glicht jederzeit den \u00dcberblick und die Statusanzeige aller damit verwalteten USB-Speicherger\u00e4te.<\/p>\n","protected":false},"featured_media":6525,"comment_status":"open","ping_status":"closed","template":"","meta":[],"product_brand":[],"product_cat":[1104,52,55],"product_tag":[1308,1057,1043,502,1044,1403,1404,1030,1339],"class_list":{"0":"post-3897","1":"product","2":"type-product","3":"status-publish","4":"has-post-thumbnail","6":"product_cat-hersteller","7":"product_cat-software","8":"product_cat-security-loesungen","9":"product_tag-datalocker","10":"product_tag-geofencing","11":"product_tag-password-recovery","12":"product_tag-security-loesungen","13":"product_tag-sichere-usb-sticks","14":"product_tag-usb-geraete-verwalten","15":"product_tag-usb-management","16":"product_tag-usb-stick-passwort-zuruecksetzen","17":"product_tag-usb-stick-verwalten","19":"first","20":"instock","21":"taxable","22":"shipping-taxable","23":"purchasable","24":"product-type-variable"},"group_of_quantity":0,"min_quantity":0,"max_quantity":1,"exclude_order_quantity_value_rules":"no","exclude_category_quantity_rules":"no","combine_variations":"no","_links":{"self":[{"href":"https:\/\/www.prosoft.de\/shop\/wp-json\/wp\/v2\/product\/3897","targetHints":{"allow":["GET"]}}],"collection":[{"href":"https:\/\/www.prosoft.de\/shop\/wp-json\/wp\/v2\/product"}],"about":[{"href":"https:\/\/www.prosoft.de\/shop\/wp-json\/wp\/v2\/types\/product"}],"replies":[{"embeddable":true,"href":"https:\/\/www.prosoft.de\/shop\/wp-json\/wp\/v2\/comments?post=3897"}],"wp:featuredmedia":[{"embeddable":true,"href":"https:\/\/www.prosoft.de\/shop\/wp-json\/wp\/v2\/media\/6525"}],"wp:attachment":[{"href":"https:\/\/www.prosoft.de\/shop\/wp-json\/wp\/v2\/media?parent=3897"}],"wp:term":[{"taxonomy":"product_brand","embeddable":true,"href":"https:\/\/www.prosoft.de\/shop\/wp-json\/wp\/v2\/product_brand?post=3897"},{"taxonomy":"product_cat","embeddable":true,"href":"https:\/\/www.prosoft.de\/shop\/wp-json\/wp\/v2\/product_cat?post=3897"},{"taxonomy":"product_tag","embeddable":true,"href":"https:\/\/www.prosoft.de\/shop\/wp-json\/wp\/v2\/product_tag?post=3897"}],"curies":[{"name":"wp","href":"https:\/\/api.w.org\/{rel}","templated":true}]}}