{"id":3980,"date":"2022-10-21T18:18:11","date_gmt":"2022-10-21T16:18:11","guid":{"rendered":"http:\/\/wordpress.p235598.webspaceconfig.de\/?product=digittrade-rs256-rfid-hdd-kopieren"},"modified":"2026-04-21T15:28:02","modified_gmt":"2026-04-21T13:28:02","slug":"rs256-rfid-ssd-online-bestellen","status":"publish","type":"product","link":"https:\/\/www.prosoft.de\/shop\/produkt\/rs256-rfid-ssd-online-bestellen\/","title":{"rendered":"Digittrade RS256 RFID SSD"},"content":{"rendered":"<h3>Sicherheit geht nicht einfacher \u2013 der Preis nicht g\u00fcnstiger!<\/h3>\n<h3>Maximale Datensicherheit. Minimaler Aufwand<\/h3>\n<p>Mit der Digittrade RS256 RFID SSD sch\u00fctzen Sie sensible Unternehmensdaten kompromisslos \u2013 einfach, effizient und kosteneffektiv.<\/p>\n<h3>Security auf Enterprise-Niveau \u2013 dank RFID<\/h3>\n<p>Der Zugriff auf Festplatte und Daten ist nur durch die mitgelieferten RFID Transponder m\u00f6glich. Um die SSD zu entsperren, gen\u00fcgt es, den RFID-Schl\u00fcssel (Transponder) \u00fcber das in das Festplattengeh\u00e4use integrierte RFID-Leseger\u00e4t zu halten. Eingebaute LEDs zeigen jederzeit den Status der SSD wie z. B. gesperrt oder aktiviert an.<\/p>\n<ul>\n<li>256-Bit AES Hardwareverschl\u00fcsselung (XTS-Modus) \u2013 deutlich h\u00f6herer Schutz als ECB\/CBC<\/li>\n<li>Zugriff ausschlie\u00dflich per RFID-Authentifizierung \u2013 keine Passw\u00f6rter, keine Schwachstellen<\/li>\n<li>Betriebssystemunabh\u00e4ngig &amp; bootf\u00e4hig<\/li>\n<li>Das robuste Aluminiumgeh\u00e4use und die Anti-Shock-Silikon-Protektoren sch\u00fctzen die SSD wirkungsvoll vor mechanischen Einfl\u00fcssen, Ersch\u00fctterungen und elektromagnetischen Wellen.<\/li>\n<li>3 Jahre Herstellergarantie.<\/li>\n<\/ul>\n<p>Jeder SSD liegen zwei RFID-Transponder, ein USB-Kabel und eine Transporttasche bei. Der RFID-Transponder kann beispielsweise an einem Schl\u00fcsselbund mitgef\u00fchrt werden. Beachten Sie in diesem Zusammenhang auch den Blog-Artikel <a href=\"https:\/\/www.prosoft.de\/blog\/rfid-security\/\">RFID-Technologie f\u00fcr doppelte Sicherheit<\/a>.<\/p>\n<h3>Einfach. Schnell. Sicher.<\/h3>\n<ul>\n<li>Entsperren per RFID-Transponder in Sekunden<\/li>\n<li>Status-LEDs f\u00fcr volle Kontrolle<\/li>\n<li>Plug &amp; Play via USB 3.0 (abw\u00e4rtskompatibel)<\/li>\n<li>Aluminiumgeh\u00e4use mit Anti-Shock-Schutz<\/li>\n<li>Resistent gegen Ersch\u00fctterungen &amp; elektromagnetische Einfl\u00fcsse<\/li>\n<li>SSD-Technologie: keine beweglichen Teile, hohe Performance<\/li>\n<\/ul>\n<p>Die RS256 RFID ist als SSD aktuell in den Kapazit\u00e4ten 1 TB, 2 TB und 4 TB lieferbar.<\/p>\n<p><strong>\u00bbBitte beachten Sie den Sonderpreis von 199,00 \u20ac f\u00fcr die 1 TB SSD\u00ab Sonderpreis nur g\u00fcltig, solange Vorrat reicht!<br \/>\n<\/strong><\/p>\n<h3>Lieferumfang &amp; Service<\/h3>\n<ul>\n<li>2 RFID-Transponder, USB-Kabel, Transporttasche<\/li>\n<li>3 Jahre Herstellergarantie<\/li>\n<\/ul>\n<p>Die RS256 RFID SSD kombiniert starke Verschl\u00fcsselung mit physischer Zugriffskontrolle \u2013 ideal f\u00fcr Unternehmen, die keine Kompromisse bei IT-Security eingehen.\u00a0Mehr Informationen finden Sie auch im <a href=\"https:\/\/www.prosoft.de\/shop\/wp-content\/uploads\/2020\/12\/Datenbaltt_DG_RS_256.pdf\">Datenblatt<\/a><\/p>\n<p>Der deutsche Hersteller Digittrade hat mit den Modellen <a href=\"https:\/\/www.prosoft.de\/shop\/produkt\/digittrade-hs256s-ssd-online-bestellen\/\">HS256S SSD<\/a>, <a href=\"https:\/\/www.prosoft.de\/shop\/produkt\/digittrade-hs256-s3-bei-prosecurity-bestellen\/\">HS256 S3<\/a> und mit dem <a href=\"https:\/\/www.prosoft.de\/shop\/hardware\/verschluesselte-festplatten\/digittrade-kobra-drive-vs\/\">KOBRA DRIVE VS<\/a> weitere hochsichere Modelle mit Zwei-Faktor-Zugriffsschutz und Zertifizierungen bis hin zur NATO, VS-NfD und BSI-Zertifizierung im Angebot.<\/p>\n","protected":false},"excerpt":{"rendered":"<h2>Digittrade RS256 RFID \u2013 Sonderpreis f\u00fcr die 1 TB SSD!<\/h2>\n<p>Externe 2,5\u201c SSD, 256-Bit AES-Verschl\u00fcsselung und 2-Faktor-Zugriffsschutz \u00fcber zwei mitgelieferte RFID Transponder. Hergestellt, vom deutschen Experten f\u00fcr sichere Speicherger\u00e4te. Einfacher Datenschutz im Alltag durch integrierte Datenverschl\u00fcsselung und Authentifizierung \u00fcber einen RFID-Transponder (Token).<\/p>\n<p style=\"padding-left: 40px;\">Aktueller <em><strong><span style=\"color: #f39200;\">Sonderpreis von 199,00 \u20ac<\/span><\/strong><\/em> f\u00fcr die <span style=\"font-style: italic;\"><strong>1 TB SSD<\/strong>, <\/span>anstatt <span style=\"text-decoration: line-through;\">239,00 \u20ac<\/span> Hersteller-UVP \u2013 <strong>mehr als 17 % Rabatt<\/strong>!<\/p>\n<p><strong>Aufgrund der aktuellen Preisschwankungen bei IT-Speichern<\/strong> k\u00f6nnen wir nur den Preis der 1 TB SSD ver\u00f6ffentlichen! <strong><a href=\"https:\/\/www.prosoft.de\/shop\/service-support\/angebot-anfordern\/\">Senden Sie uns gerne eine Preisanfrage<\/a><\/strong> und Sie erhalten zeitnah eine unverbindliche Preisangabe bzw. ein unverbindliches Angebot der anderen Kapazit\u00e4ten.<\/p>\n<p>&nbsp;<\/p>\n<p>&nbsp;<\/p>\n<p>&nbsp;<\/p>\n","protected":false},"featured_media":3915,"comment_status":"closed","ping_status":"closed","template":"","meta":[],"product_brand":[],"product_cat":[270,1303,1169,1153,1104,271,53],"product_tag":[1252,1094,1095,1396,1465,1397],"class_list":{"0":"post-3980","1":"product","2":"type-product","3":"status-publish","4":"has-post-thumbnail","6":"product_cat-angebote","7":"product_cat-digittrade-festplatten","8":"product_cat-digittrade-rs256-rfid-ssd","9":"product_cat-hardware","10":"product_cat-hersteller","11":"product_cat-top-seller","12":"product_cat-verschluesselte-festplatten","13":"product_tag-digittrade","14":"product_tag-externe-hdd-mit-rfid","15":"product_tag-externe-ssd-mit-rfid","16":"product_tag-rfid-ssd","17":"product_tag-rfid-authentifizierung","18":"product_tag-verschluesselte-ssd-mit-rfid-schutz","19":"pa_festplattentyp-samsung-ssd-840-serie","21":"first","22":"instock","23":"sale","24":"featured","25":"taxable","26":"shipping-taxable","27":"purchasable","28":"product-type-variable"},"group_of_quantity":0,"min_quantity":0,"max_quantity":"","exclude_order_quantity_value_rules":"no","exclude_category_quantity_rules":"no","combine_variations":"no","_links":{"self":[{"href":"https:\/\/www.prosoft.de\/shop\/wp-json\/wp\/v2\/product\/3980","targetHints":{"allow":["GET"]}}],"collection":[{"href":"https:\/\/www.prosoft.de\/shop\/wp-json\/wp\/v2\/product"}],"about":[{"href":"https:\/\/www.prosoft.de\/shop\/wp-json\/wp\/v2\/types\/product"}],"replies":[{"embeddable":true,"href":"https:\/\/www.prosoft.de\/shop\/wp-json\/wp\/v2\/comments?post=3980"}],"wp:featuredmedia":[{"embeddable":true,"href":"https:\/\/www.prosoft.de\/shop\/wp-json\/wp\/v2\/media\/3915"}],"wp:attachment":[{"href":"https:\/\/www.prosoft.de\/shop\/wp-json\/wp\/v2\/media?parent=3980"}],"wp:term":[{"taxonomy":"product_brand","embeddable":true,"href":"https:\/\/www.prosoft.de\/shop\/wp-json\/wp\/v2\/product_brand?post=3980"},{"taxonomy":"product_cat","embeddable":true,"href":"https:\/\/www.prosoft.de\/shop\/wp-json\/wp\/v2\/product_cat?post=3980"},{"taxonomy":"product_tag","embeddable":true,"href":"https:\/\/www.prosoft.de\/shop\/wp-json\/wp\/v2\/product_tag?post=3980"}],"curies":[{"name":"wp","href":"https:\/\/api.w.org\/{rel}","templated":true}]}}