{"id":4092,"date":"2014-10-30T23:28:08","date_gmt":"2014-10-30T22:28:08","guid":{"rendered":"http:\/\/wordpress.p235598.webspaceconfig.de\/?post_type=product&#038;p=4092"},"modified":"2024-12-23T12:29:21","modified_gmt":"2024-12-23T11:29:21","slug":"storage-istorage-datashur-usb-2-0-stick","status":"publish","type":"product","link":"https:\/\/www.prosoft.de\/shop\/produkt\/storage-istorage-datashur-usb-2-0-stick\/","title":{"rendered":"iStorage datAshur"},"content":{"rendered":"<h3>iStorage datAshur \u2013 USB 2.0<\/h3>\n<p>Wesentliches Merkmal des FIPS 140-2 zertifizierten und mit 256-Bit AES hardwareverschl\u00fcsselten Flashspeicher ist die im Aluminiumgeh\u00e4use integrierte 10-stellige PIN-Tastatur, inkl. einer Statusanzeige per LED. Die Passwortabfrage wird \u00fcber die on-board Software des USB-Sticks durchgef\u00fchrt. Durch den integrierte Akku kann der 7-15 stellige PIN bereits maximal 30 Sekunden vor dem Einstecken des USB-Sticks an dem Host-Computer eingegeben werden. Ein Auslesen der PIN \u00fcber Keylogger oder einer anderen Schadsoftware ist damit unm\u00f6glich. Damit eignet sich iStorage datAshur auch perfekt f\u00fcr Thin-Clients, Embedded-Systems und Android Tablets. Der eingebaute Akku wird bei jeder Verbindung mit dem Host-Computer automatisch geladen.<\/p>\n<p>Der datAshur ist mit einer Brute-Force Protection ausgestattet. Nach maximal zehn erfolglosen PIN-Eingaben wird der Flashspeicher auf Werkseinstellung zur\u00fcckgesetzt und die gespeicherten Daten werden vollst\u00e4ndig gel\u00f6scht.<\/p>\n<h3>Password-Reset \u00fcber Super-PIN<\/h3>\n<p>Mittels eines von einem Administrator vorher definierten Super-PIN oder PUK, kann der USB-Stick wieder freigeschaltet werden, sollte der Anwender seine PIN vergessen haben.<\/p>\n<p>Wir m\u00f6chten darauf hinweisen, dass diese Funktion bei unseren anderen Angeboten von hardwareverschl\u00fcsselten USB-Sticks bewusst nicht m\u00f6glich ist, da ein vergessener oder gefundener USB-Stick im Haus durch den Finder \u00fcber den Administrator wieder freigeschaltet werden kann. Jeder iStorage datAshur kann auch vollst\u00e4ndig zur\u00fcckgesetzt werden und einem anderen Mitarbeiter \u00fcbergeben werden.<\/p>\n<p>Der hier angebotene iStorage datAshur ist komplett FIPS-140-2 Level 3 zertifiziert. Er ist kompatibel zu Windows, MAC OS, Linux, Android und Google Chrome und nur noch in der Kapazit\u00e4t 8 GB lieferbar. Die Herstellergarantie sind 3 Jahre.<\/p>\n<p>Der Hersteller bietet mit <a href=\"https:\/\/www.prosoft.de\/shop\/produkt\/istorage-datashur-pro-online-bestellen\/\">iStorage datAshur PRO<\/a> und <a href=\"https:\/\/www.prosoft.de\/shop\/produkt\/istorage_datashur_pro2\/\">iStorage datAshur PRO2<\/a> auch FIPS-zertifizierte USB 3.2 Sticks mit integrierter Tastatur an.<\/p>\n<p>&nbsp;<\/p>\n<p>&nbsp;<\/p>\n","protected":false},"excerpt":{"rendered":"<h2>FIPS 140-2 zertifizierter, hardwareverschl\u00fcsselter USB 2.0, mit PIN Tastatur<\/h2>\n<p>Zum Entsperren des Flashspeicher wird beim <strong>iStorage datAshur<\/strong> der PIN auf die integrierte\u00a0Tastatur eingegeben. Durch den\u00a0eingebauten Akku\u00a0kann der PIN\u00a0auch kurz vor dem Einstecken erfolgen. Das Auslesen der PIN \u00fcber Keylogger\u00a0ist damit unm\u00f6glich und der Stick ist perfekt f\u00fcr Thin-Clients und Tablets geeignet.<\/p>\n<p>Bitte beachten Sie die jeweils angegebene <strong>Mindestbestellmenge,<\/strong>\u00a0abh\u00e4ngig von der Kapazit\u00e4t!<\/p>\n<p>&nbsp;<\/p>\n","protected":false},"featured_media":4417,"comment_status":"open","ping_status":"closed","template":"","meta":[],"product_brand":[],"product_cat":[1153,1104,1106,1180,54],"product_tag":[1093,823],"class_list":{"0":"post-4092","1":"product","2":"type-product","3":"status-publish","4":"has-post-thumbnail","6":"product_cat-hardware","7":"product_cat-hersteller","8":"product_cat-istorage","9":"product_cat-istorage-datashur-usb-2-0-stick","10":"product_cat-verschluesselte-usb-sticks","11":"product_tag-usb-2-x","12":"product_tag-usb-stick-mit-pin-tastatur","14":"first","15":"instock","16":"taxable","17":"shipping-taxable","18":"purchasable","19":"product-type-variable"},"group_of_quantity":0,"min_quantity":0,"max_quantity":"","exclude_order_quantity_value_rules":"no","exclude_category_quantity_rules":"no","combine_variations":"no","_links":{"self":[{"href":"https:\/\/www.prosoft.de\/shop\/wp-json\/wp\/v2\/product\/4092","targetHints":{"allow":["GET"]}}],"collection":[{"href":"https:\/\/www.prosoft.de\/shop\/wp-json\/wp\/v2\/product"}],"about":[{"href":"https:\/\/www.prosoft.de\/shop\/wp-json\/wp\/v2\/types\/product"}],"replies":[{"embeddable":true,"href":"https:\/\/www.prosoft.de\/shop\/wp-json\/wp\/v2\/comments?post=4092"}],"wp:featuredmedia":[{"embeddable":true,"href":"https:\/\/www.prosoft.de\/shop\/wp-json\/wp\/v2\/media\/4417"}],"wp:attachment":[{"href":"https:\/\/www.prosoft.de\/shop\/wp-json\/wp\/v2\/media?parent=4092"}],"wp:term":[{"taxonomy":"product_brand","embeddable":true,"href":"https:\/\/www.prosoft.de\/shop\/wp-json\/wp\/v2\/product_brand?post=4092"},{"taxonomy":"product_cat","embeddable":true,"href":"https:\/\/www.prosoft.de\/shop\/wp-json\/wp\/v2\/product_cat?post=4092"},{"taxonomy":"product_tag","embeddable":true,"href":"https:\/\/www.prosoft.de\/shop\/wp-json\/wp\/v2\/product_tag?post=4092"}],"curies":[{"name":"wp","href":"https:\/\/api.w.org\/{rel}","templated":true}]}}