{"id":478197,"date":"2021-03-15T16:11:48","date_gmt":"2021-03-15T15:11:48","guid":{"rendered":"https:\/\/www.prosoft.de\/shop\/?post_type=product&#038;p=478197"},"modified":"2026-03-03T09:45:25","modified_gmt":"2026-03-03T08:45:25","slug":"datalocker-dl4-fe","status":"publish","type":"product","link":"https:\/\/www.prosoft.de\/shop\/produkt\/datalocker-dl4-fe\/","title":{"rendered":"DataLocker DL4 FE"},"content":{"rendered":"<h3>DataLocker DL4 FE \u2013 Managed Security to-go<\/h3>\n<p>Nutzen Sie die neue DataLocker HDD \/ SSD ohne zus\u00e4tzliche Treiber an Windows, Linux, macOS, bzw. jedem Device mit USB-C 3.2 Gen 1 Schnittstelle. Zur Verbindung mit dem Host werden ein USB-C auf USB-C sowie ein USB-C auf USB-A Kabel mitgeliefert. Die Konfiguration und Bedienung erfolgt \u00fcber den Farb-Touchscreen mit Zufallsanzeige der Tasten bei der Passworteingabe. Damit wird verhindert, dass Passw\u00f6rter durch verbleibende Fingerabdr\u00fccke erraten werden k\u00f6nnen. Als Men\u00fcsprachen stehen neben Deutsch auch Englisch, Franz\u00f6sisch und Spanisch zur Verf\u00fcgung.<\/p>\n<p>Die <strong>Datenverschl\u00fcsselung<\/strong> erfolgt manipulationssicher \u00fcber einen integrierten Chip mit 256-BIT AES Encryption im XTS-Modus. <strong>DataLocker DL4 FE<\/strong> Speicherger\u00e4te sind NIST FIPS 140-3 Level 3 MIP zertifiziert. Der integrierte Crypto-Chip ist zus\u00e4tzlich Common Criteria EAL 5+ zertifiziert; die Common Criteria cPP Zertifizierung ist beantragt. Das Speicherger\u00e4t entspricht den TAA, RoHS, FCC und CE Standards. Das robuste Geh\u00e4use, mit Kensington Security Slot&#x2122;, sch\u00fctzt das Laufwerk mechanisch und entspricht den Vorgaben IP64 (staubdicht und gesch\u00fctzt gegen allseitiges Spritzwasser). Alle elektronischen Bauteile sind gem\u00e4\u00df den FIPS-Vorgaben vergossen.<\/p>\n<p>Die externe USB-C Festplatte von DataLocker hat bereits einige <strong>Sicherheitsrichtlinien<\/strong> integriert. Der Device-Administrator kann die Passwortrichtlinien (nicht sequenziell, sich nicht wiederholende Sonderzeichen, Vorgabe der Passwortst\u00e4rke) f\u00fcr den\/die Anwender festlegen und bei Passwortverlust, die durch den Anwender gespeicherten Daten wiederherstellen. Zur Vermeidung von Brute-Force-Angriffen kann die Anzahl der fehlerhaften Passworteingaben ebenfalls festgelegt werden. Soweit konfiguriert, k\u00f6nnen Anwender das Speicherger\u00e4t oder die darauf gespeicherten Daten im Notfall, mithilfe eines Spezialcodes zerst\u00f6ren, ohne Spuren zu hinterlassen.<\/p>\n<h3>Optional: SafeConsole Remote-Management f\u00fcr mobile Speicherger\u00e4te<\/h3>\n<p align=\"LEFT\">Erweiterte Management-Funktionen sind \u00fcber das <a href=\"https:\/\/www.prosoft.de\/shop\/software\/security-loesungen\/safeconsole\/\">SafeConsole<\/a> USB-Device-Management m\u00f6glich (SafeConsoleRaeady). Damit lassen sich das Device und \/ oder die gespeicherten Daten auch remote durch den Admin zerst\u00f6ren, beispielsweise wenn es verloren oder gestohlen wurde. Geofencing und Trusted Networks passen die Sicherheitseinstellungen auf die jeweilige Lokation an. Alle Aktivit\u00e4ten am Speicherger\u00e4t sowie das Kopieren, \u00c4ndern und L\u00f6schen von Daten werden protokolliert. Fehlerhafte Anmeldeversuche, Standorte, Verbindungen mit Host-Computern sowie der Ger\u00e4tezustand werden im SafeConsole Audit aufgezeichnet. Optional kann auch eine Antivirenl\u00f6sung erg\u00e4nzt werden, die fortlaufend alle Dateien auf dem Laufwerk scannt und erkannte Malware in Quarant\u00e4ne nimmt. Die Aktualisierung der Signaturen erfolgt ebenfalls \u00fcber die SafeConsole bei jeder Verbindung zum Host-PC.<\/p>\n<p>Alle weiteren Informationen finden Sie im Datenblatt, in der Vergleichsmatrix oder unter Funktionen &amp; Daten<\/p>\n<p><strong>Mehr Informationen:<br \/>\n<\/strong><a href=\"https:\/\/www.prosoft.de\/shop\/wp-content\/uploads\/2021\/03\/DataLocker-DL4FE-DataSheet.pdf\">DataLocker DL4 FE Datenblatt<\/a><br \/>\n<a href=\"https:\/\/www.prosoft.de\/shop\/wp-content\/uploads\/2021\/03\/DataLocker-Hardware-Encryption-Matrix-March-2021.pdf\">Vergleichsmatrix HDD\/SSD<\/a><\/p>\n","protected":false},"excerpt":{"rendered":"<h2>DataLocker DL4 FE \u2013 zertifizierte Sicherheit bis 15 TB<\/h2>\n<p><strong>Sonderpreise bei allen Kapazit\u00e4ten!<\/strong> Die neu entwickelte DataLocker DL4 FE (FIPS Edition) <span class=\"VIiyi\" lang=\"de\"><span class=\"JLqJ4b ChMk0b\" data-language-for-alternatives=\"de\" data-language-to-translate-into=\"en\" data-phrase-index=\"10\">ist ein FIPS 140-2 Level 3-zertifiziertes USB-Speicherger\u00e4t mit <em>Common Crtieria EAL5<\/em>+ cPP Zertifizierung. Es basiert auf einer leistungsstarken kryptografischen AES-256-Bit-Hardwarearchitektur im XTS-Modus. Die integrierten automatisierten Richtlinien, \u00e4ndern die Sicherheitseinstellungen <\/span><\/span><span class=\"VIiyi\" lang=\"de\"><span class=\"JLqJ4b ChMk0b\" data-language-for-alternatives=\"de\" data-language-to-translate-into=\"en\" data-phrase-index=\"10\">intelligent, <\/span><\/span><span class=\"VIiyi\" lang=\"de\"><span class=\"JLqJ4b ChMk0b\" data-language-for-alternatives=\"de\" data-language-to-translate-into=\"en\" data-phrase-index=\"10\">je nach Standort und Verwendungszweck. <\/span><\/span><\/p>\n<p><strong>DataLocker DL4 FE<\/strong> ist sowohl als SSD in den Kapazit\u00e4ten von 1 TB bis 15,3 TB als auch als HDD mit 500 GB bis 2 TB verf\u00fcgbar. Die Herstellergarantie betr\u00e4gt 3 Jahre.<\/p>\n<p>Wir sind DataLocker SPARK GOLD PARTNER!<\/p>\n<p>&nbsp;<\/p>\n","protected":false},"featured_media":483651,"comment_status":"open","ping_status":"closed","template":"","meta":[],"product_brand":[],"product_cat":[1129,1265,1153,1104,272,53],"product_tag":[412,1267,1268,1266,473,1376,977],"class_list":{"0":"post-478197","1":"product","2":"type-product","3":"status-publish","4":"has-post-thumbnail","6":"product_cat-datalocker-festplatten","7":"product_cat-datalocker-dl4-fe","8":"product_cat-hardware","9":"product_cat-hersteller","10":"product_cat-neu-im-sortiment","11":"product_cat-verschluesselte-festplatten","12":"product_tag-aes-256-bit-verschluesselung","13":"product_tag-common-criteria-zertifiziert","14":"product_tag-datalocker-dl4","15":"product_tag-fips-140-2-l3","16":"product_tag-hardwareverschluesselte-ssd","17":"product_tag-safeconsoleready","18":"product_tag-verschluesselte-hdd","20":"first","21":"instock","22":"taxable","23":"shipping-taxable","24":"purchasable","25":"product-type-variable"},"group_of_quantity":0,"min_quantity":0,"max_quantity":"","exclude_order_quantity_value_rules":"no","exclude_category_quantity_rules":"no","combine_variations":"no","_links":{"self":[{"href":"https:\/\/www.prosoft.de\/shop\/wp-json\/wp\/v2\/product\/478197","targetHints":{"allow":["GET"]}}],"collection":[{"href":"https:\/\/www.prosoft.de\/shop\/wp-json\/wp\/v2\/product"}],"about":[{"href":"https:\/\/www.prosoft.de\/shop\/wp-json\/wp\/v2\/types\/product"}],"replies":[{"embeddable":true,"href":"https:\/\/www.prosoft.de\/shop\/wp-json\/wp\/v2\/comments?post=478197"}],"wp:featuredmedia":[{"embeddable":true,"href":"https:\/\/www.prosoft.de\/shop\/wp-json\/wp\/v2\/media\/483651"}],"wp:attachment":[{"href":"https:\/\/www.prosoft.de\/shop\/wp-json\/wp\/v2\/media?parent=478197"}],"wp:term":[{"taxonomy":"product_brand","embeddable":true,"href":"https:\/\/www.prosoft.de\/shop\/wp-json\/wp\/v2\/product_brand?post=478197"},{"taxonomy":"product_cat","embeddable":true,"href":"https:\/\/www.prosoft.de\/shop\/wp-json\/wp\/v2\/product_cat?post=478197"},{"taxonomy":"product_tag","embeddable":true,"href":"https:\/\/www.prosoft.de\/shop\/wp-json\/wp\/v2\/product_tag?post=478197"}],"curies":[{"name":"wp","href":"https:\/\/api.w.org\/{rel}","templated":true}]}}