{"id":481117,"date":"2021-06-15T15:37:10","date_gmt":"2021-06-15T13:37:10","guid":{"rendered":"https:\/\/www.prosoft.de\/shop\/?post_type=product&#038;p=481117"},"modified":"2026-02-09T14:52:27","modified_gmt":"2026-02-09T13:52:27","slug":"neowave-linkeo","status":"publish","type":"product","link":"https:\/\/www.prosoft.de\/shop\/produkt\/neowave-linkeo\/","title":{"rendered":"Neowave Linkeo Smartcard Reader"},"content":{"rendered":"<p>Die <strong>Smartcard Reader<\/strong> Linkeo-I und Linkeo NFC unterst\u00fctzen alle relevanten Chipkarten, Typen und Standards. Die Smartcard Reader werden bei den wichtigsten Betriebssystemen wie Microsoft Windows, Linux, MAC OS X und Android ohne zus\u00e4tzliche Treiber sofort erkannt. Dementsprechend sind die Einsatzszenarien breit gef\u00e4chert und nicht auf die <a href=\"https:\/\/www.prosoft.de\/shop\/produkt\/neowave-badgeo\/\">NEOWAVE Badgeo<\/a> Dual-Interface Smartcards reduziert. Gerade das kontaktlose NFC und RFID Leseger\u00e4t Linkeo NFC wird im Ticketing, E-Government, E-Banking, E-Payment, Transportwesen, Gesundheitswesen (Gesundheitskarte bzw. E-Health), PKI-Umgebungen, NAC (Network Access Control), Zugangskontrolle und Zutrittskontrolle, Zeiterfassung, Signierung etc. eingesetzt. Die Smartcard Reader von NEOWAVE haben 2 Jahre Garantie.<\/p>\n<h3>Linkeo NFC \u2013 kontaktloser Smartcard Reader<\/h3>\n<p>Der <strong>Linkeo-NFC Smartcard Reader<\/strong> erm\u00f6glicht ein einfaches und zuverl\u00e4ssiges Lesen von RFID- und NFC-Karten und Tags. Dieses einfache und praktische Produkt hat sich bereits in zahlreichen NFC-Anwendungen bew\u00e4hrt. Basierend auf der kontaktlosen Kommunikationstechnologie ISO14443 mit 13,56 MHz, unterst\u00fctzt es kompatible Karten der Norm ISO14443 in Typ A und B, aber auch MIFARE-Karten sowie NFC- und FeliCa-Smartcards und Tags (Kontaktloses RFID Smartcard-System von Sony).<\/p>\n<p><strong>PC-Schnittstellen<\/strong><\/p>\n<ul>\n<li>USB 2.0 in voller Geschwindigkeit<\/li>\n<li>Plug &amp; Play PC\/SC, CCID<\/li>\n<li>WHQL (Windows Hardware Quality Labs)<\/li>\n<li>EMV 2000 Level One<\/li>\n<li>Ohne zus\u00e4tzliche Treiber kompatibel zu Windows, MAC OS X, Linux und Android<\/li>\n<\/ul>\n<p><strong>Unterst\u00fctzte Karten<\/strong><\/p>\n<ul>\n<li>ISO 14443 Typ A und B-Karten<\/li>\n<li>NFC ISO 18092 Tags<\/li>\n<li>MIFARE, DESFire und FeliCa<\/li>\n<li>NFC (4 Typen)<\/li>\n<li>Kompatibel mit ID-1 Smartcards (86*54 mm)<\/li>\n<li>kontaktlos NFC und RFID<\/li>\n<\/ul>\n<p><strong>Die von Linkeo NFC Smartcard Reader u<\/strong><strong>nterst\u00fctzten Standards<br \/>\n<\/strong><\/p>\n<ul>\n<li>ISO\/IEC 18092<\/li>\n<li>T=CL (13,56 MHz)<\/li>\n<li>Schutz vor Kurzschluss an allen Pins<\/li>\n<li>RoHS<\/li>\n<li>CE, FCC<\/li>\n<li>zweifarbige Status-LED<\/li>\n<li>Maximal 200 mA<\/li>\n<li>Lebensdauer &gt;100.000 Steckzyklen<\/li>\n<li>Farbe Wei\u00df<\/li>\n<li>Kabell\u00e4nge 1 m<\/li>\n<\/ul>\n<p><a href=\"https:\/\/www.prosoft.de\/shop\/wp-content\/uploads\/2021\/06\/Linkeo-NFC-Smartcard-Reader-Datenblatt-EN.pdf\">Datenblatt Linkeo NFC Smartcard Reader<\/a><\/p>\n<h3>Linkeo-I \u2013 mechanischer Smartcard Reader<\/h3>\n<p>Das Linkeo-I Chipkartenleseger\u00e4t verf\u00fcgt \u00fcber ein einfaches und robustes Design, das sich bereits in den wichtigsten Smartcard-Anwendungen wie Zutrittskontrolle, Zeiterfassung, Gesundheitswesen etc. bew\u00e4hrt hat. Dank der PC \/ SC CCID-Kompatibilit\u00e4t kann der Reader einfach installiert, implementiert und in eine PC-Umgebung integriert werden. Danke der Kompatibilit\u00e4t stellt Linkeo-I die perfekte Verbindung zu PCs dar. Auf allen aktuellen Windows-, Linux- und Mac- und Android Betriebssystemen sind keine Treiber notwendig.<\/p>\n<p><strong>PC-Schnittstellen<\/strong><\/p>\n<ul>\n<li>USB 2.0 in voller Geschwindigkeit<\/li>\n<li>Auch als\u00a0 Variante f\u00fcr USB-C verf\u00fcgbar (Art.-Nr. \/ SKU 3760308520477)<\/li>\n<li>Plug &amp; Play PC\/SC, CCID<\/li>\n<li>WHQL (Windows Hardware Quality Labs)<\/li>\n<li>EMV 2000 Level One<\/li>\n<li>Ohne zus\u00e4tzliche Treiber kompatibel zu Windows, macOS X, Linux und Android<\/li>\n<\/ul>\n<p><strong>Unterst\u00fctzte Karten<\/strong><\/p>\n<ul>\n<li>Mikroprozessorkarten mit den Protokollen T=0 und T=1<\/li>\n<li>Speicherkarten SLE4418\/28\/32 und SLE 5542<\/li>\n<li>Unterst\u00fctzt die meisten Karten mit I2C-Protokoll und sicheren Speicherkarten gem\u00e4\u00df ISO 7816<\/li>\n<li>Klasse A-, B-, C-Karten (5V, 3V, 1,8V)<\/li>\n<li>Unterst\u00fctzung von PPS-Befehlen (Protokolle und Parameterauswahl)<\/li>\n<\/ul>\n<p><strong>Die von Linkeo-I Smartcard Reader u<\/strong><strong>nterst\u00fctzten Standards<br \/>\n<\/strong><\/p>\n<ul>\n<li>EN60950\/ IEC 60950<\/li>\n<li>ISO 7816<\/li>\n<li>Schutz vor Kurzschluss an allen Pins<\/li>\n<li>RoHS<\/li>\n<li>CE, FCC<\/li>\n<li>Status-LED<\/li>\n<li>Maximal 200 mA<\/li>\n<li>Lebensdauer &gt;100.000 Steckzyklen<\/li>\n<li>Farbe Schwarz<\/li>\n<li>Kabell\u00e4nge 1, 5 m<\/li>\n<\/ul>\n<p><a href=\"https:\/\/www.prosoft.de\/shop\/wp-content\/uploads\/2021\/06\/Linkeo-I-Smartcard-Reader-Datenblatt-EN.pdf\">Datenblatt Linkeo-I Smartcard Reader<\/a><\/p>\n<h3>Mehr erfahren<\/h3>\n<ul>\n<li>NEOWAVE <a href=\"https:\/\/www.prosoft.de\/shop\/produkt\/neowave-winkeo-fido2\/\">Winkeo FIDO2<\/a><\/li>\n<li>NEOWAVE <a href=\"https:\/\/www.prosoft.de\/shop\/produkt\/neowave-badgeo\/\">Badgeo Smartcard<\/a> (Dual-Interface mit NFC)<\/li>\n<li><a href=\"https:\/\/youtu.be\/37WCBLRmoPw\" target=\"_blank\" rel=\"noopener noreferrer\">Video<\/a> Windows 10 Anmeldung mit Neowave FIDO2<\/li>\n<li><a href=\"https:\/\/www.prosoft.de\/loesungen\/sichere-authentifizierung\/hardware-token\/\" target=\"_blank\" rel=\"noopener\">Hardware Token<\/a> \u00dcbersicht bei ProSoft<\/li>\n<\/ul>\n","protected":false},"excerpt":{"rendered":"<h2>NEOWAVE Linkeo Smartcard Reader<\/h2>\n<p>Der franz\u00f6sische Hersteller NEOWAVE bietet neben USB-Token <a href=\"https:\/\/www.prosoft.de\/shop\/produkt\/neowave-winkeo-fido2\/\">Winkeo FIDO2<\/a> sowie der Dual-Interface Smartcard mit NFC <a href=\"https:\/\/www.prosoft.de\/shop\/produkt\/neowave-badgeo\/\">Badgeo FIDO2<\/a> auch die entsprechenden Chipkartenlesegr\u00e4te respektive Smartcard Reader namens Neowave Linkeo an. Die Tischlesegr\u00e4te arbeiten entweder kontaktbehaftet bzw. mechanisch (Linkeo-I) oder kontaktlos mit NFC und\/oder RFID (Linkeo NFC).<\/p>\n<p>&nbsp;<\/p>\n","protected":false},"featured_media":481120,"comment_status":"open","ping_status":"closed","template":"","meta":[],"product_brand":[],"product_cat":[367,1153,1296,272,930,1287],"product_tag":[1288,296,1289,1373,1374,1275,1290,1279,1292],"class_list":{"0":"post-481117","1":"product","2":"type-product","3":"status-publish","4":"has-post-thumbnail","6":"product_cat-exklusiv-bei-prosecurity","7":"product_cat-hardware","8":"product_cat-neowave","9":"product_cat-neu-im-sortiment","10":"product_cat-security-token","11":"product_cat-smartcard-reader","12":"product_tag-chipkarten-lesegeraet","13":"product_tag-chipkarten-terminal","14":"product_tag-chipkartenleser","15":"product_tag-mifare","16":"product_tag-nfc-lesegeraet","17":"product_tag-passwortlose-authentifizierung","18":"product_tag-smart-card-reader","19":"product_tag-smartcard-mit-nfc","20":"product_tag-smartcard-reader-nfc","22":"first","23":"instock","24":"taxable","25":"shipping-taxable","26":"purchasable","27":"product-type-variable"},"group_of_quantity":0,"min_quantity":3,"max_quantity":"","exclude_order_quantity_value_rules":"no","exclude_category_quantity_rules":"no","combine_variations":"no","_links":{"self":[{"href":"https:\/\/www.prosoft.de\/shop\/wp-json\/wp\/v2\/product\/481117","targetHints":{"allow":["GET"]}}],"collection":[{"href":"https:\/\/www.prosoft.de\/shop\/wp-json\/wp\/v2\/product"}],"about":[{"href":"https:\/\/www.prosoft.de\/shop\/wp-json\/wp\/v2\/types\/product"}],"replies":[{"embeddable":true,"href":"https:\/\/www.prosoft.de\/shop\/wp-json\/wp\/v2\/comments?post=481117"}],"wp:featuredmedia":[{"embeddable":true,"href":"https:\/\/www.prosoft.de\/shop\/wp-json\/wp\/v2\/media\/481120"}],"wp:attachment":[{"href":"https:\/\/www.prosoft.de\/shop\/wp-json\/wp\/v2\/media?parent=481117"}],"wp:term":[{"taxonomy":"product_brand","embeddable":true,"href":"https:\/\/www.prosoft.de\/shop\/wp-json\/wp\/v2\/product_brand?post=481117"},{"taxonomy":"product_cat","embeddable":true,"href":"https:\/\/www.prosoft.de\/shop\/wp-json\/wp\/v2\/product_cat?post=481117"},{"taxonomy":"product_tag","embeddable":true,"href":"https:\/\/www.prosoft.de\/shop\/wp-json\/wp\/v2\/product_tag?post=481117"}],"curies":[{"name":"wp","href":"https:\/\/api.w.org\/{rel}","templated":true}]}}