{"id":482090,"date":"2022-11-08T16:54:09","date_gmt":"2022-11-08T15:54:09","guid":{"rendered":"https:\/\/www.prosoft.de\/shop\/?post_type=product&#038;p=482090"},"modified":"2026-03-09T09:46:10","modified_gmt":"2026-03-09T08:46:10","slug":"ecos-securebootstick-he","status":"publish","type":"product","link":"https:\/\/www.prosoft.de\/shop\/produkt\/ecos-securebootstick-he\/","title":{"rendered":"ECOS SecureBootStick HE"},"content":{"rendered":"<p>\u00abNew Work\u00bb und hybride Arbeitsmodelle stellen f\u00fcr die IT-Sicherheit ein erh\u00f6htes Risiko dar. BYOD oder auch f\u00fcr private Zwecke genutzte Firmen-Devices sind per se ein Problem. Eine Trennung von privater und gesch\u00e4ftlicher Nutzung ist ein sicherer Ansatz, um den hohen Risiken zu begegnen. ECOS SecureBootStick HE (Art.-Nr SBS420) bootet das Endger\u00e4t durch das speziell geh\u00e4rtete ECOS Secure Linux-Betriebssystem, ohne das Betriebssystem des Endger\u00e4tes zu aktivieren. Wie der <a href=\"https:\/\/www.prosoft.de\/shop\/produkt\/securebootstick_cl\/\">SecureBootStick CL<\/a> bietet auch der <strong>ECOS SecureBootStick HE<\/strong> USB-Stick eine sichere Zwei-Faktor-Authentifizierung. Im Unterschied zum CL-Modell sind die gespeicherten Daten durch Hardwareverschl\u00fcsselung und weitere Sicherheitsfunktionen auf dem USB-Stick zus\u00e4tzlich gesch\u00fctzt. Die ebenfalls integrierte Firewall sorgt f\u00fcr zus\u00e4tzliche Sicherheit beim Fernzugriff auf Terminalserver, Virtual-Desktop-Infrastruktur (VDI) und Webanwendungen.<\/p>\n<h3>Die 4 wichtigsten Gr\u00fcnde f\u00fcr ECOS SecureBootStick HE<\/h3>\n<ol>\n<li>Die <strong>datenschutzkonforme<\/strong> Trennung von privater und gesch\u00e4ftlicher Nutzung von Firmen- oder privaten Endger\u00e4ten ist eine elementare Sicherheitsfunktion. Wird der Boot-Stick vom USB-Port getrennt, wird der Anwender automatisch ausgeloggt (Instant Logout).<\/li>\n<li>Ist der USB-Boot-Stick mit dem USB-Port verbunden, erfolgt der <strong>hochsichere<\/strong> Bootvorgang \u00fcber das auf dem SecureBootStick vorinstallierte geh\u00e4rtete ECOS Linux-Betriebssystem. Damit wird eine gekapselte und sichere Systemumgebung erreicht. Bootloader, Firmware und Applikationen sind auf einer digital signierten und schreibgesch\u00fctzten Partition unver\u00e4nderbar installiert. Zus\u00e4tzlich sind alle Konfigurationen, Sicherheitsfunktionen und Applikationen auf dem SBS HE hardwareverschl\u00fcsselt gespeichert.<\/li>\n<li>Das Rollout kann kurzfristig und <strong>einfach<\/strong> erfolgen, da s\u00e4mtliche Konfigurationseinstellungen und Applikationen bereits vorinstalliert sind. Die Benutzer haben eine benutzerfreundliche Oberfl\u00e4che, in der sie die Zug\u00e4nge nur noch anklicken m\u00fcssen, um sie zu aktivieren.<\/li>\n<li>Die L\u00f6sung ist durch das zentrale Management, die im Vergleich zu anderen L\u00f6sungen geringen Investitionskosten und den minimalen Support sehr <strong>wirtschaftlich<\/strong>.<\/li>\n<\/ol>\n<h3>Vorinstallierte Applikationen<\/h3>\n<p>Die folgenden <strong>Remote Access Applikationen<\/strong> sind auf dem ECOS SecureBootStick HE installiert<\/p>\n<ul>\n<li>RDP-Client<\/li>\n<li>Citrix Workspace App (vorher Citrix Receiver)<\/li>\n<li>VMware Horizon \u00fcber RDP<\/li>\n<li>PCoIP (PC over IP)<\/li>\n<li>BLAST<\/li>\n<li>Firefox &amp; Chromium Browser<\/li>\n<li>VNC Viewer<\/li>\n<li>VPN-Client \u00fcber IPsec<\/li>\n<li>Citrix HDX RealTime Media Engine (f\u00fcr Audio\/Video bei Skype Business und Microsoft Teams)\u00a0 und Microsoft RemoteFX zur Optimierung der Audio- und Video-Qualit\u00e4t<\/li>\n<\/ul>\n<p>Wird der Boot-Stick vom USB-Port getrennt, wird der Anwender automatisch ausgeloggt (Instant Logout). Als <strong>Zielsysteme<\/strong> werden Microsoft RDSH, WTS ab 2000, Citrix Virtual Apps &amp; Desktops, VMware Horizon oder Webserver RDS oder RD-Freigabe unterst\u00fctzt. Die VPN-Anbindung an g\u00e4ngige Gateways erfolgt \u00fcber IPsec, OpenVPN oder HTTPS. Zus\u00e4tzlich werden die VPN-Clients Cisco AnyConnect, Juniper sowie F5 unterst\u00fctzt.<\/p>\n<h3>Mehr erfahren<\/h3>\n<ul>\n<li><a href=\"https:\/\/www.prosoft.de\/shop\/wp-content\/uploads\/2022\/11\/Datenblatt_ECOS_SecureBootStick_HE.pdf\">Datenblatt ECOS SecureBootStick HE<\/a><\/li>\n<li><a href=\"https:\/\/youtu.be\/mQVbYIcszkQ\" target=\"_blank\" rel=\"noopener\">Anwender Video<\/a><\/li>\n<li>Aktivierung und Anleitung <a href=\"https:\/\/www.ecos.de\/customer-service\/helpdesk\" target=\"_blank\" rel=\"noopener\">ECOS Helpdesk \/ FAQ<\/a><\/li>\n<\/ul>\n","protected":false},"excerpt":{"rendered":"<h2>Starke Zwei-Faktor-Authentifizierung per Krypto-Anker<\/h2>\n<p>Der SecureBootStick HE von ECOS vereint Sicherheit durch eine gekapselte Systemumgebung mit einer sicheren, kryptografischen Zwei-Faktor-Authentifizierung. Dadurch sind sichere Zugriffe auf Cloud-Dienste und Unternehmensnetzwerke m\u00f6glich. Die Personalisierung zum Anwender erfolgt \u00fcber ein Zertifikat, das auf dem hardwareverschl\u00fcsselten und mit zahlreichen Sicherheitsfunktionen gesch\u00fctzten USB-Stick sicher gespeichert wird. Die Hardware von ECOS gibt es auch mit BSI-Zulassung f\u00fcr VS-NfD, EU- und NATO restricted.<\/p>\n","protected":false},"featured_media":482139,"comment_status":"open","ping_status":"closed","template":"","meta":[],"product_brand":[],"product_cat":[1366,1153,272,1348,930],"product_tag":[1371,1344,1364,1363,1350,1372],"class_list":{"0":"post-482090","1":"product","2":"type-product","3":"status-publish","4":"has-post-thumbnail","6":"product_cat-ecos-securebootstick-he","7":"product_cat-hardware","8":"product_cat-neu-im-sortiment","9":"product_cat-securebootstick","10":"product_cat-security-token","11":"product_tag-ecos-secure-linux","12":"product_tag-ecos-technology-gmbh","13":"product_tag-sbs420","14":"product_tag-secure-boot-stick-he","15":"product_tag-sicher-booten","16":"product_tag-sicherer-fernzugriff","18":"first","19":"instock","20":"taxable","21":"shipping-taxable","22":"purchasable","23":"product-type-variable"},"group_of_quantity":0,"min_quantity":0,"max_quantity":"","exclude_order_quantity_value_rules":"no","exclude_category_quantity_rules":"no","combine_variations":"no","_links":{"self":[{"href":"https:\/\/www.prosoft.de\/shop\/wp-json\/wp\/v2\/product\/482090","targetHints":{"allow":["GET"]}}],"collection":[{"href":"https:\/\/www.prosoft.de\/shop\/wp-json\/wp\/v2\/product"}],"about":[{"href":"https:\/\/www.prosoft.de\/shop\/wp-json\/wp\/v2\/types\/product"}],"replies":[{"embeddable":true,"href":"https:\/\/www.prosoft.de\/shop\/wp-json\/wp\/v2\/comments?post=482090"}],"wp:featuredmedia":[{"embeddable":true,"href":"https:\/\/www.prosoft.de\/shop\/wp-json\/wp\/v2\/media\/482139"}],"wp:attachment":[{"href":"https:\/\/www.prosoft.de\/shop\/wp-json\/wp\/v2\/media?parent=482090"}],"wp:term":[{"taxonomy":"product_brand","embeddable":true,"href":"https:\/\/www.prosoft.de\/shop\/wp-json\/wp\/v2\/product_brand?post=482090"},{"taxonomy":"product_cat","embeddable":true,"href":"https:\/\/www.prosoft.de\/shop\/wp-json\/wp\/v2\/product_cat?post=482090"},{"taxonomy":"product_tag","embeddable":true,"href":"https:\/\/www.prosoft.de\/shop\/wp-json\/wp\/v2\/product_tag?post=482090"}],"curies":[{"name":"wp","href":"https:\/\/api.w.org\/{rel}","templated":true}]}}