{"id":482100,"date":"2022-11-17T09:24:39","date_gmt":"2022-11-17T08:24:39","guid":{"rendered":"https:\/\/www.prosoft.de\/shop\/?post_type=product&#038;p=482100"},"modified":"2025-12-09T13:29:21","modified_gmt":"2025-12-09T12:29:21","slug":"ironkey-vault-privacy-50-usb-stick","status":"publish","type":"product","link":"https:\/\/www.prosoft.de\/shop\/produkt\/ironkey-vault-privacy-50-usb-stick\/","title":{"rendered":"IronKey Vault Privacy 50"},"content":{"rendered":"<h3>NEU: IronKey Vault Privacy 50<\/h3>\n<p>Mit verschl\u00fcsselten USB-Sticks unter physischer Kontrolle durch den Benutzer, erreichen Sie einen h\u00f6heren Datenschutz als dies bei \u00f6ffentlich zug\u00e4nglichen Internet- und Cloud-Diensten m\u00f6glich ist. Der USB-Flashspeicher <strong>IronKey Vault Privacy 50<\/strong> USB 3.2 (Gen1, USB Typ A) bietet h\u00f6chste Sicherheit in Unternehmensqualit\u00e4t. Alle gespeicherten Daten werden mit der integrierten 256-Bit AES Hardwareverschl\u00fcsselung im XTS Blockchiffre-Modus gespeichert. Um sie lesbar zu machen, ist eine passwortgesch\u00fctzte Entschl\u00fcsselung notwendig. Zum sicheren Schutz aller gespeicherten Dateien gegen unbefugten Zugriff muss bei verschl\u00fcsselten USB-Sticks immer zwingend ein Passwort mit Mindestanforderungen eingegeben werden. Das Men\u00fc zur Passworteingabe erscheint automatisch (Autorun) oder wird manuell gestartet.<\/p>\n<h3>Multi-Passwort-Option &amp; Passphrase-Modus<\/h3>\n<p>Die Multi-Passwort-Option unterscheidet zwischen Admin-, Benutzer- und einmaligen Wiederherstellungspasswort. Das einmalige Wiederherstellungspasswort ist nur f\u00fcr das Benutzerkonto g\u00fcltig. Die Passw\u00f6rter werden ausschlie\u00dflich auf dem IronKey USB-Stick validiert. Mit der Multi-Passwort-Option k\u00f6nnen kleine und mittelst\u00e4ndische Unternehmen die Verwaltung von USB-Sticks umsetzen.<\/p>\n<p>Nach mehr als 10 ung\u00fcltigen Passw\u00f6rtern, die hintereinander eingegeben werden, sperrt der IKVP50 Benutzer- und Wiederherstellungspasswort zum Schutz vor Brute-Force-Attacken und (krypto-) l\u00f6scht die Daten auf dem USB-Stick. Der Admin kann mit seinem Passwort das Benutzer- und einmalige Wiederherstellungspasswort zur\u00fccksetzen und neu aktivieren. Der neue Passphrase-Modus erlaubt nicht nur komplexe Passw\u00f6rter bestehend aus Klein- und Gro\u00dfbuchstaben, Zahlen und Sonderzeichen, sondern auch ganze Passphrases (Wortliste oder Texte) mit 10 bis 64 Zeichen. Die Passw\u00f6rter und Passphrases k\u00f6nnen zum Schutz vor Keyloggern oder Screenloggern auf einer virtuellen Tastatur eingegeben und angezeigt werden.<\/p>\n<h3>Dualer Schreibschutzmodus<\/h3>\n<p>Zum Schutz gegen potenzielle Malware-Risiken ist der IKVP50 auch mit einem dualen Schreibschutzmodus f\u00fcr Admin und Benutzerkonto ausgestattet. Der Schreibschutzmodus kann auch sitzungsbasiert eingerichtet werden. F\u00fcr die Nutzung unter Windows (11, 10, 8.1) und macOS (10.14.x -12.xx)\u00a0 sind weder Administrationsrechte noch zus\u00e4tzliche Treiber und Software erforderlich.<\/p>\n<p>Der <strong>IKVP50\u00a0<\/strong> von Kingston Technology ist zus\u00e4tzlich mechanisch durch sein unempfindliches und wasserdichtes Aluminiumgeh\u00e4use gesch\u00fctzt. Er ist TAA-konform und der Verschl\u00fcsselungs-Algorithmus FIPS 197 validiert. Er ist wasserdicht bis 1,2 m Wassertiefe (IPX8) Kingston bietet f\u00fcr den IKVP50 5 Jahre eingeschr\u00e4nkte Herstellergarantie.<\/p>\n<p>Individualisieren Sie den IronKey USB-Stick \u00fcber das Kingston Personalisierungsprogramm und passen Sie ihn auf, die Unternehmens-CI an. Dazu geh\u00f6ren unter anderem eine individuelle Produkt-ID (PID) zur Freigabe in DLP-L\u00f6sungen oder andere Sicherheitskonfigurationen ab Werk. Au\u00dferdem besteht die M\u00f6glichkeit den USB-Stick mit Ihrem Firmenlogo, der Seriennummer oder einem Barcode zu bedrucken und die Geh\u00e4usefarbe vorzugeben. Hierzu ist eine Mindestabnahmemenge erforderlich. Die Bedingungen k\u00f6nnen Sie \u00fcber unser <a href=\"https:\/\/www.prosoft.de\/shop\/service-support\/kontaktformular\/\">Kontaktformular<\/a> erfragen.<\/p>\n<p>Der IKVP50 USB-Stick wird in den Kapazit\u00e4ten 8 GB, 16 GB, 32 GB, 64 GB, 128 GB und 256 GB angeboten.<\/p>\n<p>&nbsp;<\/p>\n<p>&nbsp;<\/p>\n<p>&nbsp;<\/p>\n","protected":false},"excerpt":{"rendered":"<h2>Verschl\u00fcsselter USB 3.2 Stick mit Multi-Passwort-Option<\/h2>\n<p><strong>Neu: IronKey Vault Privacy 50<\/strong><\/p>\n<p>Der neue 256-BIT AES hardwareverschl\u00fcsselte IronKey Vault Privacy 50 (SKU: IKVP50) bietet einige neue Funktionen, die bis dato bei verschl\u00fcsselten USB-Sticks nicht zu finden waren. Dazu z\u00e4hlen die Multi-Passwort-Option (Multi-Password-Option), der Passphrase-Modus, der l\u00e4ngere Passw\u00f6rter oder ganze Passphrases erm\u00f6glicht sowie der duale Schreibschutzmodus.<\/p>\n<p><strong>Der Hersteller Kingston \u00e4ndert aktuell die Preise!<\/strong> Sobald die neuen Preise verf\u00fcgbar sind, k\u00f6nnen Sie wieder direkt bei uns bestellen. Senden Sie uns zwischenzeitlich gerne <a href=\"https:\/\/www.prosoft.de\/shop\/service-support\/angebot-anfordern\/\">eine Preisanfrage<\/a> und wir senden Ihnen eine unverbindliche Preisangabe bzw. ein Angebot zu!<\/p>\n<p>&nbsp;<\/p>\n","protected":false},"featured_media":482107,"comment_status":"open","ping_status":"closed","template":"","meta":[],"product_brand":[],"product_cat":[1153,1218,1191,54],"product_tag":[1368,1358,1359,1357,1355,1356,1369,1370,957,501,1039],"class_list":{"0":"post-482100","1":"product","2":"type-product","3":"status-publish","4":"has-post-thumbnail","6":"product_cat-hardware","7":"product_cat-kingston","8":"product_cat-kingston-technology","9":"product_cat-verschluesselte-usb-sticks","10":"product_tag-dualer-schreibschutz","11":"product_tag-ikvp50-16gb","12":"product_tag-ikvp50-32gb","13":"product_tag-ikvp50-8gb","14":"product_tag-ironkey-usb","15":"product_tag-ironkey-vault-privacy","16":"product_tag-multi-passwort","17":"product_tag-passphrase","18":"product_tag-sicherer-usb-stick","19":"product_tag-usb-speichersticks","20":"product_tag-verschluesselter-usb-stick","22":"first","23":"instock","24":"taxable","25":"shipping-taxable","26":"product-type-variable"},"group_of_quantity":0,"min_quantity":0,"max_quantity":"","exclude_order_quantity_value_rules":"no","exclude_category_quantity_rules":"no","combine_variations":"no","_links":{"self":[{"href":"https:\/\/www.prosoft.de\/shop\/wp-json\/wp\/v2\/product\/482100","targetHints":{"allow":["GET"]}}],"collection":[{"href":"https:\/\/www.prosoft.de\/shop\/wp-json\/wp\/v2\/product"}],"about":[{"href":"https:\/\/www.prosoft.de\/shop\/wp-json\/wp\/v2\/types\/product"}],"replies":[{"embeddable":true,"href":"https:\/\/www.prosoft.de\/shop\/wp-json\/wp\/v2\/comments?post=482100"}],"wp:featuredmedia":[{"embeddable":true,"href":"https:\/\/www.prosoft.de\/shop\/wp-json\/wp\/v2\/media\/482107"}],"wp:attachment":[{"href":"https:\/\/www.prosoft.de\/shop\/wp-json\/wp\/v2\/media?parent=482100"}],"wp:term":[{"taxonomy":"product_brand","embeddable":true,"href":"https:\/\/www.prosoft.de\/shop\/wp-json\/wp\/v2\/product_brand?post=482100"},{"taxonomy":"product_cat","embeddable":true,"href":"https:\/\/www.prosoft.de\/shop\/wp-json\/wp\/v2\/product_cat?post=482100"},{"taxonomy":"product_tag","embeddable":true,"href":"https:\/\/www.prosoft.de\/shop\/wp-json\/wp\/v2\/product_tag?post=482100"}],"curies":[{"name":"wp","href":"https:\/\/api.w.org\/{rel}","templated":true}]}}