{"id":482333,"date":"2023-03-23T09:41:19","date_gmt":"2023-03-23T08:41:19","guid":{"rendered":"https:\/\/www.prosoft.de\/shop\/?post_type=product&#038;p=482333"},"modified":"2025-12-09T13:32:41","modified_gmt":"2025-12-09T12:32:41","slug":"kingston-ironkey-keypad-200-online-bestellen","status":"publish","type":"product","link":"https:\/\/www.prosoft.de\/shop\/produkt\/kingston-ironkey-keypad-200-online-bestellen\/","title":{"rendered":"IronKey Keypad 200"},"content":{"rendered":"<h2>IronKey Keypad 200 von Kingston Technology<\/h2>\n<p>Mit dem IronKey Keypad 200 (SKU: IKKP200) von Kingston erhalten Sie hohe <strong>Datensicherheit<\/strong> und Flexibilit\u00e4t im Taschenformat. Zur Eingabe von Passwort oder PIN ist eine integrierte alphanumerische Tastatur im USB-Stick Geh\u00e4use integriert. Der USB-Speicher wird mittels eines Passwortes oder einer Nummernkombination (Passcode) auf der PIN-Tastatur entsperrt. Der jeweilige Status wird dabei immer per LED-Indikator angezeigt. Durch den im USB-Stick integrierten Akku, kann das Passwort oder die PIN auch vorab eingegeben werden. Damit geh\u00f6rt der Keypad 200 zu den wenigen hardwareverschl\u00fcsselten USB-Sticks, die auch an eingebetteten (<strong>embedded<\/strong>) Systemen, auf <strong>Thin Clients<\/strong> und sogar zusammen mit <strong>Android-Tablets bzw. Smartphones<\/strong> (ggf. \u00fcber Adapter) sicher genutzt werden k\u00f6nnen.<\/p>\n<h3>H\u00f6chste Sicherheit<\/h3>\n<p>Eine automatische Sperrfunktion wird aktiviert, sobald der USB-Stick abgesteckt wird. Der Chiffrierungs-Schl\u00fcssel wird zus\u00e4tzlich nach zehn ung\u00fcltigen Passworteingaben gel\u00f6scht. Danach k\u00f6nnen die darauf gespeicherten Daten nicht mehr entschl\u00fcsselt werden. Die hardwarebasierte AES 256-Bit Datenverschl\u00fcsselung im h\u00f6chsten XTS-Modus findet direkt auf dem Device statt und kann \u00fcber den Host-Computer nicht nachverfolgt werden.<\/p>\n<h3>Hohe Geschwindigkeit auf allen relevanten Plattformen<\/h3>\n<p>Der IKKP200 ist weitgehend unabh\u00e4ngig vom jeweiligen Host-Betriebssystem. Der Einsatz ist auf jedem Ger\u00e4t mit USB 2.0 oder USB 3.2 Gen 1 (USB 3.0) Anschluss sofort m\u00f6glich. Er ist hochperformant und unterst\u00fctzt mit den Betriebssystemen Windows, macOS, Linux, Chrome OS, Android, Thin Clients und Embedded-Systemen mehr Plattformen als andere USB-Sticks. Trotzdem sind keine zus\u00e4tzliche Software, Treiber oder Administrationsrechte erforderlich. Durch seine extrem solide Bauweise ist der USB-Speicher gegen Feuchtigkeit, Wasser und Staub bestens gesch\u00fctzt. Die maximal erreichbaren Geschwindigkeiten bei der Daten\u00fcbertragung sind bis zu 145 MB\/s Lesen und 115 MB\/s Schreiben (USB3.2 Gen 1).<\/p>\n<h3>Multi-PIN-Option integriert<\/h3>\n<p>Sie haben beim Keypad 200 die M\u00f6glichkeit, einen Benutzer- oder einen Admin-\/Benutzermodus einzurichten. Sind Administratoren eingerichtet, k\u00f6nnen diese eine Benutzer-PIN wiederherstellen und den Zugriff auf den Stick erm\u00f6glichen, wenn die Benutzer-PIN vergessen oder wenn der Stick nach Erreichen der maximalen Anzahl von 10 Anmeldeversuchen des Benutzers gesperrt wurde.<\/p>\n<h3>Schreibschutz \u2013 tempor\u00e4r oder dauerhaft<\/h3>\n<p>Benutzer und Administratoren k\u00f6nnen einen sitzungsbasierten Schreibschutz (Nur-Lesen-Modus) vor Verbindung mit unsicheren Systemen zum Schutz vor Malware aktivieren. Admins k\u00f6nnen auch einen dauerhaften Schreibschutz konfigurieren, der erst nach einem Reset des Kingston IronKey Keypad 200 wieder deaktiviert wird.<\/p>\n<h3>Weitere Vorteile des Keypad 200<\/h3>\n<ul>\n<li><strong>100 % Schutz durch Verschl\u00fcsselung\u00a0\u00a0\u2014 <\/strong>die gesamten Daten werden \u00fcber die PIN bzw. Passwort und 256-Bit AES Hardware-Verschl\u00fcsselung (XTS) gesch\u00fctzt.<\/li>\n<li><strong>\u00c4u\u00dferst benutzerfreundlich\u00a0\u2014 <\/strong>seine alphanumerische Tastatur macht den IronKey USB-Stick so bedienerfreundlich. Zum Entsperren muss man nur die PIN auf der integrierten Tastatur eingeben. Durch den integrierten Akku kann die PIN-Eingabe auch schon vorab erfolgen<\/li>\n<li><strong>Robust<\/strong> \u2013 Aluminium Geh\u00e4use, alle Bauteile vergossen, wasserdicht bis 0,90 m<\/li>\n<li><strong>Brute-Force-Schutz<\/strong> \u2013 Sperrt sich nach maximal 10 falschen Passworteingaben<\/li>\n<li><strong>Schreibschutz<\/strong> \u2013 Aktivierbar\/deaktivierbar. Der Admin kann den USB-Stick mit vorgegebenen Inhalten schreibgesch\u00fctzt bereitstellen<\/li>\n<li><strong>Hohe Geschwindigkeiten <\/strong> \u2014 dank USB 3.2 Gen 1 (USB 3.0), bis zu 145 MB\/s Lesen und 115 MB\/s Schreiben, abw\u00e4rtskompatibel mit USB 2.x<\/li>\n<li><strong>Volle Kompatibilit\u00e4t<\/strong> \u2013 IKKP200 ist mit fast allen g\u00e4ngigen Betriebssystemen kompatibel<\/li>\n<li><strong>Zertifizierung<\/strong> \u2013 FIPS 140-2 Level 3 und FIPS 197<\/li>\n<li><strong>Kapazit\u00e4ten<\/strong> \u2013 Der Keypad 200 ist derzeit in den Kapazit\u00e4ten 32 GB bis 128 GB lieferbar (16 GB ist EoL)<\/li>\n<li><strong>Garantiert<\/strong> \u2013 3 Jahre Garantie durch Kingston Technology<\/li>\n<\/ul>\n<h3>Mehr Informationen<\/h3>\n<ul>\n<li style=\"list-style-type: none;\">\n<ul>\n<li><a href=\"https:\/\/www.prosoft.de\/shop\/wp-content\/uploads\/2023\/03\/IronKey-Keypad-200_de.pdf\">IronKey Keypad 200 Datenblatt<\/a><\/li>\n<li>Weitere <a href=\"https:\/\/www.prosoft.de\/shop\/?s=Kingston&amp;post_type=product\">Kingston \/ IronKey USB-Sticks<\/a> bei ProSecurity<\/li>\n<\/ul>\n<\/li>\n<\/ul>\n<p>&nbsp;<\/p>\n<p>&nbsp;<\/p>\n","protected":false},"excerpt":{"rendered":"<h2>Hardwareverschl\u00fcsselter USB-Stick mit PIN Tastatur<\/h2>\n<p>Der neue FIPS 140-2 Level 3 zertifizierte <b>Kingston IronKey Keypad 200 <\/b>ist der Nachfolger des Kingston DataTraveler 2000. Das Passwort wird auf der integrierten alphanumerischen Tastatur \u2013 auch vor Verbindung mit dem Host-Computer\u00a0 \u2013 eingegeben. Durch die Vorab-Eingabe kann die PIN bzw. das Passwort nicht \u00fcber eine Keylogger-Software am Computer nachverfolgt werden. Die Verschl\u00fcsselung findet direkt auf dem USB-Device statt. Der Einsatz ist auch an Mobilger\u00e4ten sowie an Ger\u00e4ten ohne eigene Tastatur (z. B. Embedded System) sowie bei Thin Clients m\u00f6glich.<\/p>\n<p><strong>Der Hersteller Kingston \u00e4ndert aktuell die Preise!<\/strong> Sobald die neuen Preise verf\u00fcgbar sind, k\u00f6nnen Sie wieder direkt bei uns bestellen. Senden Sie uns zwischenzeitlich gerne\u00a0<a href=\"https:\/\/www.prosoft.de\/shop\/service-support\/angebot-anfordern\/\">eine Preisanfrage<\/a> und Sie erhalten eine unverbindliche Preisangabe bzw. ein Angebot zu!<\/p>\n<p>&nbsp;<\/p>\n<p>&nbsp;<\/p>\n","protected":false},"featured_media":482341,"comment_status":"open","ping_status":"closed","template":"","meta":[],"product_brand":[],"product_cat":[1153,1218,1191,54],"product_tag":[781,1417,1414,1415,1416,1457,1390,823],"class_list":{"0":"post-482333","1":"product","2":"type-product","3":"status-publish","4":"has-post-thumbnail","6":"product_cat-hardware","7":"product_cat-kingston","8":"product_cat-kingston-technology","9":"product_cat-verschluesselte-usb-sticks","10":"product_tag-fips-197","11":"product_tag-ikkp200-128gb","12":"product_tag-ikkp200-16gb","13":"product_tag-ikkp200-32gb","14":"product_tag-ikkp200-64gb","15":"product_tag-kingston-secure-usb","16":"product_tag-kingston-usb","17":"product_tag-usb-stick-mit-pin-tastatur","19":"first","20":"instock","21":"taxable","22":"shipping-taxable","23":"product-type-variable"},"group_of_quantity":0,"min_quantity":0,"max_quantity":"","exclude_order_quantity_value_rules":"no","exclude_category_quantity_rules":"no","combine_variations":"no","_links":{"self":[{"href":"https:\/\/www.prosoft.de\/shop\/wp-json\/wp\/v2\/product\/482333","targetHints":{"allow":["GET"]}}],"collection":[{"href":"https:\/\/www.prosoft.de\/shop\/wp-json\/wp\/v2\/product"}],"about":[{"href":"https:\/\/www.prosoft.de\/shop\/wp-json\/wp\/v2\/types\/product"}],"replies":[{"embeddable":true,"href":"https:\/\/www.prosoft.de\/shop\/wp-json\/wp\/v2\/comments?post=482333"}],"wp:featuredmedia":[{"embeddable":true,"href":"https:\/\/www.prosoft.de\/shop\/wp-json\/wp\/v2\/media\/482341"}],"wp:attachment":[{"href":"https:\/\/www.prosoft.de\/shop\/wp-json\/wp\/v2\/media?parent=482333"}],"wp:term":[{"taxonomy":"product_brand","embeddable":true,"href":"https:\/\/www.prosoft.de\/shop\/wp-json\/wp\/v2\/product_brand?post=482333"},{"taxonomy":"product_cat","embeddable":true,"href":"https:\/\/www.prosoft.de\/shop\/wp-json\/wp\/v2\/product_cat?post=482333"},{"taxonomy":"product_tag","embeddable":true,"href":"https:\/\/www.prosoft.de\/shop\/wp-json\/wp\/v2\/product_tag?post=482333"}],"curies":[{"name":"wp","href":"https:\/\/api.w.org\/{rel}","templated":true}]}}