{"id":482681,"date":"2023-12-05T10:25:39","date_gmt":"2023-12-05T09:25:39","guid":{"rendered":"https:\/\/www.prosoft.de\/shop\/?post_type=product&#038;p=482681"},"modified":"2026-01-29T15:56:46","modified_gmt":"2026-01-29T14:56:46","slug":"fortigate-60f","status":"publish","type":"product","link":"https:\/\/www.prosoft.de\/shop\/produkt\/fortigate-60f\/","title":{"rendered":"FortiGate 60F Firewall"},"content":{"rendered":"<h3>Konvergente NGFW \u2013 FortiGate 60F Firewall<\/h3>\n<p>Die FortiGate 60F Next Generation Firewall (NGFW) ist ideal f\u00fcr den Aufbau und Schutz sicherheitsorientierter Netzwerke in Organisationen mit mehreren Standorten und f\u00fcr eine transformierende WAN-Architektur in jeder Gr\u00f6\u00dfenordnung. Mit einem umfangreichen Set an KI\/ML-basierten FortiGuard Sicherheitsdiensten und der integrierten Security Fabric Plattform liefert die FortiGate Firewall 60F koordinierte und automatisierte End-to-End-L\u00f6sungen sowie einen Bedrohungsschutz f\u00fcr alle Anwendungsf\u00e4lle. FortiGate verf\u00fcgt \u00fcber das branchenweit erste integrierte SD-WAN und die Zero-Trust Network Access (ZTNA) Durchsetzung innerhalb einer NGFW-L\u00f6sung und wird von dem einheitlichen Betriebssystem FortiOS betrieben. <strong>FortiGate 60F<\/strong> <strong>Firewall <\/strong>steuert, \u00fcberpr\u00fcft und erleichtert automatisch den Benutzerzugriff auf Anwendungen und stellt diese konsistent bereit.<\/p>\n<p>Die Fortinet Firewall 60F verf\u00fcgt \u00fcber einen USB-Port, einen Konsolen-Port, insgesamt 10 GE RJ45 Ports, darunter 5 interne Ports, 2 FortiLink Ports, 2 WAN Ports und einen DMZ Anschluss. Je nachdem, welche FortiGuard Services sie erweitern, ist ein Datendurchsatz zwischen 10 Gbps (ohne erg\u00e4nzende FortiGuard Services) und 700 Mbps (bei Einsatz der Threat Protection) m\u00f6glich. Die Performance wird bei den Fortinet Firewalls durch die Security Processing UNit (SPU) erreicht, die der Hersteller f\u00fcr den Einsatz in Firewalls entwickelt hat.<\/p>\n<h3>FortiGuard Sicherheitsdienste<\/h3>\n<p>Die FortiGate Services machen aus einer FortiGate Firewall eine Next Generation Firewall. Die einzelnen Services sind funktional als Pakete verf\u00fcgbar uns sch\u00fctzen neben einer ebenfalls notwendigen Endpoint Protection die Netzwerkperimeter oder Netzwerksegmente. Sie sind ein Baustein hin zu einer Zero Trust Netzwerk Access (ZTNA).\u00a0 Bei ProSecurity bieten wir die wesentlichen FortiGuard Sicherheitsdienste Advanced Threat Protection (ATP), Unified Threat Protection (UTP) sowie die Enterprise Protection jeweils inklusive FortiCare Premium f\u00fcr 12 Monate an. F\u00fcr eine ausf\u00fchrliche Beratung oder eine andere Konfiguration nutzen Sie bitte unser <a href=\"https:\/\/www.prosoft.de\/shop\/service-support\/kontaktformular\/\">Kontaktformular<\/a>, die Funktion <a href=\"https:\/\/www.prosoft.de\/shop\/service-support\/angebot-anfordern\/\">Angebot anfordern<\/a> oder die Produktseite <a href=\"https:\/\/www.prosoft.de\/loesungen\/cybersecurity\/firewall\/\" target=\"_blank\" rel=\"noopener\">Firewall<\/a> bei ProSoft. Die einzelnen Services werden <a href=\"https:\/\/www.prosoft.de\/loesungen\/cybersecurity\/firewall\/fortinet-firewall\/ngfw\/#c12250\">hier<\/a> ausf\u00fchrlich beschrieben.<\/p>\n<p><strong>Advanced Threat Protection<\/strong> (<strong>ATP<\/strong>) besteht aus den Funktionen Intrusion Prevention System (IPS; Schutz vor ger\u00e4te- und schwachstellenbasierten Angriffen auf Netzwerkebene) und Content Security (Schutz vor dateibasierten Angriffen durch statische und dynamische Malware-Analyse). ATP ist der erg\u00e4nzende Basis-Schutz bei der FortiGate 60F Firewall.<\/p>\n<p><strong>Unified Threat Protection<\/strong> (<strong>UTP<\/strong>) erg\u00e4nzt den Funktionsumfang von FortiGuard ATP um die Funktion Web Security. Damit sind sie durch Web-, Video- und DNS-Filter vor webbasierten Angriffen.<\/p>\n<p><strong>Enterprise Protection<\/strong> <strong>Bundle<\/strong> erweitert UTP um Advanced Malware Protection mit AI, Sandbox Analyse, Virus Outbreak Protection (VOS), Application Control, Cloud Access Security Broker (FortiCASB) und Fortinet Industrial Security Service. Enterprise Protection ist f\u00fcr Organisationen gedacht, die cloudbasierte Plattformen nutzen, IoT- und OT-Ger\u00e4te bzw. Maschinen einsetzen und hohe Ma\u00dfst\u00e4be an Compliance und Risiko-Management haben. Siehe auch <a href=\"https:\/\/www.fortinet.com\/content\/dam\/fortinet\/assets\/white-papers\/wp-fortigate-enterprise-protection-bundle.pdf\">Enterprise Protection Datenblatt<\/a>.<\/p>\n<p><strong>FortiCare Premium<\/strong> bietet 24 x 7 Support mit einer Antwortzeit von 1 Stunde bei kritischen und 24 Stunden bei unkritischen Problemen.<\/p>\n<p><strong>Mehr Informationen:<br \/>\n<\/strong><\/p>\n<p><a href=\"https:\/\/www.prosoft.de\/shop\/wp-content\/uploads\/2023\/12\/fortigate-60f-firewall-datasheet.pdf\">FortiGate 60F Firewall Datenblatt<\/a> (engl.)<br \/>\n<a href=\"https:\/\/www.prosoft.de\/shop\/service-support\/angebot-anfordern\/\">Angebot anfordern<\/a><\/p>\n<p>&nbsp;<\/p>\n","protected":false},"excerpt":{"rendered":"<h2>FortiGate 60F Firewall f\u00fcr KMU &amp; Netzwerksegmentierung<\/h2>\n<p><span class=\"VIiyi\" lang=\"de\"><span class=\"JLqJ4b ChMk0b\" data-language-for-alternatives=\"de\" data-language-to-translate-into=\"en\" data-phrase-index=\"10\">Die Fortinet FortiGate 60F Firewall ist die optimale Firewall und SD-WAN-L\u00f6sung im Desktop-Geh\u00e4use f\u00fcr kleine bis mittelgro\u00dfe Unternehmen und Organisationen. Da sie konvergente Netzwerk- und Security-Funktionen in einer Plattform abbildet, kann sie auch f\u00fcr den Schutz der Perimeter von Netzwerksegmenten eingesetzt werden. Die <strong>FortiGate 60F Firewall<\/strong> kann mit den FortiGuard Security Services, wie ATP, UTP oder dem Enterprise Protection Bundle modular auch zur <\/span><\/span><span class=\"VIiyi\" lang=\"de\"><span class=\"JLqJ4b ChMk0b\" data-language-for-alternatives=\"de\" data-language-to-translate-into=\"en\" data-phrase-index=\"10\">Next Generation Firewall (NGFW) upgedatet werden.<br \/>\n<\/span><\/span><\/p>\n<p>Neben der schnellen Inbetriebnahme der FortiGate 60F Firewall ist die vereinfachte Verwaltung und die hohe Transparenz auch beim Einsatz von weiteren Fortinet Produkten, wie Switches und Access Points hervorzuheben. Die Basis daf\u00fcr bietet die Security Fabric Plattform.<\/p>\n<p>Unsere Preisangaben beinhalten die FortiGate 60F Firewall (SKU: FG-60F), die ausgew\u00e4hlten FortiGuard Sicherheitsdienste sowie FortiCare Premium Support f\u00fcr jeweils 12 Monate. Bitte nutzen Sie das <a href=\"https:\/\/www.prosoft.de\/shop\/service-support\/kontaktformular\/\">Kontaktformular<\/a>, wenn Sie sich f\u00fcr die FortiGate 61F interessieren.<\/p>\n","protected":false},"featured_media":482700,"comment_status":"open","ping_status":"closed","template":"","meta":[],"product_brand":[],"product_cat":[1462,1204,1153],"product_tag":[1437,1447,1435,1436,1434,1433],"class_list":{"0":"post-482681","1":"product","2":"type-product","3":"status-publish","4":"has-post-thumbnail","6":"product_cat-cybersecurity","7":"product_cat-firewall","8":"product_cat-hardware","9":"product_tag-fg-60f","10":"product_tag-fg-61f","11":"product_tag-fortigate","12":"product_tag-fortigate-60f","13":"product_tag-fortinet-firewall","14":"product_tag-ngfw","16":"first","17":"instock","18":"taxable","19":"shipping-taxable","20":"purchasable","21":"product-type-variable"},"group_of_quantity":0,"min_quantity":0,"max_quantity":"","exclude_order_quantity_value_rules":"no","exclude_category_quantity_rules":"no","combine_variations":"no","_links":{"self":[{"href":"https:\/\/www.prosoft.de\/shop\/wp-json\/wp\/v2\/product\/482681","targetHints":{"allow":["GET"]}}],"collection":[{"href":"https:\/\/www.prosoft.de\/shop\/wp-json\/wp\/v2\/product"}],"about":[{"href":"https:\/\/www.prosoft.de\/shop\/wp-json\/wp\/v2\/types\/product"}],"replies":[{"embeddable":true,"href":"https:\/\/www.prosoft.de\/shop\/wp-json\/wp\/v2\/comments?post=482681"}],"wp:featuredmedia":[{"embeddable":true,"href":"https:\/\/www.prosoft.de\/shop\/wp-json\/wp\/v2\/media\/482700"}],"wp:attachment":[{"href":"https:\/\/www.prosoft.de\/shop\/wp-json\/wp\/v2\/media?parent=482681"}],"wp:term":[{"taxonomy":"product_brand","embeddable":true,"href":"https:\/\/www.prosoft.de\/shop\/wp-json\/wp\/v2\/product_brand?post=482681"},{"taxonomy":"product_cat","embeddable":true,"href":"https:\/\/www.prosoft.de\/shop\/wp-json\/wp\/v2\/product_cat?post=482681"},{"taxonomy":"product_tag","embeddable":true,"href":"https:\/\/www.prosoft.de\/shop\/wp-json\/wp\/v2\/product_tag?post=482681"}],"curies":[{"name":"wp","href":"https:\/\/api.w.org\/{rel}","templated":true}]}}