{"id":483220,"date":"2024-12-23T13:15:48","date_gmt":"2024-12-23T12:15:48","guid":{"rendered":"https:\/\/www.prosoft.de\/shop\/?post_type=product&#038;p=483220"},"modified":"2026-02-06T08:02:59","modified_gmt":"2026-02-06T07:02:59","slug":"istorage-datashur-proc","status":"publish","type":"product","link":"https:\/\/www.prosoft.de\/shop\/produkt\/istorage-datashur-proc\/","title":{"rendered":"iStorage datAshur PRO+C"},"content":{"rendered":"<p>Die fortschrittlichen Sicherheitsfunktionen des Laufwerks sorgen f\u00fcr vollst\u00e4ndige Datensicherheit und sorgen jederzeit f\u00fcr maximalen Schutz Ihrer Daten. In das Laufwerk ist ein wiederaufladbarer Akku eingebaut, der es dem Benutzer erm\u00f6glicht, einen 8-15-stelligen PIN-Code \u00fcber die eingebaute Tastatur einzugeben, bevor er das Ger\u00e4t an einen USB-Anschluss anschlie\u00dft. Der Zugriff auf das datAshur PRO+C ist ohne die eindeutige PIN des Benutzers nicht m\u00f6glich. Sowohl der Administrator als auch der Benutzer k\u00f6nnen den datAshur PRO+C als schreibgesch\u00fctztes Ger\u00e4t konfigurieren. Wenn die Funktion vom Administrator konfiguriert wurde, kann sie vom Benutzer nicht ge\u00e4ndert oder deaktiviert werden. Damit kann der Administrator ein Ger\u00e4t mit vorinstallierten Inhalten vorab als schreibgesch\u00fctztes Laufwerk f\u00fcr den Benutzer bereitstellen.<\/p>\n<p>Geben Sie einfach einen 8-15-stelligen PIN-Code ein, um sich zu authentifizieren und ihn wie ein Standard-USB-Flash-Laufwerk zu verwenden. Alle Daten werden mit 256-Bit AES XTS-Hardware-Verschl\u00fcsselung verschl\u00fcsselt, wenn das Laufwerk getrennt wird (vollst\u00e4ndige Festplattenverschl\u00fcsselung, keine Software erforderlich).<\/p>\n<h3>Brute Force Protection bei iStorage datAshur PRO+C<\/h3>\n<p>Nach 10 falschen PIN-Eingaben durch den Benutzer wird der USB-Flashspeicher iStorage datAshur PRO+C2 gesperrt. Mittels einer von einem Administrator vorher definierten Super-PIN, kann der USB-Stick wieder freigeschaltet werden. Wird die Super-PIN ebenfalls 10-mal falsch eingegeben, wird der Chiffrierschl\u00fcssel gel\u00f6scht und damit auch die gespeicherten Daten.<\/p>\n<h3>Benutzer-PIN-Registrierung<\/h3>\n<p>Der Administrator kann Richtlinien f\u00fcr PIN\/Passwort, wie z. B. die Mindestl\u00e4nge oder die Verwendung von Sonderzeichen, festlegen. Sonderzeichen k\u00f6nnen mittels Umschalttaste + Ziffer eingegeben werden.<\/p>\n<h3>Die FIPS 140-3 Level 3 Validierung<\/h3>\n<p>Die FIPS 140-3 Level 3-Zertifizierung stellt einen bedeutenden Fortschritt bei den kryptografischen Sicherheitsstandards dar. Diese Validierungsstufe umfasst strenge Anforderungen an Manipulationssicherheit, kryptografische Schl\u00fcsselverwaltung und physische Sicherheit. Sie stellt sicher, dass kryptografische Module anspruchsvollen Angriffen standhalten und gleichzeitig vertrauliche Daten sch\u00fctzen k\u00f6nnen.<\/p>\n<p>Zu den Neuerungen z\u00e4hlen die Angleichung an ISO\/IEC 19790:2012, wodurch globale Interoperabilit\u00e4t und Einhaltung internationaler Standards gew\u00e4hrleistet werden. Verbesserte physische Sicherheitsma\u00dfnahmen wie manipulationssichere und manipulationsresistente Mechanismen bieten einen st\u00e4rkeren Schutz gegen physische Angriffe. <strong>FIPS 140-3 Level 3<\/strong> ist weltweit anerkannt und wird von Regierungsbeh\u00f6rden, R\u00fcstungsunternehmen, Finanzinstituten und Gesundheitsdienstleistern zum Schutz streng vertraulicher und geheimer Informationen eingesetzt. Diese Zertifizierung gew\u00e4hrleistet auch die Einhaltung internationaler Vorschriften und Standards wie DSGVO und HIPAA, sodass Organisationen die h\u00f6chsten Datenschutzanforderungen erf\u00fcllen und gleichzeitig ihre kryptografischen Systeme zukunftssicher machen k\u00f6nnen.<\/p>\n<h3>One-time User Recovery PIN bei iStorage datAshur PRO+C<\/h3>\n<p>Vergisst der Benutzer die Zugriffs-PIN, kann der Administrator das Passwort \u00fcber eine Super-PIN wieder zur\u00fccksetzen. Der User kann das Passwort dann erneut vergeben.<\/p>\n<h3>Reset-Funktion<\/h3>\n<p>Der datAshur PRO+C kann beliebig oft auf die Werkseinstellung zur\u00fcckgesetzt werden und danach wiederverwendet werden. Dabei werden alle PINs und die gespeicherten Daten gel\u00f6scht.<\/p>\n<h3>Whitelisting<\/h3>\n<p>Der PRO+C2 wird mit einer eindeutigen VID \/ PID, sowie einer internen \/ externen Seriennummer als Barcode geliefert. Damit ist die einfache Integration in Endpoint-Security und <a href=\"https:\/\/www.prosoft.de\/shop\/produkt\/datalocker-portblocker-online-bestellen\/\">Data Loss Prevention<\/a> (DLP) L\u00f6sungen aller Hersteller durch Whitelisting m\u00f6glich.<\/p>\n<p>Ebenfalls bei ProSecurity finden Sie den <a href=\"https:\/\/www.prosoft.de\/shop\/produkt\/istorage_datashur_pro2\/\">iStorage datAshur PRO2<\/a> und <a href=\"https:\/\/www.prosoft.de\/shop\/produkt\/istorage-datashur-pro-online-bestellen\/\">iStorage datAshur PRO<\/a><\/p>\n<h3>Weitere Informationen<\/h3>\n<p><a href=\"https:\/\/www.prosoft.de\/shop\/wp-content\/uploads\/2024\/12\/datAshur-PROC_Datenblatt_DE_.pdf\">datAshur PRO+C Datenblatt<\/a><\/p>\n<p>&nbsp;<\/p>\n","protected":false},"excerpt":{"rendered":"<h2>Das zertifizierte Flaggschiff von iStorage<\/h2>\n<p>Das <strong>iStorage datAshur PRO+C<\/strong> gilt aktuell (Stand 12\/24) als weltweit einziges Flash-Laufwerk, das die <strong>FIPS 140-3 Level 3<\/strong> Zertifizierung erhalten hat! Durch die integrierte Tastatur zur PIN\/Passwort Eingabe und den eingebauten Akku ist der USB-Flashspeicher <strong>iStorage datAshur PRO+C<\/strong> sehr flexibel in der Anwendung. Der USB 3.2 (Gen 1) Typ-C-Flash-Laufwerk (Typ-C-zu-Typ-A-Adapter im Lieferumfang enthalten) kombiniert Benutzerfreundlichkeit mit Sicherheitsma\u00dfnahmen auf h\u00f6chstem Niveau. PIN bzw. Passwort k\u00f6nnen auch vorab eingegeben werden und entlasten damit u. a. auch die mechanische Beanspruchung des USB-Ports. Zus\u00e4tzlich ist er f\u00fcr den Einsatz an Embedded-Systemen, Thin-Clients, Tablets, Druckern oder auch medizinischen Ger\u00e4ten bestens geeignet. Mit einer 256-Bit AES (XTS) Hardwareverschl\u00fcsselung und der Zertifizierung erreicht dieser die h\u00f6chste Sicherheitsstufe auf Milit\u00e4rniveau. Der USB-Stick datAshur PRO+C ist in den Kapazit\u00e4ten von <strong>32 GB <\/strong>bis <strong>512 GB<\/strong> erh\u00e4ltlich.<\/p>\n<p>&nbsp;<\/p>\n","protected":false},"featured_media":483230,"comment_status":"open","ping_status":"closed","template":"","meta":[],"product_brand":[],"product_cat":[1106,1480,272,54],"product_tag":[981,1326,1479,585,1325,1135,823],"class_list":{"0":"post-483220","1":"product","2":"type-product","3":"status-publish","4":"has-post-thumbnail","6":"product_cat-istorage","7":"product_cat-istorage-datashur-proc","8":"product_cat-neu-im-sortiment","9":"product_cat-verschluesselte-usb-sticks","10":"product_tag-aes-256-bit-xts-modus","11":"product_tag-datashur","12":"product_tag-fips-140-3-level-3","13":"product_tag-fips-zertifiziert","14":"product_tag-istorage","15":"product_tag-usb-3-2","16":"product_tag-usb-stick-mit-pin-tastatur","17":"product_shipping_class-versandkostenfreie-lieferung","19":"first","20":"instock","21":"taxable","22":"shipping-taxable","23":"purchasable","24":"product-type-variable"},"group_of_quantity":0,"min_quantity":0,"max_quantity":"","exclude_order_quantity_value_rules":"no","exclude_category_quantity_rules":"no","combine_variations":"no","_links":{"self":[{"href":"https:\/\/www.prosoft.de\/shop\/wp-json\/wp\/v2\/product\/483220","targetHints":{"allow":["GET"]}}],"collection":[{"href":"https:\/\/www.prosoft.de\/shop\/wp-json\/wp\/v2\/product"}],"about":[{"href":"https:\/\/www.prosoft.de\/shop\/wp-json\/wp\/v2\/types\/product"}],"replies":[{"embeddable":true,"href":"https:\/\/www.prosoft.de\/shop\/wp-json\/wp\/v2\/comments?post=483220"}],"wp:featuredmedia":[{"embeddable":true,"href":"https:\/\/www.prosoft.de\/shop\/wp-json\/wp\/v2\/media\/483230"}],"wp:attachment":[{"href":"https:\/\/www.prosoft.de\/shop\/wp-json\/wp\/v2\/media?parent=483220"}],"wp:term":[{"taxonomy":"product_brand","embeddable":true,"href":"https:\/\/www.prosoft.de\/shop\/wp-json\/wp\/v2\/product_brand?post=483220"},{"taxonomy":"product_cat","embeddable":true,"href":"https:\/\/www.prosoft.de\/shop\/wp-json\/wp\/v2\/product_cat?post=483220"},{"taxonomy":"product_tag","embeddable":true,"href":"https:\/\/www.prosoft.de\/shop\/wp-json\/wp\/v2\/product_tag?post=483220"}],"curies":[{"name":"wp","href":"https:\/\/api.w.org\/{rel}","templated":true}]}}