{"id":483676,"date":"2026-01-28T16:43:15","date_gmt":"2026-01-28T15:43:15","guid":{"rendered":"https:\/\/www.prosoft.de\/shop\/?post_type=product&#038;p=483676"},"modified":"2026-01-30T10:34:20","modified_gmt":"2026-01-30T09:34:20","slug":"istorage-diskashur","status":"publish","type":"product","link":"https:\/\/www.prosoft.de\/shop\/produkt\/istorage-diskashur\/","title":{"rendered":"iStorage diskAshur"},"content":{"rendered":"<h2>Enterprise-Datensicherheit auf h\u00f6chstem Niveau<\/h2>\n<h3>iStorage diskAshur Pro2<\/h3>\n<p>Die verschl\u00fcsselte <strong>diskAshur PRO2<\/strong> ist eine professionelle L\u00f6sung f\u00fcr den sicheren Transport und Schutz sensibler Unternehmensdaten. Mit zertifizierter Hardwareverschl\u00fcsselung, PIN-Authentifizierung und umfassenden Schutzmechanismen erf\u00fcllt sie h\u00f6chste Sicherheitsanforderungen von Unternehmen, Beh\u00f6rden und kritischen Infrastrukturen.<\/p>\n<p><strong>Plattformunabh\u00e4ngig, manipulationssicher und ohne Performanceverlust \u2013 f\u00fcr kompromisslose Sicherheit in jeder IT-Umgebung.<\/strong><\/p>\n<p><strong>diskAshur PRO2 von iStorage \u2013 Sicherheit, die Standards setzt<\/strong><\/p>\n<ul>\n<li>Echtzeit-Hardwareverschl\u00fcsselung nach <strong>Milit\u00e4rstandard<\/strong> AES-XTS 256-BIT f\u00fcr die gesamte Festplatte<\/li>\n<li>Common Criteria EAL5+ zertifiziert (Hardware) Sicherer Mikroprozessor<\/li>\n<li>FIPS PUB 197-validierter Verschl\u00fcsselungsalgorithmus<\/li>\n<li>NCSC CPA-zertifiziert (UK) \u2022 FIPS 140-2 Level 2 \/ Level 3 zertifiziert<\/li>\n<li>NATO-zertifiziert (<strong>NATO Restricted Level<\/strong>)<\/li>\n<li>PIN-Authentifizierung \u2013 unterst\u00fctzt unabh\u00e4ngige Benutzer- und Administrator-PINs (7\u201315 Stellen)<\/li>\n<li>Keine Software erforderlich \u2013 100 % Hardwareverschl\u00fcsselung<\/li>\n<li>Betriebssystem- und plattformunabh\u00e4ngig<\/li>\n<li>iStorage diskAshur Pro2 funktioniert auf jedem Ger\u00e4t mit USB-Anschluss<\/li>\n<li>Schreibgesch\u00fctzt und Lese-\/Schreibzugriff<\/li>\n<li>Schutzmechanismus gegen Brute-Force-Angriffe<\/li>\n<li>Superschnelles USB 3.2 mit im Geh\u00e4use integriertem Kabel<\/li>\n<li>Verschlei\u00dffeste Tastatur mit Epoxidbeschichtung<\/li>\n<li>Selbstzerst\u00f6rungsfunktion \u00fcber spezielle PIN (l\u00f6scht Verschl\u00fcsslungs-Key)<\/li>\n<li>Automatische Sperrung, Laufwerksreset-Funktion<\/li>\n<li>IP56-zertifiziert (staub- und wasserdicht)<\/li>\n<li>Manipulationssicheres und transparentes Design<\/li>\n<li>In den Kapazit\u00e4ten ab 500 GB bis zu 5 TB als HDD und 128 GB bis 16 TB als SSD (NATO Restricted Variante) verf\u00fcgbar. Bei ProSecurity sind nicht alle Kapazit\u00e4ten gelistet. Bitte fragen Sie die nicht gelisteten Kapazit\u00e4ten gerne unverbindlich an (<a href=\"https:\/\/www.prosoft.de\/shop\/service-support\/angebot-anfordern\/\">Unverbindliche Anfrage<\/a>)<\/li>\n<li>iStorage\u00a0<a href=\"https:\/\/www.prosoft.de\/shop\/wp-content\/uploads\/2026\/01\/iStorage_diskAshur-PRO2_datasheet.pdf\" target=\"_blank\" rel=\"noopener\">diskAshur Pro2 Datenblatt<\/a><\/li>\n<\/ul>\n<h3>iStorage diskAshur DT2<\/h3>\n<p>Die hochsichere externe Festplatte <strong>diskAshur DT2<\/strong> mit PIN-Authentifizierung und AES-XTS-256-Bit-Hardwareverschl\u00fcsselung. Nach dem Trennen werden alle Daten automatisch vollst\u00e4ndig verschl\u00fcsselt. Als weltweit erste PIN-gesch\u00fctzte, hardwareverschl\u00fcsselte HDD mit bis zu 30 TB und EAL5+-zertifiziertem Sicherheitsprozessor setzt die diskAshur DT2 neue Ma\u00dfst\u00e4be im Bereich sicherer Datenspeicherung. Zertifizierungen nach NCSC CPA, FIPS 140-2 Level 3, NLNCSA BSPA und NATO Restricted unterstreichen den h\u00f6chsten Sicherheitsstandard.<\/p>\n<p><strong>iStorage diskAshur DT2 \u2013 h\u00f6chste Sichereheit bis 30 TB<\/strong><\/p>\n<ul>\n<li>Echtzeit-Hardwareverschl\u00fcsselung nach Milit\u00e4rstandard AES-XTS 256-Bit f\u00fcr die gesamte Festplatte<\/li>\n<li>Sicherer Mikroprozessor gem\u00e4\u00df Common Criteria EAL5+ (Hardware-zertifiziert)<\/li>\n<li>FIPS PUB 197-validierter Verschl\u00fcsselungsalgorithmus<\/li>\n<li>FIPS 140-2 Level 2* \/ Level 3**-zertifiziert &amp; NATO-zertifiziert (Restricted Level)<\/li>\n<li>PIN-Authentifizierung \u2013 unterst\u00fctzt unabh\u00e4ngige Benutzer- und Administrator-PINs (7\u201315 Ziffern)<\/li>\n<li>Keine Software erforderlich \u2013 100 % Hardwareverschl\u00fcsselung; Betriebssystem- und plattformunabh\u00e4ngig<\/li>\n<li>Schreibgesch\u00fctzt und Lese-\/Schreibzugriff Schutzmechanismus gegen Brute-Force-Angriffe<\/li>\n<li>Superschnelles USB 3.2<\/li>\n<li>In den Kapazit\u00e4ten 1 TB bis 30 TB; NATO Restricted Variante nur als HDD erh\u00e4ltlich<\/li>\n<li>Stromversorgungen \u00fcber 12V AC Adapter<\/li>\n<li>Selbstzerst\u00f6rungsfunktion \u00fcber spezielle PIN; l\u00f6scht Verschl\u00fcsselungs-Key<\/li>\n<li>Verschlei\u00dffeste Tastatur mit Epoxidbeschichtung, automatische Sperrung, Laufwerk-Reset-Funktion; manipulationssicher<\/li>\n<li>Die <strong>NATO Restricted<\/strong> Variante is in den Kapazit\u00e4ten ab 1 TB bis zu 30 TB verf\u00fcgbar. Bei ProSecurity sind nicht alle Kapazit\u00e4ten gelistet. Bitte fragen Sie die nicht gelisteten Kapazit\u00e4ten gerne unverbindlich an (<a href=\"https:\/\/www.prosoft.de\/shop\/service-support\/angebot-anfordern\/\">Unverbindliche Anfrage<\/a>)<\/li>\n<li>iStorage <a href=\"https:\/\/www.prosoft.de\/shop\/wp-content\/uploads\/2026\/01\/iStorage_diskAshur-DT2_datasheet_EN-1.pdf\" target=\"_blank\" rel=\"noopener\">diskAshur DT2 Datenblatt<\/a><\/li>\n<\/ul>\n<p>&nbsp;<\/p>\n<p>Ebenfalls bei ProSecurity finden Sie die verschl\u00fcsselten USB-Speichersticks <a href=\"https:\/\/www.prosoft.de\/shop\/produkt\/istorage-datashur-proc\/\" target=\"_blank\" rel=\"noopener\">datAshur Pro+C<\/a>, <a href=\"https:\/\/www.prosoft.de\/shop\/produkt\/istorage_datashur_pro2\/\">iStorage datAshur PRO2<\/a> und <a href=\"https:\/\/www.prosoft.de\/shop\/produkt\/istorage-datashur-pro-online-bestellen\/\">iStorage datAshur PRO<\/a><\/p>\n<h3>Weitere Informationen<\/h3>\n<p><a href=\"https:\/\/www.prosoft.de\/shop\/service-support\/angebot-anfordern\/\">Unverbindliche Anfrage<\/a><\/p>\n<p>&nbsp;<\/p>\n","protected":false},"excerpt":{"rendered":"<h2>iStorage diskAshur Pro2 &amp; diskAshur DT2 \u2013 NATO Restricted<\/h2>\n<p>Mit diskAshur PRO2 und diskAshur DT2 bietet der Hersteller iStorage externe USB-Festplatten als HDD &amp; SSD mit PIN-Authentifizierung und AES-XTS-256-Bit-Hardwareverschl\u00fcsselung. Die verschl\u00fcsselten USB-Festplatte warten mit unterschiedlichen l\u00e4nderspezifischen Freigaben wie FIPS 140-2 Level 2 \/Level 3 und Zertifizierungen bis hin zu NATO Restricted Level an. Ein EAL5+-zertifizierter Sicherheitsprozessor mit Manipulationsschutz sch\u00fctzt Daten vor unbefugtem Zugriff und Angriffen. Nach dem Trennen vom System werden alle Daten automatisch verschl\u00fcsselt.<\/p>\n<p>Mit diskAshur erweitert iStorage seine Produktpalette verschl\u00fcsselter Speicherger\u00e4te.<\/p>\n<p>&nbsp;<\/p>\n","protected":false},"featured_media":483685,"comment_status":"open","ping_status":"closed","template":"","meta":[],"product_brand":[],"product_cat":[1106,1480,1516,272,53],"product_tag":[981,1517,1479,585,1325,1227,1135,977,1102],"class_list":{"0":"post-483676","1":"product","2":"type-product","3":"status-publish","4":"has-post-thumbnail","6":"product_cat-istorage","7":"product_cat-istorage-datashur-proc","8":"product_cat-istorage-diskashur","9":"product_cat-neu-im-sortiment","10":"product_cat-verschluesselte-festplatten","11":"product_tag-aes-256-bit-xts-modus","12":"product_tag-diskashur","13":"product_tag-fips-140-3-level-3","14":"product_tag-fips-zertifiziert","15":"product_tag-istorage","16":"product_tag-nato-restricted","17":"product_tag-usb-3-2","18":"product_tag-verschluesselte-hdd","19":"product_tag-verschluesselte-ssd","21":"first","22":"instock","23":"taxable","24":"shipping-taxable","25":"purchasable","26":"product-type-variable"},"group_of_quantity":0,"min_quantity":0,"max_quantity":"","exclude_order_quantity_value_rules":"no","exclude_category_quantity_rules":"no","combine_variations":"no","_links":{"self":[{"href":"https:\/\/www.prosoft.de\/shop\/wp-json\/wp\/v2\/product\/483676","targetHints":{"allow":["GET"]}}],"collection":[{"href":"https:\/\/www.prosoft.de\/shop\/wp-json\/wp\/v2\/product"}],"about":[{"href":"https:\/\/www.prosoft.de\/shop\/wp-json\/wp\/v2\/types\/product"}],"replies":[{"embeddable":true,"href":"https:\/\/www.prosoft.de\/shop\/wp-json\/wp\/v2\/comments?post=483676"}],"wp:featuredmedia":[{"embeddable":true,"href":"https:\/\/www.prosoft.de\/shop\/wp-json\/wp\/v2\/media\/483685"}],"wp:attachment":[{"href":"https:\/\/www.prosoft.de\/shop\/wp-json\/wp\/v2\/media?parent=483676"}],"wp:term":[{"taxonomy":"product_brand","embeddable":true,"href":"https:\/\/www.prosoft.de\/shop\/wp-json\/wp\/v2\/product_brand?post=483676"},{"taxonomy":"product_cat","embeddable":true,"href":"https:\/\/www.prosoft.de\/shop\/wp-json\/wp\/v2\/product_cat?post=483676"},{"taxonomy":"product_tag","embeddable":true,"href":"https:\/\/www.prosoft.de\/shop\/wp-json\/wp\/v2\/product_tag?post=483676"}],"curies":[{"name":"wp","href":"https:\/\/api.w.org\/{rel}","templated":true}]}}