{"id":5028,"date":"2014-12-03T23:41:00","date_gmt":"2014-12-03T22:41:00","guid":{"rendered":"https:\/\/www.prosoft.de\/shop\/produkt\/netsupport-manager-copy\/"},"modified":"2025-06-13T15:35:20","modified_gmt":"2025-06-13T13:35:20","slug":"it-fernwartung-netsupport-manager","status":"publish","type":"product","link":"https:\/\/www.prosoft.de\/shop\/produkt\/it-fernwartung-netsupport-manager\/","title":{"rendered":"NetSupport Manager IT-Fernwartung"},"content":{"rendered":"<p>Die IT-Fernwartung NetSupport Manager (aktuelle Version 14)\u00a0 ist bei den Punkten Sicherheit, Performance und Funktionsumfang seit \u00fcber 25 Jahren f\u00fchrend. Die IT-Fernwartung wird ausschlie\u00dflich on-premise installiert und unterliegt damit immer der Kontrolle Ihrer IT. Die Daten\u00fcbertragung zwischen Client und Control erfolgt ausschlie\u00dflich verschl\u00fcsselt, wobei die Verschl\u00fcsselungsst\u00e4rke je nach Anforderung zentral definiert werden kann. In allen Modulen der IT-Fernwartung von sind umfangreiche Sicherheitsfunktionen integriert: vom einfachen Passwortschutz bis zur Integration in NT-Security und Active Directory. NetSupport Manager unterst\u00fctzt auch Smartcards zur sicheren Authentifizierung. Fernwartungssitzungen werden optional aufgezeichnet und sp\u00e4ter wiedergegeben. Mithilfe von Profilen lassen sich sowohl f\u00fcr einzelne Benutzer als auch f\u00fcr bestimmte Computer unterschiedliche starke Sicherheitsstufen und Nutzungsoptionen festlegen. Der sichere Lizenzschl\u00fcssel verhindert, dass Systeme ohne Lizenz sich mit lizenzierten PCs verbinden k\u00f6nnen. Die Sicherheitseinstellungen sind beim Client gespeichert und umfangreich gegen Manipulation gesch\u00fctzt.<\/p>\n<p>Die GDI-Interception Engine sorgt f\u00fcr h\u00f6chste Performance bei der Daten\u00fcbertragung und Fernwartung. Die Software unterst\u00fctzt alle g\u00e4ngigen Betriebssysteme, Endger\u00e4tetypen und ist in vielen Sprachen verf\u00fcgbar.<\/p>\n<h3><strong>Alle wichtigen Funktionen der IT-Fernwartung NetSupport Manager<\/strong><\/h3>\n<ul>\n<li>Remote-Support mit h\u00f6chster Sicherheit und Performance bei Daten\u00fcbertragungen<\/li>\n<li>Multi-Plattform-Support: Kompatibel zu Windows, MAC OS, Linux, Solaris, iOS, Android, Windows Mobile und Google Chrome OS<\/li>\n<li>Benachrichtigungen, Chat- und Audio-Kommunikation<\/li>\n<li>Hilfeanfragen an alle oder einzelne, frei definierbare Support-Mitarbeiter<\/li>\n<li>Interaktives Whiteboard bei Chat-Sitzungen<\/li>\n<li>nahtlose Integration in den Desktop<\/li>\n<li>Automatische Gruppierung aller Systeme und nach selektiven Kriterien<\/li>\n<li>Monitoring durch Thumbnails mit Mouse-Over-Funktion<\/li>\n<li>Schnelle Hard- und Software-Inventarisierung<\/li>\n<li>Drag &amp; Drop Datei-Transfer, Daten-Verteilung gleichzeitig an mehrere, frei definierbare Clients<\/li>\n<li>64 Bit System-Support<\/li>\n<li>Intel\u00ae vPro&#x2122;-Support<\/li>\n<li>\u201eWake on LAN\u201d-Support<\/li>\n<li>Skript- und zeitgesteuerte Programmausf\u00fchrung<\/li>\n<li>Aufzeichnung von Sitzungen zur sp\u00e4teren Analyse<\/li>\n<li>Verschl\u00fcsselung, Windows Security uvm.<\/li>\n<li>Zus\u00e4tzliche Sicherheit durch abgeschlossene Lizenz<\/li>\n<li>\u00dcber das NSM-Gateway auch sicher im WAN nutzbar<\/li>\n<\/ul>\n<p>In der IT-Fernwartung ist auch die Online-Schulungs- und Pr\u00e4sentationskomponente <a href=\"https:\/\/www.prosoft.de\/shop\/produkt\/netsupport-school\/\">NetSupport School<\/a> enthalten.<\/p>\n<h3>Weitere Informationen<\/h3>\n<p><a href=\"https:\/\/www.prosoft.de\/loesungen\/it-management\/pc-fernwartung\/#c11072\" target=\"_blank\" rel=\"noopener\"><strong>Ausf\u00fchrliche Beschreibung aller Funktionen<\/strong><\/a><\/p>\n<p><a href=\"https:\/\/www.youtube.com\/playlist?list=PL810B65A5C448C1E8\"><strong>NetSupport Manager Videos<\/strong><\/a><\/p>\n","protected":false},"excerpt":{"rendered":"<h2>IT-Fernwartung NetSupport Manager \u2013 H\u00f6chste Sicherheit bei Support und Helpdesk<\/h2>\n<p>Heutige IT-Infrastrukturen zeichnen sich durch komplexe, \u00fcber mehrere Standorte verteilte Netzwerke, heterogene Systemumgebungen sowie die Verwendung mobiler Datenendger\u00e4te aus. Das sichere Remote-Management dieser IT-Infrastrukturen ist die gro\u00dfe St\u00e4rke der<strong> IT-Fernwartung bzw. des IT-Supports NetSupport Manager<\/strong>. NetSupport Manager (NSM) belegt bei Vergleichstests international renommierter Computermagazine seit vielen Jahren immer wieder Spitzenpl\u00e4tze. Die L\u00f6sungen unseres Partners sind weltweit auf \u00fcber 30 Mio. Systemen installiert. Die IT-Fernwartung ist f\u00fcr Windows, MAC OS, Linux und mobile Betriebssysteme wie iOS, Android und Google Chrome verf\u00fcgbar.<\/p>\n<p>Staffelpreise bei gr\u00f6\u00dferen Lizenzmengen sowie Sonderpreise f\u00fcr Beh\u00f6rden und bei Trade-In verf\u00fcgbar. Bitte stellen Sie bei Bedarf diesbez\u00fcglich eine Anfrage \u00fcber unser <a href=\"https:\/\/www.prosoft.de\/shop\/service-support\/kontaktformular\/\">Kontaktformular<\/a>.<\/p>\n","protected":false},"featured_media":3866,"comment_status":"closed","ping_status":"closed","template":"","meta":[],"product_brand":[],"product_cat":[52,57],"product_tag":[1500,1103,504,1501,499],"class_list":{"0":"post-5028","1":"product","2":"type-product","3":"status-publish","4":"has-post-thumbnail","6":"product_cat-software","7":"product_cat-remote-it-service","8":"product_tag-helpdesk","9":"product_tag-pc-fernwartung","10":"product_tag-remote-it-service","11":"product_tag-remote-support","12":"product_tag-software","14":"first","15":"instock","16":"taxable","17":"shipping-taxable","18":"purchasable","19":"product-type-variable"},"group_of_quantity":0,"min_quantity":0,"max_quantity":"","exclude_order_quantity_value_rules":"no","exclude_category_quantity_rules":"no","combine_variations":"no","_links":{"self":[{"href":"https:\/\/www.prosoft.de\/shop\/wp-json\/wp\/v2\/product\/5028","targetHints":{"allow":["GET"]}}],"collection":[{"href":"https:\/\/www.prosoft.de\/shop\/wp-json\/wp\/v2\/product"}],"about":[{"href":"https:\/\/www.prosoft.de\/shop\/wp-json\/wp\/v2\/types\/product"}],"replies":[{"embeddable":true,"href":"https:\/\/www.prosoft.de\/shop\/wp-json\/wp\/v2\/comments?post=5028"}],"wp:featuredmedia":[{"embeddable":true,"href":"https:\/\/www.prosoft.de\/shop\/wp-json\/wp\/v2\/media\/3866"}],"wp:attachment":[{"href":"https:\/\/www.prosoft.de\/shop\/wp-json\/wp\/v2\/media?parent=5028"}],"wp:term":[{"taxonomy":"product_brand","embeddable":true,"href":"https:\/\/www.prosoft.de\/shop\/wp-json\/wp\/v2\/product_brand?post=5028"},{"taxonomy":"product_cat","embeddable":true,"href":"https:\/\/www.prosoft.de\/shop\/wp-json\/wp\/v2\/product_cat?post=5028"},{"taxonomy":"product_tag","embeddable":true,"href":"https:\/\/www.prosoft.de\/shop\/wp-json\/wp\/v2\/product_tag?post=5028"}],"curies":[{"name":"wp","href":"https:\/\/api.w.org\/{rel}","templated":true}]}}