{"id":5295,"date":"2014-12-29T12:55:14","date_gmt":"2014-12-29T11:55:14","guid":{"rendered":"https:\/\/www.prosoft.de\/shop\/?post_type=product&#038;p=5295"},"modified":"2025-01-27T13:27:58","modified_gmt":"2025-01-27T12:27:58","slug":"securaccess-mehrfaktor-authentifizierung-bestellen","status":"publish","type":"product","link":"https:\/\/www.prosoft.de\/shop\/produkt\/securaccess-mehrfaktor-authentifizierung-bestellen\/","title":{"rendered":"SecurAccess Mehrfaktor-Authentifizierung"},"content":{"rendered":"<p>Passw\u00f6rter allein sind bei Remote-Anmeldungen nicht mehr sicher genug. Die <strong>SecurAccess Mehrfaktor-Authentifizierung<\/strong> erg\u00e4nzt das statische Login-Verfahren durch ein zus\u00e4tzliches Einmalpasswort (OTP). Anwender melden sich wie gewohnt remote am Unternehmensnetzwerk, oder an Web- oder Cloud-Applikationen \u00fcber Name und Passwort an. Sind die geforderten Anmeldedaten korrekt, erzeugt die Zwei-Faktor Authentifizierung SecurAccess \u00fcber einen FIPS 140-2 konformen Algorithmus ein Einmalpasswort, auch OTP (One Time Passcode) genannt, das nur einmalig f\u00fcr die aktuelle Session g\u00fcltig ist. Da sich SecurAccess nahtlos in die jeweiligen Login-Systeme aller relevanten Remote-Access Anbieter integriert, kann der Anwender den OTP in die gewohnte Anmeldemaske eingeben und bekommt daraufhin Zugriff auf die gew\u00fcnschten Daten oder Applikationen.<\/p>\n<h3>Alle Authentifizierungsverfahren und Plattformen<\/h3>\n<p>Die <strong>SecurAccess<\/strong> <strong>Mehrfaktor-Authentifizierung<\/strong> kann flexibel bei allen Anmeldeszenarien eingesetzt werden. Fast alle Verfahren sind &#8222;tokenlos&#8220; und verzichten damit komplett auf Hardware-Token. Dies spart Kosten und zus\u00e4tzlichen Aufwand f\u00fcr die Token-Verwaltung und deren periodische Neuanschaffung. Folgende Authentifizierungsverfahren stehen zur Verf\u00fcgung:<\/p>\n<ul>\n<li>OTP\/Passcode per (Flash-) SMS in Echtzeit beim Anmeldevorgang oder vorab (pre-loaded) geliefert (online und offline)<\/li>\n<li>OTP\/Passcodes per E-Mail in Echtzeit oder pre-loaded geliefert (online und offline)<\/li>\n<li>Soft-Token \u00fcber Apps f\u00fcr iOS, Android, Windows Mobile und Blackberry (offline)<\/li>\n<li>OTP\/Passcodes \u00fcber QR-Codes, \u00e4hnlich der Foto-TAN bei Banken (offline)<\/li>\n<li>Voice-Callback f\u00fcr Festnetzanschluss (z.B. Home-Office)<\/li>\n<li>Unterst\u00fctzung der Biometrie-Funktionen von Smartphones (zus\u00e4tzlich Sicherheit z.B. vor Aufruf der SecurAccess App<\/li>\n<li>\u00dcbertragung des Passcodes \u00fcber NFC oder Bluetooth (mehr im <a title=\"Zum SecurAccess Webinar\" href=\"https:\/\/www.prosoft.de\/service\/webinar\/\" target=\"_blank\" rel=\"noopener noreferrer\">Webinar<\/a>)<\/li>\n<li>Authentifizierung mittels <a href=\"https:\/\/www.prosoft.de\/shop\/hardware\/security-token\/yubikey\/\">YubiKey<\/a> (4 und 5 auch Nano und NFC) USB-Token (\u2039Works-with-YubiKey\u203a) und SecurEnvoy <a href=\"https:\/\/www.prosoft.de\/shop\/produkt\/authenticator-card\/\">Authenticator Card<\/a><\/li>\n<\/ul>\n<p>Unternehmen geben die m\u00f6glichen Authentifizierungsverfahren vor und Anwender w\u00e4hlen \u00fcber die Funktion Self-Helpdesk das f\u00fcr Sie aktuell beste Verfahren aus. Anwender im Ausland, Urlaub oder in Gebieten mit unzuverl\u00e4ssiger Netzabdeckung stellen auf eines der angebotenen offline Verfahren um und sparen Roaming-Geb\u00fchren. Mitarbeiter im Home-Office k\u00f6nnen die Voice-Callback Methode nutzen und ben\u00f6tigen kein zus\u00e4tzliches Mobiltelefon. F\u00fcr jeden Anwendungsfall bietet SecurAccess ein passendes und sicheres Authentifizierungsverfahren.<\/p>\n<p>SecurAccess Mehrfaktor-Authentifizierung integriert sich in die Remote-Access Plattformen u.a. von Astaro, Barracuda, Check Point, Cisco, Citrix, F5, Fortinet, Microsoft, Sophos, VMware uvm. Die Lizenzierung erfolgt als Subscription pro Anwender.<\/p>\n<p>Bitte benutzen Sie die Funktion <a title=\"Angebot anfordern\" href=\"https:\/\/www.prosoft.de\/loesungen\/sichere-authentifizierung\/zwei-faktor-authentifizierung\/securaccess\/\" target=\"_blank\" rel=\"noopener noreferrer\">Angebot anfordern<\/a> (bei ProSoft), wenn Sie mehr als 24 Anwender mit SecurAccess Mehrfaktor-Authentifizierung ausstatten wollen. Wir sind SecurEnvoy D\/A\/CH Distributor. Ihre Bestellung oder Anfrage leiten wir (nach Absprache) gerne an einen zertifizierten SecurAccess Partner in Ihrer N\u00e4he weiter.<\/p>\n<h3><strong>Weitere Informationen \u00fcber die <\/strong><strong>SecurAccess Mehrfaktor-Authentifizierung <\/strong><\/h3>\n<ul>\n<li><a href=\"https:\/\/www.prosoft.de\/loesungen\/sichere-authentifizierung\/zwei-faktor-authentifizierung\/\" target=\"_blank\" rel=\"noopener noreferrer\">Mehrfaktor-Authentifizierung bei ProSoft<\/a><\/li>\n<li><a href=\"https:\/\/www.prosoft.de\/service\/webinar\/#c4068\">Zum SecurAccess Webcast anmelden<\/a><\/li>\n<li><a href=\"https:\/\/www.prosoft.de\/loesungen\/sichere-authentifizierung\/zwei-faktor-authentifizierung\/#c1979\" target=\"_blank\" rel=\"noopener noreferrer\">Alle verf\u00fcgbaren Authentifizierungsverfahren<\/a><\/li>\n<li><a href=\"https:\/\/www.prosoft.de\/loesungen\/sichere-authentifizierung\/zwei-faktor-authentifizierung\/#c2022\" target=\"_blank\" rel=\"noopener noreferrer\">Alle unterst\u00fctzten Plattformen<\/a><\/li>\n<li><a href=\"https:\/\/www.youtube.com\/playlist?list=PL31vD86VUg2THw8T4YkHCrCesUHazEceS\" target=\"_blank\" rel=\"noopener noreferrer\">SecurAccess Videos<\/a><\/li>\n<\/ul>\n","protected":false},"excerpt":{"rendered":"<h2>SecurAccess Mehrfaktor-Authentifizierung f\u00fcr alle F\u00e4lle<\/h2>\n<p>SecurEnvoy ist der Erfinder und weltweit f\u00fchrende Anbieter der Mehrfaktor-Authentifizierung SecurAccess. Mithilfe mobiler Devices wie Mobiltelefone, Smartphones, Smartwatches, Tablets und Notebooks bietet SecurAccess mehrere sichere Authentifizierungsverfahren f\u00fcr jeden Anwendungsfall an. Der zweite Faktor kann bei SecurAccess per SMS, E-Mail und NFC gesendet, per Soft-Token App auf Smartphones oder Tablets offline generiert, per QR-Code (\u00e4hnlich Foto-TAN bei Bank-Transaktionen) abfotografiert oder per Voice-Call Verfahren eingegeben werden. Neu ab Version 9 ist die sichere Authentifizierung u.a. auch \u00fcber <a href=\"https:\/\/www.prosoft.de\/shop\/hardware\/security-token\/yubikey\/\">YubiKey<\/a> sowie die SecurEnvoy <a href=\"https:\/\/www.prosoft.de\/shop\/produkt\/authenticator-card\/\">Authenticator Card<\/a> (Token im Kreditkartenformat). Mit dieser L\u00f6sung erh\u00f6hen Sie die Sicherheit bei allen relevanten Remote-, Web- und Cloud-Zugriffen verschiedener Hersteller.<\/p>\n<p>ProSoft ist SecurEnvoy Value-Added-Distributor f\u00fcr Deutschland, \u00d6sterreich und die Schweiz. Ihre Bestellung wird an einen zertifizierten SecurAccess Partner weitergeleitet. Alternativ k\u00f6nnen Sie uns auch gerne den von Ihnen bevorzugten IT-Partnern nennen, mit dem wir uns gerne in Verbindung setzen. F\u00fcr ein unverbindliches Angebot klicken Sie bitte <a href=\"https:\/\/www.prosoft.de\/loesungen\/sichere-authentifizierung\/zwei-faktor-authentifizierung\/securaccess\/\" target=\"_blank\" rel=\"noopener noreferrer\">hier<\/a>.<\/p>\n","protected":false},"featured_media":5920,"comment_status":"open","ping_status":"closed","template":"","meta":[],"product_brand":[],"product_cat":[55],"product_tag":[1238,378,486,485,931,377,973,484,893,480],"class_list":{"0":"post-5295","1":"product","2":"type-product","3":"status-publish","4":"has-post-thumbnail","6":"product_cat-security-loesungen","7":"product_tag-2fa","8":"product_tag-cisco-absichern","9":"product_tag-citrix-absichern","10":"product_tag-einmalpasswort","11":"product_tag-mehrfaktor-authentifizierung","12":"product_tag-otp","13":"product_tag-sichere-authentifizierung","14":"product_tag-soft-token","15":"product_tag-token","16":"product_tag-vpn-absichern","18":"first","19":"instock","20":"taxable","21":"shipping-taxable","22":"purchasable","23":"product-type-variable"},"group_of_quantity":0,"min_quantity":0,"max_quantity":"","exclude_order_quantity_value_rules":"no","exclude_category_quantity_rules":"no","combine_variations":"no","_links":{"self":[{"href":"https:\/\/www.prosoft.de\/shop\/wp-json\/wp\/v2\/product\/5295","targetHints":{"allow":["GET"]}}],"collection":[{"href":"https:\/\/www.prosoft.de\/shop\/wp-json\/wp\/v2\/product"}],"about":[{"href":"https:\/\/www.prosoft.de\/shop\/wp-json\/wp\/v2\/types\/product"}],"replies":[{"embeddable":true,"href":"https:\/\/www.prosoft.de\/shop\/wp-json\/wp\/v2\/comments?post=5295"}],"wp:featuredmedia":[{"embeddable":true,"href":"https:\/\/www.prosoft.de\/shop\/wp-json\/wp\/v2\/media\/5920"}],"wp:attachment":[{"href":"https:\/\/www.prosoft.de\/shop\/wp-json\/wp\/v2\/media?parent=5295"}],"wp:term":[{"taxonomy":"product_brand","embeddable":true,"href":"https:\/\/www.prosoft.de\/shop\/wp-json\/wp\/v2\/product_brand?post=5295"},{"taxonomy":"product_cat","embeddable":true,"href":"https:\/\/www.prosoft.de\/shop\/wp-json\/wp\/v2\/product_cat?post=5295"},{"taxonomy":"product_tag","embeddable":true,"href":"https:\/\/www.prosoft.de\/shop\/wp-json\/wp\/v2\/product_tag?post=5295"}],"curies":[{"name":"wp","href":"https:\/\/api.w.org\/{rel}","templated":true}]}}