{"id":5382,"date":"2015-02-02T13:21:51","date_gmt":"2015-02-02T12:21:51","guid":{"rendered":"https:\/\/www.prosoft.de\/shop\/?post_type=product&#038;p=5382"},"modified":"2026-03-11T17:18:56","modified_gmt":"2026-03-11T16:18:56","slug":"moxa-nport-5110","status":"publish","type":"product","link":"https:\/\/www.prosoft.de\/shop\/produkt\/moxa-nport-5110\/","title":{"rendered":"Moxa NPort 5110"},"content":{"rendered":"<h2>Moxa NPort<sup>\u00ae<\/sup> 5110<\/h2>\n<p>Durch den Ger\u00e4teserver <strong>Moxa NPort 5110<\/strong> (EU) k\u00f6nnen serielle Ger\u00e4te schnell und einfach netzwerkf\u00e4hig gemacht werden. Die kompakte Bauweise eignet sich optimal zum Einbinden\u00a0 von Kartenlesern, Zahlungsterminals oder GSM\/GPRS-Modems in ein IP-basiertes Ethernet-LAN und erm\u00f6glicht es, auf die Software von seriellen Ger\u00e4ten direkt \u00fcber ein lokales Netzwerk zuzugreifen.<\/p>\n<p><strong>Weitere Merkmale:<\/strong><\/p>\n<ul>\n<li>Einfache Installation und Konfiguration<\/li>\n<li>Einbindung von Ger\u00e4ten \u00fcber serielle Schnittstelle in TCP\/IP-Netzwerke<\/li>\n<li>kompakte Bauweise: Kreditkartengr\u00f6\u00dfe<\/li>\n<li>Konfigurationsprogramm findet automatisch NPort\u2011Ger\u00e4te im Netzwerk<\/li>\n<li>Leicht zu bedienendes Windows-Dienstprogramm zum Konfigurieren mehrerer Ger\u00e4teserver<\/li>\n<li>Konfiguration \u00fcber Web \/ Telnet \/ serielle Konsole<\/li>\n<li>Real COM- und TTY-Treiber f\u00fcr Windows und Linux<\/li>\n<li>TCP\/IP-Standardschnittstelle und flexible Betriebsarten<\/li>\n<li>Eingebauter 15-KV-ESD-Schutz f\u00fcr alle seriellen Signale<\/li>\n<li>SNMP MIB-II f\u00fcr das Netzwerk-Management<\/li>\n<li>Einstellbarer Abschlusswiderstand f\u00fcr RS-485-Ports<\/li>\n<li>Unterst\u00fctzung der Industrienetzwerk-Managementsoftware MXview von Moxa \u00fcber MXview Plug-in<\/li>\n<li>Die Stromversorgung \u00fcber externes Netzteil<\/li>\n<li>Entspricht RoHS<\/li>\n<\/ul>\n<p>Mit dem Ger\u00e4teserver <strong>Moxa NPort 5110<\/strong> in Zusammenspiel mit SecurAccess k\u00f6nnen Einmalpassw\u00f6rter (OTP) per SMS in Echtzeit oder vorab versandt werden, sobald sich der Anwender mit Name und Passwort erfolgreich gegen\u00fcber dem Active Directory (o.\u00e4.) validiert hat. SecurAccess bietet aber auch andere \u00abtokenlose\u00bb Verfahren (online\/offline) wie z.B. SoftToken \u00fcber Apps, E-Mail, Foto-OTPs oder VoiceCall an und ist im neuen Gartner Magic Quadrant der Vision\u00e4r mit der besten Bewertung.<\/p>\n<p>Ebenfalls bei ProSecurity: <a href=\"https:\/\/www.prosoft.de\/shop\/hardware\/security-token\/\">Security-Token<\/a> f\u00fcr die sichere, passwortlose Authentifizierung.<\/p>\n","protected":false},"excerpt":{"rendered":"<h2>Moxa NPort<sup>\u00ae<\/sup> 5110 Ger\u00e4teserver mit Ethernet, Fast Ethernet und seriellem RS-232 Ports<\/h2>\n<p>Durch den Ger\u00e4teserver Moxa NPort 5110 k\u00f6nnen serielle Ger\u00e4te schnell und einfach netzwerkf\u00e4hig gemacht werden. Die kompakte Bauweise eignet sich optimal zum Einbinden von Kartenlesern, Zahlungsterminals oder GSM\/GPRS-Modems in ein IP-basiertes Ethernet-LAN und erm\u00f6glicht es, auf die Software von seriellen Ger\u00e4ten direkt \u00fcber ein lokales Netzwerk zuzugreifen.<\/p>\n","protected":false},"featured_media":5381,"comment_status":"open","ping_status":"closed","template":"","meta":[],"product_brand":[],"product_cat":[1153,399,1216],"product_tag":[408,498,409,476,1518],"class_list":{"0":"post-5382","1":"product","2":"type-product","3":"status-publish","4":"has-post-thumbnail","6":"product_cat-hardware","7":"product_cat-modem","8":"product_cat-moxa-nport-5110","9":"product_tag-geraeteserver-moxa-nport-5110","10":"product_tag-hardware","11":"product_tag-moxa-nport-5110","12":"product_tag-seriell-auf-ethernet","13":"product_tag-serielles-modem","15":"first","16":"instock","17":"taxable","18":"shipping-taxable","19":"purchasable","20":"product-type-simple"},"group_of_quantity":0,"min_quantity":0,"max_quantity":"","exclude_order_quantity_value_rules":"no","exclude_category_quantity_rules":"no","combine_variations":"no","_links":{"self":[{"href":"https:\/\/www.prosoft.de\/shop\/wp-json\/wp\/v2\/product\/5382","targetHints":{"allow":["GET"]}}],"collection":[{"href":"https:\/\/www.prosoft.de\/shop\/wp-json\/wp\/v2\/product"}],"about":[{"href":"https:\/\/www.prosoft.de\/shop\/wp-json\/wp\/v2\/types\/product"}],"replies":[{"embeddable":true,"href":"https:\/\/www.prosoft.de\/shop\/wp-json\/wp\/v2\/comments?post=5382"}],"wp:featuredmedia":[{"embeddable":true,"href":"https:\/\/www.prosoft.de\/shop\/wp-json\/wp\/v2\/media\/5381"}],"wp:attachment":[{"href":"https:\/\/www.prosoft.de\/shop\/wp-json\/wp\/v2\/media?parent=5382"}],"wp:term":[{"taxonomy":"product_brand","embeddable":true,"href":"https:\/\/www.prosoft.de\/shop\/wp-json\/wp\/v2\/product_brand?post=5382"},{"taxonomy":"product_cat","embeddable":true,"href":"https:\/\/www.prosoft.de\/shop\/wp-json\/wp\/v2\/product_cat?post=5382"},{"taxonomy":"product_tag","embeddable":true,"href":"https:\/\/www.prosoft.de\/shop\/wp-json\/wp\/v2\/product_tag?post=5382"}],"curies":[{"name":"wp","href":"https:\/\/api.w.org\/{rel}","templated":true}]}}