{"id":5810,"date":"2015-09-18T10:42:48","date_gmt":"2015-09-18T08:42:48","guid":{"rendered":"https:\/\/www.prosoft.de\/shop\/produkt\/datalocker-dl3\/"},"modified":"2026-02-09T14:43:04","modified_gmt":"2026-02-09T13:43:04","slug":"datalocker-dl3-online-bestellen","status":"publish","type":"product","link":"https:\/\/www.prosoft.de\/shop\/produkt\/datalocker-dl3-online-bestellen\/","title":{"rendered":"DataLocker DL3"},"content":{"rendered":"<h3>DataLocker DL3<\/h3>\n<p>DataLocker DL3 wurde f\u00fcr Anwender entwickelt, die gr\u00f6\u00dften Wert auf Geschwindigkeit, Kapazit\u00e4t und Sicherheit legen. Und das bei einfachster Einrichtung und Bedienbarkeit. Die erweiterten Leistungsmerkmale umfassen neben dem integrierten Zufalls-Keypad einen Selbstzerst\u00f6rungs-Modus, eine extrem schnelle USB 3.0 Schnittstelle und Speicherkapazit\u00e4ten von bis zu 2 TB. Die externe Festplatte ist kompatibel zu Windows, Mac OS und Linux.<\/p>\n<h3>DataLocker DL3 Sicherheitsfunktionen<\/h3>\n<p>Komplizierte Software- oder Treiber-Installationen geh\u00f6ren der Vergangenheit an. Konfiguration und Bedienung werden \u00fcber den benutzerfreundlichen Touchscreen umgesetzt. Das <strong>patentierte Touchpad<\/strong> verf\u00fcgt \u00fcber eine Hintergrundbeleuchtung und erlaubt die Eingabe alphanumerischer Passw\u00f6rter. Die Anordnung der Zahlen am Touchpad kann zuf\u00e4llig gew\u00e4hlt werden. Das verhindert R\u00fcckschl\u00fcsse auf den PIN-Code durch Fingerabdr\u00fccke oder Kamera-Aufnahmen. Bei der Festplatte k\u00f6nnen zwei Berechtigungsstufen definiert werden. Der Admin kann dabei das Anwenderpasswort zur\u00fccksetzen. Als Men\u00fcsprachen stehen neben Deutsch auch noch Englisch, Franz\u00f6sisch und Spanisch zur Verf\u00fcgung.<\/p>\n<p>Bei mehr als 10 aufeinander folgenden Passwort-Falscheingaben werden die Daten unwiederbringlich gel\u00f6scht. Das einstellbare Merkmal \u2018Sicheres Passwort\u2019 unterbindet zu kurze und einfache Zahlen- oder Buchstaben-Kombinationen. Dadurch und durch die 100% Hardware-basierte AES 256-Bit-Verschl\u00fcsselung im hochsicheren XTS-Modus werden wichtige Daten wirksam gesch\u00fctzt. DataLocker DL3 ist zus\u00e4tzlich durch ein Metallgeh\u00e4use und einem abnehmbaren Silikonschutz wirkungsvoll vor St\u00f6\u00dfen gesch\u00fctzt.<\/p>\n<p>F\u00fcr einen erweiterten Zugriffsschutz kann <strong>RFID<\/strong> als zweite Absicherung\u00a0erg\u00e4nzt werden. In diesem Fall werden RFID-Transponder mitgeliefert. Bitte fragen Sie diese Option \u00fcber unser <a href=\"https:\/\/www.prosoft.de\/shop\/service-support\/kontaktformular\/\">Kontaktformular<\/a> an. Der Hersteller gew\u00e4hrt auf seine USB-Speicherger\u00e4te 2 Jahre Garantie.<\/p>\n<h3>Optionales Device-Management<\/h3>\n<p>Die <strong>DL3<\/strong> Festplatten sind\u00a0<a href=\"https:\/\/www.prosoft.de\/shop\/produkt\/safeconsole-usb-device-management\/\">SafeConsole Ready<\/a><b>. <\/b>Mit dem optionalen SafeConsole <a href=\"https:\/\/www.prosoft.de\/shop\/produkt\/safeconsole-usb-device-management\/\">USB-Device-Management<\/a> konfigurieren und verwalten Sie zentral alle DataLocker DL3 Festplatten unter Windows sowie hardwareverschl\u00fcsselte externe Festplatten und USB-Sticks weiterer Hersteller wie Kingston und Origin. Zus\u00e4tzlich erg\u00e4nzen Sie Sicherheits- und Komfortfunktionen wie Geofencing, Read-only, sicheres Passwort-Reset ohne Datenverlust, Remote-Kill verlorener USB-Speicherlaufwerke uvm.<\/p>\n<p><strong>Mehr Informationen:<\/strong><br \/>\n<a href=\"https:\/\/www.prosoft.de\/shop\/wp-content\/uploads\/2018\/10\/DataLocker_DL3_Datenblatt_Deutsch.pdf\">DataLocker DL3 Datenblatt<\/a><\/p>\n","protected":false},"excerpt":{"rendered":"<h2>Die hardwareverschl\u00fcsselte externe USB 3.0 Festplatte mit Touchpad<\/h2>\n<p>DataLocker DL3 wurde f\u00fcr Anwender entwickelt, die gr\u00f6\u00dften Wert auf Geschwindigkeit, Kapazit\u00e4t und Sicherheit legen. Und das bei einfachster Einrichtung und Bedienbarkeit. Die erweiterten Leistungsmerkmale umfassen neben Hardwareverschl\u00fcsselung und dem Zufalls-Touchpad, eine extrem schnelle USB 3.0 Schnittstelle und Speicherkapazit\u00e4ten von 500 GB bis zu 2 TB. DL3 ist SafeConsoleReady.<\/p>\n<p>Einige Kapazit\u00e4ten sind EoL und deshalb sind nicht mehr alle Varianten &amp; Kapazit\u00e4ten verf\u00fcgbar. Die HDD-Versionen sind bei uns meist sofort lieferbar. DataLocker DL3 als SSD haben h\u00e4ufig Lieferzeiten von 3 bis 10 Tagen. 3 Jahre Herstellergarantie.<\/p>\n","protected":false},"featured_media":5832,"comment_status":"open","ping_status":"closed","template":"","meta":[],"product_brand":[],"product_cat":[1129,1163,1153,1104,53],"product_tag":[981,847,848,852,849,850,851,953,615],"class_list":{"0":"post-5810","1":"product","2":"type-product","3":"status-publish","4":"has-post-thumbnail","6":"product_cat-datalocker-festplatten","7":"product_cat-datalocker-dl3","8":"product_cat-hardware","9":"product_cat-hersteller","10":"product_cat-verschluesselte-festplatten","11":"product_tag-aes-256-bit-xts-modus","12":"product_tag-dl1000v3","13":"product_tag-dl2000v3","14":"product_tag-dl4000v3ssd","15":"product_tag-dl500v3","16":"product_tag-dl512v3ssd","17":"product_tag-dl960v3ssd","18":"product_tag-safeconsole-ready","19":"product_tag-usb-3-0","21":"first","22":"instock","23":"sale","24":"taxable","25":"shipping-taxable","26":"purchasable","27":"product-type-variable"},"group_of_quantity":0,"min_quantity":0,"max_quantity":"","exclude_order_quantity_value_rules":"no","exclude_category_quantity_rules":"no","combine_variations":"no","_links":{"self":[{"href":"https:\/\/www.prosoft.de\/shop\/wp-json\/wp\/v2\/product\/5810","targetHints":{"allow":["GET"]}}],"collection":[{"href":"https:\/\/www.prosoft.de\/shop\/wp-json\/wp\/v2\/product"}],"about":[{"href":"https:\/\/www.prosoft.de\/shop\/wp-json\/wp\/v2\/types\/product"}],"replies":[{"embeddable":true,"href":"https:\/\/www.prosoft.de\/shop\/wp-json\/wp\/v2\/comments?post=5810"}],"wp:featuredmedia":[{"embeddable":true,"href":"https:\/\/www.prosoft.de\/shop\/wp-json\/wp\/v2\/media\/5832"}],"wp:attachment":[{"href":"https:\/\/www.prosoft.de\/shop\/wp-json\/wp\/v2\/media?parent=5810"}],"wp:term":[{"taxonomy":"product_brand","embeddable":true,"href":"https:\/\/www.prosoft.de\/shop\/wp-json\/wp\/v2\/product_brand?post=5810"},{"taxonomy":"product_cat","embeddable":true,"href":"https:\/\/www.prosoft.de\/shop\/wp-json\/wp\/v2\/product_cat?post=5810"},{"taxonomy":"product_tag","embeddable":true,"href":"https:\/\/www.prosoft.de\/shop\/wp-json\/wp\/v2\/product_tag?post=5810"}],"curies":[{"name":"wp","href":"https:\/\/api.w.org\/{rel}","templated":true}]}}