{"id":5931,"date":"2018-07-05T10:30:13","date_gmt":"2018-07-05T08:30:13","guid":{"rendered":"https:\/\/www.prosoft.de\/shop\/produkt\/sentry-usb-3-0\/"},"modified":"2026-04-09T11:35:24","modified_gmt":"2026-04-09T09:35:24","slug":"datalocker-sentry-one","status":"publish","type":"product","link":"https:\/\/www.prosoft.de\/shop\/produkt\/datalocker-sentry-one\/","title":{"rendered":"DataLocker Sentry ONE"},"content":{"rendered":"<h3>DataLocker Sentry ONE<\/h3>\n<p>DataLocker Sentry ONE ist ein hardwareverschl\u00fcsselter USB-Stick mit einer Superspeed USB 3.2 Schnittstelle. Die Sicherheit wird durch 256-Bit AES-Hardware Verschl\u00fcsselung im XTS-Modus und ein starkes Passwort mit Mindestvorgaben gew\u00e4hrleistet. Die Validierung des Passworts f\u00fcr den Datenzugriff und die Datenverschl\u00fcsselung erfolgt ausschlie\u00dflich auf dem USB 3.2-Stick.<\/p>\n<p align=\"LEFT\"><strong>Sentry ONE<\/strong> ist <strong>FIPS 140-2 Level 3<\/strong> zertifiziert und verwendet eine fest integrierte Verschl\u00fcsselungseinheit, die mit Epoxidharz beschichtet und vergossen ist. Die Beschichtung sch\u00fctzt die Verschl\u00fcsselungseinheit und den Flash-Speicher vor dem Eindringen von Wasser, und Schmutz und vor dem Zugriff von Hackern. Zus\u00e4tzlich wurde von der franz\u00f6sischen ANSSI-Sicherheitsbeh\u00f6rde das <strong>CSPN-Sicherheitszertifikat<\/strong> (07\/2022) f\u00fcr Produkte der Informationstechnologie vergeben und die Zertifizierung im Rahmen der \u00abBeschleunigten Sicherheitszertifizierung\u00bb vom Bundesamt f\u00fcr Sicherheit in der Informationstechnik \/ BSI ebenfalls anerkannt.<\/p>\n<p align=\"LEFT\">Alle auf dem USB-Stick gespeicherten Daten werden zu 100 % verschl\u00fcsselt. Der Zugriff erfolgt erst nach korrekter Eingabe eines starken Passworts mit Mindestvorgaben und ist nicht manipulierbar.\u00a0 Es werden weder eine Software-Installation noch Administrationsrechte ben\u00f6tigt, um kritische Daten sicher zu speichern. Nach 10 erfolglosen Anmeldeversuchen l\u00f6scht Sentry ONE USB-Stick zum Schutz vor Brute-Force-Attacken sicherheitshalber alle gespeicherten Daten bzw. den Schl\u00fcssel zur Datenentschl\u00fcsselung. Der USB-Flashspeicher sperrt sich bei Inaktivit\u00e4t automatisch nach einer festgelegten Zeit. Zus\u00e4tzliche physische Sicherheit bietet das stabile Geh\u00e4use des USB\u2011Flashspeichers. Es ist so kompakt, dass es auch in eng beieinanderliegenden USB-Ports, wie sie h\u00e4ufig bei Notebooks vorkommen, genutzt werden kann. Der USB-Stick ist kompatibel mit den Host-Betriebssystemen Windows, macOS und Linux. Der USB-Stick ist Citrix Ready (XenDesktop, XenApp).<\/p>\n<p align=\"LEFT\">Jedes Jahr gehen weltweit \u00fcber 20 Millionen ungesch\u00fctzte USB-Sticks verloren. Sollten die Daten darauf in die falschen H\u00e4nde geraten, kann dies Strafen nach sich ziehen. Zus\u00e4tzlich ist in vielen F\u00e4llen das Vertrauen in das jeweilige Unternehmen oder Organisation massiv beeintr\u00e4chtigt. Hardwareverschl\u00fcsselte USB-Sticks sollten daher ein essenzieller Teil einer umfassenden Endpoint-Security und DLP \u2013 Strategie (Data Loss Prevention) sein.<\/p>\n<p align=\"LEFT\"><strong>DataLocker Sentry ONE<\/strong> \u00abSTANDARD\u00bb (hier bestellbar) kann auf \u00abMANAGED\u00bb kostenlos upgedatet werden.<br \/>\n<strong><br \/>\n<\/strong>Mit <a href=\"https:\/\/www.prosoft.de\/loesungen\/verschluesselung\/usb-device-management\/\">USB-Device-Management<\/a> ist die Einrichtung und Verwaltung zahlreicher, sicherer USB-Laufwerke f\u00fcr Organisationen jeder Gr\u00f6\u00dfe m\u00f6glich. Sie erweitern damit nochmals den Funktionsumfang und die Sicherheitseinstellungen der damit verwalteten USB-Speicherger\u00e4te.<br \/>\n<a href=\"https:\/\/www.prosoft.de\/shop\/service-support\/kontaktformular\/\">Senden Sie uns bitte eine Anfrage<\/a>, wenn Sie an der MANAGED-Variante interessiert sind.<\/p>\n<p align=\"LEFT\">DataLocker gew\u00e4hrt auf den Sentry ONE <strong>5 Jahre Garantie<\/strong>. Der verschl\u00fcsselte USB-Stick entspricht den Normen TAA (Lieferkette; nur vertrauensw\u00fcrdige L\u00e4nder), IP68, RoHS, CE; FCC und WEE.<\/p>\n<h3 align=\"LEFT\">Mehr Informationen<\/h3>\n<p><a href=\"https:\/\/www.prosoft.de\/shop\/wp-content\/uploads\/2022\/09\/DataLocker_SentryONE_Datenblatt_0922.pdf\">DataLocker Sentry ONE Datenblatt<\/a> (dt.)<\/p>\n<p><a href=\"https:\/\/www.prosoft.de\/shop\/software\/security-loesungen\/safeconsole\/\">SafeConsole<\/a> USB-Device-Management<\/p>\n","protected":false},"excerpt":{"rendered":"<p><strong>Hardwareverschl\u00fcsselter Superspeed USB-Stick<\/strong><\/p>\n<p align=\"LEFT\">DataLocker Sentry ONE ist der sichere USB-Speicher mit AES-256-Bit-Hardwareverschl\u00fcsselung und <strong>FIPS<\/strong> 140-2 Level 3-, sowie <strong>CSPN<\/strong>-Zertifizierung, welche als gleichwertig mit der <strong>BSI BSZ<\/strong> (Beschleunigte Sicherheitszertifizierung) anerkannt wird.<\/p>\n<p align=\"LEFT\"><strong>Aktuell noch verf\u00fcgbar zu den Preisen aus 2025<\/strong> (solange der Vorrat reicht).<\/p>\n<p align=\"LEFT\">Der Sentry ONE ist in den Kapazit\u00e4ten 8 &#8211; 64 GB erh\u00e4ltlich. 5 Jahre Herstellergarantie. Wir sind DataLocker SPARK GOLD PARTNER!<\/p>\n","protected":false},"featured_media":8622,"comment_status":"open","ping_status":"closed","template":"","meta":[],"product_brand":[],"product_cat":[270,1173,1175,1153,1104,272,54],"product_tag":[981,412,1335,1333,1308,704,585,983,953,1384],"class_list":{"0":"post-5931","1":"product","2":"type-product","3":"status-publish","4":"has-post-thumbnail","6":"product_cat-angebote","7":"product_cat-datalocker","8":"product_cat-datalocker-sentry-usb-3-0","9":"product_cat-hardware","10":"product_cat-hersteller","11":"product_cat-neu-im-sortiment","12":"product_cat-verschluesselte-usb-sticks","13":"product_tag-aes-256-bit-xts-modus","14":"product_tag-aes-256-bit-verschluesselung","15":"product_tag-cspn","16":"product_tag-cspn-zertifizierung","17":"product_tag-datalocker","18":"product_tag-fips-140-2-level-3","19":"product_tag-fips-zertifiziert","20":"product_tag-managebar","21":"product_tag-safeconsole-ready","22":"product_tag-usb-stick-bsi","24":"first","25":"instock","26":"sale","27":"taxable","28":"shipping-taxable","29":"purchasable","30":"product-type-variable","31":"has-default-attributes"},"group_of_quantity":0,"min_quantity":0,"max_quantity":"","exclude_order_quantity_value_rules":"no","exclude_category_quantity_rules":"no","combine_variations":"no","_links":{"self":[{"href":"https:\/\/www.prosoft.de\/shop\/wp-json\/wp\/v2\/product\/5931","targetHints":{"allow":["GET"]}}],"collection":[{"href":"https:\/\/www.prosoft.de\/shop\/wp-json\/wp\/v2\/product"}],"about":[{"href":"https:\/\/www.prosoft.de\/shop\/wp-json\/wp\/v2\/types\/product"}],"replies":[{"embeddable":true,"href":"https:\/\/www.prosoft.de\/shop\/wp-json\/wp\/v2\/comments?post=5931"}],"wp:featuredmedia":[{"embeddable":true,"href":"https:\/\/www.prosoft.de\/shop\/wp-json\/wp\/v2\/media\/8622"}],"wp:attachment":[{"href":"https:\/\/www.prosoft.de\/shop\/wp-json\/wp\/v2\/media?parent=5931"}],"wp:term":[{"taxonomy":"product_brand","embeddable":true,"href":"https:\/\/www.prosoft.de\/shop\/wp-json\/wp\/v2\/product_brand?post=5931"},{"taxonomy":"product_cat","embeddable":true,"href":"https:\/\/www.prosoft.de\/shop\/wp-json\/wp\/v2\/product_cat?post=5931"},{"taxonomy":"product_tag","embeddable":true,"href":"https:\/\/www.prosoft.de\/shop\/wp-json\/wp\/v2\/product_tag?post=5931"}],"curies":[{"name":"wp","href":"https:\/\/api.w.org\/{rel}","templated":true}]}}