{"id":6496,"date":"2016-07-06T08:39:03","date_gmt":"2016-07-06T06:39:03","guid":{"rendered":"https:\/\/www.prosoft.de\/shop\/?post_type=product&#038;p=6496"},"modified":"2025-02-25T10:50:36","modified_gmt":"2025-02-25T09:50:36","slug":"bittruster","status":"publish","type":"product","link":"https:\/\/www.prosoft.de\/shop\/produkt\/bittruster\/","title":{"rendered":"BitTruster"},"content":{"rendered":"<p>BitLocker von Microsoft\u00ae verschl\u00fcsselt die Daten auf Festplatten von Computern und Notebooks. BitLocker ist ab Windows 10 in allen Enterprise- und Professional-Lizenzen enthalten. Die zentrale Sicherheit, eine einheitliche Konfiguration sowie ein zentrales <a href=\"https:\/\/www.prosoft.de\/loesungen\/verschluesselung\/bitlocker-management\/\">BitLocker-Management <\/a>von Verschl\u00fcsselung und Reporting fehlen jedoch. <strong>BitTruster<\/strong> baut auf BitLocker auf und erg\u00e4nzt die fehlenden Funktionen wie:<\/p>\n<ul>\n<li>Schl\u00fcssel-Management f\u00fcr TPM PIN und Recovery Passwort. Speichern Sie diese essenziellen Keys zur Wiederherstellung in einer sicheren (Unternehmens-) Datenbank. Durch das BitLocker-Recovery ist der Datenzugriff jederzeit gew\u00e4hrleistet. Alle wichtigen Daten f\u00fcr die Wiederherstellung bleiben im Unternehmen<\/li>\n<li>BitLocker Recovery durch das BitLocker Schl\u00fcssel-Management &#8211; Remote Wiederherstellung des Festplattenzugriffs<\/li>\n<li>Konfiguration und Anpassungen automatisiert \u00fcber Policies. Eigene Richtlinien f\u00fcr mobile Endger\u00e4te<\/li>\n<li>Compliance Monitoring zeigt jederzeit den Verschl\u00fcsselungsstatus Ihrer Endger\u00e4te uvm. an<\/li>\n<li>Keine Client-Installation notwendig<\/li>\n<\/ul>\n<h3>Weitere Vorteile mit BitTruster<\/h3>\n<p>Mit der <strong>Overnight Encryption<\/strong> kann die zeitaufwendige initiale Verschl\u00fcsselung (BitLocker Roll-out) auf einen Termin au\u00dferhalb der Betriebszeiten gelegt werden. Durch Wake-on-LAN lassen sich die ausgew\u00e4hlten Computer starten und im Anschluss mit BitLocker verschl\u00fcsseln. Dabei arbeitet BitTruster komplett <strong>ohne Client<\/strong>. Bei Updates muss nur der Server aktualisiert werden und nicht zus\u00e4tzlich alle Clients.<\/p>\n<p>\u00dcber das <strong>Diebstahl-Management<\/strong> k\u00f6nnen gestohlene oder nicht mehr vorhandene Computer entsprechend markiert und die Wiederherstellung von PIN- oder Recovery-Passw\u00f6rtern deaktiviert und damit eine versehentliche Wiederherstellung wirkungsvoll unterbunden werden. Mit dem <strong>SelfHelp Portal<\/strong> kann der registrierte Anwender PIN-Nummern erfragen, Computer selbstst\u00e4ndig als gestohlen melden oder seine lokalen Zugriffsrechte \u00e4ndern.<\/p>\n<p>Mit der Management-Konsole werden alle Funktionen wie Zugriffsberechtigungen, Zuordnungen, gestohlene Notebooks usw. zentral administriert. Die Konsole arbeitet rollenbasiert und alle dort durchgef\u00fchrten Vorg\u00e4nge werden umfangreich und nachweisbar protokolliert. Im Falle des Verlusts eines mit BitLocker verschl\u00fcsselten Notebooks bzw. Tablets, handelt es sich durch die installierte Festplattenverschl\u00fcsselung um keinen Datenschutzvorfall. Der Nachweis, dass BitLocker zu diesem Zeitpunkt aktiviert war, muss jedoch gef\u00fchrt werden k\u00f6nnen.<\/p>\n<h3>BitTruster Lizenzierung<\/h3>\n<p>Die hier angebotenen Lizenz dient nur der ersten preislichen Orientierung. BitTruster wird ausschlie\u00dflich \u00fcber zertifizierte BitTruster Reseller vertrieben. Die Lizenzierung erfolgt als Nutzungsgeb\u00fchr (Subscription) f\u00fcr 1 bzw. 3 Jahre. Alternativ ist aber auch eine Kauflizenz verf\u00fcgbar. Bei ProSoft GmbH erfahren Sie mehr \u00fcber BitLocker-Management. Dort k\u00f6nnen Sie auch ein unverbindliches Angebot \u00fcber die verschiedenen Lizenzierungsm\u00f6glichkeiten sowie Staffel- und Projektpreise anfragen. <a href=\"https:\/\/www.prosoft.de\/loesungen\/verschluesselung\/bitlocker-management\/\">Zur Anfrage<\/a><\/p>\n<h3>Mehr erfahren<\/h3>\n<p>Erfahren Sie mehr \u00fcber <strong>BitLocker-Management<\/strong> mit BitTruster<\/p>\n<ul>\n<li>Alle Details von <a href=\"https:\/\/www.prosoft.de\/loesungen\/verschluesselung\/bitlocker-management\">BitLocker-Management<\/a> inkl. Datenblatt<\/li>\n<li>Zum individuellen <a href=\"https:\/\/www.prosoft.de\/service\/webinar\/#c4068\">Webcast<\/a> anmelden<\/li>\n<li>BitTruster Videos auf unserem <a href=\"https:\/\/www.youtube.com\/playlist?list=PL31vD86VUg2R72oPKA9YeluDn667NNIAN\">YouTube-Kanal<\/a><\/li>\n<\/ul>\n","protected":false},"excerpt":{"rendered":"<h2>BitLocker-Management \u2013 clientless \u2013 jetzt in der Jubil\u00e4umsaktion!<\/h2>\n<p>F\u00fcr Organisationen ist es in zentrales BitLocker-Management absolut notwendig. Mit <strong>BitTruster<\/strong> &#8211; Made in Germany &#8211; automatisieren Sie das Management von BitLocker, haben Zugriff auf TPM PIN und das BitLocker-Recovery-Passwort, k\u00f6nnen die Verschl\u00fcsselung wiederherstellen, konfigurieren BitLocker \u00fcber Richtlinien und sehen \u00fcber das Compliance-Monitoring permanent den BitLocker Status Ihrer Infrastruktur.<\/p>\n<p>Aktuell bieten wir BitTruster in der ProSoft-Jubil\u00e4umsaktion an, mit bis zu 50 % Rabatt. Stellen Sie gleich eine <a href=\"https:\/\/www.prosoft.de\/loesungen\/verschluesselung\/bitlocker-management\/bittruster\/#c13928\">unverbindliche Anfrage<\/a>.<\/p>\n","protected":false},"featured_media":6523,"comment_status":"open","ping_status":"closed","template":"","meta":[],"product_brand":[],"product_cat":[52,55],"product_tag":[741,1090,1091,1089,1393,1391,1392],"class_list":{"0":"post-6496","1":"product","2":"type-product","3":"status-publish","4":"has-post-thumbnail","6":"product_cat-software","7":"product_cat-security-loesungen","8":"product_tag-bitlocker-management","9":"product_tag-bitlocker-monitoring","10":"product_tag-bitlocker-report","11":"product_tag-bitlocker-schluesselverwaltung","12":"product_tag-bitlocker-tpm","13":"product_tag-bitlocker-verwalten","14":"product_tag-bittruster","16":"first","17":"instock","18":"taxable","19":"shipping-taxable","20":"purchasable","21":"product-type-variable"},"group_of_quantity":0,"min_quantity":0,"max_quantity":"","exclude_order_quantity_value_rules":"no","exclude_category_quantity_rules":"no","combine_variations":"no","_links":{"self":[{"href":"https:\/\/www.prosoft.de\/shop\/wp-json\/wp\/v2\/product\/6496","targetHints":{"allow":["GET"]}}],"collection":[{"href":"https:\/\/www.prosoft.de\/shop\/wp-json\/wp\/v2\/product"}],"about":[{"href":"https:\/\/www.prosoft.de\/shop\/wp-json\/wp\/v2\/types\/product"}],"replies":[{"embeddable":true,"href":"https:\/\/www.prosoft.de\/shop\/wp-json\/wp\/v2\/comments?post=6496"}],"wp:featuredmedia":[{"embeddable":true,"href":"https:\/\/www.prosoft.de\/shop\/wp-json\/wp\/v2\/media\/6523"}],"wp:attachment":[{"href":"https:\/\/www.prosoft.de\/shop\/wp-json\/wp\/v2\/media?parent=6496"}],"wp:term":[{"taxonomy":"product_brand","embeddable":true,"href":"https:\/\/www.prosoft.de\/shop\/wp-json\/wp\/v2\/product_brand?post=6496"},{"taxonomy":"product_cat","embeddable":true,"href":"https:\/\/www.prosoft.de\/shop\/wp-json\/wp\/v2\/product_cat?post=6496"},{"taxonomy":"product_tag","embeddable":true,"href":"https:\/\/www.prosoft.de\/shop\/wp-json\/wp\/v2\/product_tag?post=6496"}],"curies":[{"name":"wp","href":"https:\/\/api.w.org\/{rel}","templated":true}]}}