{"id":6595,"date":"2016-09-27T10:46:13","date_gmt":"2016-09-27T08:46:13","guid":{"rendered":"https:\/\/www.prosoft.de\/shop\/produkt\/ironkey-d300\/"},"modified":"2026-02-02T14:38:39","modified_gmt":"2026-02-02T13:38:39","slug":"ironkey-d300-online-bestellen","status":"publish","type":"product","link":"https:\/\/www.prosoft.de\/shop\/produkt\/ironkey-d300-online-bestellen\/","title":{"rendered":"IronKey D300"},"content":{"rendered":"<h3>IronKey\u00a0D300 USB 3.1 Stick<\/h3>\n<p>Der brandneue\u00a0USB-Flashspeicher <strong>IronKey D300\u00a0<\/strong>von Kingston Technology bietet modernste Sicherheitsstandards und einzigartige Funktionen. Er ist <strong>FIPS 140-2 Level 3 zertifiziert<\/strong> und bietet eine hochsichere Hardware-basierte 256-Bit-AES-Verschl\u00fcsselung im XTS-Modus an. Die digital signierte Firmware des USB-Speichers macht den Speicher auch immun gegen Malware wie BadUSB. Zum Schutz gegen unbefugten Zugriff auf sensible Daten verf\u00fcgt der USB-Stick \u00fcber einen komplexen Passwortschutz mit einer Mindestzeichenfolge. Bereits nach 10 ung\u00fcltigen Anmeldeversuchen wird dieser automatisch gesperrt und ist somit gegen Brute-Force-Angriffe gesch\u00fctzt. Die Ver- und Entschl\u00fcsselung der Daten erfolgt ausschlie\u00dflich direkt auf dem USB-Speicher und hinterl\u00e4sst somit auf dem Hostsystem keine Spuren.<\/p>\n<p><strong>Wir haben noch eine begrenzte Menge von IronKey D300 ohne Seriennummern (auch als Managed Version) zum Sonderpreis auf Lager.<\/strong> Alle neueren Modelle (IKD300) haben zur besseren Verwaltung eine eindeutige Seriennummer als Barcode auf dem Geh\u00e4use aufgedruckt. Die virtuelle Tastatur unter Windows sch\u00fctzt vor Keyloggern und sonstigen Manipulationsversuchen w\u00e4hrend der Passworteingabe. Das Passwort mit Mindestanforderungen l\u00e4sst sich hierbei per Maus eingeben.<\/p>\n<h2>IronKey D300 sch\u00fctzt sensible Daten mit h\u00f6chsten Sicherheitsstandards<\/h2>\n<p>Der USB-Flashspeicher wird durch ein robustes und sehr stabiles Zinkgeh\u00e4use gesch\u00fctzt. Alle Bauteile sind zur physischen Sicherheit mit manipulationssicherem Epoxidharz versiegelt. Damit \u00fcbertrifft der IronKey D300 auch die erweiterten Anforderungen an die Wasserdichtigkeit bis 1,2 m und Staubfestigkeit sowie\u00a0IEC 60529 IPX8. Somit ist er auch den schwierigsten Bedingungen gewachsen. Zus\u00e4tzlich ist er in der Managed Version (SKU: IKD200SM\/xxGB) personalisierbar, bedienerfreundlich und kann optional \u00fcber den Enterprise Management Service (EMS Cloud) oder <a href=\"https:\/\/www.prosoft.de\/shop\/produkt\/safeconsole-usb-device-management\/\">SafeConsole<\/a> zentral konfiguriert und mit weiteren Sicherheitsfunktionen ausgestattet werden. Dazu z\u00e4hlen u.a. ein sicheres Password-Recovery, Backup, Datei\u00fcbertragungen- bzw. sychronisierungen zwischen USB-Stick und Netzwerk-Share, Geofencing, Read-only Modus per Software uvm.\u00a0 SuperSpeed (USB 3.1) Technologie bedeutet, dass Sie keinen Kompromiss mehr zwischen Sicherheit und Geschwindigkeit eingehen m\u00fcssen.<\/p>\n<p>Der USB 3.1-Stick erlaubt eine sehr schnelle Daten\u00fcbertragung. Sie k\u00f6nnen sich auf Kingstons Fachkompetenz bei Flashspeichern und die neueste NAND Flash- und Controllertechnologie verlassen und setzen damit auf eine sichere\u00a0L\u00f6sung, die auch in den kommenden Jahren aktuell sein wird. Kingston Technology gew\u00e4hrt 5 Jahre Garantie auf die IronKey Produkte.<\/p>\n<h2>Weitere Informationen<\/h2>\n<ul>\n<li><a href=\"https:\/\/www.prosoft.de\/fileadmin\/user_upload\/PDF\/Hersteller\/IronKey\/IronKey_D300_Datenblatt.pdf\" target=\"_blank\" rel=\"noopener noreferrer\">IronKey D300S Datenblatt<\/a><\/li>\n<li><a href=\"https:\/\/www.prosoft.de\/shop\/wp-content\/uploads\/2019\/11\/MKF_501.14_secure_comparison_chart_de.pdf\" target=\"_blank\" rel=\"noopener noreferrer\">\u00dcbersicht Kingston verschl\u00fcsselte USB-Speicher<\/a><\/li>\n<li><a href=\"https:\/\/www.youtube.com\/playlist?list=PL31vD86VUg2SKscZ-vi1Z5Mh5qdRCgBYt\" target=\"_blank\" rel=\"noopener noreferrer\">IronKey Videos bei YouTube<\/a><\/li>\n<li><a href=\"https:\/\/www.prosoft.de\/shop\/produkt\/safeconsole-usb-device-management\/\">SafeConsole USB-Device-Management<\/a><\/li>\n<\/ul>\n<p>&nbsp;<\/p>\n","protected":false},"excerpt":{"rendered":"<h2>H\u00f6chste Sicherheit mit FIPS Zertifizierung<\/h2>\n<p><strong>Abverkauf zum Sonderpreis!<\/strong> Mit dem Kingston IronKey D300 sch\u00fctzen Sie sensible Daten mit den h\u00f6chsten Sicherheitsstandards. Die AES-256-bit Hardwareverschl\u00fcsselung im XTS-Chiffrierungsmodus, das starke Passwort inkl. Brute-Force-Schutz und das robuste Geh\u00e4use inkl. Versiegelung sch\u00fctzen Ihre Daten in jedem Fall.<\/p>\n<p>Der <strong>IronKey D300<\/strong> ist FIPS 140-2 Level 3 zertifiziert und TAA-konform. Er \u00fcbertrifft die bei Unternehmen und\u00a0 Beh\u00f6rden notwendigen Vorgaben. Die verf\u00fcgbaren Speicherkapazit\u00e4ten reichen von 4 GB bis 128 GB. Mit individueller Seriennummer\/Barcode auf der R\u00fcckseite. Optional als Managed Version erh\u00e4ltlich (SafeConsoleReady). Bei den Managed Versionen sind einige Kapazit\u00e4ten nicht mehr lieferbar.<\/p>\n","protected":false},"featured_media":482847,"comment_status":"open","ping_status":"closed","template":"","meta":[],"product_brand":[],"product_cat":[270,1153,1105,1176,54],"product_tag":[703,412,706,1394,755,799],"class_list":{"0":"post-6595","1":"product","2":"type-product","3":"status-publish","4":"has-post-thumbnail","6":"product_cat-angebote","7":"product_cat-hardware","8":"product_cat-ironkey","9":"product_cat-ironkey-d300","10":"product_cat-verschluesselte-usb-sticks","11":"product_tag-administrierbar","12":"product_tag-aes-256-bit-verschluesselung","13":"product_tag-enterprise-management-service","14":"product_tag-fips-zertifizierung","15":"product_tag-ironkey-d300","16":"product_tag-taa-konform","18":"first","19":"instock","20":"sale","21":"taxable","22":"shipping-taxable","23":"purchasable","24":"product-type-variable","25":"has-default-attributes"},"group_of_quantity":0,"min_quantity":0,"max_quantity":"","exclude_order_quantity_value_rules":"no","exclude_category_quantity_rules":"no","combine_variations":"no","_links":{"self":[{"href":"https:\/\/www.prosoft.de\/shop\/wp-json\/wp\/v2\/product\/6595","targetHints":{"allow":["GET"]}}],"collection":[{"href":"https:\/\/www.prosoft.de\/shop\/wp-json\/wp\/v2\/product"}],"about":[{"href":"https:\/\/www.prosoft.de\/shop\/wp-json\/wp\/v2\/types\/product"}],"replies":[{"embeddable":true,"href":"https:\/\/www.prosoft.de\/shop\/wp-json\/wp\/v2\/comments?post=6595"}],"wp:featuredmedia":[{"embeddable":true,"href":"https:\/\/www.prosoft.de\/shop\/wp-json\/wp\/v2\/media\/482847"}],"wp:attachment":[{"href":"https:\/\/www.prosoft.de\/shop\/wp-json\/wp\/v2\/media?parent=6595"}],"wp:term":[{"taxonomy":"product_brand","embeddable":true,"href":"https:\/\/www.prosoft.de\/shop\/wp-json\/wp\/v2\/product_brand?post=6595"},{"taxonomy":"product_cat","embeddable":true,"href":"https:\/\/www.prosoft.de\/shop\/wp-json\/wp\/v2\/product_cat?post=6595"},{"taxonomy":"product_tag","embeddable":true,"href":"https:\/\/www.prosoft.de\/shop\/wp-json\/wp\/v2\/product_tag?post=6595"}],"curies":[{"name":"wp","href":"https:\/\/api.w.org\/{rel}","templated":true}]}}