{"id":6641,"date":"2016-10-14T14:57:46","date_gmt":"2016-10-14T12:57:46","guid":{"rendered":"https:\/\/www.prosoft.de\/shop\/produkt\/istorage-datashur-pro\/"},"modified":"2026-02-04T15:42:00","modified_gmt":"2026-02-04T14:42:00","slug":"istorage-datashur-pro-online-bestellen","status":"publish","type":"product","link":"https:\/\/www.prosoft.de\/shop\/produkt\/istorage-datashur-pro-online-bestellen\/","title":{"rendered":"iStorage datAshur PRO"},"content":{"rendered":"<h3>iStorage datAshur PRO \u2013 USB 3.2, FIPS 140-2, Level 3 zertifiziert \u2013 NATO RESTRICTED<\/h3>\n<p>NEU: Der datAshur PRO ist <strong>NATO RESTRICTED<\/strong>. Das entspricht u. a. dem deutschen <strong>Geheimhaltungsgrad VS-NfD<\/strong>.<\/p>\n<p>Wesentliches Merkmal des FIPS 140-2 Level 3 zertifizierten und mit 256-Bit AES hardwareverschl\u00fcsselten (XTS-Modus) USB-Flashspeicher ist die integrierte 10-stellige PIN-Tastatur. Die PIN- oder Passwortabfrage wird ausschlie\u00dflich \u00fcber die Software auf den USB-Sticks durchgef\u00fchrt. Die LED-Statusanzeige gibt zu jeder Zeit Aufschluss \u00fcber die Bedienungsschritte. Durch den integrierten Akku kann der 7\u201315-stellige PIN oder Passwort bis zu 30 Sekunden vor dem Einstecken des USB-Sticks an dem Host-Computer eingegeben werden. Der eingebaute Akku wird bei jeder Verbindung mit dem Host automatisch geladen. Ein Auslesen der PIN \u00fcber Keylogger oder einer anderen Schadsoftware ist damit unm\u00f6glich. Zus\u00e4tzlich zur Hardwareverschl\u00fcsselung sch\u00fctzt auch das Aluminiumgeh\u00e4use vor physikalischen Manipulationsversuchen an der Hardware. Der USB-3.2 (Abw\u00e4rtskompatibel bis USB 2.0) Flashspeicher ist bootf\u00e4hig, Betriebssystem- und sogar Plattformunabh\u00e4ngig. Der iStorage datAshur Pro eignet sich neben Windows, Linux und macOS auch perfekt f\u00fcr Embedded-Systeme, Thin-Clients und Tablets (Android, ChromeOS).<\/p>\n<p>iStorage datAshur PRO ist mit einer Brute Force Protection ausgestattet. Nach maximal 10 erfolglosen PIN-Eingaben wird der Flashspeicher automatisch auf Werkseinstellung zur\u00fcckgesetzt und die gespeicherten Daten vollst\u00e4ndig gel\u00f6scht.<\/p>\n<h3>Password-Reset integriert<\/h3>\n<p>Bei diesem USB-Stick gibt es unterschiedliche Rollen (Berechtigungen). Vergisst der Anwender PIN oder Passwort f\u00fcr den Zugriff, kann der Administrator das Passwort \u00fcber eine Super-PIN (bzw. PUK) wieder zur\u00fccksetzen. Der User kann dann das Passwort erneut vergeben. Wir m\u00f6chten darauf hinweisen, dass diese Funktion bei unseren anderen Angeboten von hardwareverschl\u00fcsselten USB-Sticks bewusst nicht m\u00f6glich ist, da ein vergessener oder gefundener USB-Stick durch den Finder \u00fcber den Administrator wieder freigeschaltet werden kann. Jeder iStorage datAshur PRO kann auch vollst\u00e4ndig zur\u00fcckgesetzt und einem anderen Mitarbeiter \u00fcbergeben werden.<\/p>\n<p>Der hier angebotene iStorage datAshur PRO ist FIPS-140-2 Level 3 zertifiziert. Kompatibel zu Windows, macOS, Linux, Android und Google Chrome und in den Kapazit\u00e4ten ab 4 GB bis 256 GB lieferbar. Die Herstellergarantie betr\u00e4gt 3 Jahre. Der iStorage datAshur PRO ist baugleich mit <a href=\"https:\/\/www.prosoft.de\/shop\/produkt\/kingston-ironkey-keypad-200-online-bestellen\/\">Kingston IronKey Keypad 200<\/a>.<\/p>\n<p>Bei ProSecurity finden Sie auch den\u00a0<a href=\"https:\/\/www.prosoft.de\/shop\/hardware\/verschluesselte-usb-sticks\/istorage-datashur-pro2\/\">iStorage datAshur PRO2<\/a> sowie den preiswerteren <a href=\"https:\/\/www.prosoft.de\/shop\/produkt\/storage-istorage-datashur-usb-2-0-stick\/\">iStorage datAshur<\/a> mit USB 2.0 Schnittstelle.<\/p>\n<h3>Mehr erfahren<\/h3>\n<p><a href=\"https:\/\/www.prosoft.de\/shop\/wp-content\/uploads\/2018\/02\/datasheet_datAshur_Pro_de.pdf\" target=\"_blank\" rel=\"noopener noreferrer\">iStorage datAshur PRO Datenblatt<\/a><\/p>\n<p>&nbsp;<\/p>\n<p>&nbsp;<\/p>\n<p>&nbsp;<\/p>\n<p>&nbsp;<\/p>\n","protected":false},"excerpt":{"rendered":"<h2>FIPS 140-2 zertifiziert, USB 3.2 Gen 1 Stick, mit PIN Tastatur &amp; VS-NfD Freigabe<\/h2>\n<p>Zum Entsperren des USB-Flashspeichers wird beim <strong>iStorage datAshur PRO<\/strong> der PIN auf die integrierte alphanumerische Tastatur eingegeben. Durch den eingebauten Akku kann die PIN-Eingabe auch vor dem Einstecken erfolgen. Das Auslesen der PIN \u00fcber Keylogger ist damit unm\u00f6glich und der USB-Stick ist perfekt auch f\u00fcr Embedded-Systeme ohne Tastatur, Thin-Clients und sogar Tablets geeignet. Die Hersteller-Artikelnummer lautet IS-FL-DA3-256-xx, wobei \u00abxx\u00bb f\u00fcr die gew\u00fcnschte Kapazit\u00e4t in GB steht.<\/p>\n<p>Der iStorage datAshur PRO ist nach unserem Kenntnisstand der aktuell preiswerteste USB-Stick mit einer <strong>NATO RESTRICTED<\/strong> Freigabe.<\/p>\n<p>Bitte beachten Sie die jeweils angegebene <strong>Mindestbestellmenge,<\/strong> abh\u00e4ngig von der Kapazit\u00e4t!<\/p>\n<p>&nbsp;<\/p>\n","protected":false},"featured_media":6637,"comment_status":"open","ping_status":"closed","template":"","meta":[],"product_brand":[],"product_cat":[1153,1104,1106,1178,54],"product_tag":[1459,1458,1455,782,1227,615,1456,823,1482],"class_list":{"0":"post-6641","1":"product","2":"type-product","3":"status-publish","4":"has-post-thumbnail","6":"product_cat-hardware","7":"product_cat-hersteller","8":"product_cat-istorage","9":"product_cat-istorage-datashur-pro-3-0","10":"product_cat-verschluesselte-usb-sticks","11":"product_tag-datashur-pro","12":"product_tag-is-fl-da3","13":"product_tag-istorage-datashur","14":"product_tag-mil-std-810-f","15":"product_tag-nato-restricted","16":"product_tag-usb-3-0","17":"product_tag-usb-mit-keypad","18":"product_tag-usb-stick-mit-pin-tastatur","19":"product_tag-vs-nfd-freigabe","21":"first","22":"instock","23":"taxable","24":"shipping-taxable","25":"purchasable","26":"product-type-variable"},"group_of_quantity":0,"min_quantity":0,"max_quantity":"","exclude_order_quantity_value_rules":"no","exclude_category_quantity_rules":"no","combine_variations":"no","_links":{"self":[{"href":"https:\/\/www.prosoft.de\/shop\/wp-json\/wp\/v2\/product\/6641","targetHints":{"allow":["GET"]}}],"collection":[{"href":"https:\/\/www.prosoft.de\/shop\/wp-json\/wp\/v2\/product"}],"about":[{"href":"https:\/\/www.prosoft.de\/shop\/wp-json\/wp\/v2\/types\/product"}],"replies":[{"embeddable":true,"href":"https:\/\/www.prosoft.de\/shop\/wp-json\/wp\/v2\/comments?post=6641"}],"wp:featuredmedia":[{"embeddable":true,"href":"https:\/\/www.prosoft.de\/shop\/wp-json\/wp\/v2\/media\/6637"}],"wp:attachment":[{"href":"https:\/\/www.prosoft.de\/shop\/wp-json\/wp\/v2\/media?parent=6641"}],"wp:term":[{"taxonomy":"product_brand","embeddable":true,"href":"https:\/\/www.prosoft.de\/shop\/wp-json\/wp\/v2\/product_brand?post=6641"},{"taxonomy":"product_cat","embeddable":true,"href":"https:\/\/www.prosoft.de\/shop\/wp-json\/wp\/v2\/product_cat?post=6641"},{"taxonomy":"product_tag","embeddable":true,"href":"https:\/\/www.prosoft.de\/shop\/wp-json\/wp\/v2\/product_tag?post=6641"}],"curies":[{"name":"wp","href":"https:\/\/api.w.org\/{rel}","templated":true}]}}