{"id":6821,"date":"2017-07-21T09:00:22","date_gmt":"2017-07-21T07:00:22","guid":{"rendered":"https:\/\/www.prosoft.de\/shop\/produkt\/datalocker-h300\/"},"modified":"2026-01-29T15:49:25","modified_gmt":"2026-01-29T14:49:25","slug":"datalocker-h350-bei-prosecurity-online-bestellen","status":"publish","type":"product","link":"https:\/\/www.prosoft.de\/shop\/produkt\/datalocker-h350-bei-prosecurity-online-bestellen\/","title":{"rendered":"DataLocker H350"},"content":{"rendered":"<h3 align=\"LEFT\">DataLocker H350 HDD &amp; SSD<\/h3>\n<p align=\"LEFT\">Die DataLocker H350 Festplatten sind in 2 Versionen erh\u00e4ltlich, und zwar als Basic und Enterprise. Die Basic Version kann optional in eine USB-Device-Managementl\u00f6sung (siehe unten) integriert werden. Die Enterprise-Version ben\u00f6tigt von Anfang an die Verbindung zum USB-Device-Management. Damit wird sichergestellt, dass die alle in einer Organisation genutzten USB-Massenspeicherger\u00e4te immer zentral verwaltet werden k\u00f6nnen.<\/p>\n<p align=\"LEFT\">Beide Versionen enthalten den DataLocker Cryptochip f\u00fcr die vollst\u00e4ndige Festplattenverschl\u00fcsselung. Das neue Section 508-kompatible Bedienfeld, das in noch mehr Sprachen, darunter in Deutsch, Englisch, Franz\u00f6sisch und Spanisch verf\u00fcgbar ist, erm\u00f6glicht den Passwort- bzw. PIN-Schutz direkt auf dem mobilen Datentr\u00e4ger. Die externe Festplatte verf\u00fcgt \u00fcber einen USB 3.2 Gen 1 Port.<\/p>\n<p align=\"LEFT\"><strong>DataLocker H350: NATO Restricted und FIPS 140-2 Level 3 zertifiziert<\/strong><\/p>\n<p align=\"LEFT\">Bei jeder Nutzung wird die Integrit\u00e4t und Authentizit\u00e4t der Firmware validiert. Sowohl die Firmware als auch die schreibgesch\u00fctzte Applikation kann nur durch vertrauensw\u00fcrdige und signierte Inhalte aktualisiert werden und ist vor Firmware-Malware wie \u00bbBadUSB\u00ab oder \u00bbStuxnet\u00ab bestens gesch\u00fctzt. Je nach gew\u00e4hlter Formatierung (NTFS oder FAT32) sind die Festplatten kompatibel zu Windows, macOS und Linux. Die NATO-Zertifizierung der H350 entspricht in Deutschland den <strong>VS-NfD Vorgaben<\/strong>.<\/p>\n<h3 align=\"LEFT\">Mehr Sicherheit bei DataLocker H350<\/h3>\n<p align=\"LEFT\">Die <strong>DataLocker H350<\/strong> Festplatten und SSD liefern h\u00f6chste Sicherheit durch Full Disk Encryption (FDE) \u00fcber die AES 256-Bit Hardwareverschl\u00fcsselung im XTS-Modus zu einem sehr wettbewerbsf\u00e4higen Preis. Unternehmen und Datenschutzbeauftragte, die Wert auf eine Zertifizierung legen, w\u00e4hlen die FIPS 140-2 Level 3 und NATO zertifizierte Festplatte DataLocker H350 <strong>NATO Restricted<\/strong> entspricht in Deutschland im Wesentlichen der VS-NfD Freigabe. Diese Laufwerke sind in einigen Kapazit\u00e4ten auch als SSD verf\u00fcgbar.<\/p>\n<p align=\"LEFT\">Auf die DataLocker Produkte erhalten Sie 5 Jahre Gew\u00e4hrleistung durch den Hersteller.<\/p>\n<h3 align=\"LEFT\">Ein weiterer Unterschied: USB-Device-Management<\/h3>\n<p align=\"LEFT\">DataLocker hat die Festplatten und die USB-Device-Managementsoftware von IronKey \u00fcbernommen und verbessert permanent die Funktionen der Hardware. Mit dem USB-Device Management <a href=\"https:\/\/www.prosoft.de\/loesungen\/verschluesselung\/usb-device-management\/\">SafeConsole<\/a> konfigurieren und verwalten Sie DataLocker Festplatten, SSD und USB-Sticks und erg\u00e4nzen damit einzigartige Sicherheits- und Komfortfunktionen. Mehr Informationen zum <a href=\"https:\/\/www.prosoft.de\/loesungen\/verschluesselung\/usb-device-management\/\" target=\"_blank\" rel=\"noopener\">USB-Device-Management<\/a> mit SafeConsole finden Sie bei dem deutschen Anbieter <a href=\"https:\/\/www.prosoft.de\/\" target=\"_blank\" rel=\"noopener\">ProSoft GmbH<\/a>.<\/p>\n<p align=\"LEFT\"><strong>Weitere Informationen<\/strong><\/p>\n<p align=\"LEFT\"><a href=\"https:\/\/www.prosoft.de\/shop\/wp-content\/uploads\/2018\/10\/DataLocker_H350_Datenblatt_Deutsch.pdf\">DataLocker H350 Datenblatt<\/a><\/p>\n<p align=\"LEFT\"><a href=\"https:\/\/www.prosoft.de\/loesungen\/verschluesselung\/usb-device-management\/\">USB-Device-Management<\/a><\/p>\n<p align=\"LEFT\">\n","protected":false},"excerpt":{"rendered":"<h2>Hardwareverschl\u00fcsselt, USB 3.0, zentrales Device-Management optional<\/h2>\n<p>Die externen, mobilen Festplatten der n\u00e4chsten Generation, DataLocker H300 und DataLocker H350 (vormals IronKey H350), bieten USB-3.2-Performance und AES 256-Bit Hardwareverschl\u00fcsselung. Die DataLocker H350 gibt es in den Versionen Basic und Enterprise, wobei die Enterprise-Version SafeConsole kompatibel ist.<\/p>\n<p>Die mobilen Festplatten sind in einem manipulationssicheren, hochfesten Aluminiumgeh\u00e4use untergebracht und verf\u00fcgen \u00fcber eine AES 256-Bit Hardwareverschl\u00fcsselung (XTS-Modus) inklusive on-board Passwort-Verifizierung f\u00fcr die Entschl\u00fcsselung und den Datenzugriff. Bei 10 aufeinander folgenden falschen Passworteingaben werden die Daten auf der Festplatte unbrauchbar (Schutz vor Brute-Force-Attacken).\u00a0 Der auf den Festplatten integrierte Anti-Malware Scanner kann automatisch aktualisiert und vom Anwender nicht deaktiviert werden und \u00fcberpr\u00fcft alle gespeicherten Dateien in regelm\u00e4\u00dfigen Intervallen.<\/p>\n<p>Wir sind DataLocker SPARK GOLD PARTNER!<\/p>\n","protected":false},"featured_media":6924,"comment_status":"open","ping_status":"closed","template":"","meta":[],"product_brand":[],"product_cat":[1129,1165,1153,1104,53],"product_tag":[412,1308,585,1387,1376],"class_list":{"0":"post-6821","1":"product","2":"type-product","3":"status-publish","4":"has-post-thumbnail","6":"product_cat-datalocker-festplatten","7":"product_cat-datalocker-h300","8":"product_cat-hardware","9":"product_cat-hersteller","10":"product_cat-verschluesselte-festplatten","11":"product_tag-aes-256-bit-verschluesselung","12":"product_tag-datalocker","13":"product_tag-fips-zertifiziert","14":"product_tag-nato-zertifiziert","15":"product_tag-safeconsoleready","17":"first","18":"instock","19":"sale","20":"taxable","21":"shipping-taxable","22":"purchasable","23":"product-type-variable"},"group_of_quantity":0,"min_quantity":0,"max_quantity":"","exclude_order_quantity_value_rules":"no","exclude_category_quantity_rules":"no","combine_variations":"no","_links":{"self":[{"href":"https:\/\/www.prosoft.de\/shop\/wp-json\/wp\/v2\/product\/6821","targetHints":{"allow":["GET"]}}],"collection":[{"href":"https:\/\/www.prosoft.de\/shop\/wp-json\/wp\/v2\/product"}],"about":[{"href":"https:\/\/www.prosoft.de\/shop\/wp-json\/wp\/v2\/types\/product"}],"replies":[{"embeddable":true,"href":"https:\/\/www.prosoft.de\/shop\/wp-json\/wp\/v2\/comments?post=6821"}],"wp:featuredmedia":[{"embeddable":true,"href":"https:\/\/www.prosoft.de\/shop\/wp-json\/wp\/v2\/media\/6924"}],"wp:attachment":[{"href":"https:\/\/www.prosoft.de\/shop\/wp-json\/wp\/v2\/media?parent=6821"}],"wp:term":[{"taxonomy":"product_brand","embeddable":true,"href":"https:\/\/www.prosoft.de\/shop\/wp-json\/wp\/v2\/product_brand?post=6821"},{"taxonomy":"product_cat","embeddable":true,"href":"https:\/\/www.prosoft.de\/shop\/wp-json\/wp\/v2\/product_cat?post=6821"},{"taxonomy":"product_tag","embeddable":true,"href":"https:\/\/www.prosoft.de\/shop\/wp-json\/wp\/v2\/product_tag?post=6821"}],"curies":[{"name":"wp","href":"https:\/\/api.w.org\/{rel}","templated":true}]}}