{"id":6999,"date":"2017-10-20T14:00:44","date_gmt":"2017-10-20T12:00:44","guid":{"rendered":"https:\/\/www.prosoft.de\/shop\/produkt\/digittrade-hs256-s3-ssd\/"},"modified":"2026-03-26T17:03:38","modified_gmt":"2026-03-26T16:03:38","slug":"digittrade-hs256-s3-bei-prosecurity-bestellen","status":"publish","type":"product","link":"https:\/\/www.prosoft.de\/shop\/produkt\/digittrade-hs256-s3-bei-prosecurity-bestellen\/","title":{"rendered":"Digittrade HS256 S3"},"content":{"rendered":"<p>Der Schutz der gespeicherten Daten ist bei der <strong>Digittrade HS256 S3<\/strong> durch Verschl\u00fcsselung, Zugriffskontrolle und Verwaltung der kryptografischen Schl\u00fcssel garantiert. Die Hardwareverschl\u00fcsselung erfolgt in Echtzeit durch den AES-256 Standard mit XTS-Blockchiffrierung und zwei kryptografischen Schl\u00fcsseln. Das in dem robusten Aluminiumgeh\u00e4use integrierte Touchpad erm\u00f6glicht die Eingabe, einer vom Anwender definierten 8-stelligen PIN. Die korrekte PIN erlaubt den Zugriff auf die Smartcard (NXP J3D081, BSI EAL5 zertifiziert (Zert.-ID: BSI-DSZ-CC-0784-2013)) f\u00fcr die Entschl\u00fcsselung der Daten. Damit ist der Zugriff auf Festplatte und Daten mit einer Zwei-Faktor-Authentifizierung, bestehend aus \u00bbHaben\u00ab und \u00bbWissen\u00ab, gesch\u00fctzt.<\/p>\n<h3>Mehr Sicherheit: Zwei kryptografische Schl\u00fcssel bei Digittrade HS256 S3<\/h3>\n<p>Die f\u00fcr die Verschl\u00fcsselung notwendigen Schl\u00fcssel werden extern verschl\u00fcsselt und auf der Smartcard erstellt und gespeichert. Die physische Trennung zwischen Daten und Keys ist eine weitere Sicherheitsfunktion. Die Schl\u00fcssel k\u00f6nnen unabh\u00e4ngig von PC und Software auf der Festplatte verwaltet werden. Der Anwender kann die Schl\u00fcssel eigenst\u00e4ndig definieren, ab\u00e4ndern, kopieren und zur Not auch zerst\u00f6ren. Bei dem Versuch, die Smartcard zu manipulieren, zerst\u00f6rt sich diese und der Zugriff ist nur noch \u00fcber die mitgelieferte zweite Smartcard m\u00f6glich.<\/p>\n<h3>Digitaler und mechanischer Schutz<\/h3>\n<p>Das robuste Aluminiumgeh\u00e4use sch\u00fctzt gegen physikalische Angriffe, mechanische Einfl\u00fcsse wie St\u00f6\u00dfe und elektromagnetische Wellen. Die portable 2,5&#8243; USB-Festplatte (als HDD oder SSD verf\u00fcgbar) arbeitet unabh\u00e4ngig vom Betriebssystem (Windows, Mac OS und Linux) und ist bootf\u00e4hig. Sowohl die Daten\u00fcbertragung als auch die Stromversorgung erfolgen wie bei allen 2,4&#8243; Festplatten \u00fcber den USB-Port. Die Digittrade HS256 S3 ist als SATA-HDD in den Speicherkapazit\u00e4ten von 1 TB und 2 TB verf\u00fcgbar. Die ebenfalls lieferbare SSD-Variante speichert 1 TB, 2 TB und 4 TB verschl\u00fcsselt.<\/p>\n<p>Im Lieferumfang enthalten sind neben der Digittrade HS256 S3 auch noch zwei Smartcards Typ NXP, ein USB-Kabel, Handbuch sowie ein Hartschalen-Etui zum sicheren Transport.<\/p>\n<h3>Mehr erfahren<\/h3>\n<p>Mehr Informationen zur Digittrade HS256 S3 mit BSI-Zertifizierung und zu weiteren hardwareverschl\u00fcsselten Festplatten und SSD finden Sie bei ProSoft: <a href=\"https:\/\/www.prosoft.de\/loesungen\/verschluesselung\/hardwareverschluesselte-hdd-ssd\/\" target=\"_blank\" rel=\"noopener\">Hardwareverschl\u00fcsselte Festplatten und SSD<\/a>.<\/p>\n","protected":false},"excerpt":{"rendered":"<h2>Erste BSI-zertifizierte Festplatte (HDD &amp; SSD) mit Zwei-Faktor-Authentifizierung<\/h2>\n<p>Die Digittrade HS256 S3 ist ein professionelles Speichermedium f\u00fcr Beh\u00f6rden und Unternehmen. Das als Festplatte und SSD in verschiedenen Speicherkapazit\u00e4ten verf\u00fcgbare mobile Speichermedium hat seit Oktober 2017 als einzige hardwareverschl\u00fcsselte 2,5&#8243; USB 3.0 Festplatte die BSI-Zertifizierung (BSI-DSZ-CC-0825-2017; Common-Criteria EAL2). Der Zugriffsschutz ist \u00fcber eine Zwei-Faktor-Authentifizierung mittels 8-stelliger PIN und ebenfalls BSI-EAL5-zertifizierter Smartcard realisiert.<\/p>\n<p>Die <strong>Digittrade HS256 S3<\/strong> ist in Speicherkapazit\u00e4ten bis 4 TB verf\u00fcgbar und unabh\u00e4ngig vom Betriebssystem bootf\u00e4hig. Der Hersteller gew\u00e4hrt eine Garantie von 3 Jahren.<\/p>\n<p><strong>Aufgrund der aktuellen Preisschwankungen bei IT-Speichern<\/strong> k\u00f6nnen wir bei diesem Produkt keine Preise ver\u00f6ffentlichen! <strong><a href=\"https:\/\/www.prosoft.de\/shop\/service-support\/angebot-anfordern\/\">Senden Sie uns gerne eine Preisanfrage<\/a><\/strong> und Sie erhalten zeitnah eine unverbindliche Preisangabe bzw. ein unverbindliches Angebot von uns.<\/p>\n","protected":false},"featured_media":7008,"comment_status":"open","ping_status":"closed","template":"","meta":[],"product_brand":[],"product_cat":[1303,1171,1153,1104,53],"product_tag":[879,1252,880,1251,1388,615,977],"class_list":{"0":"post-6999","1":"product","2":"type-product","3":"status-publish","4":"has-post-thumbnail","6":"product_cat-digittrade-festplatten","7":"product_cat-digittrade-hs256-s3-ssd","8":"product_cat-hardware","9":"product_cat-hersteller","10":"product_cat-verschluesselte-festplatten","11":"product_tag-bsi-zertifiziert","12":"product_tag-digittrade","13":"product_tag-externe-festplatte","14":"product_tag-hs256s3","15":"product_tag-speichergeraete-mit-bsi-zertifizierung","16":"product_tag-usb-3-0","17":"product_tag-verschluesselte-hdd","18":"pa_festplattentyp-samsung-ssd-850-evo","20":"first","21":"instock","22":"taxable","23":"shipping-taxable","24":"product-type-variable"},"group_of_quantity":0,"min_quantity":0,"max_quantity":"","exclude_order_quantity_value_rules":"no","exclude_category_quantity_rules":"no","combine_variations":"no","_links":{"self":[{"href":"https:\/\/www.prosoft.de\/shop\/wp-json\/wp\/v2\/product\/6999","targetHints":{"allow":["GET"]}}],"collection":[{"href":"https:\/\/www.prosoft.de\/shop\/wp-json\/wp\/v2\/product"}],"about":[{"href":"https:\/\/www.prosoft.de\/shop\/wp-json\/wp\/v2\/types\/product"}],"replies":[{"embeddable":true,"href":"https:\/\/www.prosoft.de\/shop\/wp-json\/wp\/v2\/comments?post=6999"}],"wp:featuredmedia":[{"embeddable":true,"href":"https:\/\/www.prosoft.de\/shop\/wp-json\/wp\/v2\/media\/7008"}],"wp:attachment":[{"href":"https:\/\/www.prosoft.de\/shop\/wp-json\/wp\/v2\/media?parent=6999"}],"wp:term":[{"taxonomy":"product_brand","embeddable":true,"href":"https:\/\/www.prosoft.de\/shop\/wp-json\/wp\/v2\/product_brand?post=6999"},{"taxonomy":"product_cat","embeddable":true,"href":"https:\/\/www.prosoft.de\/shop\/wp-json\/wp\/v2\/product_cat?post=6999"},{"taxonomy":"product_tag","embeddable":true,"href":"https:\/\/www.prosoft.de\/shop\/wp-json\/wp\/v2\/product_tag?post=6999"}],"curies":[{"name":"wp","href":"https:\/\/api.w.org\/{rel}","templated":true}]}}