{"id":7093,"date":"2017-11-07T15:27:42","date_gmt":"2017-11-07T14:27:42","guid":{"rendered":"https:\/\/www.prosoft.de\/shop\/?post_type=product&#038;p=7093"},"modified":"2026-01-30T08:41:07","modified_gmt":"2026-01-30T07:41:07","slug":"yubikey-bio-online-bestellen","status":"publish","type":"product","link":"https:\/\/www.prosoft.de\/shop\/produkt\/yubikey-bio-online-bestellen\/","title":{"rendered":"YubiKey Bio"},"content":{"rendered":"<h3>YubiKey Bio \/ C Bio \u2013 biometrisch sicher \u2013 nahtlos \u2013 passwortlos<\/h3>\n<p>Die USB-Token <strong>YubiKey Bio<\/strong> FIDO Edition (f\u00fcr USB-A; als C Bio auch f\u00fcr USB-C verf\u00fcgbar) vereinen die geforderten zwei Faktoren (hier \u00abHaben\u00bb und \u00abSein\u00bb) einer sicheren Zwei-Faktor-Authentifizierung in einem Hardware-Token. Die Bio-Serie (Bio = Biometrie) unterst\u00fctzt die biometrische Authentifizierung \u00fcber das einmalige Merkmal des Fingerabdrucks, der direkt am Token validiert wird. Der kryptografische Schl\u00fcssel entspricht ECC p 256. Durch die einfache Handhabung per Fingerabdruck erh\u00f6ht er die Akzeptanz beim Anwender und sorgt gleichzeitig f\u00fcr niedrige IT-Helpdesk-Kosten. Die Bio-Serie ist speziell f\u00fcr Business-Anwendungen und Desktops entwickelt worden und unterst\u00fctzt dementsprechend out-of-the-box bereits Anwendungen, wie u. a.:<\/p>\n<ul>\n<li>Salesforce<\/li>\n<li>Microsoft- und Google-Anmeldungen (z. B. Teams, Entra ID, OneDrive und Google)<\/li>\n<li>Dropbox<\/li>\n<li>Password-Manager wie 1Password, bitwarden, Keeper, Mateso Password Safe u. a.<\/li>\n<li>Facebook, Instagram, YouTube<\/li>\n<\/ul>\n<p>Auf der Herstellerseite finden Sie unter \u00ab<a href=\"https:\/\/www.yubico.com\/works-with-yubikey\/catalog\/?sort=popular\" target=\"_blank\" rel=\"noopener\">Works with YubiKey<\/a>\u00bb eine aktuelle Liste kompatibler L\u00f6sungen und Dienste. Auch die hier angebotene <a href=\"https:\/\/www.prosoft.de\/shop\/produkt\/securaccess-mehrfaktor-authentifizierung-bestellen\/\">SecurAccess Mehrfaktor-Authentifizierung<\/a> ist kompatibel.<\/p>\n<h3>Allgemeine YubiKey Funktionen<\/h3>\n<p>Jeder biometrische Hardware-Token erm\u00f6glicht die sichere Authentifizierung ohne erneute Eingabe von OTP (One-Time Passcode) oder Passw\u00f6rtern. Damit ersetzt der USB-Token traditionelle Hardware-Token, SMS-Passcode Verfahren und Apps zur sicheren Authentifizierung (z. B. Soft-Token). Die USB-Token werden ohne zus\u00e4tzliche Software oder Treiber je nach Anwendung als USB-Tastatur (Gruppe HID = Human Interface Devices), Smartcard oder Chipkartenleser erkannt. Er funktioniert ohne Batterie oder bewegliche Teile und ist in einem sto\u00dffesten, bruchfesten und wasserdichten Geh\u00e4use integriert.<\/p>\n<p>Die Yubico-Technologie ist meist innerhalb weniger Minuten unter Verwendung freier Open-Source-Server-Software in die gew\u00fcnschten Anwendungen integriert. Der Hersteller <a href=\"https:\/\/www.prosoft.de\/hersteller\/hardware\/yubico\/\">Yubico<\/a> produziert die USB-Token in den USA und in Schweden. Die USB-Token sind bereits in viele L\u00f6sungen zur sicheren Authentifizierung, Passwort-Management, dem sicheren Login an Computer und Notebook, Zugriffsschutz f\u00fcr Fernwartung oder VPN, FIDO2, FIDO U2F Login, CTAP2 (Client to Authenticator Protocol), Content Management Systemen (CMS) und bekannten Online-Services integriert.<\/p>\n<p>Der biometrische Token unterst\u00fctzt aktuell den Passwort-Manager LastPass nicht. LastPass kann aber in Kombination mit allen anderen YubiKey 5 USB-Token eingesetzt werden.<\/p>\n<p>Bei ProSecurity finden Sie auch alle anderen aktuellen <a href=\"https:\/\/www.prosoft.de\/shop\/hardware\/security-token\/yubikey\/\">YubiKey-USB-Token<\/a>.<\/p>\n","protected":false},"excerpt":{"rendered":"<h2>Security Token mit biometrischer Authentifizierung<\/h2>\n<p>Mit YubiKey BIO \/ C Bio erreichen sie sichere, nahtlose und passwortlose Authentifizierung. Der Security-Token unterst\u00fctzt FIDO2 Web Authentication (WebAuthn) und auch noch FIDO U2F. Er ist kompatibel zu allen g\u00e4ngigen Betriebssystemen und Browsern wie Windows, macOS, Linux, Chrome OS, Google Chrome, Firefox und Edge. Verf\u00fcgbar f\u00fcr USB-A und USB-C Schnittstellen.<\/p>\n","protected":false},"featured_media":481633,"comment_status":"open","ping_status":"closed","template":"","meta":[],"product_brand":[],"product_cat":[272,930,1151,1159],"product_tag":[278,1386,1316,1045,1072,974,1336,1337,894,1315],"class_list":{"0":"post-7093","1":"product","2":"type-product","3":"status-publish","4":"has-post-thumbnail","6":"product_cat-neu-im-sortiment","7":"product_cat-security-token","8":"product_cat-yubico","9":"product_cat-yubikey","10":"product_tag-biometrie","11":"product_tag-biometrische-authentifizierung","12":"product_tag-ctap2","13":"product_tag-fido-u2f","14":"product_tag-fido2","15":"product_tag-hardware-token","16":"product_tag-token-mit-biometrie","17":"product_tag-token-mit-fingerabdruck","18":"product_tag-usb-token","19":"product_tag-yubikey-mit-fingerabdruck","21":"first","22":"instock","23":"taxable","24":"shipping-taxable","25":"purchasable","26":"product-type-variable"},"group_of_quantity":0,"min_quantity":0,"max_quantity":"","exclude_order_quantity_value_rules":"no","exclude_category_quantity_rules":"no","combine_variations":"no","_links":{"self":[{"href":"https:\/\/www.prosoft.de\/shop\/wp-json\/wp\/v2\/product\/7093","targetHints":{"allow":["GET"]}}],"collection":[{"href":"https:\/\/www.prosoft.de\/shop\/wp-json\/wp\/v2\/product"}],"about":[{"href":"https:\/\/www.prosoft.de\/shop\/wp-json\/wp\/v2\/types\/product"}],"replies":[{"embeddable":true,"href":"https:\/\/www.prosoft.de\/shop\/wp-json\/wp\/v2\/comments?post=7093"}],"wp:featuredmedia":[{"embeddable":true,"href":"https:\/\/www.prosoft.de\/shop\/wp-json\/wp\/v2\/media\/481633"}],"wp:attachment":[{"href":"https:\/\/www.prosoft.de\/shop\/wp-json\/wp\/v2\/media?parent=7093"}],"wp:term":[{"taxonomy":"product_brand","embeddable":true,"href":"https:\/\/www.prosoft.de\/shop\/wp-json\/wp\/v2\/product_brand?post=7093"},{"taxonomy":"product_cat","embeddable":true,"href":"https:\/\/www.prosoft.de\/shop\/wp-json\/wp\/v2\/product_cat?post=7093"},{"taxonomy":"product_tag","embeddable":true,"href":"https:\/\/www.prosoft.de\/shop\/wp-json\/wp\/v2\/product_tag?post=7093"}],"curies":[{"name":"wp","href":"https:\/\/api.w.org\/{rel}","templated":true}]}}