{"id":7652,"date":"2018-10-05T09:00:01","date_gmt":"2018-10-05T07:00:01","guid":{"rendered":"https:\/\/www.prosoft.de\/shop\/?post_type=product&#038;p=7652"},"modified":"2026-03-03T09:41:58","modified_gmt":"2026-03-03T08:41:58","slug":"datalocker-sentry-k350-online-bestellen","status":"publish","type":"product","link":"https:\/\/www.prosoft.de\/shop\/produkt\/datalocker-sentry-k350-online-bestellen\/","title":{"rendered":"DataLocker Sentry K350"},"content":{"rendered":"<h3>DataLocker Sentry K350 USB-Stick<\/h3>\n<p><strong>DataLocker Sentry K350<\/strong> ist die n\u00e4chste Generation in puncto Sicherheit und Anwenderkomfort bei USB-Sticks. Die 256-Bit AES Hardwareverschl\u00fcsselung im XTS-Modus (FIPS-197 zertifiziert) verschl\u00fcsselt immer 100 % aller gespeicherten Daten sicher und zuverl\u00e4ssig. Zur Entschl\u00fcsselung ist ein starkes Passwort erforderlich, das dank des integrierten Akkus auch vorab \u00fcber das alphanumerische Tastaturfeld am Sentry K350 eingegeben werden kann. Das on-board Men\u00fcsystem und das OLED-Display im DataLocker Sentry K350 f\u00fchren den Anwender zu jeder Zeit durch die Passworteingabe bzw. zeigen den jeweils aktuellen Status an. Damit k\u00f6nnen auch neue Passw\u00f6rter vergeben und Passwortrichtlinien festgelegt werden.<\/p>\n<h4>Zu den Sicherheitsfunktionen z\u00e4hlen<\/h4>\n<ul>\n<li>NIST FIPS 140-3 Level 3 MIP zertifiziert, Mikroprozessor ist Common Criteria EAL5+ zertifiziert (Zertifizierung beantragt)<\/li>\n<li>Alphanumerische Zeicheneingabe inkl. Sonderzeichen f\u00fcr starke Passw\u00f6rter, Anzeige \u00fcber OLED-Display<\/li>\n<li>Zwei Benutzerrollen: Administrator und Anwender. Das Anwender-Passwort kann durch den Administrator zur\u00fcckgesetzt werden!<\/li>\n<li>Passwort\/PIN kann bereits vor Verbindung mit dem Host eingegeben und damit der K350 entsperrt werden.<\/li>\n<li>Kann im Schreibschutz-Modus betrieben werden<\/li>\n<li>Das Geh\u00e4use ist komplett mit geh\u00e4rtetem Epoxidharz vergossen und der Cryptochip gegen physikalische Angriffe zus\u00e4tzlich ummantelt, IP67 kompatibel<\/li>\n<li>Entspricht MIL-STD-810G<\/li>\n<li>Passwortrichtlinie kann \u00fcber den Administrator festgelegt werden<\/li>\n<li>Schutz vor Brute-Force-Attacken durch Limitierung falscher Passw\u00f6rter<\/li>\n<li>Schnelles und sicheres L\u00f6schen der gespeicherten Daten<\/li>\n<li>Auto-Lock: Laufwerk sperrt sich automatisch nach Trennung vom Host<\/li>\n<li>Optional <strong>bootf\u00e4hig<\/strong> und Windows-To-Go kompatibel<\/li>\n<li>DataLocker Sentry K350 ist <a href=\"https:\/\/www.prosoft.de\/shop\/produkt\/safeconsole-usb-device-management\/\">SafeConsole<\/a> zertifiziert. Kann optional auch nachtr\u00e4glich zentral mit SafeConsole verwaltet werden<\/li>\n<\/ul>\n<h3>SSD Performance im USB-Stick Format<\/h3>\n<p>Um die Performance, bei der Daten\u00fcbertragung weiter zu erh\u00f6hen, verwendet DataLocker K350 <strong>SSD-Speichermodule<\/strong> anstatt der sonst \u00fcblichen Flashspeicher. Damit erreicht der K350 als erster und einziger USB-Stick bis zu 220 MB\/s Lese- und 200 MB\/s Schreibgeschwindigkeit. \u00dcber den unterst\u00fctzten USB-3.2 Port (Gen 1; abw\u00e4rtskompatibel bis USB 2.0) lassen sich auch hostseitig theoretisch \u00dcbertragungsraten bis 300 MB\/s realisieren. Auch gro\u00dfe Datenmengen k\u00f6nnen mit Sentry K350 gespeichert und sehr schnell \u00fcbertragen werden. DataLocker Sentry K350 ist in den Kapazit\u00e4ten 16 GB, 64 GB, 128 GB, 256 GB und 512 GB verf\u00fcgbar.<\/p>\n<h3>DataLocker Sentry K350 \u2013 H\u00f6chste Kompatibilit\u00e4t<\/h3>\n<p>Ein weiterer Vorteil von Sentry K350 ist die Kompatibilit\u00e4t zu allen relevanten Host-Betriebssystemen. Zu den unterst\u00fctzten Betriebssystemen z\u00e4hlen u. a. Microsoft <strong>Windows<\/strong>, <strong>macOS<\/strong>, <strong>iPad OS<\/strong>, <strong>Linux<\/strong>, <strong>Android<\/strong>, <strong>Google Chrome OS<\/strong> sowie <strong>Embedded Systems<\/strong> und <strong>Thin Clients<\/strong>. Zus\u00e4tzlich ist er <strong>Citrix Ready<\/strong> (XenApp und XenDesktop kompatibel). Da keine Treiber und keine Software auf dem Host ben\u00f6tigt werden, funktioniert die Micro SSD an jedem System, das USB-Massenspeicherger\u00e4te verwenden kann. Durch die Vorab-Authentifizierung \u00fcber die integrierte Tastatur kann Sentry K350 auch als bootf\u00e4higes Speicherger\u00e4t eingesetzt werden. Sentry K350 kann auch als tragbares Linux-System genutzt werden.<\/p>\n<p>DataLocker gew\u00e4hrt auf den Sentry K350 3 Jahre Garantie.<\/p>\n<p>Wir sind <strong>DataLocker SPARK GOLD PARTNER<\/strong><\/p>\n<p>Sentry K350 <a href=\"https:\/\/www.prosoft.de\/shop\/wp-content\/uploads\/2021\/12\/DataLocker_Sentry_K350_Datenblatt.pdf\">Datenblatt<\/a><\/p>\n<p>Sentry K350 <a href=\"https:\/\/youtu.be\/dMn2HASgrG8\" target=\"_blank\" rel=\"noopener\">Video<\/a><\/p>\n<p>Testbericht auf <a href=\"https:\/\/www.notebookcheck.com\/DataLocker-Sentry-K350-verschluesselter-USB-Stick-im-Test-Datentresor-auf-Tauchstation.581230.0.html\" target=\"_blank\" rel=\"noopener\">Notebookcheck.com<\/a> vom 26.11.2021<\/p>\n<p>&nbsp;<\/p>\n","protected":false},"excerpt":{"rendered":"<h2>Hardwareverschl\u00fcsselte Micro-SSD im USB-Stick Format zu Sparpreisen.<\/h2>\n<p align=\"LEFT\">DataLocker Sentry K350 vereint die Performance von SSD-Speichern mit dem Formfaktor eines USB-Sticks. Zus\u00e4tzlich sind alle gespeicherten Daten zu 100 % hardwareverschl\u00fcsselt. Der Datenzugriff und die Entschl\u00fcsselung erfolgen \u00fcber ein komplexes Passwort, das ausschlie\u00dflich \u00fcber die alphanumerische on-board Tastatur eingegeben wird. Sentry K350 ist FIPS- und SafeConsole zertifiziert. Mit SafeConsole USB-Device-Management ist die Einrichtung und Verwaltung zahlreicher, sicherer USB-Speicherger\u00e4te f\u00fcr Organisationen jeder Gr\u00f6\u00dfe m\u00f6glich.<\/p>\n<p align=\"LEFT\">Wir sind DataLocker SPARK GOLD PARTNER!<\/p>\n<p align=\"LEFT\"><strong>Deutliche Preisreduzierung durch den Hersteller bei den Kapazit\u00e4ten 256 GB und 512 GB!<\/strong><\/p>\n","protected":false},"featured_media":483649,"comment_status":"open","ping_status":"closed","template":"","meta":[],"product_brand":[],"product_cat":[1173,1174,1153,1104,54],"product_tag":[412,1320,1340,1266,871,983,998,953,1237],"class_list":{"0":"post-7652","1":"product","2":"type-product","3":"status-publish","4":"has-post-thumbnail","6":"product_cat-datalocker","7":"product_cat-datalocker-sentry-3-fips","8":"product_cat-hardware","9":"product_cat-hersteller","10":"product_cat-verschluesselte-usb-sticks","11":"product_tag-aes-256-bit-verschluesselung","12":"product_tag-datalocker-sentry","13":"product_tag-dlk-sk350","14":"product_tag-fips-140-2-l3","15":"product_tag-hardwareverschluesselter-usb-stick","16":"product_tag-managebar","17":"product_tag-micro-ssd","18":"product_tag-safeconsole-ready","19":"product_tag-usb-stick-mit-pin","21":"first","22":"instock","23":"taxable","24":"shipping-taxable","25":"purchasable","26":"product-type-variable"},"group_of_quantity":0,"min_quantity":0,"max_quantity":"","exclude_order_quantity_value_rules":"no","exclude_category_quantity_rules":"no","combine_variations":"no","_links":{"self":[{"href":"https:\/\/www.prosoft.de\/shop\/wp-json\/wp\/v2\/product\/7652","targetHints":{"allow":["GET"]}}],"collection":[{"href":"https:\/\/www.prosoft.de\/shop\/wp-json\/wp\/v2\/product"}],"about":[{"href":"https:\/\/www.prosoft.de\/shop\/wp-json\/wp\/v2\/types\/product"}],"replies":[{"embeddable":true,"href":"https:\/\/www.prosoft.de\/shop\/wp-json\/wp\/v2\/comments?post=7652"}],"wp:featuredmedia":[{"embeddable":true,"href":"https:\/\/www.prosoft.de\/shop\/wp-json\/wp\/v2\/media\/483649"}],"wp:attachment":[{"href":"https:\/\/www.prosoft.de\/shop\/wp-json\/wp\/v2\/media?parent=7652"}],"wp:term":[{"taxonomy":"product_brand","embeddable":true,"href":"https:\/\/www.prosoft.de\/shop\/wp-json\/wp\/v2\/product_brand?post=7652"},{"taxonomy":"product_cat","embeddable":true,"href":"https:\/\/www.prosoft.de\/shop\/wp-json\/wp\/v2\/product_cat?post=7652"},{"taxonomy":"product_tag","embeddable":true,"href":"https:\/\/www.prosoft.de\/shop\/wp-json\/wp\/v2\/product_tag?post=7652"}],"curies":[{"name":"wp","href":"https:\/\/api.w.org\/{rel}","templated":true}]}}