{"id":7937,"date":"2019-01-10T09:43:05","date_gmt":"2019-01-10T08:43:05","guid":{"rendered":"https:\/\/www.prosoft.de\/shop\/?post_type=product&#038;p=7937"},"modified":"2025-03-26T08:59:41","modified_gmt":"2025-03-26T07:59:41","slug":"datalocker-portblocker-online-bestellen","status":"publish","type":"product","link":"https:\/\/www.prosoft.de\/shop\/produkt\/datalocker-portblocker-online-bestellen\/","title":{"rendered":"PortBlocker"},"content":{"rendered":"<h2>DataLocker PortBlocker&#x2122;<\/h2>\n<p>Die Nutzung von USB-Massenspeicherger\u00e4ten an USB-Schnittstellen ist extrem einfach und komfortabel. Deshalb verwundert es nicht, dass gerade die USB-Schnittstelle gerne als Kanal f\u00fcr Datendiebst\u00e4hle genutzt wird. Aber auch Malware gelangt h\u00e4ufig \u00fcber USB-Ports in Netzwerke von Organisationen. Als Gegenma\u00dfnahmen haben sich <a href=\"https:\/\/www.prosoft.de\/loesungen\/schwachstellen-management\/dlp-data-loss-prevention\/\" target=\"_blank\" rel=\"noopener noreferrer\">Data Loss Prevention<\/a> (DLP) bzw. Data Leakage Prevention L\u00f6sungen etabliert. DataLocker <strong>USB PortBlocker<\/strong> ist eine einfach einzusetzende und sichere DLP-L\u00f6sung, die sich auf die Reglementierung von USB-Massenspeicherger\u00e4ten wie USB-Sticks und externe USB-Festplatten fokussiert. PortBlocker ist die ideale Erweiterung f\u00fcr die bei ProSecurity angebotenen verschl\u00fcsselten USB-Festplatten und USB-Sticks. Damit stellen Sie sicher, dass Daten beispielsweise nur auf verschl\u00fcsselte USB-Speicherger\u00e4te kopiert werden k\u00f6nnen. Das integrierte Geofencing sperrt die Nutzung der USB-Ger\u00e4te, wenn sich der Host-Computer au\u00dferhalb der erlaubten Geolokation befindet. PortBlocker kann auch in SafeConsole integriert werden.<\/p>\n<h4>Die USB PortBlocker Eigenschaften im \u00dcberblick<\/h4>\n<ul>\n<li>PortBlocker \u00fcberwacht nur Aktionen der USB-Ger\u00e4teklasse \u00bbMassenspeicher\u00ab und damit die Verwendung von USB-Sticks, USB-Festplatten, USB-Speicherkarten-Leseger\u00e4te, Digitalkameras, MP3-Player und Smartphones. Andere USB-Ger\u00e4teklassen wie \u00bbHuman Interface Device\u00ab (Eingabeger\u00e4te wie Maus und Tastatur) werden nicht ber\u00fccksichtigt.<\/li>\n<li>Erstellung einer Whitelist auf Basis von Hersteller-ID (VID = Vendor-ID), Produkt-ID (PID) und\/oder der individuellen Seriennummer der USB-Speicherger\u00e4te. Diese eindeutigen Merkmale sind f\u00fcr alle USB 3.x Ger\u00e4te verpflichtend vorgeschrieben. Die bei ProSecurity angebotenen <a href=\"https:\/\/www.prosoft.de\/shop\/hardware\/verschluesselte-usb-sticks\/\" target=\"_blank\" rel=\"noopener noreferrer\">USB-Speichersticks<\/a> und <a href=\"https:\/\/www.prosoft.de\/shop\/hardware\/verschluesselte-festplatten\/\" target=\"_blank\" rel=\"noopener noreferrer\">USB-Festplatten<\/a> der Hersteller DataLocker, SafeToGo, Kingston, DIGITTRADE und iStorage setzen diese Vorgaben zu 100 % um. Sie k\u00f6nnen meistens sogar fortlaufende Seriennummern bestellen und damit die Erstellung der Whitelist vereinfachen. Bei g\u00fcnstigen USB-Speicherger\u00e4ten sind die USB-3.x Vorgaben PID, VID und Seriennummer h\u00e4ufig nicht sauber umgesetzt.<\/li>\n<li>USB-Speicherger\u00e4te k\u00f6nnen durch das integrierte Geofencing automatisch gesperrt werden, wenn sich der Host-Computer gerade au\u00dferhalb der erlaubten Geolokation befindet. Die erlaubten Bereiche lassen sich auf Basis von IP-Adressen, Land und genutzter Internet Service Provider (ISP) festlegen. Damit wird unter anderem die Nutzung der erlaubten USB-Speicherger\u00e4te auf Unternehmens-PCs limitiert.<\/li>\n<li>Die konfigurierten Richtlinien werden auf Basis der Active Directory Gruppen umgesetzt. Gleichwohl sind individuelle Richtlinien pro Arbeitsstation oder Notebook m\u00f6glich. \u00c4nderungen der Richtlinien werden automatisch an alle zugeordneten Ger\u00e4te \u00fcbertragen.<\/li>\n<li>USB PortBlocker Administratoren k\u00f6nnen remote tempor\u00e4re Ausnahmen bei der Nutzung von USB-Speicherger\u00e4ten auf Host Computern erstellen und damit Funktionen wie \u00bbAlle USB-Speicherger\u00e4te erlauben\u00ab und \u00bbAlle USB-Speicherger\u00e4te sperren\u00ab definieren.<\/li>\n<li>Alle Ereignisse wie z. B. Blockierung eines USB-Speicherger\u00e4tes, Registrierung eines neuen Endger\u00e4ts oder \u00c4nderung von Ger\u00e4terichtlinien werden in Echtzeit durch das Aktivit\u00e4ten-Audit protokolliert.<\/li>\n<\/ul>\n<p>PortBlocker kann eigenst\u00e4ndig und als Add-on zur SafeConsole lizenziert werden. Pro Installation auf einem Computer ist eine USB PortBlocker Lizenz erforderlich. Die hier angegebenen Konditionen sind f\u00fcr die Nutzung von DataLocker PortBlocker (ohne Verbindung zur SafeConsole). Die Lizenz ist eine Subscription (Nutzungsrecht der Software inkl. Updates) f\u00fcr den Zeitraum von 12 oder 36 Monaten. DataLocker PortBlocker ist aber auch die ideale Erweiterung f\u00fcr die SafeConsole. Verwenden Sie die Funktion Angebot anfordern, wenn Sie SafeConsole bereits im Einsatz haben oder andere Lizenzmengen bestellen m\u00f6chten.<\/p>\n<p><strong>PortBlocker ist in Verbindung mit SafeConsole <a href=\"https:\/\/www.prosoft.de\/loesungen\/verschluesselung\/usb-device-management\/\" target=\"_blank\" rel=\"noopener\">USB-Device-Management<\/a> bestellbar bzw. als Pro-Version mit mindestens 100 Lizenzen.<\/p>\n<p><a href=\"https:\/\/www.prosoft.de\/loesungen\/verschluesselung\/usb-device-management\/safeconsole\/\" target=\"_blank\" rel=\"noopener\">Kontaktieren Sie unseren Vertrieb f\u00fcr Ihr unverbindliches Angebot<\/a><\/strong><\/p>\n<h4><strong>Weitere Informationen<\/strong><\/h4>\n<p><a href=\"https:\/\/www.prosoft.de\/shop\/wp-content\/uploads\/2019\/01\/DataLocker-PortBlocker-DataSheet.pdf\">DataLocker PortBlocker Datenblatt<\/a><\/p>\n<p><strong>Unsere anderen DLP-L\u00f6sungen \u2013 mehr erfahren<\/strong><\/p>\n<p><a href=\"https:\/\/www.prosoft.de\/loesungen\/schwachstellen-management\/dlp-data-loss-prevention\/\" target=\"_blank\" rel=\"noopener\">DLP Data Loss Prevention<\/a> von DriveLock und Netwrix bei ProSoft<\/p>\n","protected":false},"excerpt":{"rendered":"<h2>PortBlocker \u2013 USB-Port und USB-Ger\u00e4tekontrolle<\/h2>\n<p>\u00dcber 60 % aller Angriffe passieren nicht durch Hacker, sondern durch Mitarbeiter! DataLocker PortBlocker&#x2122; sch\u00fctzt Ihr Unternehmen vor Datendiebstahl und Malware \u00fcber die universelle USB-Schnittstelle. Mit PortBlocker schr\u00e4nken Sie die Nutzung von USB-Ports und USB-Speicherger\u00e4ten ein und erhalten Statusmeldungen aller Aktivit\u00e4ten.<\/p>\n<p><strong>PortBlocker ist nur in Verbindung mit <a href=\"https:\/\/www.prosoft.de\/shop\/produkt\/safeconsole-usb-device-management\/\" target=\"_blank\" rel=\"noopener\">SafeConsole<\/a> erh\u00e4ltlich bzw. als Pro-Version mit mindestens 100 Lizenzen, jedoch leider nicht \u00fcber unseren Online-Shop.<\/strong><\/p>\n<p>Bitte kontaktieren Sie unseren Vertrieb f\u00fcr Ihr unverbindliches Angebot.<br \/>\n[av_button label='Jetzt anfragen' link='manually,https:\/\/www.prosoft.de\/?id=168' link_target='_blank' size='medium' position='left' icon_select='yes' icon='ue881' font='entypo-fontello' color='theme-color' custom_bg='#444444' custom_font='#ffffff' admin_preview_bg='']<\/p>\n<div class=\"av_promobox avia-button-yes avia-builder-el-1 el_after_av_layerslider el_before_av_heading avia-builder-el-first \">\n<div class=\"avia-promocontent\">Bitte fragen Sie dieses Produkt bei unserem Vertrieb an.<\/div>\n<\/div>\n","protected":false},"featured_media":7965,"comment_status":"open","ping_status":"closed","template":"","meta":[],"product_brand":[],"product_cat":[367,1195,52,55],"product_tag":[1056,1477,1054,1476,515,1478,1055],"class_list":{"0":"post-7937","1":"product","2":"type-product","3":"status-publish","4":"has-post-thumbnail","6":"product_cat-exklusiv-bei-prosecurity","7":"product_cat-portblocker","8":"product_cat-software","9":"product_cat-security-loesungen","10":"product_tag-data-loss-prevention","11":"product_tag-device-control","12":"product_tag-dlp","13":"product_tag-port-control","14":"product_tag-safeconsole","15":"product_tag-schnittstellen-kontrolle","16":"product_tag-usb-port-und-usb-geraetekontrolle","18":"first","19":"instock","20":"taxable","21":"shipping-taxable","22":"product-type-variable"},"group_of_quantity":0,"min_quantity":1,"max_quantity":1,"exclude_order_quantity_value_rules":"no","exclude_category_quantity_rules":"no","combine_variations":"no","_links":{"self":[{"href":"https:\/\/www.prosoft.de\/shop\/wp-json\/wp\/v2\/product\/7937","targetHints":{"allow":["GET"]}}],"collection":[{"href":"https:\/\/www.prosoft.de\/shop\/wp-json\/wp\/v2\/product"}],"about":[{"href":"https:\/\/www.prosoft.de\/shop\/wp-json\/wp\/v2\/types\/product"}],"replies":[{"embeddable":true,"href":"https:\/\/www.prosoft.de\/shop\/wp-json\/wp\/v2\/comments?post=7937"}],"wp:featuredmedia":[{"embeddable":true,"href":"https:\/\/www.prosoft.de\/shop\/wp-json\/wp\/v2\/media\/7965"}],"wp:attachment":[{"href":"https:\/\/www.prosoft.de\/shop\/wp-json\/wp\/v2\/media?parent=7937"}],"wp:term":[{"taxonomy":"product_brand","embeddable":true,"href":"https:\/\/www.prosoft.de\/shop\/wp-json\/wp\/v2\/product_brand?post=7937"},{"taxonomy":"product_cat","embeddable":true,"href":"https:\/\/www.prosoft.de\/shop\/wp-json\/wp\/v2\/product_cat?post=7937"},{"taxonomy":"product_tag","embeddable":true,"href":"https:\/\/www.prosoft.de\/shop\/wp-json\/wp\/v2\/product_tag?post=7937"}],"curies":[{"name":"wp","href":"https:\/\/api.w.org\/{rel}","templated":true}]}}