{"id":8004,"date":"2019-01-16T14:44:00","date_gmt":"2019-01-16T13:44:00","guid":{"rendered":"https:\/\/www.prosoft.de\/shop\/?post_type=product&#038;p=8004"},"modified":"2026-04-10T14:33:47","modified_gmt":"2026-04-10T12:33:47","slug":"yubikey-5-nfc-online-bestellen","status":"publish","type":"product","link":"https:\/\/www.prosoft.de\/shop\/produkt\/yubikey-5-nfc-online-bestellen\/","title":{"rendered":"YubiKey 5 NFC | YubiKey 5C NFC"},"content":{"rendered":"<h3>H\u00f6chste Sicherheit mit komfortabler Mehrfaktor-Authentifizierung<\/h3>\n<p>Der YubiKey 5 NFC (USB-A) und der YubiKey 5C NFC (USB-C) bieten starke <a href=\"https:\/\/www.prosoft.de\/shop\/produkt\/securaccess-mehrfaktor-authentifizierung-bestellen\/\">Mehrfaktor-Authentifizierung<\/a> (MFA) auf Enterprise-Niveau. Dank <strong>FIDO2<\/strong>&#8211; und <strong>U2F-Protokollen<\/strong> ist sogar eine <strong>passwortlose Authentifizierung <\/strong>m\u00f6glich \u2013 sicher, schnell und benutzerfreundlich. Die Anmeldung erfolgt einfach per Tastendruck oder kontaktlos \u00fcber das <strong>NFC-Push-Verfahren<\/strong> \u2013 ohne Codeeingabe oder App.<\/p>\n<h3>Effizient, schnell und wirtschaftlich<\/h3>\n<ul>\n<li><strong>Bis zu 4\u00d7 schneller<\/strong> als OTP- oder SMS-Verfahren<\/li>\n<li><strong>Reduziert Supportkosten<\/strong> durch intuitive Nutzung<\/li>\n<li><strong>Minimiert Sicherheitsrisiken<\/strong> durch manipulationssichere Hardware<\/li>\n<\/ul>\n<p>Einmal eingerichtet, funktioniert der Security-Token v\u00f6llig autark \u2013 ohne Batterie, Treiber oder Softwareinstallation.<\/p>\n<h3>Kompatibel mit allen wichtigen Plattformen<\/h3>\n<p>Der YubiKey Security-Token ist<strong> plattform\u00fcbergreifend einsetzba<\/strong>r und funktioniert unter:<\/p>\n<ul>\n<li>Windows, macOS, Linux<\/li>\n<li>iOS und Android (\u00fcber NFC)<\/li>\n<li>allen g\u00e4ngigen Browsern: Chrome, Firefox, Edge, Safari, Opera<\/li>\n<\/ul>\n<p>Der Security-Token <strong>integriert sich nahtlos<\/strong> in Microsoft 365, Azure AD, Google Workspace, AWS, Citrix, Salesforce, Fortinet, Facebook, Dropbox, 1Password, LastPass, Dashlane u. v. m.<br \/>\nEine vollst\u00e4ndige Liste kompatibler Dienste und Applikationen finden Sie unter \u00abWorks with YubiKey\u00bb auf der Herstellerseite.<\/p>\n<h3>Unterst\u00fctzte Sicherheitsprotokolle<\/h3>\n<ul>\n<li>FIDO2 \/ FIDO U2F<\/li>\n<li>Yubico OTP, OATH-TOTP\/HOTP<\/li>\n<li>PIV Smartcard, OpenPGP<\/li>\n<li>Challenge-Response<\/li>\n<\/ul>\n<p>Er ist der <strong>ideale Security-Token f\u00fcr Unternehmen<\/strong>, die eine zukunftssichere, skalierbare Authentifizierungsl\u00f6sung suchen.<\/p>\n<h3>Robust, langlebig und sofort einsatzbereit<\/h3>\n<p>Der YubiKey besteht aus <strong>sto\u00dffestem<\/strong>, <strong>wasserresistentem<\/strong> <strong>Material<\/strong> und wiegt nur 3 g. Er wird direkt \u00fcber USB oder NFC betrieben \u2013 <strong>ohne Batterie oder bewegliche Teile<\/strong>. Ideal f\u00fcr den mobilen und station\u00e4ren Einsatz im Business-Alltag. Alle technischen Eigenschaften und Kompatibilit\u00e4ten finden Sie unter \u00abProduktdaten\u00bb und \u00abTechnische Spezifikationen\u00bb auf dieser Produktseite.<\/p>\n<h3>Einfach integrierbar \u2013 made in USA &amp; Schweden<\/h3>\n<p>Die Integration in Unternehmenssysteme ist innerhalb weniger Minuten m\u00f6glich, auch mit Open-Source-Server-Software. Hergestellt in den USA und Schweden, garantiert Yubico h\u00f6chste Fertigungsqualit\u00e4t und Zuverl\u00e4ssigkeit.<\/p>\n<p>Jeder YubiKey-USB-Security-Token erm\u00f6glicht die sichere Authentifizierung ohne erneute Eingabe von OTP (One Time Passcodes), Passcodes oder Passw\u00f6rtern. Damit ersetzt der USB-Token traditionelle Hardware-Token, SMS-Passcode-Verfahren und Apps zur sicheren Authentifizierung (z. B. Soft-Token)<\/p>\n<p><strong>Jetzt YubiKey 5\/5C NFC kaufen<\/strong> \u2013 der bew\u00e4hrte Security-Token f\u00fcr sichere, passwortlose Authentifizierung in Ihrem Unternehmen.<\/p>\n<p><strong>Mindestbestellmenge<\/strong>: 2 St\u00fcck<\/p>\n<p>Bei ProSecurity, Ihrem Partner f\u00fcr professionelle IT-Sicherheitsl\u00f6sungen, finden Sie auch die anderen aktuellen YubiKey-Modelle.<\/p>\n<p>Zur \u00dcbersicht: <a href=\"https:\/\/www.prosoft.de\/shop\/hardware\/security-token\/yubikey\/\">YubiKey-Token<\/a><br \/>\nSiehe auch: <a href=\"https:\/\/www.prosoft.de\/blog\/nfc-authentifizierung-bei-ios-13\/\" target=\"_blank\" rel=\"noopener noreferrer\">NFC-Authentifizierung ab iOS 13<\/a><\/p>\n","protected":false},"excerpt":{"rendered":"<h3>YubiKey 5 NFC \/ 5C NFC \u2013 professioneller Security Token f\u00fcr Unternehmen<\/h3>\n<p>Der YubiKey 5 NFC \/ 5C NFC von <a href=\"https:\/\/www.prosoft.de\/hersteller\/hardware\/yubico\/\" target=\"_blank\" rel=\"noopener\">Yubico<\/a> ist ein leistungsstarker <strong>Security-Token<\/strong>, der h\u00f6chste IT-Sicherheit mit einfacher Handhabung kombiniert. Die sichere Authentifizierung kann bei geeigneten Systemen mit dem komfortablen NFC-Push-Verfahren durchgef\u00fchrt werden. Der Security-Token unterst\u00fctzt das FIDO2 Protokoll und damit die sichere, passwortlose Anmeldung.<\/p>\n<p>Ob f\u00fcr Cloud-Dienste, VPNs, Passwort-Manager oder den Windows-Login \u2013 mit diesem <strong>Hardware-Token<\/strong> sch\u00fctzen Unternehmen ihre digitalen Identit\u00e4ten zuverl\u00e4ssig vor <strong>Phishing<\/strong>, <strong>Account-\u00dcbernahmen<\/strong> und <strong>Datenmissbrauch<\/strong>.<\/p>\n<p>Die Security-Token von Yubico sind bereits in vielen L\u00f6sungen und Applikationen, der sicheren Anmeldung an Betriebssystemen wie Windows, Microsoft 365, Passwort-Managern, Diensten wie AWS &amp; iCloud und L\u00f6sungen wie Fortinet sowie unsere SecurAccess <a href=\"https:\/\/www.prosoft.de\/shop\/produkt\/securaccess-mehrfaktor-authentifizierung-bestellen\/\" target=\"_blank\" rel=\"noopener\">Mehrfaktor-Authentifizierung<\/a> (MFA) integriert. Bei ProSecurity finden Sie auch alle anderen aktuellen <a href=\"https:\/\/www.prosoft.de\/shop\/hardware\/security-token\/yubikey\/\">YubiKey-USB-Token<\/a>.<\/p>\n<p>Die Mindestbestellmenge betr\u00e4gt 2 St\u00fcck.<\/p>\n","protected":false},"featured_media":8139,"comment_status":"open","ping_status":"closed","template":"","meta":[],"product_brand":[],"product_cat":[1153,1104,930,271,1151,1159],"product_tag":[1046,1499,974,976,1328,1494,893,1327],"class_list":{"0":"post-8004","1":"product","2":"type-product","3":"status-publish","4":"has-post-thumbnail","6":"product_cat-hardware","7":"product_cat-hersteller","8":"product_cat-security-token","9":"product_cat-top-seller","10":"product_cat-yubico","11":"product_cat-yubikey","12":"product_tag-fido-alliance","13":"product_tag-fido2-authentifizierung","14":"product_tag-hardware-token","15":"product_tag-nfc-authentifizierung","16":"product_tag-nfc-token","17":"product_tag-passkey","18":"product_tag-token","19":"product_tag-token-mit-nfc","21":"first","22":"instock","23":"taxable","24":"shipping-taxable","25":"purchasable","26":"product-type-variable"},"group_of_quantity":0,"min_quantity":0,"max_quantity":"","exclude_order_quantity_value_rules":"no","exclude_category_quantity_rules":"no","combine_variations":"no","_links":{"self":[{"href":"https:\/\/www.prosoft.de\/shop\/wp-json\/wp\/v2\/product\/8004","targetHints":{"allow":["GET"]}}],"collection":[{"href":"https:\/\/www.prosoft.de\/shop\/wp-json\/wp\/v2\/product"}],"about":[{"href":"https:\/\/www.prosoft.de\/shop\/wp-json\/wp\/v2\/types\/product"}],"replies":[{"embeddable":true,"href":"https:\/\/www.prosoft.de\/shop\/wp-json\/wp\/v2\/comments?post=8004"}],"wp:featuredmedia":[{"embeddable":true,"href":"https:\/\/www.prosoft.de\/shop\/wp-json\/wp\/v2\/media\/8139"}],"wp:attachment":[{"href":"https:\/\/www.prosoft.de\/shop\/wp-json\/wp\/v2\/media?parent=8004"}],"wp:term":[{"taxonomy":"product_brand","embeddable":true,"href":"https:\/\/www.prosoft.de\/shop\/wp-json\/wp\/v2\/product_brand?post=8004"},{"taxonomy":"product_cat","embeddable":true,"href":"https:\/\/www.prosoft.de\/shop\/wp-json\/wp\/v2\/product_cat?post=8004"},{"taxonomy":"product_tag","embeddable":true,"href":"https:\/\/www.prosoft.de\/shop\/wp-json\/wp\/v2\/product_tag?post=8004"}],"curies":[{"name":"wp","href":"https:\/\/api.w.org\/{rel}","templated":true}]}}