{"id":8025,"date":"2019-01-21T09:17:24","date_gmt":"2019-01-21T08:17:24","guid":{"rendered":"https:\/\/www.prosoft.de\/shop\/?post_type=product&#038;p=8025"},"modified":"2026-04-10T14:24:40","modified_gmt":"2026-04-10T12:24:40","slug":"yubikey-5c-5c-nano-online-bestellen","status":"publish","type":"product","link":"https:\/\/www.prosoft.de\/shop\/produkt\/yubikey-5c-5c-nano-online-bestellen\/","title":{"rendered":"YubiKey 5C | 5C Nano"},"content":{"rendered":"<h3>&#x2705; Die Vorteile des YubiKey 5C \/ 5C Nano Security-Token<\/h3>\n<p>In einer Welt, in der Cyberangriffe, Datenlecks und Passwortdiebst\u00e4hle t\u00e4glich zunehmen, ist echte digitale Sicherheit keine Option mehr \u2013 sie ist Pflicht. Jeder YubiKey ist Ihr pers\u00f6nlicher Schutzschild gegen unbefugten Zugriff und Identit\u00e4tsdiebstahl. Er ersetzt unsichere SMS-Codes und Apps durch eine physische Authentifizierung \u2013 einstecken, antippen, sicher eingeloggt. So wird jede Anmeldung doppelt abgesichert: durch etwas, das Sie wissen (Ihr Passwort), und etwas, das Sie besitzen (z. B. Ihren YubiKey).<\/p>\n<p>Als kompakter, robuster und blitzschneller Hardware-Sicherheitsschl\u00fcssel sch\u00fctzt er Ihre Online-Konten mit modernster Verschl\u00fcsselungstechnologie \u2013 und das einfacher, als Sie denken.<\/p>\n<p>Der Funktionsumfang zwischen <strong>YubiKey 5C<\/strong> und <strong>5C Nano<\/strong> ist grunds\u00e4tzlich identisch. Das Modell 5C Nano kann aufgrund seiner Gr\u00f6\u00dfe im USB-C-Port verbleiben. Die sichere Anmeldung erfolgt bei beiden Versionen \u00fcber die Ber\u00fchrung der Goldkontakte am Hardware-Token.<\/p>\n<ul>\n<li><strong>H\u00f6chste Sicherheit:<\/strong> Hardwarebasierte Authentifizierung mit <strong>FIDO2<\/strong>, U2F, Smartcard, OpenPGP und OTP \u2013 sch\u00fctzt vor Phishing und Account-\u00dcbernahmen.<\/li>\n<li><strong>Kompatibel mit f\u00fchrenden Diensten:<\/strong> Funktioniert mit Google, Microsoft, GitHub, Dropbox, Facebook, 1Password, Bitwarden, <a href=\"https:\/\/www.prosoft.de\/shop\/produkt\/securaccess-mehrfaktor-authentifizierung-bestellen\/\">SecurAccess Mehrfaktor-Authentifizierung<\/a> und vielen weiteren \u00abWorks with YubiKey\u00bb Diensten &amp; Applikationen.<\/li>\n<li><strong>Sofort einsatzbereit:<\/strong> Einfach einstecken, antippen, sicher anmelden \u2013 ganz ohne App oder SMS-Code.<\/li>\n<li><strong>USB-C Anschluss:<\/strong> Perfekt f\u00fcr moderne Laptops, Smartphones und Tablets. Zukunftssicher!<\/li>\n<li><strong>Robust &amp; langlebig:<\/strong> Wasserfest, sto\u00dffest und aus hochwertigen Materialien gefertigt; kein integrierter Akku \u2013 entwickelt f\u00fcr den t\u00e4glichen Einsatz.<\/li>\n<li><strong>Effizient &amp; langlebig:<\/strong> Ohne zus\u00e4tzliche Software oder Treiber sofort einsetzbar.<\/li>\n<\/ul>\n<h3>&#x1f4bc; Ideal f\u00fcr:<\/h3>\n<ul>\n<li>Unternehmen mit hohen Sicherheitsanforderungen<\/li>\n<li>IT-Administratoren und Entwickler<\/li>\n<li>Privatanwender, die ihre Online-Konten effektiv sch\u00fctzen m\u00f6chten<\/li>\n<\/ul>\n<h3>&#x1f512; Ihre Sicherheit, Ihre Kontrolle<\/h3>\n<p>Mit <strong>YubiKey <\/strong>geh\u00f6ren schwache Passw\u00f6rter und unsichere Logins der Vergangenheit an.<br \/>\nSteigern Sie Ihre Online-Sicherheit mit nur einem Klick \u2013 <strong>einfach, schnell und zuverl\u00e4ssig.<\/strong><\/p>\n<p><a href=\"https:\/\/www.prosoft.de\/shop\/hardware\/security-token\/yubikey\/\">Yubico-\u00dcbersicht<\/a><br \/>\nDer Hersteller <a href=\"https:\/\/www.prosoft.de\/hersteller\/hardware\/yubico\/\">Yubico<\/a><\/p>\n","protected":false},"excerpt":{"rendered":"<p>YubiKey 5C \/ YubiKey 5C Nano \u2013 Der Security-Token f\u00fcr maximale Online-Sicherheit<\/p>\n<h2>Sch\u00fctzen Sie Ihre digitalen Konten mit dem YubiKey 5C \/ 5C Nano<\/h2>\n<h3>Moderner Hardware-Sicherheitsschl\u00fcssel mit USB-C-Anschluss<\/h3>\n<p>Mit YubiKey 5C sichern Sie Ihre Logins zuverl\u00e4ssig vor Phishing, Passwortdiebstahl und Hackerangriffen.<\/p>\n<p>Egal ob privat, im Homeoffice oder im Unternehmen \u2013 YubiKey\u00a0 ist die schnellste und sicherste L\u00f6sung f\u00fcr Zwei-Faktor-Authentifizierung (2FA) und Passwortschutz. Alle aktuellen Modelle unterst\u00fctzen jetzt auch das FIDO2 Protokoll und damit \u00bbkennwortlose Anmeldungen\u00ab bzw. \u00bbpasswortlose Authentifizierung\u00ab.<\/p>\n<p>Bei ProSecurity finden Sie alle aktuellen YubiKey-Varianten. <a href=\"https:\/\/www.prosoft.de\/shop\/hardware\/security-token\/yubikey\/\">Zur \u00dcbersicht<\/a><\/p>\n","protected":false},"featured_media":8052,"comment_status":"open","ping_status":"closed","template":"","meta":[],"product_brand":[],"product_cat":[1153,930,1151,1159],"product_tag":[1498,1072,974,1509,1494,1496,973,1495,893,894,1319],"class_list":{"0":"post-8025","1":"product","2":"type-product","3":"status-publish","4":"has-post-thumbnail","6":"product_cat-hardware","7":"product_cat-security-token","8":"product_cat-yubico","9":"product_cat-yubikey","10":"product_tag-5c-nano","11":"product_tag-fido2","12":"product_tag-hardware-token","13":"product_tag-hardware-sicherheitsschluessel","14":"product_tag-passkey","15":"product_tag-security-token","16":"product_tag-sichere-authentifizierung","17":"product_tag-sicherheitsschluessel","18":"product_tag-token","19":"product_tag-usb-token","20":"product_tag-yubikey-5c","22":"first","23":"instock","24":"taxable","25":"shipping-taxable","26":"purchasable","27":"product-type-variable"},"group_of_quantity":0,"min_quantity":0,"max_quantity":"","exclude_order_quantity_value_rules":"no","exclude_category_quantity_rules":"no","combine_variations":"no","_links":{"self":[{"href":"https:\/\/www.prosoft.de\/shop\/wp-json\/wp\/v2\/product\/8025","targetHints":{"allow":["GET"]}}],"collection":[{"href":"https:\/\/www.prosoft.de\/shop\/wp-json\/wp\/v2\/product"}],"about":[{"href":"https:\/\/www.prosoft.de\/shop\/wp-json\/wp\/v2\/types\/product"}],"replies":[{"embeddable":true,"href":"https:\/\/www.prosoft.de\/shop\/wp-json\/wp\/v2\/comments?post=8025"}],"wp:featuredmedia":[{"embeddable":true,"href":"https:\/\/www.prosoft.de\/shop\/wp-json\/wp\/v2\/media\/8052"}],"wp:attachment":[{"href":"https:\/\/www.prosoft.de\/shop\/wp-json\/wp\/v2\/media?parent=8025"}],"wp:term":[{"taxonomy":"product_brand","embeddable":true,"href":"https:\/\/www.prosoft.de\/shop\/wp-json\/wp\/v2\/product_brand?post=8025"},{"taxonomy":"product_cat","embeddable":true,"href":"https:\/\/www.prosoft.de\/shop\/wp-json\/wp\/v2\/product_cat?post=8025"},{"taxonomy":"product_tag","embeddable":true,"href":"https:\/\/www.prosoft.de\/shop\/wp-json\/wp\/v2\/product_tag?post=8025"}],"curies":[{"name":"wp","href":"https:\/\/api.w.org\/{rel}","templated":true}]}}