{"id":8042,"date":"2019-01-25T10:52:44","date_gmt":"2019-01-25T09:52:44","guid":{"rendered":"https:\/\/www.prosoft.de\/shop\/?post_type=product&#038;p=8042"},"modified":"2026-04-10T14:18:06","modified_gmt":"2026-04-10T12:18:06","slug":"yubikey-5-nano-online-bestellen","status":"publish","type":"product","link":"https:\/\/www.prosoft.de\/shop\/produkt\/yubikey-5-nano-online-bestellen\/","title":{"rendered":"YubiKey 5 Nano"},"content":{"rendered":"<h3>YubiKey 5 Nano<\/h3>\n<p>Auch die YubiKey 5 Nano bzw. <a href=\"https:\/\/www.prosoft.de\/shop\/produkt\/yubikey-5c-5c-nano-online-bestellen\/\">YubiKey 5C Nano<\/a> USB-Token funktionieren immer ohne zus\u00e4tzlichen Treiber unter Microsoft Windows, macOS X, ChromeOS und Linux und mobilen Betriebssystemen wie iOS und Android sowie mit allen g\u00e4ngigen Browsern.<\/p>\n<p>Die Security-Token von <a href=\"https:\/\/www.prosoft.de\/hersteller\/hardware\/yubico\/\">Yubico<\/a> unterst\u00fctzen alle relevanten Authentifizierungsprotokolle und -dienste. Darunter sind Yubico OTP, OpenPGP, FIDO2 FIDO U2F (Universal Second Factor), PIV Smartcard, OATH-TOTP, Code Signing und Challenge Response Verfahren u. a. Damit lassen sich sogar mehrere dieser Protokolle gleichzeitig ausf\u00fchren. Deshalb l\u00e4sst sich ein USB-Token f\u00fcr eine fast unbegrenzte Anzahl von Diensten verwenden. Damit wird das Login u. a. zu popul\u00e4ren Services und Cloud-Applikationen wie G-Suite, Dropbox, Last Pass, Salesforce u. a. wirkungsvoll abgesichert. Auf der Herstellerseite finden Sie unter \u00ab<a href=\"https:\/\/www.yubico.com\/works-with-yubikey\/catalog\/?sort=popular\" target=\"_blank\" rel=\"noopener\">Works with YubiKey<\/a>\u00bb eine Liste kompatibler L\u00f6sungen und Dienste. Alle Sicherheitsschl\u00fcssel sind mit Secure Elements auf Hardwarebasis gesch\u00fctzt.<\/p>\n<ul>\n<li>Sicherheit: Der Hardware-Token muss vorhanden (Faktor \u00bbHaben\u00ab) sein, damit sich Anwender \u00fcber ein Endger\u00e4t sicher anmelden k\u00f6nnen<\/li>\n<li>Hohe Usability:\u00a0 Kante ber\u00fchren. Keine zus\u00e4tzlichen Codes oder Apps notwendig<\/li>\n<li>Erschwinglich: Die Security-Token sind f\u00fcr eine fast unlimitierte Anzahl von (Cloud\u2011)Diensten und Applikationen einsetzbar<\/li>\n<li>Langlebig: keine Batterien oder bewegliche Teile, robust und wasserfest<\/li>\n<li>Bequem: Aufgrund seiner geringen Ausma\u00dfe kann der Nano im Ger\u00e4t verbleiben. Ma\u00dfe: 12 mm \u00d7 13 mm \u00d7 3,1 mm, Gewicht 1 g<\/li>\n<li>Anschluss und Stromversorgung \u00fcber USB-Schnittstelle<\/li>\n<\/ul>\n<h3>Weitere Vorteile<\/h3>\n<p>Mit diesen USB-Token ist eine sichere Authentifizierung m\u00f6glich. Die erneute Eingabe von OTP, Passcodes oder Passw\u00f6rtern ist dabei nicht erforderlich. Damit ersetzt der Security-Token traditionelle Hardware-Token, SMS-Passcode-Verfahren und Apps zur Authentifizierung. Die USB-Token werden ohne zus\u00e4tzliche Software oder Treiber je nach Anwendung als USB-Tastatur (Gruppe HID = Human Interface Devices), Smartcard oder Chipkartenleser erkannt.<\/p>\n<p>Die Technologie ist innerhalb weniger Minuten unter Verwendung freier Open-Source Server-Software in die gew\u00fcnschten Anwendungen integriert. Der Hersteller <a href=\"https:\/\/www.yubico.com\/\" target=\"_blank\" rel=\"noopener noreferrer\">Yubico<\/a> produziert die USB-Token fast ausschlie\u00dflich in Schweden. Sie sind bereits in viele L\u00f6sungen zur sicheren Authentifizierung bzw. Passwort-Management, Login und Zugriffsschutz f\u00fcr Fernwartung oder VPN, FIDO2, FIDO U2F Login, Content-Management-Systeme (CMS) und bekannte Online-Services integriert.<\/p>\n<p><strong>Ebenfalls bei ProSecurity verf\u00fcgbar<\/strong><\/p>\n<p>Bei ProSecurity finden Sie auch alle anderen aktuellen <a href=\"https:\/\/www.prosoft.de\/shop\/hardware\/security-token\/yubikey\/\">YubiKey-USB-Token<\/a>.<\/p>\n","protected":false},"excerpt":{"rendered":"<h2>USB-Token f\u00fcr sichere Authentifizierung<\/h2>\n<h3>Hohe Sicherheit auf kleinstem Raum!<\/h3>\n<p>Die <strong>YubiKey 5 Nano Security-Token<\/strong> eignen sich zur sicheren, auch passwortlose Authentifizierung, unterst\u00fctzen diverse Protokolle und sind in vielen Web- und Cloud-L\u00f6sungen bereits integriert. Alle Modelle unterst\u00fctzen jetzt auch das FIDO2-Protokoll. Damit ist etwa das sichere Login an Windows ohne eine Passworteingabe m\u00f6glich. Durch seine Bauform k\u00f6nnen alle Nano-Modelle auch in USB-Ports bei Notebooks und Desktops verbleiben.<\/p>\n","protected":false},"featured_media":8140,"comment_status":"open","ping_status":"closed","template":"","meta":[],"product_brand":[],"product_cat":[1153,930,1151,1159],"product_tag":[1256,1045,1072,974,1496,894,1497,376],"class_list":{"0":"post-8042","1":"product","2":"type-product","3":"status-publish","4":"has-post-thumbnail","6":"product_cat-hardware","7":"product_cat-security-token","8":"product_cat-yubico","9":"product_cat-yubikey","10":"product_tag-5-nano","11":"product_tag-fido-u2f","12":"product_tag-fido2","13":"product_tag-hardware-token","14":"product_tag-security-token","15":"product_tag-usb-token","16":"product_tag-yubikey-nano","17":"product_tag-zwei-faktor-authentifizierung","19":"first","20":"instock","21":"taxable","22":"shipping-taxable","23":"purchasable","24":"product-type-simple"},"group_of_quantity":0,"min_quantity":0,"max_quantity":"","exclude_order_quantity_value_rules":"no","exclude_category_quantity_rules":"no","combine_variations":"no","_links":{"self":[{"href":"https:\/\/www.prosoft.de\/shop\/wp-json\/wp\/v2\/product\/8042","targetHints":{"allow":["GET"]}}],"collection":[{"href":"https:\/\/www.prosoft.de\/shop\/wp-json\/wp\/v2\/product"}],"about":[{"href":"https:\/\/www.prosoft.de\/shop\/wp-json\/wp\/v2\/types\/product"}],"replies":[{"embeddable":true,"href":"https:\/\/www.prosoft.de\/shop\/wp-json\/wp\/v2\/comments?post=8042"}],"wp:featuredmedia":[{"embeddable":true,"href":"https:\/\/www.prosoft.de\/shop\/wp-json\/wp\/v2\/media\/8140"}],"wp:attachment":[{"href":"https:\/\/www.prosoft.de\/shop\/wp-json\/wp\/v2\/media?parent=8042"}],"wp:term":[{"taxonomy":"product_brand","embeddable":true,"href":"https:\/\/www.prosoft.de\/shop\/wp-json\/wp\/v2\/product_brand?post=8042"},{"taxonomy":"product_cat","embeddable":true,"href":"https:\/\/www.prosoft.de\/shop\/wp-json\/wp\/v2\/product_cat?post=8042"},{"taxonomy":"product_tag","embeddable":true,"href":"https:\/\/www.prosoft.de\/shop\/wp-json\/wp\/v2\/product_tag?post=8042"}],"curies":[{"name":"wp","href":"https:\/\/api.w.org\/{rel}","templated":true}]}}