{"id":8314,"date":"2019-05-16T09:00:15","date_gmt":"2019-05-16T07:00:15","guid":{"rendered":"https:\/\/www.prosoft.de\/shop\/?post_type=product&#038;p=8314"},"modified":"2025-01-27T13:30:11","modified_gmt":"2025-01-27T12:30:11","slug":"kingston-kc600","status":"publish","type":"product","link":"https:\/\/www.prosoft.de\/shop\/produkt\/kingston-kc600\/","title":{"rendered":"Kingston KC600"},"content":{"rendered":"<h3>Kingston KC600 SSD<\/h3>\n<p><strong>Bitte beachten Sie<\/strong>: aktuelle Lieferengp\u00e4sse bei KC600. L\u00e4ngere Lieferzeiten bzw. Lieferr\u00fcckst\u00e4nde bei einigen Kapazit\u00e4ten erwartet.<\/p>\n<p>Wenn Sie einen SSD mit herausragender Leistung dank 3D TLC NAND Technologie suchen, die alle wichtigen Sicherheitsfunktionen wie TCG Opal, 256-Bit AES Hardwareverschl\u00fcsselung (selbst verschl\u00fcsselnd, self encrypting drive, SED) und eDrive unterst\u00fctzt, dann sind Sie bei der Kingston KC600 SSD richtig. Die 2,5&#8243; SATA Rev. 3.0 (abw\u00e4rtskompatibel zu SATA Rev. 2.0) ist aktuell in den Speicherkapazit\u00e4ten 256GB bis zu 2TB erh\u00e4ltlich. Laden sowie \u00dcbertragen von Dateien ist bedeutend schneller als Festplatten mit mechanischen Komponenten. Kingston weist die Schreib- und Lesegeschwindigkeiten mit bis zu 550 MB\/s und 520 MB\/s aus.<\/p>\n<p>Die Kingston UV500 SSD bietet die Kombinatiion einer selbstverschl\u00fcsselnden Laufwerkstechnologie (SED) durch AES 256-Bit Hardwareverschl\u00fcsselung mit einem Data Loss Prevention (DLP) Softwareprogramm zur Aktivierung und Verwaltung von TCG Opal 2, wie es z.B. von Herstellern wie Symantec, McAfee, WinMagic, u.a. unterst\u00fctzt wird. Wichtige Elemente f\u00fcr Sicherheitsrichtlinien zur Erf\u00fcllung von Branchenstandards und globalen Vorschriften, wie die Datenschutzgrundverordnung (DSGVO) k\u00f6nnen somit einfach eingehalten werden.<\/p>\n<p>Kingston bietet f\u00fcr die 2,5&#8243; SATA optional auch ein Upgrade-Kit-Bundle an. Damit sind Umbau beziehungsweise Nachr\u00fcsten auch f\u00fcr wenig ge\u00fcbte Schrauber sehr einfach. Das Upgrade-Kit-Bundle enth\u00e4lt: KC600 SSD, 2,5\u201d USB-Geh\u00e4use, 3,5\u201d Halterung, Befestigungsschrauben, SATA Strom- und Datenkabel, Adapter von 7 mm auf 9,5 mm, Software zum Klonen der urspr\u00fcnglich eingebauten Festplatte<\/p>\n<p><strong>EIGENSCHAFTEN\/VORTEILE<\/strong><\/p>\n<ul>\n<li>Ideal f\u00fcr Desktops und Notebooks \u2014 Erh\u00e4ltlich als 2,5&#8243; SATA Rev. 3.0 \u2013 Optimal f\u00fcr Desktops, schmale Notebooks und Systemen mit begrenztem Platz.<\/li>\n<li>In unterschiedlichen Kapazit\u00e4ten bis 2TB verf\u00fcgbar &#8211; um Ihren Speicheranforderungen gerecht zu werden.<\/li>\n<li>Verschl\u00fcsselte Sicherheit \u2014 Sch\u00fctzt sensible Daten mit 256-Bit AES Verschl\u00fcsselung auf Hardware-Basis und TCG Opal 2.0.<\/li>\n<li>Unglaubliche Lese- und Schreibgeschwindigkeiten der Kingston KC600 steigern die Produktivit\u00e4t und wirken wie eine Verj\u00fcngungskur f\u00fcr \u00e4ltere Systeme.<\/li>\n<li>Lebensdauer: 1 Mio. Stunden mittlerer Ausfallabstand<\/li>\n<li>5 Jahre Herstellergarantie<\/li>\n<\/ul>\n<h3>Mehr Informationen<\/h3>\n<p><a href=\"https:\/\/www.prosoft.de\/shop\/wp-content\/uploads\/2019\/05\/kingston-kc600-datenblatt-de.pdf\" target=\"_blank\" rel=\"noopener noreferrer\">Kingston KC600 SSD Datenblatt<\/a> (deutsch)<br \/>\n<a href=\"https:\/\/www.youtube.com\/watch?v=OkNGelyKsKA\" target=\"_blank\" rel=\"noopener noreferrer\">Video: SSD-Einbau in Notebook<\/a><\/p>\n","protected":false},"excerpt":{"rendered":"<h2>Hardwareverschl\u00fcsselte SSD 2,5&#8243; SATA von Kingston Technology<\/h2>\n<p>Die Kingston KC600 kombiniert gro\u00dfe Kapazit\u00e4ten mit herausragender Performance und Optimierung f\u00fcr \u00e4u\u00dferst schnelle Start-, Lade und \u00dcbertragungszeiten. Die KC600 ist ausgestattet mit moderner 3D TLC NAND-Technologie und unterst\u00fctzt u.a. AES 256-Bit Hardwareverschl\u00fcsselung, TCG OPAL und eDrive.<\/p>\n<p>Bitte beachten Sie die jeweils angegebene\u00a0<strong>Mindestbestellmenge,<\/strong>\u00a0abh\u00e4ngig von der Kapazit\u00e4t!<\/p>\n","protected":false},"featured_media":163943,"comment_status":"open","ping_status":"closed","template":"","meta":[],"product_brand":[],"product_cat":[1153,1304,1294,272,53],"product_tag":[412,1136,1140,1142],"class_list":{"0":"post-8314","1":"product","2":"type-product","3":"status-publish","4":"has-post-thumbnail","6":"product_cat-hardware","7":"product_cat-kingston-festplatten","8":"product_cat-kingston-kc600","9":"product_cat-neu-im-sortiment","10":"product_cat-verschluesselte-festplatten","11":"product_tag-aes-256-bit-verschluesselung","12":"product_tag-kc600","13":"product_tag-kingston-ssd","14":"product_tag-tcg-opal-2-edrive","16":"first","17":"outofstock","18":"taxable","19":"shipping-taxable","20":"purchasable","21":"product-type-variable"},"group_of_quantity":0,"min_quantity":0,"max_quantity":"","exclude_order_quantity_value_rules":"no","exclude_category_quantity_rules":"no","combine_variations":"no","_links":{"self":[{"href":"https:\/\/www.prosoft.de\/shop\/wp-json\/wp\/v2\/product\/8314","targetHints":{"allow":["GET"]}}],"collection":[{"href":"https:\/\/www.prosoft.de\/shop\/wp-json\/wp\/v2\/product"}],"about":[{"href":"https:\/\/www.prosoft.de\/shop\/wp-json\/wp\/v2\/types\/product"}],"replies":[{"embeddable":true,"href":"https:\/\/www.prosoft.de\/shop\/wp-json\/wp\/v2\/comments?post=8314"}],"wp:featuredmedia":[{"embeddable":true,"href":"https:\/\/www.prosoft.de\/shop\/wp-json\/wp\/v2\/media\/163943"}],"wp:attachment":[{"href":"https:\/\/www.prosoft.de\/shop\/wp-json\/wp\/v2\/media?parent=8314"}],"wp:term":[{"taxonomy":"product_brand","embeddable":true,"href":"https:\/\/www.prosoft.de\/shop\/wp-json\/wp\/v2\/product_brand?post=8314"},{"taxonomy":"product_cat","embeddable":true,"href":"https:\/\/www.prosoft.de\/shop\/wp-json\/wp\/v2\/product_cat?post=8314"},{"taxonomy":"product_tag","embeddable":true,"href":"https:\/\/www.prosoft.de\/shop\/wp-json\/wp\/v2\/product_tag?post=8314"}],"curies":[{"name":"wp","href":"https:\/\/api.w.org\/{rel}","templated":true}]}}