{"id":8506,"date":"2019-09-24T11:24:46","date_gmt":"2019-09-24T09:24:46","guid":{"rendered":"https:\/\/www.prosoft.de\/shop\/?post_type=product&#038;p=8506"},"modified":"2026-01-30T09:02:11","modified_gmt":"2026-01-30T08:02:11","slug":"yubikey-5ci-online-bestellen","status":"publish","type":"product","link":"https:\/\/www.prosoft.de\/shop\/produkt\/yubikey-5ci-online-bestellen\/","title":{"rendered":"YubiKey 5Ci"},"content":{"rendered":"<h3>YubiKey 5Ci Security-Token mit Dual-Connector<\/h3>\n<p>YubiKey 5Ci ist der erste Sicherheitsschl\u00fcssel mit einem USB-C und einem Lightning Stecker. Diese einzigartige Dual-Connector Funktionalit\u00e4t macht den YubiKey 5Ci zur perfekten L\u00f6sung f\u00fcr Verbraucher oder Unternehmen, die nach einer starken hardwaregest\u00fctzten Authentifizierung f\u00fcr iOS-, Android-, macOS- oder Windows-Ger\u00e4ten suchen.<\/p>\n<p>Der YubiKey 5Ci ist die Erweiterung der Multiprotokoll-Produktreihe der 5er-Serie, der die Protokolle FIDO 2\/WebAuthn, FIDO U2F, OTP (Einmalkennwort), PIV (Smart Card) und OpenPGP unterst\u00fctzt. Mit der gro\u00dfen Anzahl der unterst\u00fctzten Authentifizierungsprotokolle bietet der 5Ci eine einfache und starke Authentifizierung f\u00fcr heterogene IT-Infrastrukturen. Der FIDO2 Standard erm\u00f6glicht sogar eine sichere Authentifizierung ohne Passworteingabe.<\/p>\n<p><strong>Der YubiKey 5CI im \u00dcberblick:<\/strong><\/p>\n<ul>\n<li>Dual-Anschl\u00fcsse:\u00a0 USB-C &amp; Lightning Stecker<\/li>\n<li>Geeignet f\u00fcr Apple-, Windows-, Linux- und Android-Ger\u00e4te<\/li>\n<li>sichere Anmeldung f\u00fcr macOS, Android, Windows, ChromeOS und vieles mehr<\/li>\n<li>Unterst\u00fctzung f\u00fcr starke Single-Faktor-, Zwei-Faktor-Hardware- und Multi-Faktor-Authentifizierung<\/li>\n<li>Starke Authentifizierung durch die Unterst\u00fctzung mehrerer Protokolle (OTP, Smart Card, U2F, FIDO2\/WebAuthn)<\/li>\n<li>Sofortige Integration mit Hunderten von Diensten ohne shared secrets<\/li>\n<li>Vereint einfache Bedienung, Schnelligkeit und Zuverl\u00e4ssigkeit<\/li>\n<li>Kryptografie: RSA 2048, RSA 4096 (PGP), ECC p256, ECC p384<\/li>\n<li>Eine Liste aller aktuellen Applikationen, Betriebssysteme und Dienst finden Sie hier<\/li>\n<li>\u00dcber WebAuthn (bei iOS mit Brave Browser) Github, Bitbucket, Dropbox usw.<\/li>\n<\/ul>\n<h3>Allgemeine YubiKey Funktionen<\/h3>\n<p>Jeder YubiKey erm\u00f6glicht die sichere Authentifizierung ohne Eingabe von OTP, Passcodes oder Passw\u00f6rtern. Damit ersetzt der USB-Token traditionelle Hardware-Token, SMS-Passcode-Verfahren und Apps zur Authentifizierung. Die YubiKey USB-Token werden ohne zus\u00e4tzliche Software oder Treiber je nach Anwendung als USB-Tastatur (Gruppe HID = Human Interface Devices), Smartcard oder Chipkartenleser erkannt.<\/p>\n<p>Die Yubico Technologie ist meist innerhalb weniger Minuten unter Verwendung freier Open-Source-Server-Software in die gew\u00fcnschten Anwendungen integriert. <a href=\"https:\/\/www.yubico.com\/de\/\">Yubico<\/a> produziert die YubiKey USB-Token in den USA und in Schweden. Die USB-Token sind bereits in viele L\u00f6sungen zur sicheren Authentifizierung, bei Passwort-Managementl\u00f6sungen, dem sicheren Login an Computer und Notebook, dem Zugriffsschutz f\u00fcr Fernwartung oder VPN, FIDO U2F Login, Content Management Systemen (CMS) und bekannten Online-Services integriert.<\/p>\n<p>&nbsp;<\/p>\n","protected":false},"excerpt":{"rendered":"<h2>USB-Token f\u00fcr USB-C und Apple Lightning Ports<\/h2>\n<p>YubiKey 5Ci ist ein USB-Security-Token f\u00fcr die sichere, hardwarebasierte Authentifizierung \u00fcber USB-C und Lightning Schnittstellen. Dies erm\u00f6glicht eine sichere Authentifizierung an mobilen Apple-, Windows-, Linux- und Android-Ger\u00e4ten. Durch den Einsatz von zus\u00e4tzlicher Hardware erreichen Sie eine sehr starke Authentifizierung und sch\u00fctzen sich und Ihre Daten u.a. vor Phishing, Account-Hijacking und anderen Angriffen, die durch statische Anmeldungen entstehen k\u00f6nnen. Sie unterst\u00fctzen die Protokolle FIDO2\/WebAuthn, FIDO U2F, OTP (Einmalkennwort), PIV (Smart Card) und OpenPGP.<\/p>\n<p>Bei ProSecurity finden Sie das ganze Portfolio von Yubico. Zur \u00dcbersicht: <a href=\"https:\/\/www.prosoft.de\/shop\/hardware\/security-token\/yubikey\/\">YubiKey<\/a><\/p>\n","protected":false},"featured_media":8503,"comment_status":"open","ping_status":"closed","template":"","meta":[],"product_brand":[],"product_cat":[1153,930,1151,1159],"product_tag":[1072,973,893,1280,1281,1282,894,1419,1405,1382,1380,1381],"class_list":{"0":"post-8506","1":"product","2":"type-product","3":"status-publish","4":"has-post-thumbnail","6":"product_cat-hardware","7":"product_cat-security-token","8":"product_cat-yubico","9":"product_cat-yubikey","10":"product_tag-fido2","11":"product_tag-sichere-authentifizierung","12":"product_tag-token","13":"product_tag-token-mit-lightning","14":"product_tag-token-mit-usb-c","15":"product_tag-usb-c-auf-lighning","16":"product_tag-usb-token","17":"product_tag-yubikey-android","18":"product_tag-yubikey-fuer-apple","19":"product_tag-yubikey-fuer-lightning","20":"product_tag-yubikey-fuer-smartphone","21":"product_tag-yubikey-fuer-tablet","23":"first","24":"instock","25":"taxable","26":"shipping-taxable","27":"purchasable","28":"product-type-simple"},"group_of_quantity":0,"min_quantity":3,"max_quantity":"","exclude_order_quantity_value_rules":"no","exclude_category_quantity_rules":"no","combine_variations":"no","_links":{"self":[{"href":"https:\/\/www.prosoft.de\/shop\/wp-json\/wp\/v2\/product\/8506","targetHints":{"allow":["GET"]}}],"collection":[{"href":"https:\/\/www.prosoft.de\/shop\/wp-json\/wp\/v2\/product"}],"about":[{"href":"https:\/\/www.prosoft.de\/shop\/wp-json\/wp\/v2\/types\/product"}],"replies":[{"embeddable":true,"href":"https:\/\/www.prosoft.de\/shop\/wp-json\/wp\/v2\/comments?post=8506"}],"wp:featuredmedia":[{"embeddable":true,"href":"https:\/\/www.prosoft.de\/shop\/wp-json\/wp\/v2\/media\/8503"}],"wp:attachment":[{"href":"https:\/\/www.prosoft.de\/shop\/wp-json\/wp\/v2\/media?parent=8506"}],"wp:term":[{"taxonomy":"product_brand","embeddable":true,"href":"https:\/\/www.prosoft.de\/shop\/wp-json\/wp\/v2\/product_brand?post=8506"},{"taxonomy":"product_cat","embeddable":true,"href":"https:\/\/www.prosoft.de\/shop\/wp-json\/wp\/v2\/product_cat?post=8506"},{"taxonomy":"product_tag","embeddable":true,"href":"https:\/\/www.prosoft.de\/shop\/wp-json\/wp\/v2\/product_tag?post=8506"}],"curies":[{"name":"wp","href":"https:\/\/api.w.org\/{rel}","templated":true}]}}